{"id":1295,"date":"2025-11-07T13:57:53","date_gmt":"2025-11-07T13:57:53","guid":{"rendered":"https:\/\/maslbiotech.com\/product\/fertilizante-especializado-para-la-fase-temprana-del-tomate\/"},"modified":"2026-01-27T06:59:47","modified_gmt":"2026-01-27T06:59:47","slug":"fertilizante-especializado-para-la-fase-temprana-del-tomate","status":"publish","type":"product","link":"https:\/\/maslbiotech.com\/es\/producto\/fertilizante-especializado-para-la-fase-temprana-del-tomate\/","title":{"rendered":"Fertilizante especializado para la fase temprana del tomate"},"content":{"rendered":"<h2>Vigor para tomate &#8211; Fertilizante especializado para la fase temprana del tomate<\/h2>\n<h3><strong><b>Especificaciones t\u00e9cnicas:<\/b><\/strong><\/h3>\n<p>Amino\u00e1cidos \u2265100 g\/L, Ca+Mg \u226530 g\/L<\/p>\n<table>\n<tbody>\n<tr>\n<td>Ingrediente<\/td>\n<td>Concentraci\u00f3n<\/td>\n<\/tr>\n<tr>\n<td>Amino\u00e1cidos libres<\/td>\n<td>100 g\/L<\/td>\n<\/tr>\n<tr>\n<td>Mg<\/td>\n<td>30 g\/L<\/td>\n<\/tr>\n<tr>\n<td>Zn<\/td>\n<td>2,5 g\/L<\/td>\n<\/tr>\n<tr>\n<td>Boro soluble en agua<\/td>\n<td>2,5 g\/L<\/td>\n<\/tr>\n<tr>\n<td>\u00c1cido l\u00e1ctico biol\u00f3gico<\/td>\n<td>2 g\/L<\/td>\n<\/tr>\n<\/tbody>\n<\/table>\n<p><strong><b>Beneficios:<\/b><\/strong><br \/>\nUn fertilizante soluble en agua de alta eficiencia especialmente formulado para las fases iniciales e intermedias del tomate. Selecciona materias primas de alta calidad para una composici\u00f3n cient\u00edfica, utilizando amino\u00e1cidos L-\u03b1 libres altamente activos como portador nutricional central, sinergizados con magnesio quelado, zinc, boro soluble en agua e integrados con sustancias activas como el \u00e1cido l\u00e1ctico biol\u00f3gico. Los amino\u00e1cidos libres pueden mejorar significativamente la eficiencia de absorci\u00f3n de nutrientes de las ra\u00edces del tomate, lo que ayuda al desarrollo temprano de las ra\u00edces y al crecimiento robusto del tallo\/hoja. El magnesio y el zinc quelados garantizan la s\u00edntesis de clorofila, mejoran la fotos\u00edntesis y reducen los problemas de amarilleamiento de las hojas. El boro soluble en agua promueve la diferenciaci\u00f3n de los botones florales en la etapa intermedia, mejora la calidad de las flores y reduce las flores malformadas. El \u00e1cido l\u00e1ctico biol\u00f3gico mejora la resistencia al estr\u00e9s de las plantas de tomate, resistiendo los efectos ambientales adversos como las temperaturas altas\/bajas en la etapa inicial, sentando una base s\u00f3lida para la posterior fructificaci\u00f3n y el alto rendimiento.     <\/p>\n<p><strong><b>Cultivos aplicables:<\/b><\/strong> Tomate, hortalizas de fruto<\/p>\n<p><strong><b>Instrucciones de aplicaci\u00f3n:<\/b><\/strong><br \/>\n<strong><b>Pulverizaci\u00f3n foliar:<\/b><\/strong> Diluir 800-1000 veces. Aplicar a intervalos de 7-10 d\u00edas durante 2-3 aplicaciones consecutivas.<br \/>\n<strong><b>Fertirrigaci\u00f3n\/Riego por goteo:<\/b><\/strong> 15-30 L\/ha<\/p>\n<p><strong><b>Precauciones:<\/b><\/strong><\/p>\n<p>1. Evite mezclar con fertilizantes y pesticidas fuertemente \u00e1cidos o alcalinos, ya que esto puede afectar la eficacia del producto. Si se pretende mezclar con otros productos, primero realice una prueba de compatibilidad a peque\u00f1a escala. <\/p>\n<p>2. Puede ser necesaria una nueva aplicaci\u00f3n a una tasa reducida si se producen precipitaciones dentro de las 4 horas posteriores a la pulverizaci\u00f3n.<\/p>\n<p><strong><b>Almacenamiento:<\/b><\/strong><\/p>\n<p>1. Almacene y transporte en el envase original. Mantenga sellado en un lugar fresco y seco. <\/p>\n<p>2. Almacene por separado de alimentos, bebidas y piensos. Mantenga fuera del alcance de los ni\u00f1os y el ganado. <\/p>\n<p>Fecha de producci\u00f3n y n\u00famero de lote: Ver tap\u00f3n de la botella. Vida \u00fatil: 36 meses.<\/p>\n","protected":false},"excerpt":{"rendered":"<ul>\n<li>Amino\u00e1cidos libres: 100 g\/L<\/li>\n<li>Mg: 30 g\/L<\/li>\n<li>Zn: 2,5 g\/L<\/li>\n<li>Boro soluble en agua: 2,5 g\/L<\/li>\n<li>\u00c1cido l\u00e1ctico biol\u00f3gico: 2 g\/L<\/li>\n<\/ul>\n","protected":false},"featured_media":1297,"comment_status":"open","ping_status":"closed","template":"","meta":{"_acf_changed":false,"site-sidebar-layout":"default","site-content-layout":"","ast-site-content-layout":"default","site-content-style":"default","site-sidebar-style":"default","ast-global-header-display":"","ast-banner-title-visibility":"","ast-main-header-display":"","ast-hfb-above-header-display":"","ast-hfb-below-header-display":"","ast-hfb-mobile-header-display":"","site-post-title":"","ast-breadcrumbs-content":"","ast-featured-img":"","footer-sml-layout":"","ast-disable-related-posts":"","theme-transparent-header-meta":"default","adv-header-id-meta":"","stick-header-meta":"","header-above-stick-meta":"","header-main-stick-meta":"","header-below-stick-meta":"","astra-migrate-meta-layouts":"default","ast-page-background-enabled":"default","ast-page-background-meta":{"desktop":{"background-color":"var(--ast-global-color-5)","background-image":"","background-repeat":"repeat","background-position":"center center","background-size":"auto","background-attachment":"scroll","background-type":"","background-media":"","overlay-type":"","overlay-color":"","overlay-opacity":"","overlay-gradient":""},"tablet":{"background-color":"","background-image":"","background-repeat":"repeat","background-position":"center center","background-size":"auto","background-attachment":"scroll","background-type":"","background-media":"","overlay-type":"","overlay-color":"","overlay-opacity":"","overlay-gradient":""},"mobile":{"background-color":"","background-image":"","background-repeat":"repeat","background-position":"center center","background-size":"auto","background-attachment":"scroll","background-type":"","background-media":"","overlay-type":"","overlay-color":"","overlay-opacity":"","overlay-gradient":""}},"ast-content-background-meta":{"desktop":{"background-color":"var(--ast-global-color-4)","background-image":"","background-repeat":"repeat","background-position":"center center","background-size":"auto","background-attachment":"scroll","background-type":"","background-media":"","overlay-type":"","overlay-color":"","overlay-opacity":"","overlay-gradient":""},"tablet":{"background-color":"var(--ast-global-color-4)","background-image":"","background-repeat":"repeat","background-position":"center center","background-size":"auto","background-attachment":"scroll","background-type":"","background-media":"","overlay-type":"","overlay-color":"","overlay-opacity":"","overlay-gradient":""},"mobile":{"background-color":"var(--ast-global-color-4)","background-image":"","background-repeat":"repeat","background-position":"center center","background-size":"auto","background-attachment":"scroll","background-type":"","background-media":"","overlay-type":"","overlay-color":"","overlay-opacity":"","overlay-gradient":""}}},"product_brand":[],"product_cat":[181],"product_tag":[],"class_list":{"0":"post-1295","1":"product","2":"type-product","3":"status-publish","4":"has-post-thumbnail","6":"product_cat-cultivo-de-verduras-y-frutas","7":"desktop-align-left","8":"tablet-align-left","9":"mobile-align-left","11":"first","12":"instock","13":"taxable","14":"shipping-taxable","15":"product-type-simple"},"acf":[],"_links":{"self":[{"href":"https:\/\/maslbiotech.com\/es\/wp-json\/wp\/v2\/product\/1295","targetHints":{"allow":["GET"]}}],"collection":[{"href":"https:\/\/maslbiotech.com\/es\/wp-json\/wp\/v2\/product"}],"about":[{"href":"https:\/\/maslbiotech.com\/es\/wp-json\/wp\/v2\/types\/product"}],"replies":[{"embeddable":true,"href":"https:\/\/maslbiotech.com\/es\/wp-json\/wp\/v2\/comments?post=1295"}],"wp:featuredmedia":[{"embeddable":true,"href":"https:\/\/maslbiotech.com\/es\/wp-json\/wp\/v2\/media\/1297"}],"wp:attachment":[{"href":"https:\/\/maslbiotech.com\/es\/wp-json\/wp\/v2\/media?parent=1295"}],"wp:term":[{"taxonomy":"product_brand","embeddable":true,"href":"https:\/\/maslbiotech.com\/es\/wp-json\/wp\/v2\/product_brand?post=1295"},{"taxonomy":"product_cat","embeddable":true,"href":"https:\/\/maslbiotech.com\/es\/wp-json\/wp\/v2\/product_cat?post=1295"},{"taxonomy":"product_tag","embeddable":true,"href":"https:\/\/maslbiotech.com\/es\/wp-json\/wp\/v2\/product_tag?post=1295"}],"curies":[{"name":"wp","href":"https:\/\/api.w.org\/{rel}","templated":true}]}}