{"id":1309,"date":"2025-11-07T13:46:21","date_gmt":"2025-11-07T13:46:21","guid":{"rendered":"https:\/\/maslbiotech.com\/product\/fertilizante-especial-para-mejorar-el-dulzor-de-frutas-y-verduras\/"},"modified":"2026-01-27T06:54:20","modified_gmt":"2026-01-27T06:54:20","slug":"fertilizante-especial-para-mejorar-el-dulzor-de-frutas-y-verduras","status":"publish","type":"product","link":"https:\/\/maslbiotech.com\/es\/producto\/fertilizante-especial-para-mejorar-el-dulzor-de-frutas-y-verduras\/","title":{"rendered":"Fertilizante especial para mejorar el dulzor de frutas y verduras"},"content":{"rendered":"<h2><strong><b>VegMax Sugar &#8211; <\/b><\/strong><strong>Potenciador del dulzor de frutas y verduras<\/strong><strong> <\/strong><strong>Fertilizante especial<\/strong><\/h2>\n<h3><strong><b>Especificaciones t\u00e9cnicas:<\/b><\/strong><\/h3>\n<p>Ca+Mg \u2265100 g\/L<\/p>\n<table>\n<tbody>\n<tr>\n<td>Ingrediente<\/td>\n<td>Concentraci\u00f3n<\/td>\n<\/tr>\n<tr>\n<td>Ca<\/td>\n<td>97 g\/L<\/td>\n<\/tr>\n<tr>\n<td>Mg<\/td>\n<td>12 g\/L<\/td>\n<\/tr>\n<tr>\n<td>Zn<\/td>\n<td>0,5 g\/L<\/td>\n<\/tr>\n<tr>\n<td>Boro<\/td>\n<td>1,5 g\/L<\/td>\n<\/tr>\n<tr>\n<td>Mo<\/td>\n<td>0,3 g\/L<\/td>\n<\/tr>\n<tr>\n<td>Aldeh\u00eddo polihidrox\u00edlico<\/td>\n<td>219 g\/L<\/td>\n<\/tr>\n<\/tbody>\n<\/table>\n<p><strong><b>Beneficios:<\/b><\/strong><br \/>\nDesarrollado espec\u00edficamente para mejorar el dulzor y la calidad de los cultivos de frutas y verduras. Activa la actividad enzim\u00e1tica relacionada con la s\u00edntesis de pigmentos, promoviendo una coloraci\u00f3n uniforme y un color brillante en la fruta, acortando el ciclo de cambio de color para facilitar una disponibilidad m\u00e1s temprana en el mercado. Por otro lado, promueve la acumulaci\u00f3n eficiente de az\u00facar, aumentando significativamente el contenido de az\u00facar en la fruta, lo que resulta en un sabor m\u00e1s dulce. El elemento central, el calcio, llega a las partes clave de la fruta y la planta, complementando eficazmente el calcio, previniendo y mejorando los trastornos fisiol\u00f3gicos comunes por deficiencia de calcio durante el cambio de color (por ejemplo, agrietamiento de la fruta, podredumbre apical, mancha amarga), al tiempo que fortalece la resistencia de la piel de la fruta y la estructura de la pared celular de la planta. Combinado con los efectos sin\u00e9rgicos del magnesio, el zinc, el boro y el molibdeno, mantiene la eficiencia fotosint\u00e9tica, asegura la conversi\u00f3n de nutrientes y apoya el cambio de color y la formaci\u00f3n de la calidad. M\u00faltiples componentes trabajan juntos para mejorar la resistencia al estr\u00e9s de las verduras y frutas, haciendo frente eficazmente a las posibles amenazas durante el cambio de color, como el estr\u00e9s por bajas temperaturas, los da\u00f1os mec\u00e1nicos y las plagas\/enfermedades, reduciendo los riesgos de crecimiento. En \u00faltima instancia, se logra una coloraci\u00f3n uniforme, un mayor dulzor y un mayor rendimiento y rentabilidad para las verduras y frutas.      <\/p>\n<p><strong><b>Cultivos aplicables: <\/b><\/strong>Hortalizas de fruto y hortalizas de hoja<\/p>\n<p><strong><b>Instrucciones de aplicaci\u00f3n:<\/b><\/strong><br \/>\n<strong><b>Pulverizaci\u00f3n foliar:<\/b><\/strong> Diluir 800-1000 veces. Aplicar a intervalos de 7-10 d\u00edas durante 2-3 aplicaciones consecutivas.<br \/>\n<strong><b>Fertirrigaci\u00f3n\/Riego por goteo:<\/b><\/strong> 15-30 L\/ha<\/p>\n<p><strong><b>Precauciones:<\/b><\/strong><\/p>\n<p>1. Evite mezclar con fertilizantes y pesticidas fuertemente \u00e1cidos o alcalinos, ya que esto puede afectar la eficacia del producto. Si se pretende mezclar con otros productos, primero realice una prueba de compatibilidad a peque\u00f1a escala. <\/p>\n<p>2. Puede ser necesaria una nueva aplicaci\u00f3n a una tasa reducida si se producen precipitaciones dentro de las 4 horas posteriores a la pulverizaci\u00f3n.<\/p>\n<p><strong><b>Almacenamiento:<\/b><\/strong><\/p>\n<p>1. Almacene y transporte en el envase original. Mantenga sellado en un lugar fresco y seco. <\/p>\n<p>2. Almacene por separado de alimentos, bebidas y piensos. Mantenga fuera del alcance de los ni\u00f1os y el ganado. <\/p>\n<p>Fecha de producci\u00f3n y n\u00famero de lote: Ver tap\u00f3n de la botella. Vida \u00fatil: 36 meses.<\/p>\n","protected":false},"excerpt":{"rendered":"<ul>\n<li>Ca: 97 g\/L<\/li>\n<li>Mg: 12 g\/L<\/li>\n<li>Zn: 0,5 g\/L<\/li>\n<li>Boro: 1,5 g\/L<\/li>\n<li>Mo: 0,3 g\/L<\/li>\n<li>Aldeh\u00eddo polihidrox\u00edlico: 219 g\/L<\/li>\n<\/ul>\n","protected":false},"featured_media":1312,"comment_status":"open","ping_status":"closed","template":"","meta":{"_acf_changed":false,"site-sidebar-layout":"default","site-content-layout":"","ast-site-content-layout":"default","site-content-style":"default","site-sidebar-style":"default","ast-global-header-display":"","ast-banner-title-visibility":"","ast-main-header-display":"","ast-hfb-above-header-display":"","ast-hfb-below-header-display":"","ast-hfb-mobile-header-display":"","site-post-title":"","ast-breadcrumbs-content":"","ast-featured-img":"","footer-sml-layout":"","ast-disable-related-posts":"","theme-transparent-header-meta":"default","adv-header-id-meta":"","stick-header-meta":"","header-above-stick-meta":"","header-main-stick-meta":"","header-below-stick-meta":"","astra-migrate-meta-layouts":"default","ast-page-background-enabled":"default","ast-page-background-meta":{"desktop":{"background-color":"var(--ast-global-color-5)","background-image":"","background-repeat":"repeat","background-position":"center center","background-size":"auto","background-attachment":"scroll","background-type":"","background-media":"","overlay-type":"","overlay-color":"","overlay-opacity":"","overlay-gradient":""},"tablet":{"background-color":"","background-image":"","background-repeat":"repeat","background-position":"center center","background-size":"auto","background-attachment":"scroll","background-type":"","background-media":"","overlay-type":"","overlay-color":"","overlay-opacity":"","overlay-gradient":""},"mobile":{"background-color":"","background-image":"","background-repeat":"repeat","background-position":"center center","background-size":"auto","background-attachment":"scroll","background-type":"","background-media":"","overlay-type":"","overlay-color":"","overlay-opacity":"","overlay-gradient":""}},"ast-content-background-meta":{"desktop":{"background-color":"var(--ast-global-color-4)","background-image":"","background-repeat":"repeat","background-position":"center center","background-size":"auto","background-attachment":"scroll","background-type":"","background-media":"","overlay-type":"","overlay-color":"","overlay-opacity":"","overlay-gradient":""},"tablet":{"background-color":"var(--ast-global-color-4)","background-image":"","background-repeat":"repeat","background-position":"center center","background-size":"auto","background-attachment":"scroll","background-type":"","background-media":"","overlay-type":"","overlay-color":"","overlay-opacity":"","overlay-gradient":""},"mobile":{"background-color":"var(--ast-global-color-4)","background-image":"","background-repeat":"repeat","background-position":"center center","background-size":"auto","background-attachment":"scroll","background-type":"","background-media":"","overlay-type":"","overlay-color":"","overlay-opacity":"","overlay-gradient":""}}},"product_brand":[],"product_cat":[181],"product_tag":[],"class_list":{"0":"post-1309","1":"product","2":"type-product","3":"status-publish","4":"has-post-thumbnail","6":"product_cat-cultivo-de-verduras-y-frutas","7":"desktop-align-left","8":"tablet-align-left","9":"mobile-align-left","11":"first","12":"instock","13":"taxable","14":"shipping-taxable","15":"product-type-simple"},"acf":[],"_links":{"self":[{"href":"https:\/\/maslbiotech.com\/es\/wp-json\/wp\/v2\/product\/1309","targetHints":{"allow":["GET"]}}],"collection":[{"href":"https:\/\/maslbiotech.com\/es\/wp-json\/wp\/v2\/product"}],"about":[{"href":"https:\/\/maslbiotech.com\/es\/wp-json\/wp\/v2\/types\/product"}],"replies":[{"embeddable":true,"href":"https:\/\/maslbiotech.com\/es\/wp-json\/wp\/v2\/comments?post=1309"}],"wp:featuredmedia":[{"embeddable":true,"href":"https:\/\/maslbiotech.com\/es\/wp-json\/wp\/v2\/media\/1312"}],"wp:attachment":[{"href":"https:\/\/maslbiotech.com\/es\/wp-json\/wp\/v2\/media?parent=1309"}],"wp:term":[{"taxonomy":"product_brand","embeddable":true,"href":"https:\/\/maslbiotech.com\/es\/wp-json\/wp\/v2\/product_brand?post=1309"},{"taxonomy":"product_cat","embeddable":true,"href":"https:\/\/maslbiotech.com\/es\/wp-json\/wp\/v2\/product_cat?post=1309"},{"taxonomy":"product_tag","embeddable":true,"href":"https:\/\/maslbiotech.com\/es\/wp-json\/wp\/v2\/product_tag?post=1309"}],"curies":[{"name":"wp","href":"https:\/\/api.w.org\/{rel}","templated":true}]}}