{"id":1327,"date":"2025-11-04T14:45:08","date_gmt":"2025-11-04T14:45:08","guid":{"rendered":"https:\/\/maslbiotech.com\/product\/fertilizante-especial-para-durian\/"},"modified":"2026-01-27T07:39:48","modified_gmt":"2026-01-27T07:39:48","slug":"fertilizante-especial-para-durian","status":"publish","type":"product","link":"https:\/\/maslbiotech.com\/es\/producto\/fertilizante-especial-para-durian\/","title":{"rendered":"Fertilizante Especial para Durian"},"content":{"rendered":"<h2 data-path-to-node=\"3\"><b data-path-to-node=\"3\" data-index-in-node=\"0\">Fertilizante Especial Premium para Durian de MASL Biotech<\/b><\/h2>\n<p data-path-to-node=\"5\">Alcanza el est\u00e1ndar de oro en el cultivo de durian con el Fertilizante Especial para Durian de <b data-path-to-node=\"5\" data-index-in-node=\"53\">MASL Biotech. Dise\u00f1ado espec\u00edficamente<\/b> para las necesidades fisiol\u00f3gicas \u00fanicas de los \u00e1rboles de durian, nuestra f\u00f3rmula bioqu\u00edmica combina nutrientes NPK de alta calidad con materia org\u00e1nica y elementos traza esenciales. Ya sea que gestiones un huerto joven o una plantaci\u00f3n madura, nuestro fertilizante garantiza un crecimiento vigoroso, resistencia a enfermedades y calidad premium de los frutos.  <\/p>\n<h2><strong><b>Fertilizante Especial para Durian<\/b><\/strong><\/h2>\n<h3><strong><b>Especificaciones t\u00e9cnicas:<\/b><\/strong><\/h3>\n<p>Amino\u00e1cidos \u2265100 g\/L, Cu+Fe+Mn+Zn+B+Mo \u226520 g\/L<\/p>\n<table>\n<tbody>\n<tr>\n<td>Ingrediente<\/td>\n<td>Concentraci\u00f3n<\/td>\n<\/tr>\n<tr>\n<td>Amino\u00e1cidos libres<\/td>\n<td>100 g\/L<\/td>\n<\/tr>\n<tr>\n<td>Mg<\/td>\n<td>30 g\/L<\/td>\n<\/tr>\n<tr>\n<td>Fe<\/td>\n<td>5 g\/L<\/td>\n<\/tr>\n<tr>\n<td>Mn<\/td>\n<td>2,5 g\/L<\/td>\n<\/tr>\n<tr>\n<td>Cu<\/td>\n<td>2,5 g\/L<\/td>\n<\/tr>\n<tr>\n<td>Zn<\/td>\n<td>10 g\/L<\/td>\n<\/tr>\n<tr>\n<td>Boro soluble en agua<\/td>\n<td>1 g\/L<\/td>\n<\/tr>\n<tr>\n<td>Glutati\u00f3n<\/td>\n<td>0,2 g\/L<\/td>\n<\/tr>\n<tr>\n<td>\u00c1cido poliglut\u00e1mico (PGA)<\/td>\n<td>0,5 g\/L<\/td>\n<\/tr>\n<\/tbody>\n<\/table>\n<h3><strong><b>Beneficios:<\/b><\/strong><\/h3>\n<p>Un fertilizante soluble en agua equilibrado para todo el ciclo de crecimiento del durian. Utiliza amino\u00e1cidos L-\u03b1 libres altamente activos como n\u00facleo, cient\u00edficamente compuesto con micronutrientes y secundarios quelatados. El glutati\u00f3n especialmente a\u00f1adido elimina eficazmente los radicales libres en el \u00e1rbol, mejorando significativamente la resistencia al estr\u00e9s. Funciona sin\u00e9rgicamente con el \u00e1cido poliglut\u00e1mico para mejorar en gran medida la eficiencia de la absorci\u00f3n de nutrientes y promover un desarrollo robusto de las ra\u00edces. Promueve la s\u00edntesis de clorofila, manteniendo las hojas gruesas y brillantes, y mejorando la eficiencia fotosint\u00e9tica. Su suministro de nutrientes integral y equilibrado promueve el desarrollo de las ra\u00edces, fortalece el vigor del \u00e1rbol y proporciona energ\u00eda sostenida para la diferenciaci\u00f3n de los brotes florales, la polinizaci\u00f3n, la fertilizaci\u00f3n y la expansi\u00f3n de la fruta. En \u00faltima instancia, promueve una pulpa llena y gruesa, una acumulaci\u00f3n eficiente de az\u00facares y compuestos arom\u00e1ticos, mejorando significativamente la dulzura de la fruta y la calidad del sabor para aumentar el rendimiento y la rentabilidad.      <\/p>\n<p><strong><b>Cultivos aplicables:<\/b><\/strong> \u00c1rboles frutales de duri\u00e1n<\/p>\n<h2><strong><b>Instrucciones de aplicaci\u00f3n:<\/b><\/strong><br \/>\n<b><\/b><\/h2>\n<p><strong><b>Pulverizaci\u00f3n foliar:<\/b><\/strong> Diluir 800-1000 veces. Aplicar a intervalos de 7-10 d\u00edas durante 2-3 aplicaciones consecutivas.<br \/>\n<strong><b>Fertirrigaci\u00f3n\/Riego por goteo:<\/b><\/strong> 15-30 L\/ha<\/p>\n<h3><strong><b>Precauciones:<\/b><\/strong><\/h3>\n<p>1. Evite mezclar con fertilizantes y pesticidas fuertemente \u00e1cidos o alcalinos, ya que esto puede afectar la eficacia del producto. Si se pretende mezclar con otros productos, primero realice una prueba de compatibilidad a peque\u00f1a escala. <\/p>\n<p>2. Puede ser necesaria una nueva aplicaci\u00f3n a una tasa reducida si se producen precipitaciones dentro de las 4 horas posteriores a la pulverizaci\u00f3n.<\/p>\n<h3><strong><b>Almacenamiento:<\/b><\/strong><\/h3>\n<p>1. Almacene y transporte en el envase original. Mantenga sellado en un lugar fresco y seco. <\/p>\n<p>2. Almacene por separado de alimentos, bebidas y piensos. Mantenga fuera del alcance de los ni\u00f1os y el ganado. <\/p>\n<p>Fecha de producci\u00f3n y n\u00famero de lote: Ver tap\u00f3n de la botella. Vida \u00fatil: 36 meses.<\/p>\n<h3 data-path-to-node=\"8\"><b data-path-to-node=\"8\" data-index-in-node=\"0\">Beneficios y Caracter\u00edsticas Clave<\/b><\/h3>\n<ul data-path-to-node=\"9\">\n<li>\n<p data-path-to-node=\"9,0,0\">Calidad del fruto mejorada: El alto contenido de potasio (K) garantiza una pulpa m\u00e1s llena, de color dorado intenso y la caracter\u00edstica dulzor rica que los consumidores demandan.<\/p>\n<\/li>\n<li>\n<p data-path-to-node=\"9,1,0\">Aumento superior del rendimiento: Espec\u00edficamente formulado para reducir la ca\u00edda prematura de frutos y aumentar el n\u00famero de frutos bien formados por temporada.<\/p>\n<\/li>\n<li>\n<p data-path-to-node=\"9,2,0\">Restauraci\u00f3n de la salud del suelo: Infundido con microorganismos beneficiosos y materia org\u00e1nica para equilibrar el pH del suelo, mejorar la aereaci\u00f3n y fomentar un ecosistema radicular saludable.<\/p>\n<\/li>\n<li>\n<p data-path-to-node=\"9,3,0\">Enriquecimiento con elementos traza (TE): Contiene micronutrientes esenciales como calcio (Ca), magnesio (Mg), boro (B) y zinc (Zn) para prevenir deficiencias comunes que causan frutos deformados.<\/p>\n<\/li>\n<li>\n<p data-path-to-node=\"9,4,0\">Resistencia a enfermedades: Fortalece la inmunidad natural del \u00e1rbol contra plagas comunes y pat\u00f3genos del suelo como Phytophthora.<\/p>\n<\/li>\n<\/ul>\n<h2 data-path-to-node=\"11\"><b data-path-to-node=\"11\" data-index-in-node=\"0\">Gu\u00eda de Aplicaci\u00f3n para Resultados M\u00e1ximos<\/b><\/h2>\n<p data-path-to-node=\"12\">Para obtener una cosecha abundante, aplica el fertilizante seg\u00fan la etapa de crecimiento de tus \u00e1rboles:<\/p>\n<ol start=\"1\" data-path-to-node=\"13\">\n<li>\n<p data-path-to-node=\"13,0,0\">\u00c1rboles j\u00f3venes (1\u20133 a\u00f1os): Aplicar 1,0\u20131,5 kg por \u00e1rbol, dividido en 4 aplicaciones anuales. Enf\u00f3cate en promover el desarrollo radicular y la expansi\u00f3n de la copa. <\/p>\n<\/li>\n<li>\n<p data-path-to-node=\"13,1,0\">Etapa prefloraci\u00f3n: Pasa a aplicaciones m\u00e1s frecuentes para apoyar la formaci\u00f3n de botones florales.<\/p>\n<\/li>\n<li>\n<p data-path-to-node=\"13,2,0\">Desarrollo del fruto: Aplicar 2 kg por \u00e1rbol 1\u20132 veces al mes despu\u00e9s de la fijaci\u00f3n del fruto, para garantizar un crecimiento r\u00e1pido y un alto contenido de az\u00facares.<\/p>\n<\/li>\n<li>\n<p data-path-to-node=\"13,3,0\">Recuperaci\u00f3n despu\u00e9s de la cosecha:Aplica una dosis equilibrada para ayudar al \u00e1rbol a recuperarse y prepararse para la pr\u00f3xima temporada de floraci\u00f3n.<\/p>\n<\/li>\n<\/ol>\n<p data-path-to-node=\"14\">Consejo profesional: Siempre aplica el fertilizante en un anillo alrededor de la l\u00ednea de goteo (la zona bajo la circunferencia exterior de las ramas) y riega abundantemente para facilitar la absorci\u00f3n de nutrientes.<\/p>\n<figure id=\"attachment_1745\" aria-describedby=\"caption-attachment-1745\" style=\"width: 981px\" class=\"wp-caption alignnone\"><a href=\"https:\/\/maslbiotech.com\/wp-content\/uploads\/2026\/01\/ScreenShot_2026-01-05_201458_624.jpg\"><img fetchpriority=\"high\" decoding=\"async\" class=\" wp-image-1745\" src=\"https:\/\/maslbiotech.com\/wp-content\/uploads\/2026\/01\/ScreenShot_2026-01-05_201458_624-300x210.jpg\" alt=\"Fertilizante Especial para Durian\" width=\"981\" height=\"687\" srcset=\"https:\/\/maslbiotech.com\/wp-content\/uploads\/2026\/01\/ScreenShot_2026-01-05_201458_624-300x210.jpg 300w, https:\/\/maslbiotech.com\/wp-content\/uploads\/2026\/01\/ScreenShot_2026-01-05_201458_624-768x539.jpg 768w, https:\/\/maslbiotech.com\/wp-content\/uploads\/2026\/01\/ScreenShot_2026-01-05_201458_624-600x421.jpg 600w, https:\/\/maslbiotech.com\/wp-content\/uploads\/2026\/01\/ScreenShot_2026-01-05_201458_624-64x45.jpg 64w, https:\/\/maslbiotech.com\/wp-content\/uploads\/2026\/01\/ScreenShot_2026-01-05_201458_624.jpg 925w\" sizes=\"(max-width: 981px) 100vw, 981px\" \/><\/a><figcaption id=\"caption-attachment-1745\" class=\"wp-caption-text\">Fertilizante Especial para Durian<\/figcaption><\/figure>\n<h2 data-path-to-node=\"6\"><b data-path-to-node=\"6\" data-index-in-node=\"0\">\u00bfPor qu\u00e9 elegir el Fertilizante Especial para Durian de MASL Biotech?<\/b><\/h2>\n<p data-path-to-node=\"7\">A diferencia de los fertilizantes est\u00e1ndar, nuestra mezcla especial est\u00e1 optimizada para las condiciones de suelo tropical del Sudeste Asi\u00e1tico. Aborda los desaf\u00edos comunes que enfrentan los productores de durian \u2014 como la lixiviaci\u00f3n de nutrientes en suelos arenosos y la sensibilidad radicular en suelos arcillosos \u2014 mediante un sistema de liberaci\u00f3n equilibrada y gradual de nutrientes. <\/p>\n<h2 data-path-to-node=\"16\"><b data-path-to-node=\"16\" data-index-in-node=\"0\">Preguntas Frecuentes (FAQ)<\/b><\/h2>\n<p data-path-to-node=\"17\"><b data-path-to-node=\"17\" data-index-in-node=\"0\">Q: \u00bfEs este fertilizante adecuado para todas las variedades de durian?<\/b><\/p>\n<p data-path-to-node=\"17\">A: S\u00ed. Nuestra f\u00f3rmula est\u00e1 probada y es eficaz para todas las variedades populares, incluyendo Musang King (D197), Black Thorn (D200), D24 y Monthong. <\/p>\n<p data-path-to-node=\"18\"><b data-path-to-node=\"18\" data-index-in-node=\"0\">Q: \u00bfCu\u00e1l es el mejor momento para aplicar el fertilizante?<\/b><\/p>\n<p data-path-to-node=\"18\">A: Para la aplicaci\u00f3n granulada, el amanecer o el atardecer son ideales. Si aplicas como pulverizaci\u00f3n foliar, evita el sol del mediod\u00eda para quemaduras en las hojas; muchos productores obtienen excelentes resultados rociando despu\u00e9s de las 18:00. <\/p>\n<p data-path-to-node=\"19\"><b data-path-to-node=\"19\" data-index-in-node=\"0\">Q: \u00bfC\u00f3mo ayuda con la acidez del suelo?<\/b><\/p>\n<p data-path-to-node=\"19\">A: Nuestro fertilizante contiene agentes tampones org\u00e1nicos que ayudan a estabilizar el pH del suelo entre 5,5 y 6,5, que es el rango \u00f3ptimo para la absorci\u00f3n de nutrientes del durian.<\/p>\n<p data-path-to-node=\"20\"><b data-path-to-node=\"20\" data-index-in-node=\"0\">Q: \u00bfContiene cloruro?<\/b><\/p>\n<p data-path-to-node=\"20\">A: Nuestra mezcla especial utiliza sulfato de potasio (SOP) en lugar del m\u00e1s barato cloruro de potasio (MOP), ya que los \u00e1rboles de durian son muy sensibles al cloruro, lo que puede afectar la textura y el sabor del fruto.<\/p>\n<h2 class=\"entry-title\"><a href=\"https:\/\/maslbiotech.com\/es\/como-elegir-el-fertilizante-adecuado-para-todo-el-ciclo-de-crecimiento-de-los-arboles-de-durian\/\">\u00bfC\u00f3mo elegir el fertilizante adecuado para todo el ciclo de crecimiento de los \u00e1rboles de durian?<\/a><\/h2>\n","protected":false},"excerpt":{"rendered":"<ul>\n<li>Amino\u00e1cidos libres: 100 g\/L<\/li>\n<li>Mg: 30 g\/L<\/li>\n<li>Fe: 5 g\/L<\/li>\n<li>Mn: 2,5 g\/L<\/li>\n<li>Cu: 2,5 g\/L<\/li>\n<li>Zn: 10 g\/L<\/li>\n<li>Boro soluble en agua: 1 g\/L<\/li>\n<li>Glutati\u00f3n: 0,2 g\/L<\/li>\n<li>\u00c1cido poliglut\u00e1mico (PGA): 0,5 g\/L<\/li>\n<\/ul>\n","protected":false},"featured_media":1329,"comment_status":"open","ping_status":"closed","template":"","meta":{"_acf_changed":false,"site-sidebar-layout":"default","site-content-layout":"","ast-site-content-layout":"default","site-content-style":"default","site-sidebar-style":"default","ast-global-header-display":"","ast-banner-title-visibility":"","ast-main-header-display":"","ast-hfb-above-header-display":"","ast-hfb-below-header-display":"","ast-hfb-mobile-header-display":"","site-post-title":"","ast-breadcrumbs-content":"","ast-featured-img":"","footer-sml-layout":"","ast-disable-related-posts":"","theme-transparent-header-meta":"default","adv-header-id-meta":"","stick-header-meta":"","header-above-stick-meta":"","header-main-stick-meta":"","header-below-stick-meta":"","astra-migrate-meta-layouts":"default","ast-page-background-enabled":"default","ast-page-background-meta":{"desktop":{"background-color":"var(--ast-global-color-5)","background-image":"","background-repeat":"repeat","background-position":"center center","background-size":"auto","background-attachment":"scroll","background-type":"","background-media":"","overlay-type":"","overlay-color":"","overlay-opacity":"","overlay-gradient":""},"tablet":{"background-color":"","background-image":"","background-repeat":"repeat","background-position":"center center","background-size":"auto","background-attachment":"scroll","background-type":"","background-media":"","overlay-type":"","overlay-color":"","overlay-opacity":"","overlay-gradient":""},"mobile":{"background-color":"","background-image":"","background-repeat":"repeat","background-position":"center center","background-size":"auto","background-attachment":"scroll","background-type":"","background-media":"","overlay-type":"","overlay-color":"","overlay-opacity":"","overlay-gradient":""}},"ast-content-background-meta":{"desktop":{"background-color":"var(--ast-global-color-4)","background-image":"","background-repeat":"repeat","background-position":"center center","background-size":"auto","background-attachment":"scroll","background-type":"","background-media":"","overlay-type":"","overlay-color":"","overlay-opacity":"","overlay-gradient":""},"tablet":{"background-color":"var(--ast-global-color-4)","background-image":"","background-repeat":"repeat","background-position":"center center","background-size":"auto","background-attachment":"scroll","background-type":"","background-media":"","overlay-type":"","overlay-color":"","overlay-opacity":"","overlay-gradient":""},"mobile":{"background-color":"var(--ast-global-color-4)","background-image":"","background-repeat":"repeat","background-position":"center center","background-size":"auto","background-attachment":"scroll","background-type":"","background-media":"","overlay-type":"","overlay-color":"","overlay-opacity":"","overlay-gradient":""}}},"product_brand":[],"product_cat":[179],"product_tag":[198],"class_list":{"0":"post-1327","1":"product","2":"type-product","3":"status-publish","4":"has-post-thumbnail","6":"product_cat-cultivo-de-huerto","7":"product_tag-fertilizante-especial-para-durian","8":"desktop-align-left","9":"tablet-align-left","10":"mobile-align-left","12":"first","13":"instock","14":"taxable","15":"shipping-taxable","16":"product-type-simple"},"acf":[],"_links":{"self":[{"href":"https:\/\/maslbiotech.com\/es\/wp-json\/wp\/v2\/product\/1327","targetHints":{"allow":["GET"]}}],"collection":[{"href":"https:\/\/maslbiotech.com\/es\/wp-json\/wp\/v2\/product"}],"about":[{"href":"https:\/\/maslbiotech.com\/es\/wp-json\/wp\/v2\/types\/product"}],"replies":[{"embeddable":true,"href":"https:\/\/maslbiotech.com\/es\/wp-json\/wp\/v2\/comments?post=1327"}],"wp:featuredmedia":[{"embeddable":true,"href":"https:\/\/maslbiotech.com\/es\/wp-json\/wp\/v2\/media\/1329"}],"wp:attachment":[{"href":"https:\/\/maslbiotech.com\/es\/wp-json\/wp\/v2\/media?parent=1327"}],"wp:term":[{"taxonomy":"product_brand","embeddable":true,"href":"https:\/\/maslbiotech.com\/es\/wp-json\/wp\/v2\/product_brand?post=1327"},{"taxonomy":"product_cat","embeddable":true,"href":"https:\/\/maslbiotech.com\/es\/wp-json\/wp\/v2\/product_cat?post=1327"},{"taxonomy":"product_tag","embeddable":true,"href":"https:\/\/maslbiotech.com\/es\/wp-json\/wp\/v2\/product_tag?post=1327"}],"curies":[{"name":"wp","href":"https:\/\/api.w.org\/{rel}","templated":true}]}}