{"id":1330,"date":"2025-11-04T14:51:29","date_gmt":"2025-11-04T14:51:29","guid":{"rendered":"https:\/\/maslbiotech.com\/product\/fertilizante-especializado-para-floracion-y-fructificacion-del-durian\/"},"modified":"2026-01-27T07:40:07","modified_gmt":"2026-01-27T07:40:07","slug":"fertilizante-especializado-para-floracion-y-fructificacion-del-durian","status":"publish","type":"product","link":"https:\/\/maslbiotech.com\/es\/producto\/fertilizante-especializado-para-floracion-y-fructificacion-del-durian\/","title":{"rendered":"Fertilizante especializado para floraci\u00f3n y fructificaci\u00f3n del duri\u00e1n"},"content":{"rendered":"<h2><strong><b>Floraci\u00f3n<\/b><\/strong><strong><b> <\/b><\/strong><strong><b>&#8211; <\/b><\/strong><strong>Fertilizante especializado<\/strong><strong> <\/strong><strong>para floraci\u00f3n y fructificaci\u00f3n<\/strong><strong> <\/strong><strong><b>de duri\u00e1n<\/b><\/strong><\/h2>\n<h3><strong><b>Especificaciones t\u00e9cnicas:<\/b><\/strong><\/h3>\n<p>Amino\u00e1cidos \u2265100 g\/L, Cu+Fe+Mn+Zn+B+Mo \u226520 g\/L<\/p>\n<table>\n<tbody>\n<tr>\n<td>Ingrediente<\/td>\n<td>Concentraci\u00f3n<\/td>\n<\/tr>\n<tr>\n<td>Amino\u00e1cidos libres<\/td>\n<td>100 g\/L<\/td>\n<\/tr>\n<tr>\n<td>Mg<\/td>\n<td>20 g\/L<\/td>\n<\/tr>\n<tr>\n<td>Fe<\/td>\n<td>2,5 g\/L<\/td>\n<\/tr>\n<tr>\n<td>Mn<\/td>\n<td>10 g\/L<\/td>\n<\/tr>\n<tr>\n<td>Cu<\/td>\n<td>1 g\/L<\/td>\n<\/tr>\n<tr>\n<td>Zn<\/td>\n<td>10 g\/L<\/td>\n<\/tr>\n<tr>\n<td>Boro soluble en agua<\/td>\n<td>5 g\/L<\/td>\n<\/tr>\n<tr>\n<td>Alcoholes de az\u00facar<\/td>\n<td>10 g\/L<\/td>\n<\/tr>\n<tr>\n<td>Prote\u00edna de pescado<\/td>\n<td>0,5 g\/L<\/td>\n<\/tr>\n<tr>\n<td>Vitamina B5<\/td>\n<td>0,5 g\/L<\/td>\n<\/tr>\n<\/tbody>\n<\/table>\n<h3><strong><b>Beneficios:<\/b><\/strong><\/h3>\n<p>Este producto utiliza m\u00faltiples L-\u03b1 amino\u00e1cidos libres y alcoholes de az\u00facar como portadores inteligentes en el n\u00facleo, sinergizados con micronutrientes\/secundarios quelatados y sustancias activas como prote\u00edna de pescado y vitamina B5, satisfaciendo con precisi\u00f3n las necesidades espec\u00edficas del duri\u00e1n durante su sensible etapa de crecimiento reproductivo. Aborda desaf\u00edos como la floraci\u00f3n concentrada, el aborto del polen, la ca\u00edda de flores\/frutos y los frecuentes &#8220;frutos p\u00e9treos&#8221; o &#8220;frutos peque\u00f1os&#8221; inducidos por la alta temperatura y humedad. La f\u00f3rmula activa profundamente el proceso de diferenciaci\u00f3n fisiol\u00f3gica de las yemas florales, acelera la generaci\u00f3n de racimos de yemas florales de alta calidad y extiende significativamente la ventana de floraci\u00f3n efectiva. Sus componentes \u00fanicos estimulan fuertemente la elongaci\u00f3n dirigida del tubo pol\u00ednico y la vitalidad de la germinaci\u00f3n, estabilizan la sincronicidad del desarrollo de las flores masculinas\/femeninas y aseguran el \u00e9xito de la polinizaci\u00f3n. Los potenciadores del crecimiento reproductivo a\u00f1adidos sin\u00e9rgicamente pueden bloquear la reacci\u00f3n en cadena de la ca\u00edda fisiol\u00f3gica de los frutos, aumentar significativamente la densidad y uniformidad del cuajado y, al mismo tiempo, promover la divisi\u00f3n celular ordenada en los frutos j\u00f3venes, reduciendo los frutos malformados y el estancamiento del crecimiento en la fuente. El m\u00f3dulo compuesto de resistencia al estr\u00e9s natural mejora enormemente la capacidad de amortiguaci\u00f3n del \u00e1rbol de duri\u00e1n contra la sequ\u00eda estacional, las fuertes lluvias intermitentes y el estr\u00e9s por calor, estabilizando el ritmo de crecimiento reproductivo y sentando una base de alto rendimiento y alta calidad para la posterior expansi\u00f3n de los frutos.     <\/p>\n<p><strong><b>Cultivos aplicables:<\/b><\/strong> \u00c1rboles frutales de duri\u00e1n<\/p>\n<h3><strong><b>Instrucciones de aplicaci\u00f3n:<\/b><\/strong><\/h3>\n<p><strong><b>Pulverizaci\u00f3n foliar:<\/b><\/strong> Diluir 800-1000 veces. Aplicar a intervalos de 7-10 d\u00edas durante 2-3 aplicaciones consecutivas.<br \/>\n<strong><b>Fertirrigaci\u00f3n\/Riego por goteo:<\/b><\/strong> 15-30 L\/ha<\/p>\n<h3><strong><b>Precauciones:<\/b><\/strong><\/h3>\n<p>1. Evite mezclar con fertilizantes y pesticidas fuertemente \u00e1cidos o alcalinos, ya que esto puede afectar la eficacia del producto. Si se pretende mezclar con otros productos, primero realice una prueba de compatibilidad a peque\u00f1a escala. <\/p>\n<p>2. Puede ser necesaria una nueva aplicaci\u00f3n a una tasa reducida si se producen precipitaciones dentro de las 4 horas posteriores a la pulverizaci\u00f3n.<\/p>\n<h3><strong><b>Almacenamiento:<\/b><\/strong><\/h3>\n<p>1. Almacene y transporte en el envase original. Mantenga sellado en un lugar fresco y seco. <\/p>\n<p>2. Almacene por separado de alimentos, bebidas y piensos. Mantenga fuera del alcance de los ni\u00f1os y el ganado. <\/p>\n<p>Fecha de producci\u00f3n y n\u00famero de lote: Ver tap\u00f3n de la botella. Vida \u00fatil: 36 meses.<\/p>\n","protected":false},"excerpt":{"rendered":"<ul>\n<li>Amino\u00e1cidos libres: 100 g\/L<\/li>\n<li>Mg: 20 g\/L<\/li>\n<li>Fe: 2,5 g\/L<\/li>\n<li>Mn: 10 g\/L<\/li>\n<li>Cu: 1 g\/L<\/li>\n<li>Zn: 10 g\/L<\/li>\n<li>Boro soluble en agua: 5 g\/L<\/li>\n<li>Alcoholes de az\u00facar: 10 g\/L<\/li>\n<li>Prote\u00edna de pescado: 0,5 g\/L<\/li>\n<li>Vitamina B5: 0,5 g\/L<\/li>\n<\/ul>\n","protected":false},"featured_media":1331,"comment_status":"open","ping_status":"closed","template":"","meta":{"_acf_changed":false,"site-sidebar-layout":"default","site-content-layout":"","ast-site-content-layout":"default","site-content-style":"default","site-sidebar-style":"default","ast-global-header-display":"","ast-banner-title-visibility":"","ast-main-header-display":"","ast-hfb-above-header-display":"","ast-hfb-below-header-display":"","ast-hfb-mobile-header-display":"","site-post-title":"","ast-breadcrumbs-content":"","ast-featured-img":"","footer-sml-layout":"","ast-disable-related-posts":"","theme-transparent-header-meta":"default","adv-header-id-meta":"","stick-header-meta":"","header-above-stick-meta":"","header-main-stick-meta":"","header-below-stick-meta":"","astra-migrate-meta-layouts":"default","ast-page-background-enabled":"default","ast-page-background-meta":{"desktop":{"background-color":"var(--ast-global-color-5)","background-image":"","background-repeat":"repeat","background-position":"center center","background-size":"auto","background-attachment":"scroll","background-type":"","background-media":"","overlay-type":"","overlay-color":"","overlay-opacity":"","overlay-gradient":""},"tablet":{"background-color":"","background-image":"","background-repeat":"repeat","background-position":"center center","background-size":"auto","background-attachment":"scroll","background-type":"","background-media":"","overlay-type":"","overlay-color":"","overlay-opacity":"","overlay-gradient":""},"mobile":{"background-color":"","background-image":"","background-repeat":"repeat","background-position":"center center","background-size":"auto","background-attachment":"scroll","background-type":"","background-media":"","overlay-type":"","overlay-color":"","overlay-opacity":"","overlay-gradient":""}},"ast-content-background-meta":{"desktop":{"background-color":"var(--ast-global-color-4)","background-image":"","background-repeat":"repeat","background-position":"center center","background-size":"auto","background-attachment":"scroll","background-type":"","background-media":"","overlay-type":"","overlay-color":"","overlay-opacity":"","overlay-gradient":""},"tablet":{"background-color":"var(--ast-global-color-4)","background-image":"","background-repeat":"repeat","background-position":"center center","background-size":"auto","background-attachment":"scroll","background-type":"","background-media":"","overlay-type":"","overlay-color":"","overlay-opacity":"","overlay-gradient":""},"mobile":{"background-color":"var(--ast-global-color-4)","background-image":"","background-repeat":"repeat","background-position":"center center","background-size":"auto","background-attachment":"scroll","background-type":"","background-media":"","overlay-type":"","overlay-color":"","overlay-opacity":"","overlay-gradient":""}}},"product_brand":[],"product_cat":[179],"product_tag":[],"class_list":{"0":"post-1330","1":"product","2":"type-product","3":"status-publish","4":"has-post-thumbnail","6":"product_cat-cultivo-de-huerto","7":"desktop-align-left","8":"tablet-align-left","9":"mobile-align-left","11":"first","12":"instock","13":"taxable","14":"shipping-taxable","15":"product-type-simple"},"acf":[],"_links":{"self":[{"href":"https:\/\/maslbiotech.com\/es\/wp-json\/wp\/v2\/product\/1330","targetHints":{"allow":["GET"]}}],"collection":[{"href":"https:\/\/maslbiotech.com\/es\/wp-json\/wp\/v2\/product"}],"about":[{"href":"https:\/\/maslbiotech.com\/es\/wp-json\/wp\/v2\/types\/product"}],"replies":[{"embeddable":true,"href":"https:\/\/maslbiotech.com\/es\/wp-json\/wp\/v2\/comments?post=1330"}],"wp:featuredmedia":[{"embeddable":true,"href":"https:\/\/maslbiotech.com\/es\/wp-json\/wp\/v2\/media\/1331"}],"wp:attachment":[{"href":"https:\/\/maslbiotech.com\/es\/wp-json\/wp\/v2\/media?parent=1330"}],"wp:term":[{"taxonomy":"product_brand","embeddable":true,"href":"https:\/\/maslbiotech.com\/es\/wp-json\/wp\/v2\/product_brand?post=1330"},{"taxonomy":"product_cat","embeddable":true,"href":"https:\/\/maslbiotech.com\/es\/wp-json\/wp\/v2\/product_cat?post=1330"},{"taxonomy":"product_tag","embeddable":true,"href":"https:\/\/maslbiotech.com\/es\/wp-json\/wp\/v2\/product_tag?post=1330"}],"curies":[{"name":"wp","href":"https:\/\/api.w.org\/{rel}","templated":true}]}}