{"id":1336,"date":"2025-11-05T14:21:23","date_gmt":"2025-11-05T14:21:23","guid":{"rendered":"https:\/\/maslbiotech.com\/product\/fertilizante-especializado-para-la-etapa-temprana-de-la-cebolla\/"},"modified":"2026-01-27T07:11:44","modified_gmt":"2026-01-27T07:11:44","slug":"fertilizante-especializado-para-la-etapa-temprana-de-la-cebolla","status":"publish","type":"product","link":"https:\/\/maslbiotech.com\/es\/producto\/fertilizante-especializado-para-la-etapa-temprana-de-la-cebolla\/","title":{"rendered":"Fertilizante especializado para la etapa temprana de la cebolla"},"content":{"rendered":"<h2><strong><b>Cebolla<\/b><\/strong><strong><b> <\/b><\/strong><strong><b>Vigor &#8211; <\/b><\/strong><strong>Fertilizante especializado<\/strong><strong> para la etapa temprana de la cebolla<\/strong><\/h2>\n<p data-path-to-node=\"4\">Proporcione a su cultivo de cebolla la ventaja competitiva que necesita desde el primer d\u00eda. El Fertilizante Especializado para Etapa Temprana de Cebolla de <a href=\"https:\/\/maslbiotech.com\/es\/como-podemos-usar-los-fertilizantes-de-manera-efectiva-en-las-etapas-iniciales-del-crecimiento-de-la-cebolla-para-sentar-una-base-solida\/\">MASL Biotech es una f\u00f3rmula dise\u00f1ada con precisi\u00f3n espec\u00edficamente <\/a>para la fase cr\u00edtica inicial del ciclo de vida de la cebolla. <\/p>\n<p data-path-to-node=\"5\">El \u00e9xito en el cultivo de cebolla se decide en los primeros 40\u201360 d\u00edas. Nuestro fertilizante especializado garantiza que sus pl\u00e1ntulas desarrollen sistemas radiculares masivos y un follaje verde intenso, lo que permite eventualmente producir bulbos grandes y de alta calidad. Al proporcionar una relaci\u00f3n NPK objetivo complementada con micronutrientes esenciales, esta f\u00f3rmula previene el \u201cretraso de crecimiento\u201d com\u00fan en cebollas en etapa temprana y prepara la planta para un m\u00e1ximo potencial de engorde.  <\/p>\n<h3><strong><b>Especificaciones t\u00e9cnicas:<\/b><\/strong><\/h3>\n<p>Amino\u00e1cidos \u2265100 g\/L, Ca+Mg \u226530 g\/L<\/p>\n<table>\n<tbody>\n<tr>\n<td>Ingrediente<\/td>\n<td>Concentraci\u00f3n<\/td>\n<\/tr>\n<tr>\n<td>Amino\u00e1cidos libres<\/td>\n<td>100 g\/L<\/td>\n<\/tr>\n<tr>\n<td>Mg<\/td>\n<td>30 g\/L<\/td>\n<\/tr>\n<tr>\n<td>Zn<\/td>\n<td>2,5 g\/L<\/td>\n<\/tr>\n<tr>\n<td>Boro soluble en agua<\/td>\n<td>2,5 g\/L<\/td>\n<\/tr>\n<tr>\n<td>\u00c1cido poliglut\u00e1mico (PGA)<\/td>\n<td>0,2 g\/l<\/td>\n<\/tr>\n<\/tbody>\n<\/table>\n<h3><strong><b>Beneficios:<\/b><\/strong><\/h3>\n<p>Desarrollado espec\u00edficamente para las etapas iniciales e intermedias de las cebollas. Utiliza amino\u00e1cidos L-\u03b1 libres de alta concentraci\u00f3n como portador impulsor central, cient\u00edficamente combinado con magnesio, zinc y boro quelatados, y el factor activo \u00e1cido poliglut\u00e1mico, que satisface con precisi\u00f3n las necesidades fisiol\u00f3gicas \u00fanicas de la diferenciaci\u00f3n inicial del bulbo y el inicio del engrosamiento. Estimula fuertemente el metabolismo energ\u00e9tico del bulbo a trav\u00e9s de amino\u00e1cidos libres altamente activos, impulsando la emergencia robusta de pl\u00e1ntulas y la r\u00e1pida formaci\u00f3n temprana del pseudotallo. El zinc y el boro quelatados se dirigen y mejoran la eficiencia y la uniformidad de la divisi\u00f3n celular en los tejidos meristem\u00e1ticos, lo que garantiza una emergencia uniforme y una construcci\u00f3n eficiente de la red de ra\u00edces fibrosas. El magnesio quelatado fortalece simult\u00e1neamente la capacidad de s\u00edntesis de clorofila y la eficiencia fotosint\u00e9tica en las hojas tubulares, acumulando suficientes asimilados para la diferenciaci\u00f3n de los primordios del bulbo. El \u00e1cido poliglut\u00e1mico optimiza profundamente el microentorno de la ra\u00edz y la eficiencia de la absorci\u00f3n de nutrientes, lo que mejora significativamente la resistencia fisiol\u00f3gica de la pl\u00e1ntula al estr\u00e9s por bajas temperaturas, sequ\u00eda y enfermedades transmitidas por el suelo, lo que finalmente sienta las bases para la diferenciaci\u00f3n uniforme de los primordios del bulbo y la formaci\u00f3n de bulbos llenos y firmes para una alta calidad y rendimiento.     <\/p>\n<p><strong><b>Cultivos <\/b><\/strong><strong><b>a los que se puede aplicar<\/b><\/strong><strong><b>:<\/b><\/strong><strong><b> <\/b><\/strong>Cebolla,<strong><b> <\/b><\/strong>Cultivos de ra\u00edz y tub\u00e9rculo<\/p>\n<h2><strong><b>Instrucciones de aplicaci\u00f3n:<\/b><\/strong><br \/>\n<b><\/b><\/h2>\n<p><strong><b>Pulverizaci\u00f3n foliar:<\/b><\/strong> Diluir 800-1000 veces. Aplicar a intervalos de 7-10 d\u00edas durante 2-3 aplicaciones consecutivas.<br \/>\n<strong><b>Fertirrigaci\u00f3n\/Riego por goteo:<\/b><\/strong> 15-30 L\/ha<\/p>\n<h3><strong><b>Precauciones:<\/b><\/strong><\/h3>\n<p>1. Evite mezclar con fertilizantes y pesticidas fuertemente \u00e1cidos o alcalinos, ya que esto puede afectar la eficacia del producto. Si se pretende mezclar con otros productos, primero realice una prueba de compatibilidad a peque\u00f1a escala. <\/p>\n<p>2. Puede ser necesaria una nueva aplicaci\u00f3n a una tasa reducida si se producen precipitaciones dentro de las 4 horas posteriores a la pulverizaci\u00f3n.<\/p>\n<h3><strong><b>Almacenamiento:<\/b><\/strong><\/h3>\n<p>1. Almacene y transporte en el envase original. Mantenga sellado en un lugar fresco y seco. <\/p>\n<p>2. Almacene por separado de alimentos, bebidas y piensos. Mantenga fuera del alcance de los ni\u00f1os y el ganado. <\/p>\n<p>Fecha de producci\u00f3n y n\u00famero de lote: Ver tap\u00f3n de la botella. Vida \u00fatil: 36 meses.<\/p>\n<figure id=\"attachment_1773\" aria-describedby=\"caption-attachment-1773\" style=\"width: 663px\" class=\"wp-caption alignnone\"><a href=\"https:\/\/maslbiotech.com\/wp-content\/uploads\/2025\/11\/ScreenShot_2026-01-12_214202_338.jpg\"><img fetchpriority=\"high\" decoding=\"async\" class=\" wp-image-1773\" src=\"https:\/\/maslbiotech.com\/wp-content\/uploads\/2025\/11\/ScreenShot_2026-01-12_214202_338-300x189.jpg\" alt=\"Fertilizante especializado para la etapa temprana de la cebolla\" width=\"663\" height=\"418\" srcset=\"https:\/\/maslbiotech.com\/wp-content\/uploads\/2025\/11\/ScreenShot_2026-01-12_214202_338-300x189.jpg 300w, https:\/\/maslbiotech.com\/wp-content\/uploads\/2025\/11\/ScreenShot_2026-01-12_214202_338-64x40.jpg 64w, https:\/\/maslbiotech.com\/wp-content\/uploads\/2025\/11\/ScreenShot_2026-01-12_214202_338.jpg 529w\" sizes=\"(max-width: 663px) 100vw, 663px\" \/><\/a><figcaption id=\"caption-attachment-1773\" class=\"wp-caption-text\">Fertilizante especializado para la etapa temprana de la cebolla<\/figcaption><\/figure>\n<h2 data-path-to-node=\"6\">\u00bfPor qu\u00e9 la fase inicial es tan importante?<\/h2>\n<p data-path-to-node=\"7\">En el cultivo de cebollas, el n\u00famero de hojas en el momento de la formaci\u00f3n del bulbo determina el tama\u00f1o final del bulbo. Cada hoja representa un anillo de la cebolla. Nuestro Fertilizante Especial para Fase Inicial se enfoca en:  <\/p>\n<ul data-path-to-node=\"8\">\n<li>\n<p data-path-to-node=\"8,0,0\">Producci\u00f3n r\u00e1pida de hojas: El nitr\u00f3geno de alta biodisponibilidad impulsa un crecimiento vegetativo vigoroso.<\/p>\n<\/li>\n<li>\n<p data-path-to-node=\"8,1,0\">Penetraci\u00f3n profunda de ra\u00edces: Compuestos de f\u00f3sforo especializados estimulan a las ra\u00edces a profundizar, asegurando una mejor resistencia a la sequ\u00eda y mayor absorci\u00f3n de nutrientes.<\/p>\n<\/li>\n<li>\n<p data-path-to-node=\"8,2,0\">Resiliencia al estr\u00e9s: El potasio y los minerales traza refuerzan las paredes celulares, protegiendo a las plantas j\u00f3venes de fluctuaciones ambientales.<\/p>\n<\/li>\n<\/ul>\n<h2 data-path-to-node=\"9\">Beneficios Clave<\/h2>\n<ul data-path-to-node=\"10\">\n<li>\n<p data-path-to-node=\"10,0,0\">NPK optimizado para cebollas: Un inicio equilibrado seguido de un impulso de nitr\u00f3geno para maximizar el desarrollo vegetativo (&#8220;green-up&#8221;).<\/p>\n<\/li>\n<li>\n<p data-path-to-node=\"10,1,0\">Enriquecido con micronutrientes: Contiene zinc, boro y azufre \u2014 elementos esenciales que suelen faltar en los fertilizantes est\u00e1ndar y que son vitales para cebollas sanas y arom\u00e1ticas.<\/p>\n<\/li>\n<li>\n<p data-path-to-node=\"10,2,0\">Absorci\u00f3n r\u00e1pida: Formulado para una integraci\u00f3n r\u00e1pida en el suelo, asegurando que los nutrientes lleguen a la rizosfera justo cuando la planta m\u00e1s los necesita.<\/p>\n<\/li>\n<li>\n<p data-path-to-node=\"10,3,0\">Mayor potencial de rendimiento: Una mayor cantidad de follaje en la fase inicial se correlaciona directamente con bulbos m\u00e1s grandes y pesados en la cosecha.<\/p>\n<\/li>\n<\/ul>\n<h2 data-path-to-node=\"11\">Instrucciones de Aplicaci\u00f3n<\/h2>\n<p data-path-to-node=\"12\">Para obtener los mejores resultados, sigue este programa de fertilizaci\u00f3n profesional:<\/p>\n<ol start=\"1\" data-path-to-node=\"13\">\n<li>\n<p data-path-to-node=\"13,0,0\">Al plantar\/trasplantar: Aplicar como fertilizante inicial en la zanja o hoyo de plantaci\u00f3n para estimular el establecimiento inmediato de ra\u00edces.<\/p>\n<\/li>\n<li>\n<p data-path-to-node=\"13,1,0\">Fase Vegetativa (Semanas 2\u20136):<\/p>\n<p>Realice abono lateral en las hileras de cebolla cada 2\u20133 semanas. Esto mantiene el &#8220;motor de nitr\u00f3geno&#8221; activo para desarrollar el dosel foliar. <\/p>\n<\/li>\n<li>\n<p data-path-to-node=\"13,2,0\">M\u00e9todo: <br \/>Espolvorear cerca de la base de las plantas (evitando contacto directo con el tallo) y regar abundantemente para activar los nutrientes.<\/p>\n<\/li>\n<\/ol>\n<h2 data-path-to-node=\"15\">Preguntas Frecuentes (FAQ)<\/h2>\n<p data-path-to-node=\"16\"><b data-path-to-node=\"16\" data-index-in-node=\"0\">Q: \u00bfCu\u00e1ndo es el mejor momento para empezar a usar este fertilizante?<\/b><\/p>\n<p data-path-to-node=\"16\">A: Debe comenzar la aplicaci\u00f3n inmediatamente al trasplantar o cuando las pl\u00e1ntulas sembradas directamente alcancen 5\u20137,5 cm de altura. Esta f\u00f3rmula de &#8220;Fase Inicial&#8221; est\u00e1 dise\u00f1ada para usar hasta que comience la fase de hinchamiento del bulbo. <\/p>\n<p data-path-to-node=\"17\"><b data-path-to-node=\"17\" data-index-in-node=\"0\">Q: \u00bfPuedo usarlo tanto para cebollas verdes como para cebollas bulbosas?<\/b><\/p>\n<p data-path-to-node=\"17\">A: \u00a1S\u00ed! Para cebollas verdes (cebollines), este fertilizante es excelente durante todo el ciclo del cultivo. Para cebollas bulbosas, es la fuente principal de nutrientes durante la fase vegetativa verde, antes de cambiar a una f\u00f3rmula de &#8220;Hinchamiento del Bulbo&#8221; con alto contenido de potasio.  <\/p>\n<p data-path-to-node=\"18\"><b data-path-to-node=\"18\" data-index-in-node=\"0\">Q: \u00bfAyuda este fertilizante contra plagas o enfermedades de la cebolla?<\/b><\/p>\n<p data-path-to-node=\"18\">A: Aunque no es un pesticida, una planta de cebolla bien alimentada tiene un sistema inmunol\u00f3gico mucho m\u00e1s fuerte. La inclusi\u00f3n de azufre y zinc en nuestra f\u00f3rmula ayuda a la planta a construir defensas naturales contra pat\u00f3genos comunes del suelo. <\/p>\n<p data-path-to-node=\"19\"><b data-path-to-node=\"19\" data-index-in-node=\"0\">Q: \u00bfEs seguro este producto para todos los tipos de suelo?<\/b><\/p>\n<p data-path-to-node=\"19\">A: S\u00ed, nuestra mezcla especial est\u00e1 amortiguada para funcionar bien en una variedad de niveles de pH, aunque las cebollas generalmente prefieren un suelo con pH entre 6,0 y 7,0.<\/p>\n","protected":false},"excerpt":{"rendered":"<ul>\n<li>Amino\u00e1cidos libres: 100 g\/L<\/li>\n<li>Mg: 30 g\/L<\/li>\n<li>Zn: 2,5 g\/L<\/li>\n<li>Boro soluble en agua: 2,5 g\/L<\/li>\n<li>\u00c1cido poliglut\u00e1mico (PGA): 0,2 g\/l<\/li>\n<\/ul>\n","protected":false},"featured_media":1337,"comment_status":"open","ping_status":"closed","template":"","meta":{"_acf_changed":false,"site-sidebar-layout":"default","site-content-layout":"","ast-site-content-layout":"default","site-content-style":"default","site-sidebar-style":"default","ast-global-header-display":"","ast-banner-title-visibility":"","ast-main-header-display":"","ast-hfb-above-header-display":"","ast-hfb-below-header-display":"","ast-hfb-mobile-header-display":"","site-post-title":"","ast-breadcrumbs-content":"","ast-featured-img":"","footer-sml-layout":"","ast-disable-related-posts":"","theme-transparent-header-meta":"default","adv-header-id-meta":"","stick-header-meta":"","header-above-stick-meta":"","header-main-stick-meta":"","header-below-stick-meta":"","astra-migrate-meta-layouts":"default","ast-page-background-enabled":"default","ast-page-background-meta":{"desktop":{"background-color":"var(--ast-global-color-5)","background-image":"","background-repeat":"repeat","background-position":"center center","background-size":"auto","background-attachment":"scroll","background-type":"","background-media":"","overlay-type":"","overlay-color":"","overlay-opacity":"","overlay-gradient":""},"tablet":{"background-color":"","background-image":"","background-repeat":"repeat","background-position":"center center","background-size":"auto","background-attachment":"scroll","background-type":"","background-media":"","overlay-type":"","overlay-color":"","overlay-opacity":"","overlay-gradient":""},"mobile":{"background-color":"","background-image":"","background-repeat":"repeat","background-position":"center center","background-size":"auto","background-attachment":"scroll","background-type":"","background-media":"","overlay-type":"","overlay-color":"","overlay-opacity":"","overlay-gradient":""}},"ast-content-background-meta":{"desktop":{"background-color":"var(--ast-global-color-4)","background-image":"","background-repeat":"repeat","background-position":"center center","background-size":"auto","background-attachment":"scroll","background-type":"","background-media":"","overlay-type":"","overlay-color":"","overlay-opacity":"","overlay-gradient":""},"tablet":{"background-color":"var(--ast-global-color-4)","background-image":"","background-repeat":"repeat","background-position":"center center","background-size":"auto","background-attachment":"scroll","background-type":"","background-media":"","overlay-type":"","overlay-color":"","overlay-opacity":"","overlay-gradient":""},"mobile":{"background-color":"var(--ast-global-color-4)","background-image":"","background-repeat":"repeat","background-position":"center center","background-size":"auto","background-attachment":"scroll","background-type":"","background-media":"","overlay-type":"","overlay-color":"","overlay-opacity":"","overlay-gradient":""}}},"product_brand":[],"product_cat":[180],"product_tag":[201,202,203],"class_list":{"0":"post-1336","1":"product","2":"type-product","3":"status-publish","4":"has-post-thumbnail","6":"product_cat-cultivo-de-raices-y-tuberculos","7":"product_tag-fertilizante-especializado-para-la-etapa-temprana-de-la-cebolla","8":"product_tag-fertilizante-especializado-para-plantulas-de-cebolla","9":"product_tag-fertilizante-vigorizante-para-cebollas","10":"desktop-align-left","11":"tablet-align-left","12":"mobile-align-left","14":"first","15":"instock","16":"taxable","17":"shipping-taxable","18":"product-type-simple"},"acf":[],"_links":{"self":[{"href":"https:\/\/maslbiotech.com\/es\/wp-json\/wp\/v2\/product\/1336","targetHints":{"allow":["GET"]}}],"collection":[{"href":"https:\/\/maslbiotech.com\/es\/wp-json\/wp\/v2\/product"}],"about":[{"href":"https:\/\/maslbiotech.com\/es\/wp-json\/wp\/v2\/types\/product"}],"replies":[{"embeddable":true,"href":"https:\/\/maslbiotech.com\/es\/wp-json\/wp\/v2\/comments?post=1336"}],"wp:featuredmedia":[{"embeddable":true,"href":"https:\/\/maslbiotech.com\/es\/wp-json\/wp\/v2\/media\/1337"}],"wp:attachment":[{"href":"https:\/\/maslbiotech.com\/es\/wp-json\/wp\/v2\/media?parent=1336"}],"wp:term":[{"taxonomy":"product_brand","embeddable":true,"href":"https:\/\/maslbiotech.com\/es\/wp-json\/wp\/v2\/product_brand?post=1336"},{"taxonomy":"product_cat","embeddable":true,"href":"https:\/\/maslbiotech.com\/es\/wp-json\/wp\/v2\/product_cat?post=1336"},{"taxonomy":"product_tag","embeddable":true,"href":"https:\/\/maslbiotech.com\/es\/wp-json\/wp\/v2\/product_tag?post=1336"}],"curies":[{"name":"wp","href":"https:\/\/api.w.org\/{rel}","templated":true}]}}