{"id":1344,"date":"2025-11-05T14:10:01","date_gmt":"2025-11-05T14:10:01","guid":{"rendered":"https:\/\/maslbiotech.com\/product\/fertilizante-especializado-para-raices-y-tuberculos\/"},"modified":"2026-01-27T07:20:56","modified_gmt":"2026-01-27T07:20:56","slug":"fertilizante-especializado-para-raices-y-tuberculos","status":"publish","type":"product","link":"https:\/\/maslbiotech.com\/es\/producto\/fertilizante-especializado-para-raices-y-tuberculos\/","title":{"rendered":"Fertilizante especializado para ra\u00edces y tub\u00e9rculos"},"content":{"rendered":"<h2><strong>Fertilizante especializado <\/strong><strong>para ra\u00edces y tub\u00e9rculos<\/strong><\/h2>\n<h3><strong><b>Especificaciones t\u00e9cnicas:<\/b><\/strong><\/h3>\n<p>Amino\u00e1cidos \u2265100 g\/L, Cu+Fe+Mn+Zn+B+Mo \u226520 g\/L<\/p>\n<table>\n<tbody>\n<tr>\n<td>Ingrediente<\/td>\n<td>Concentraci\u00f3n<\/td>\n<\/tr>\n<tr>\n<td>Amino\u00e1cidos libres<\/td>\n<td>100 g\/L<\/td>\n<\/tr>\n<tr>\n<td>Mg<\/td>\n<td>30 g\/L<\/td>\n<\/tr>\n<tr>\n<td>Fe<\/td>\n<td>5 g\/L<\/td>\n<\/tr>\n<tr>\n<td>Mn<\/td>\n<td>2,5 g\/L<\/td>\n<\/tr>\n<tr>\n<td>Cu<\/td>\n<td>2,5 g\/L<\/td>\n<\/tr>\n<tr>\n<td>Zn<\/td>\n<td>10 g\/L<\/td>\n<\/tr>\n<tr>\n<td>Boro soluble en agua<\/td>\n<td>1 g\/L<\/td>\n<\/tr>\n<tr>\n<td>Vitamina B6<\/td>\n<td>0,5 g\/l<\/td>\n<\/tr>\n<tr>\n<td>\u00c1cido l\u00e1ctico biol\u00f3gico<\/td>\n<td>2 g\/L<\/td>\n<\/tr>\n<\/tbody>\n<\/table>\n<h3><strong><b> <\/b><\/strong><strong><b>Beneficios:<\/b><\/strong><\/h3>\n<p>Especialmente desarrollado para todo el ciclo de crecimiento de los cultivos de ra\u00edces y tub\u00e9rculos. Este fertilizante hidrosoluble altamente activo que contiene amino\u00e1cidos utiliza m\u00faltiples amino\u00e1cidos L-\u03b1 libres como portador principal, cient\u00edficamente mezclados con magnesio, hierro, manganeso, cobre, zinc, boro quelados y sustancias activas como la vitamina B6 y el \u00e1cido l\u00e1ctico biol\u00f3gico, satisfaciendo profundamente las necesidades \u00fanicas del desarrollo de \u00f3rganos subterr\u00e1neos en estos cultivos. Activa fuertemente la expansi\u00f3n de las ra\u00edces y la eficiencia del metabolismo de los nutrientes a trav\u00e9s de amino\u00e1cidos altamente bioactivos. Los micronutrientes y secundarios quelados se dirigen y optimizan la eficiencia fotosint\u00e9tica de las hojas, promoviendo el transporte eficiente de asimilados a los \u00f3rganos sumidero subterr\u00e1neos. La vitamina B6 y el \u00e1cido l\u00e1ctico biol\u00f3gico act\u00faan sin\u00e9rgicamente para equilibrar con precisi\u00f3n la proporci\u00f3n citoquinina\/auxina, activar la actividad enzim\u00e1tica relacionada con la divisi\u00f3n celular de los tub\u00e9rculos, promover la absorci\u00f3n de nutrientes, fortalecer la estructura de la pared celular de la ra\u00edz y la actividad enzim\u00e1tica antioxidante. Esto proporciona un suministro nutricional continuo para el engrosamiento de los tub\u00e9rculos y mejora la resistencia de los cultivos a las enfermedades transmitidas por el suelo, reduciendo los efectos inhibidores del estr\u00e9s en el desarrollo de los tub\u00e9rculos. En \u00faltima instancia, da como resultado una forma de tub\u00e9rculo uniforme, una piel lisa y densa, lo que aumenta el rendimiento y la rentabilidad.      <\/p>\n<p><strong><b> <\/b><\/strong><strong><b>Cultivos <\/b><\/strong><strong><b>a los que se puede aplicar<\/b><\/strong><strong><b>:<\/b><\/strong><strong><b> <\/b><\/strong>Cultivos de ra\u00edces y tub\u00e9rculos: patata, zanahoria, remolacha azucarera, yuca, cebolla, ajo, chalota<\/p>\n<h2><strong><b>Instrucciones de aplicaci\u00f3n:<\/b><\/strong><\/h2>\n<p><strong><b>Pulverizaci\u00f3n foliar:<\/b><\/strong> Diluir 800-1000 veces. Aplicar a intervalos de 7-10 d\u00edas, durante 2-3 aplicaciones consecutivas.<br \/>\n<strong><b>Fertirrigaci\u00f3n\/Riego por goteo:<\/b><\/strong> 15-30 L\/ha<\/p>\n<h3><strong><b>Precauciones:<\/b><\/strong><\/h3>\n<p>1. Evite mezclar con fertilizantes y pesticidas fuertemente \u00e1cidos o alcalinos, ya que esto puede afectar la eficacia del producto. Si se pretende mezclar con otros productos, primero realice una prueba de compatibilidad a peque\u00f1a escala. <\/p>\n<p>2. Puede ser necesaria una nueva aplicaci\u00f3n a una tasa reducida si se producen precipitaciones dentro de las 4 horas posteriores a la pulverizaci\u00f3n.<\/p>\n<h3><strong><b>Almacenamiento:<\/b><\/strong><\/h3>\n<p>1. Almacene y transporte en el envase original. Mantenga sellado en un lugar fresco y seco. <\/p>\n<p>2. Almacene por separado de alimentos, bebidas y piensos. Mantenga fuera del alcance de los ni\u00f1os y el ganado. <\/p>\n<p>Fecha de producci\u00f3n y n\u00famero de lote: Ver tap\u00f3n de la botella. Vida \u00fatil: 36 meses.<\/p>\n<p><strong> <\/strong><\/p>\n","protected":false},"excerpt":{"rendered":"<ul>\n<li>Amino\u00e1cidos libres: 100 g\/L<\/li>\n<li>Mg: 30 g\/L<\/li>\n<li>Fe: 5 g\/L<\/li>\n<li>Mn: 2,5 g\/L<\/li>\n<li>Cu: 2,5 g\/L<\/li>\n<li>Zn: 10 g\/L<\/li>\n<li>Boro soluble en agua: 1 g\/L<\/li>\n<li>Vitamina B6: 0,5 g\/l<\/li>\n<li>\u00c1cido l\u00e1ctico biol\u00f3gico: 2 g\/L<\/li>\n<\/ul>\n","protected":false},"featured_media":1345,"comment_status":"open","ping_status":"closed","template":"","meta":{"_acf_changed":false,"site-sidebar-layout":"default","site-content-layout":"","ast-site-content-layout":"default","site-content-style":"default","site-sidebar-style":"default","ast-global-header-display":"","ast-banner-title-visibility":"","ast-main-header-display":"","ast-hfb-above-header-display":"","ast-hfb-below-header-display":"","ast-hfb-mobile-header-display":"","site-post-title":"","ast-breadcrumbs-content":"","ast-featured-img":"","footer-sml-layout":"","ast-disable-related-posts":"","theme-transparent-header-meta":"default","adv-header-id-meta":"","stick-header-meta":"","header-above-stick-meta":"","header-main-stick-meta":"","header-below-stick-meta":"","astra-migrate-meta-layouts":"default","ast-page-background-enabled":"default","ast-page-background-meta":{"desktop":{"background-color":"var(--ast-global-color-5)","background-image":"","background-repeat":"repeat","background-position":"center center","background-size":"auto","background-attachment":"scroll","background-type":"","background-media":"","overlay-type":"","overlay-color":"","overlay-opacity":"","overlay-gradient":""},"tablet":{"background-color":"","background-image":"","background-repeat":"repeat","background-position":"center center","background-size":"auto","background-attachment":"scroll","background-type":"","background-media":"","overlay-type":"","overlay-color":"","overlay-opacity":"","overlay-gradient":""},"mobile":{"background-color":"","background-image":"","background-repeat":"repeat","background-position":"center center","background-size":"auto","background-attachment":"scroll","background-type":"","background-media":"","overlay-type":"","overlay-color":"","overlay-opacity":"","overlay-gradient":""}},"ast-content-background-meta":{"desktop":{"background-color":"var(--ast-global-color-4)","background-image":"","background-repeat":"repeat","background-position":"center center","background-size":"auto","background-attachment":"scroll","background-type":"","background-media":"","overlay-type":"","overlay-color":"","overlay-opacity":"","overlay-gradient":""},"tablet":{"background-color":"var(--ast-global-color-4)","background-image":"","background-repeat":"repeat","background-position":"center center","background-size":"auto","background-attachment":"scroll","background-type":"","background-media":"","overlay-type":"","overlay-color":"","overlay-opacity":"","overlay-gradient":""},"mobile":{"background-color":"var(--ast-global-color-4)","background-image":"","background-repeat":"repeat","background-position":"center center","background-size":"auto","background-attachment":"scroll","background-type":"","background-media":"","overlay-type":"","overlay-color":"","overlay-opacity":"","overlay-gradient":""}}},"product_brand":[],"product_cat":[180],"product_tag":[214,215,216,217],"class_list":{"0":"post-1344","1":"product","2":"type-product","3":"status-publish","4":"has-post-thumbnail","6":"product_cat-cultivo-de-raices-y-tuberculos","7":"product_tag-fertilizante-especializado-para-raices-y-tuberculos","8":"product_tag-fertilizante-para-cultivos-de-raices","9":"product_tag-fertilizante-para-cultivos-de-tuberculos","10":"product_tag-nutricion-de-raices-masl-biotech","11":"desktop-align-left","12":"tablet-align-left","13":"mobile-align-left","15":"first","16":"instock","17":"taxable","18":"shipping-taxable","19":"product-type-simple"},"acf":[],"_links":{"self":[{"href":"https:\/\/maslbiotech.com\/es\/wp-json\/wp\/v2\/product\/1344","targetHints":{"allow":["GET"]}}],"collection":[{"href":"https:\/\/maslbiotech.com\/es\/wp-json\/wp\/v2\/product"}],"about":[{"href":"https:\/\/maslbiotech.com\/es\/wp-json\/wp\/v2\/types\/product"}],"replies":[{"embeddable":true,"href":"https:\/\/maslbiotech.com\/es\/wp-json\/wp\/v2\/comments?post=1344"}],"wp:featuredmedia":[{"embeddable":true,"href":"https:\/\/maslbiotech.com\/es\/wp-json\/wp\/v2\/media\/1345"}],"wp:attachment":[{"href":"https:\/\/maslbiotech.com\/es\/wp-json\/wp\/v2\/media?parent=1344"}],"wp:term":[{"taxonomy":"product_brand","embeddable":true,"href":"https:\/\/maslbiotech.com\/es\/wp-json\/wp\/v2\/product_brand?post=1344"},{"taxonomy":"product_cat","embeddable":true,"href":"https:\/\/maslbiotech.com\/es\/wp-json\/wp\/v2\/product_cat?post=1344"},{"taxonomy":"product_tag","embeddable":true,"href":"https:\/\/maslbiotech.com\/es\/wp-json\/wp\/v2\/product_tag?post=1344"}],"curies":[{"name":"wp","href":"https:\/\/api.w.org\/{rel}","templated":true}]}}