{"id":1347,"date":"2026-04-14T03:45:41","date_gmt":"2026-04-14T03:45:41","guid":{"rendered":"https:\/\/maslbiotech.com\/product\/fertilizante-especializado-para-la-etapa-temprana-del-algodon\/"},"modified":"2026-01-27T07:53:58","modified_gmt":"2026-01-27T07:53:58","slug":"fertilizante-especializado-para-la-etapa-temprana-del-algodon","status":"publish","type":"product","link":"https:\/\/maslbiotech.com\/es\/producto\/fertilizante-especializado-para-la-etapa-temprana-del-algodon\/","title":{"rendered":"Fertilizante especializado para la etapa temprana del algod\u00f3n"},"content":{"rendered":"<h2><strong>Vigor para <\/strong><strong>algod\u00f3n &#8211; <\/strong><strong>Fertilizante especializado <\/strong><strong>para la etapa temprana <\/strong><strong>del algod\u00f3n<\/strong><\/h2>\n<h3><strong><b>Especificaciones t\u00e9cnicas:<\/b><\/strong><\/h3>\n<p>Amino\u00e1cidos libres \u2265100 g\/L, Cu+Fe+Mn+Zn+B+Mo \u226520 g\/L<\/p>\n<table>\n<tbody>\n<tr>\n<td width=\"180\">Amino\u00e1cidos libres<\/td>\n<td>100 g\/L<\/td>\n<td>Mg:<\/td>\n<td>20 g\/L<\/td>\n<td>Mn:<\/td>\n<td width=\"88\">2 g\/L<\/td>\n<\/tr>\n<tr>\n<td width=\"180\">Zn:<\/td>\n<td>18 g\/L<\/td>\n<td>Glutati\u00f3n<\/td>\n<td>0,5 g\/L<\/td>\n<td>\/<\/td>\n<td width=\"88\">\/<\/td>\n<\/tr>\n<\/tbody>\n<\/table>\n<h3><strong><b>Beneficios:<\/b><\/strong><\/h3>\n<p>Desarrollado espec\u00edficamente para las necesidades de crecimiento del algod\u00f3n desde la etapa temprana hasta la media. Utiliza amino\u00e1cidos libres L-\u03b1 altamente activos como portador principal, sinergizando con magnesio, manganeso y zinc quelatados para construir un sistema de nutrici\u00f3n preciso. Los amino\u00e1cidos libres L-\u03b1 activan eficientemente la actividad de la deshidrogenasa de la ra\u00edz, aceleran la proliferaci\u00f3n de ra\u00edces fibrosas y la lignificaci\u00f3n de la ra\u00edz principal, mejorando significativamente la capacidad de absorci\u00f3n de agua y nutrientes minerales; simult\u00e1neamente, promueven la diferenciaci\u00f3n del col\u00e9nquima del tallo, construyendo un marco resistente al acame, proporcionando soporte estructural para la diferenciaci\u00f3n de los botones florales. El magnesio, el manganeso y el zinc quelatados en triple sinergia impulsan fuertemente la s\u00edntesis de clorofila y la activaci\u00f3n de enzimas fotosint\u00e9ticas, previniendo el amarilleo inducido por deficiencia, el retraso en el crecimiento y el declive fotosint\u00e9tico, asegurando el transporte eficiente de los productos fotosint\u00e9ticos a los nuevos puntos de crecimiento. El glutati\u00f3n especialmente a\u00f1adido elimina los radicales libres generados por el estr\u00e9s ambiental durante las etapas de crecimiento temprana a media, protegiendo la estructura celular y la estabilidad del sistema fotosint\u00e9tico; simult\u00e1neamente, mejora la resistencia a la sequ\u00eda y al fr\u00edo de la planta, dando forma sin\u00e9rgicamente a un tipo de planta resistente al estr\u00e9s con tallos fuertes y hojas gruesas, reservando la base para la conversi\u00f3n de energ\u00eda en la etapa de la c\u00e1psula subsiguiente.    <\/p>\n<p><strong><b>Cultivos <\/b><\/strong><strong><b>a los que se puede <\/b><\/strong><strong><b>aplicar: <\/b><\/strong>algod\u00f3n en etapa temprana<\/p>\n<h3><strong><b>Instrucciones de aplicaci\u00f3n:<\/b><\/strong><\/h3>\n<p><strong><b>Pulverizaci\u00f3n foliar:<\/b><\/strong> Diluir 800-1000 veces. Aplicar a intervalos de 7-10 d\u00edas, durante 2-3 aplicaciones consecutivas.<br \/>\n<strong><b>Fertirrigaci\u00f3n\/Riego por goteo:<\/b><\/strong> 15-30 L por hect\u00e1rea<\/p>\n<h3><strong><b>Precauciones:<\/b><\/strong><\/h3>\n<p>1. Evite mezclar con fertilizantes y pesticidas fuertemente \u00e1cidos o alcalinos, ya que esto puede afectar la eficacia del producto. Si se pretende mezclar con otros productos, primero realice una prueba de compatibilidad a peque\u00f1a escala. <\/p>\n<p>2. Puede ser necesaria una nueva aplicaci\u00f3n a una tasa reducida si se producen precipitaciones dentro de las 4 horas posteriores a la pulverizaci\u00f3n.<\/p>\n<h3><strong><b>Almacenamiento:<\/b><\/strong><\/h3>\n<p>1. Almacene y transporte en el envase original. Mantenga sellado en un lugar fresco y seco. <\/p>\n<p>2. Almacene por separado de alimentos, bebidas y piensos. Mantenga fuera del alcance de los ni\u00f1os y el ganado. <\/p>\n<p>Fecha de producci\u00f3n y n\u00famero de lote: Ver tap\u00f3n de la botella. Vida \u00fatil: 36 meses.<\/p>\n","protected":false},"excerpt":{"rendered":"<ul>\n<li>Amino\u00e1cidos libres: 100 g\/L<\/li>\n<li>Mg: 20 g\/L<\/li>\n<li>Zn: 18 g\/L<\/li>\n<li>Mn:: 2 g\/L<\/li>\n<li>Glutati\u00f3n: 0,5 g\/L<\/li>\n<\/ul>\n","protected":false},"featured_media":1350,"comment_status":"open","ping_status":"closed","template":"","meta":{"_acf_changed":false,"site-sidebar-layout":"default","site-content-layout":"","ast-site-content-layout":"default","site-content-style":"default","site-sidebar-style":"default","ast-global-header-display":"","ast-banner-title-visibility":"","ast-main-header-display":"","ast-hfb-above-header-display":"","ast-hfb-below-header-display":"","ast-hfb-mobile-header-display":"","site-post-title":"","ast-breadcrumbs-content":"","ast-featured-img":"","footer-sml-layout":"","ast-disable-related-posts":"","theme-transparent-header-meta":"default","adv-header-id-meta":"","stick-header-meta":"","header-above-stick-meta":"","header-main-stick-meta":"","header-below-stick-meta":"","astra-migrate-meta-layouts":"default","ast-page-background-enabled":"default","ast-page-background-meta":{"desktop":{"background-color":"var(--ast-global-color-5)","background-image":"","background-repeat":"repeat","background-position":"center center","background-size":"auto","background-attachment":"scroll","background-type":"","background-media":"","overlay-type":"","overlay-color":"","overlay-opacity":"","overlay-gradient":""},"tablet":{"background-color":"","background-image":"","background-repeat":"repeat","background-position":"center center","background-size":"auto","background-attachment":"scroll","background-type":"","background-media":"","overlay-type":"","overlay-color":"","overlay-opacity":"","overlay-gradient":""},"mobile":{"background-color":"","background-image":"","background-repeat":"repeat","background-position":"center center","background-size":"auto","background-attachment":"scroll","background-type":"","background-media":"","overlay-type":"","overlay-color":"","overlay-opacity":"","overlay-gradient":""}},"ast-content-background-meta":{"desktop":{"background-color":"var(--ast-global-color-4)","background-image":"","background-repeat":"repeat","background-position":"center center","background-size":"auto","background-attachment":"scroll","background-type":"","background-media":"","overlay-type":"","overlay-color":"","overlay-opacity":"","overlay-gradient":""},"tablet":{"background-color":"var(--ast-global-color-4)","background-image":"","background-repeat":"repeat","background-position":"center center","background-size":"auto","background-attachment":"scroll","background-type":"","background-media":"","overlay-type":"","overlay-color":"","overlay-opacity":"","overlay-gradient":""},"mobile":{"background-color":"var(--ast-global-color-4)","background-image":"","background-repeat":"repeat","background-position":"center center","background-size":"auto","background-attachment":"scroll","background-type":"","background-media":"","overlay-type":"","overlay-color":"","overlay-opacity":"","overlay-gradient":""}}},"product_brand":[],"product_cat":[175],"product_tag":[218,220,222],"class_list":{"0":"post-1347","1":"product","2":"type-product","3":"status-publish","4":"has-post-thumbnail","6":"product_cat-cultivo-de-campo","7":"product_tag-fertilizante-para-algodon","8":"product_tag-fertilizante-para-algodon-en-etapa-temprana","9":"product_tag-potenciador-del-crecimiento-del-algodon","10":"desktop-align-left","11":"tablet-align-left","12":"mobile-align-left","14":"first","15":"instock","16":"taxable","17":"shipping-taxable","18":"product-type-simple"},"acf":[],"_links":{"self":[{"href":"https:\/\/maslbiotech.com\/es\/wp-json\/wp\/v2\/product\/1347","targetHints":{"allow":["GET"]}}],"collection":[{"href":"https:\/\/maslbiotech.com\/es\/wp-json\/wp\/v2\/product"}],"about":[{"href":"https:\/\/maslbiotech.com\/es\/wp-json\/wp\/v2\/types\/product"}],"replies":[{"embeddable":true,"href":"https:\/\/maslbiotech.com\/es\/wp-json\/wp\/v2\/comments?post=1347"}],"wp:featuredmedia":[{"embeddable":true,"href":"https:\/\/maslbiotech.com\/es\/wp-json\/wp\/v2\/media\/1350"}],"wp:attachment":[{"href":"https:\/\/maslbiotech.com\/es\/wp-json\/wp\/v2\/media?parent=1347"}],"wp:term":[{"taxonomy":"product_brand","embeddable":true,"href":"https:\/\/maslbiotech.com\/es\/wp-json\/wp\/v2\/product_brand?post=1347"},{"taxonomy":"product_cat","embeddable":true,"href":"https:\/\/maslbiotech.com\/es\/wp-json\/wp\/v2\/product_cat?post=1347"},{"taxonomy":"product_tag","embeddable":true,"href":"https:\/\/maslbiotech.com\/es\/wp-json\/wp\/v2\/product_tag?post=1347"}],"curies":[{"name":"wp","href":"https:\/\/api.w.org\/{rel}","templated":true}]}}