{"id":1357,"date":"2025-10-27T02:39:32","date_gmt":"2025-10-27T02:39:32","guid":{"rendered":"https:\/\/maslbiotech.com\/product\/fertilizante-especializado-para-la-etapa-temprana-de-la-soja\/"},"modified":"2026-01-27T07:53:30","modified_gmt":"2026-01-27T07:53:30","slug":"fertilizante-especializado-para-la-etapa-temprana-de-la-soja","status":"publish","type":"product","link":"https:\/\/maslbiotech.com\/es\/producto\/fertilizante-especializado-para-la-etapa-temprana-de-la-soja\/","title":{"rendered":"Fertilizante especializado para la etapa temprana de la soja"},"content":{"rendered":"<p><strong><b>Inicio de la soja &#8211; <\/b><\/strong><strong><b>Etapa temprana de la soja <\/b><\/strong><strong><b>Fertilizante especializado<\/b><\/strong><\/p>\n<h2><strong><b>Especificaciones t\u00e9cnicas:<\/b><\/strong><\/h2>\n<p>Amino\u00e1cidos libres \u2265100 g\/L, Cu+Fe+Mn+Zn+B+Mo \u226520 g\/L<\/p>\n<table>\n<tbody>\n<tr>\n<td width=\"164\">Amino\u00e1cidos libres:<\/td>\n<td>100 g\/L<\/td>\n<td>Mg:<\/td>\n<td>20 g\/L<\/td>\n<td>Mn:<\/td>\n<td>2 g\/L<\/td>\n<\/tr>\n<tr>\n<td width=\"164\">Zn:<\/td>\n<td>18 g\/L<\/td>\n<td>Polip\u00e9ptidos:<\/td>\n<td>1 g\/L<\/td>\n<td>\/<\/td>\n<td>\/<\/td>\n<\/tr>\n<\/tbody>\n<\/table>\n<h3><strong><b>Beneficios:<\/b><\/strong><\/h3>\n<p>Desarrollado espec\u00edficamente para las necesidades de crecimiento de la soja de etapa temprana a media. Utiliza amino\u00e1cidos libres L-\u03b1 altamente activos como n\u00facleo, que act\u00faan en sinergia con un sistema de magnesio, manganeso y zinc quelatados como micronutrientes\/secundarios. Los amino\u00e1cidos libres L-\u03b1 activan la actividad de la deshidrogenasa de las c\u00e9lulas de la ra\u00edz, promoviendo el crecimiento y el desarrollo de la ra\u00edz, mejorando la eficiencia de la absorci\u00f3n de nutrientes; simult\u00e1neamente promueven la diferenciaci\u00f3n del col\u00e9nquima del tallo, construyendo un marco resistente al acame, sentando las bases estructurales para la diferenciaci\u00f3n de las yemas florales. El magnesio, el manganeso y el zinc quelatados coinciden precisamente con las necesidades de la soja de etapa temprana a media, impulsando sin\u00e9rgicamente la s\u00edntesis de clorofila y la activaci\u00f3n de la nitrogenasa de los n\u00f3dulos, previniendo el amarilleo inducido por la deficiencia, el retraso del crecimiento y el declive fotosint\u00e9tico, asegurando el transporte eficiente de los productos fotosint\u00e9ticos a los puntos de crecimiento. Los polip\u00e9ptidos especialmente a\u00f1adidos mejoran la eficiencia de la fijaci\u00f3n simbi\u00f3tica de nitr\u00f3geno de las ra\u00edces fibrosas y los rizobios, mejoran la conversi\u00f3n y la utilizaci\u00f3n del nitr\u00f3geno; aumentan la actividad de las enzimas antioxidantes, reduciendo el da\u00f1o celular y el estancamiento del crecimiento, dando forma a una pl\u00e1ntula robusta con nodos compactos, hojas gruesas y tallos resistentes, reservando suficiente bioenerg\u00eda para una floraci\u00f3n abundante posterior y la formaci\u00f3n de vainas.    <\/p>\n<p><strong><b>Cultivos <\/b><\/strong><strong><b>a los que se puede aplicar<\/b><\/strong><strong><b>: <\/b><\/strong>soja en etapa temprana<\/p>\n<h2><strong><b>Instrucciones de aplicaci\u00f3n:<\/b><\/strong><\/h2>\n<p><strong><b>Pulverizaci\u00f3n foliar:<\/b><\/strong> Diluir 800-1000 veces. Aplicar a intervalos de 7-10 d\u00edas, durante 2-3 aplicaciones consecutivas.<br \/>\n<strong><b>Fertirrigaci\u00f3n\/Riego por goteo:<\/b><\/strong> 15-30 L por hect\u00e1rea<\/p>\n<h3><strong><b>Precauciones:<\/b><\/strong><\/h3>\n<p>1. Evite mezclar con fertilizantes y pesticidas fuertemente \u00e1cidos o alcalinos, ya que esto puede afectar la eficacia del producto. Si se pretende mezclar con otros productos, primero realice una prueba de compatibilidad a peque\u00f1a escala. <\/p>\n<p>2. Puede ser necesaria una nueva aplicaci\u00f3n a una tasa reducida si se producen precipitaciones dentro de las 4 horas posteriores a la pulverizaci\u00f3n.<\/p>\n<h3><strong><b>Almacenamiento:<\/b><\/strong><\/h3>\n<p>1. Almacene y transporte en el envase original. Mantenga sellado en un lugar fresco y seco. <\/p>\n<p>2. Almacene por separado de alimentos, bebidas y piensos. Mantenga fuera del alcance de los ni\u00f1os y el ganado. <\/p>\n","protected":false},"excerpt":{"rendered":"<ul>\n<li>Amino\u00e1cidos libres: 100 g\/L<\/li>\n<li>Mg: 20 g\/L<\/li>\n<li>Mn: 2 g\/L<\/li>\n<li>Zn: 18 g\/L<\/li>\n<li>Polip\u00e9ptidos: 1 g\/L<\/li>\n<\/ul>\n<p>&nbsp;<\/p>\n","protected":false},"featured_media":1359,"comment_status":"open","ping_status":"closed","template":"","meta":{"_acf_changed":false,"site-sidebar-layout":"default","site-content-layout":"","ast-site-content-layout":"default","site-content-style":"default","site-sidebar-style":"default","ast-global-header-display":"","ast-banner-title-visibility":"","ast-main-header-display":"","ast-hfb-above-header-display":"","ast-hfb-below-header-display":"","ast-hfb-mobile-header-display":"","site-post-title":"","ast-breadcrumbs-content":"","ast-featured-img":"","footer-sml-layout":"","ast-disable-related-posts":"","theme-transparent-header-meta":"default","adv-header-id-meta":"","stick-header-meta":"","header-above-stick-meta":"","header-main-stick-meta":"","header-below-stick-meta":"","astra-migrate-meta-layouts":"default","ast-page-background-enabled":"default","ast-page-background-meta":{"desktop":{"background-color":"var(--ast-global-color-5)","background-image":"","background-repeat":"repeat","background-position":"center center","background-size":"auto","background-attachment":"scroll","background-type":"","background-media":"","overlay-type":"","overlay-color":"","overlay-opacity":"","overlay-gradient":""},"tablet":{"background-color":"","background-image":"","background-repeat":"repeat","background-position":"center center","background-size":"auto","background-attachment":"scroll","background-type":"","background-media":"","overlay-type":"","overlay-color":"","overlay-opacity":"","overlay-gradient":""},"mobile":{"background-color":"","background-image":"","background-repeat":"repeat","background-position":"center center","background-size":"auto","background-attachment":"scroll","background-type":"","background-media":"","overlay-type":"","overlay-color":"","overlay-opacity":"","overlay-gradient":""}},"ast-content-background-meta":{"desktop":{"background-color":"var(--ast-global-color-4)","background-image":"","background-repeat":"repeat","background-position":"center center","background-size":"auto","background-attachment":"scroll","background-type":"","background-media":"","overlay-type":"","overlay-color":"","overlay-opacity":"","overlay-gradient":""},"tablet":{"background-color":"var(--ast-global-color-4)","background-image":"","background-repeat":"repeat","background-position":"center center","background-size":"auto","background-attachment":"scroll","background-type":"","background-media":"","overlay-type":"","overlay-color":"","overlay-opacity":"","overlay-gradient":""},"mobile":{"background-color":"var(--ast-global-color-4)","background-image":"","background-repeat":"repeat","background-position":"center center","background-size":"auto","background-attachment":"scroll","background-type":"","background-media":"","overlay-type":"","overlay-color":"","overlay-opacity":"","overlay-gradient":""}}},"product_brand":[],"product_cat":[175],"product_tag":[],"class_list":{"0":"post-1357","1":"product","2":"type-product","3":"status-publish","4":"has-post-thumbnail","6":"product_cat-cultivo-de-campo","7":"desktop-align-left","8":"tablet-align-left","9":"mobile-align-left","11":"first","12":"instock","13":"taxable","14":"shipping-taxable","15":"product-type-simple"},"acf":[],"_links":{"self":[{"href":"https:\/\/maslbiotech.com\/es\/wp-json\/wp\/v2\/product\/1357","targetHints":{"allow":["GET"]}}],"collection":[{"href":"https:\/\/maslbiotech.com\/es\/wp-json\/wp\/v2\/product"}],"about":[{"href":"https:\/\/maslbiotech.com\/es\/wp-json\/wp\/v2\/types\/product"}],"replies":[{"embeddable":true,"href":"https:\/\/maslbiotech.com\/es\/wp-json\/wp\/v2\/comments?post=1357"}],"wp:featuredmedia":[{"embeddable":true,"href":"https:\/\/maslbiotech.com\/es\/wp-json\/wp\/v2\/media\/1359"}],"wp:attachment":[{"href":"https:\/\/maslbiotech.com\/es\/wp-json\/wp\/v2\/media?parent=1357"}],"wp:term":[{"taxonomy":"product_brand","embeddable":true,"href":"https:\/\/maslbiotech.com\/es\/wp-json\/wp\/v2\/product_brand?post=1357"},{"taxonomy":"product_cat","embeddable":true,"href":"https:\/\/maslbiotech.com\/es\/wp-json\/wp\/v2\/product_cat?post=1357"},{"taxonomy":"product_tag","embeddable":true,"href":"https:\/\/maslbiotech.com\/es\/wp-json\/wp\/v2\/product_tag?post=1357"}],"curies":[{"name":"wp","href":"https:\/\/api.w.org\/{rel}","templated":true}]}}