{"id":1361,"date":"2025-10-27T03:44:26","date_gmt":"2025-10-27T03:44:26","guid":{"rendered":"https:\/\/maslbiotech.com\/product\/fertilizante-especializado-para-la-etapa-tardia-de-la-soja\/"},"modified":"2026-01-27T07:54:13","modified_gmt":"2026-01-27T07:54:13","slug":"fertilizante-especializado-para-la-etapa-tardia-de-la-soja","status":"publish","type":"product","link":"https:\/\/maslbiotech.com\/es\/producto\/fertilizante-especializado-para-la-etapa-tardia-de-la-soja\/","title":{"rendered":"Fertilizante especializado para la etapa tard\u00eda de la soja"},"content":{"rendered":"<h2><strong><b>Relleno<\/b><\/strong><strong><b> <\/b><\/strong><strong><b>de soja &#8211; <\/b><\/strong><strong><b>Etapa tard\u00eda de la soja<\/b><\/strong><strong><b> <\/b><\/strong><strong><b>Fertilizante especializado<\/b><\/strong><\/h2>\n<h3><strong><b>Especificaciones t\u00e9cnicas:<\/b><\/strong><\/h3>\n<p>Amino\u00e1cidos libres \u2265100 g\/L, Ca+Mg \u226530 g\/L<\/p>\n<table>\n<tbody>\n<tr>\n<td width=\"192\">Amino\u00e1cidos libres:<\/td>\n<td>100 g\/L<\/td>\n<td>Mg:<\/td>\n<td>30 g\/L<\/td>\n<td>Zn:<\/td>\n<td>2,5 g\/L<\/td>\n<\/tr>\n<tr>\n<td width=\"192\">Boro soluble en agua:<\/td>\n<td>2,5 g\/L<\/td>\n<td>Vitamina B3:<\/td>\n<td>0,5 g\/L<\/td>\n<td>\/<\/td>\n<td>\/<\/td>\n<\/tr>\n<\/tbody>\n<\/table>\n<h3><strong><b>Beneficios:<\/b><\/strong><\/h3>\n<p>Desarrollado espec\u00edficamente para las necesidades de crecimiento de la soja de mitad a fin de ciclo. Utiliza amino\u00e1cidos libres L-\u03b1 altamente activos como n\u00facleo, cient\u00edficamente combinados con magnesio, zinc y boro quelatados, precisamente adaptados para las etapas de floraci\u00f3n\/cuajado de vainas a llenado de granos. Los amino\u00e1cidos libres L-\u03b1 altamente activos promueven la diferenciaci\u00f3n de los botones florales y la estabilidad del cuajado de vainas, reducen la ca\u00edda de flores y vainas, act\u00faan en sinergia con el magnesio quelatado para mejorar la eficiencia fotosint\u00e9tica, proporcionando energ\u00eda continua para el llenado de granos. El zinc quelatado activa la actividad de la sintasa de prote\u00ednas, trabajando con el boro para asegurar la vitalidad del polen y la calidad de la fertilizaci\u00f3n, reduciendo la tasa de granos da\u00f1ados, promoviendo la acumulaci\u00f3n eficiente de aceite y prote\u00ednas, logrando vainas llenas y aumentando el peso de cien granos. La vitamina B3 especialmente a\u00f1adida mejora la eficiencia fotosint\u00e9tica y el metabolismo energ\u00e9tico, retrasa la senescencia funcional de las hojas, mejora la resistencia al estr\u00e9s de las plantas y mantiene la actividad enzim\u00e1tica clave. Promueve el transporte direccional de nutrientes a las vainas, mejorando el rendimiento y la calidad para una mayor rentabilidad.     <\/p>\n<p><strong><b>Cultivos <\/b><\/strong><strong><b>a los que es <\/b><\/strong><strong><b>aplicable: <\/b><\/strong>soja en etapa tard\u00eda<\/p>\n<h2><strong><b>Instrucciones de aplicaci\u00f3n:<\/b><\/strong><\/h2>\n<p><strong><b>Pulverizaci\u00f3n foliar:<\/b><\/strong> Diluir 800-1000 veces. Aplicar a intervalos de 7-10 d\u00edas, durante 2-3 aplicaciones consecutivas.<br \/>\n<strong><b>Fertirrigaci\u00f3n\/Riego por goteo:<\/b><\/strong> 15-30 L por hect\u00e1rea<\/p>\n<h2><strong><b>Precauciones:<\/b><\/strong><\/h2>\n<p>1. Evite mezclar con fertilizantes y pesticidas fuertemente \u00e1cidos o alcalinos, ya que esto puede afectar la eficacia del producto. Si se pretende mezclar con otros productos, primero realice una prueba de compatibilidad a peque\u00f1a escala. <\/p>\n<p>2. Puede ser necesaria una nueva aplicaci\u00f3n a una tasa reducida si se producen precipitaciones dentro de las 4 horas posteriores a la pulverizaci\u00f3n.<\/p>\n<h2><strong><b>Almacenamiento:<\/b><\/strong><\/h2>\n<p>1. Almacene y transporte en el envase original. Mantenga sellado en un lugar fresco y seco. <\/p>\n<p>2. Almacene por separado de alimentos, bebidas y piensos. Mantenga fuera del alcance de los ni\u00f1os y el ganado. <\/p>\n<p>Fecha de producci\u00f3n y n\u00famero de lote: Ver tap\u00f3n de la botella. Vida \u00fatil: 36 meses.<\/p>\n","protected":false},"excerpt":{"rendered":"<ul>\n<li>Amino\u00e1cidos libres: 100 g\/L<\/li>\n<li>Mg: 30 g\/L<\/li>\n<li>Zn: 2,5 g\/L<\/li>\n<li>Boro soluble en agua: 2,5 g\/L<\/li>\n<li>Vitamina B3: 0,5 g\/L<\/li>\n<\/ul>\n","protected":false},"featured_media":1366,"comment_status":"open","ping_status":"closed","template":"","meta":{"_acf_changed":false,"site-sidebar-layout":"default","site-content-layout":"","ast-site-content-layout":"default","site-content-style":"default","site-sidebar-style":"default","ast-global-header-display":"","ast-banner-title-visibility":"","ast-main-header-display":"","ast-hfb-above-header-display":"","ast-hfb-below-header-display":"","ast-hfb-mobile-header-display":"","site-post-title":"","ast-breadcrumbs-content":"","ast-featured-img":"","footer-sml-layout":"","ast-disable-related-posts":"","theme-transparent-header-meta":"default","adv-header-id-meta":"","stick-header-meta":"","header-above-stick-meta":"","header-main-stick-meta":"","header-below-stick-meta":"","astra-migrate-meta-layouts":"default","ast-page-background-enabled":"default","ast-page-background-meta":{"desktop":{"background-color":"var(--ast-global-color-5)","background-image":"","background-repeat":"repeat","background-position":"center center","background-size":"auto","background-attachment":"scroll","background-type":"","background-media":"","overlay-type":"","overlay-color":"","overlay-opacity":"","overlay-gradient":""},"tablet":{"background-color":"","background-image":"","background-repeat":"repeat","background-position":"center center","background-size":"auto","background-attachment":"scroll","background-type":"","background-media":"","overlay-type":"","overlay-color":"","overlay-opacity":"","overlay-gradient":""},"mobile":{"background-color":"","background-image":"","background-repeat":"repeat","background-position":"center center","background-size":"auto","background-attachment":"scroll","background-type":"","background-media":"","overlay-type":"","overlay-color":"","overlay-opacity":"","overlay-gradient":""}},"ast-content-background-meta":{"desktop":{"background-color":"var(--ast-global-color-4)","background-image":"","background-repeat":"repeat","background-position":"center center","background-size":"auto","background-attachment":"scroll","background-type":"","background-media":"","overlay-type":"","overlay-color":"","overlay-opacity":"","overlay-gradient":""},"tablet":{"background-color":"var(--ast-global-color-4)","background-image":"","background-repeat":"repeat","background-position":"center center","background-size":"auto","background-attachment":"scroll","background-type":"","background-media":"","overlay-type":"","overlay-color":"","overlay-opacity":"","overlay-gradient":""},"mobile":{"background-color":"var(--ast-global-color-4)","background-image":"","background-repeat":"repeat","background-position":"center center","background-size":"auto","background-attachment":"scroll","background-type":"","background-media":"","overlay-type":"","overlay-color":"","overlay-opacity":"","overlay-gradient":""}}},"product_brand":[],"product_cat":[175],"product_tag":[],"class_list":{"0":"post-1361","1":"product","2":"type-product","3":"status-publish","4":"has-post-thumbnail","6":"product_cat-cultivo-de-campo","7":"desktop-align-left","8":"tablet-align-left","9":"mobile-align-left","11":"first","12":"instock","13":"taxable","14":"shipping-taxable","15":"product-type-simple"},"acf":[],"_links":{"self":[{"href":"https:\/\/maslbiotech.com\/es\/wp-json\/wp\/v2\/product\/1361","targetHints":{"allow":["GET"]}}],"collection":[{"href":"https:\/\/maslbiotech.com\/es\/wp-json\/wp\/v2\/product"}],"about":[{"href":"https:\/\/maslbiotech.com\/es\/wp-json\/wp\/v2\/types\/product"}],"replies":[{"embeddable":true,"href":"https:\/\/maslbiotech.com\/es\/wp-json\/wp\/v2\/comments?post=1361"}],"wp:featuredmedia":[{"embeddable":true,"href":"https:\/\/maslbiotech.com\/es\/wp-json\/wp\/v2\/media\/1366"}],"wp:attachment":[{"href":"https:\/\/maslbiotech.com\/es\/wp-json\/wp\/v2\/media?parent=1361"}],"wp:term":[{"taxonomy":"product_brand","embeddable":true,"href":"https:\/\/maslbiotech.com\/es\/wp-json\/wp\/v2\/product_brand?post=1361"},{"taxonomy":"product_cat","embeddable":true,"href":"https:\/\/maslbiotech.com\/es\/wp-json\/wp\/v2\/product_cat?post=1361"},{"taxonomy":"product_tag","embeddable":true,"href":"https:\/\/maslbiotech.com\/es\/wp-json\/wp\/v2\/product_tag?post=1361"}],"curies":[{"name":"wp","href":"https:\/\/api.w.org\/{rel}","templated":true}]}}