{"id":1363,"date":"2025-11-05T14:06:08","date_gmt":"2025-11-05T14:06:08","guid":{"rendered":"https:\/\/maslbiotech.com\/product\/fertilizante-especializado-para-la-fase-inicial-de-raices-y-tuberculos\/"},"modified":"2026-01-27T07:21:41","modified_gmt":"2026-01-27T07:21:41","slug":"fertilizante-especializado-para-la-fase-inicial-de-raices-y-tuberculos","status":"publish","type":"product","link":"https:\/\/maslbiotech.com\/es\/producto\/fertilizante-especializado-para-la-fase-inicial-de-raices-y-tuberculos\/","title":{"rendered":"Fertilizante especializado para la fase inicial de ra\u00edces y tub\u00e9rculos"},"content":{"rendered":"<h2><strong>Root Drive &#8211; <\/strong><strong>Fase inicial de ra\u00edces y tub\u00e9rculos<\/strong><strong>Fertilizante especializado<\/strong><\/h2>\n<h3><strong><b>Especificaciones t\u00e9cnicas:<\/b><\/strong><\/h3>\n<p>Amino\u00e1cidos \u2265100 g\/L, Ca+Mg \u226530 g\/L<\/p>\n<table>\n<tbody>\n<tr>\n<td>Ingrediente<\/td>\n<td>Concentraci\u00f3n<\/td>\n<\/tr>\n<tr>\n<td>Amino\u00e1cidos libres<\/td>\n<td>100 g\/L<\/td>\n<\/tr>\n<tr>\n<td>Mg<\/td>\n<td>30 g\/L<\/td>\n<\/tr>\n<tr>\n<td>Zn<\/td>\n<td>2,5 g\/L<\/td>\n<\/tr>\n<tr>\n<td>Boro soluble en agua<\/td>\n<td>2,5 g\/L<\/td>\n<\/tr>\n<tr>\n<td>Vitamina B1<\/td>\n<td>1 g\/L<\/td>\n<\/tr>\n<\/tbody>\n<\/table>\n<h3><strong><b> <\/b><\/strong><strong><b>Beneficios:<\/b><\/strong><\/h3>\n<p>Desarrollado espec\u00edficamente para las fases iniciales e intermedias de los cultivos de ra\u00edces y tub\u00e9rculos. Utiliza amino\u00e1cidos L-\u03b1 libres altamente activos como portador principal, sinergizados con magnesio, zinc y boro quelatados, y el factor activo vitamina B1, que coinciden precisamente con los requisitos \u00fanicos para la formaci\u00f3n inicial de \u00f3rganos subterr\u00e1neos en cultivos como la patata y el boniato. Activa el metabolismo energ\u00e9tico del tub\u00e9rculo de siembra y el vigor de avance de la rad\u00edcula a trav\u00e9s de los amino\u00e1cidos, impulsando una diferenciaci\u00f3n robusta de los brotes y una elongaci\u00f3n temprana de los estolones. El zinc y el boro quelatados se dirigen y optimizan la eficiencia de la divisi\u00f3n celular de los tejidos meristem\u00e1ticos, garantizando una emergencia uniforme y una r\u00e1pida expansi\u00f3n de la red de ra\u00edces. El magnesio mejora simult\u00e1neamente la capacidad de s\u00edntesis de clorofila en las hojas primarias, mientras que la vitamina B1 refuerza profundamente la se\u00f1alizaci\u00f3n de la resistencia al estr\u00e9s, aliviando significativamente el estr\u00e9s de la pudrici\u00f3n de las semillas inducida por bajas temperaturas y las enfermedades transmitidas por el suelo, manteniendo el potencial de crecimiento sostenido de las pl\u00e1ntulas.    <\/p>\n<p><strong><b>Cultivos <\/b><\/strong><strong><b>a los que se puede aplicar<\/b><\/strong><strong><b>:<\/b><\/strong><strong><b> <\/b><\/strong>Cultivos de ra\u00edces y tub\u00e9rculos: patata, zanahoria, remolacha azucarera, yuca, cebolla, ajo, chalota<\/p>\n<h2><strong><b>Instrucciones de aplicaci\u00f3n:<\/b><\/strong><br \/>\n<b><\/b><\/h2>\n<p><strong><b>Pulverizaci\u00f3n foliar:<\/b><\/strong> Diluir 800-1000 veces. Aplicar a intervalos de 7-10 d\u00edas durante 2-3 aplicaciones consecutivas.<br \/>\n<strong><b>Fertirrigaci\u00f3n\/Riego por goteo:<\/b><\/strong> 15-30 L\/ha<\/p>\n<h3><strong><b>Precauciones:<\/b><\/strong><\/h3>\n<p>1. Evite mezclar con fertilizantes y pesticidas fuertemente \u00e1cidos o alcalinos, ya que esto puede afectar la eficacia del producto. Si se pretende mezclar con otros productos, primero realice una prueba de compatibilidad a peque\u00f1a escala. <\/p>\n<p>2. Puede ser necesaria una nueva aplicaci\u00f3n a una tasa reducida si se producen precipitaciones dentro de las 4 horas posteriores a la pulverizaci\u00f3n.<\/p>\n<h3><strong><b>Almacenamiento:<\/b><\/strong><\/h3>\n<p>1. Almacene y transporte en el envase original. Mantenga sellado en un lugar fresco y seco. <\/p>\n<p>2. Almacene por separado de alimentos, bebidas y piensos. Mantenga fuera del alcance de los ni\u00f1os y el ganado. <\/p>\n<p>Fecha de producci\u00f3n y n\u00famero de lote: Ver tap\u00f3n de la botella. Vida \u00fatil: 36 meses.<\/p>\n","protected":false},"excerpt":{"rendered":"<ul>\n<li>Amino\u00e1cidos libres: 100 g\/L<\/li>\n<li>Mg: 30 g\/L<\/li>\n<li>Zn: 2,5 g\/L<\/li>\n<li>Boro soluble en agua: 2,5 g\/L<\/li>\n<li>Vitamina B1: 1 g\/L<\/li>\n<\/ul>\n","protected":false},"featured_media":1367,"comment_status":"open","ping_status":"closed","template":"","meta":{"_acf_changed":false,"site-sidebar-layout":"default","site-content-layout":"","ast-site-content-layout":"default","site-content-style":"default","site-sidebar-style":"default","ast-global-header-display":"","ast-banner-title-visibility":"","ast-main-header-display":"","ast-hfb-above-header-display":"","ast-hfb-below-header-display":"","ast-hfb-mobile-header-display":"","site-post-title":"","ast-breadcrumbs-content":"","ast-featured-img":"","footer-sml-layout":"","ast-disable-related-posts":"","theme-transparent-header-meta":"default","adv-header-id-meta":"","stick-header-meta":"","header-above-stick-meta":"","header-main-stick-meta":"","header-below-stick-meta":"","astra-migrate-meta-layouts":"default","ast-page-background-enabled":"default","ast-page-background-meta":{"desktop":{"background-color":"var(--ast-global-color-5)","background-image":"","background-repeat":"repeat","background-position":"center center","background-size":"auto","background-attachment":"scroll","background-type":"","background-media":"","overlay-type":"","overlay-color":"","overlay-opacity":"","overlay-gradient":""},"tablet":{"background-color":"","background-image":"","background-repeat":"repeat","background-position":"center center","background-size":"auto","background-attachment":"scroll","background-type":"","background-media":"","overlay-type":"","overlay-color":"","overlay-opacity":"","overlay-gradient":""},"mobile":{"background-color":"","background-image":"","background-repeat":"repeat","background-position":"center center","background-size":"auto","background-attachment":"scroll","background-type":"","background-media":"","overlay-type":"","overlay-color":"","overlay-opacity":"","overlay-gradient":""}},"ast-content-background-meta":{"desktop":{"background-color":"var(--ast-global-color-4)","background-image":"","background-repeat":"repeat","background-position":"center center","background-size":"auto","background-attachment":"scroll","background-type":"","background-media":"","overlay-type":"","overlay-color":"","overlay-opacity":"","overlay-gradient":""},"tablet":{"background-color":"var(--ast-global-color-4)","background-image":"","background-repeat":"repeat","background-position":"center center","background-size":"auto","background-attachment":"scroll","background-type":"","background-media":"","overlay-type":"","overlay-color":"","overlay-opacity":"","overlay-gradient":""},"mobile":{"background-color":"var(--ast-global-color-4)","background-image":"","background-repeat":"repeat","background-position":"center center","background-size":"auto","background-attachment":"scroll","background-type":"","background-media":"","overlay-type":"","overlay-color":"","overlay-opacity":"","overlay-gradient":""}}},"product_brand":[],"product_cat":[180],"product_tag":[229,230,231],"class_list":{"0":"post-1363","1":"product","2":"type-product","3":"status-publish","4":"has-post-thumbnail","6":"product_cat-cultivo-de-raices-y-tuberculos","7":"product_tag-fertilizante-especializado-para-la-fase-inicial-de-raices-y-tuberculos","8":"product_tag-fertilizante-para-el-crecimiento-temprano-de-cultivos-de-raices","9":"product_tag-fertilizante-para-plantulas-de-tuberculos","10":"desktop-align-left","11":"tablet-align-left","12":"mobile-align-left","14":"first","15":"instock","16":"taxable","17":"shipping-taxable","18":"product-type-simple"},"acf":[],"_links":{"self":[{"href":"https:\/\/maslbiotech.com\/es\/wp-json\/wp\/v2\/product\/1363","targetHints":{"allow":["GET"]}}],"collection":[{"href":"https:\/\/maslbiotech.com\/es\/wp-json\/wp\/v2\/product"}],"about":[{"href":"https:\/\/maslbiotech.com\/es\/wp-json\/wp\/v2\/types\/product"}],"replies":[{"embeddable":true,"href":"https:\/\/maslbiotech.com\/es\/wp-json\/wp\/v2\/comments?post=1363"}],"wp:featuredmedia":[{"embeddable":true,"href":"https:\/\/maslbiotech.com\/es\/wp-json\/wp\/v2\/media\/1367"}],"wp:attachment":[{"href":"https:\/\/maslbiotech.com\/es\/wp-json\/wp\/v2\/media?parent=1363"}],"wp:term":[{"taxonomy":"product_brand","embeddable":true,"href":"https:\/\/maslbiotech.com\/es\/wp-json\/wp\/v2\/product_brand?post=1363"},{"taxonomy":"product_cat","embeddable":true,"href":"https:\/\/maslbiotech.com\/es\/wp-json\/wp\/v2\/product_cat?post=1363"},{"taxonomy":"product_tag","embeddable":true,"href":"https:\/\/maslbiotech.com\/es\/wp-json\/wp\/v2\/product_tag?post=1363"}],"curies":[{"name":"wp","href":"https:\/\/api.w.org\/{rel}","templated":true}]}}