{"id":1370,"date":"2025-10-27T03:46:34","date_gmt":"2025-10-27T03:46:34","guid":{"rendered":"https:\/\/maslbiotech.com\/product\/fertilizante-especializado-para-la-fase-tardia-del-algodon\/"},"modified":"2026-01-27T07:55:11","modified_gmt":"2026-01-27T07:55:11","slug":"fertilizante-especializado-para-la-fase-tardia-del-algodon","status":"publish","type":"product","link":"https:\/\/maslbiotech.com\/es\/producto\/fertilizante-especializado-para-la-fase-tardia-del-algodon\/","title":{"rendered":"Fertilizante especializado para la fase tard\u00eda del algod\u00f3n"},"content":{"rendered":"<h2><strong><b>Algod\u00f3n<\/b><\/strong><strong><b> <\/b><\/strong><strong><b>C\u00e1psula &#8211; <\/b><\/strong><strong>Fase tard\u00eda del algod\u00f3n<\/strong><strong> <\/strong><strong>Fertilizante especializado<\/strong><\/h2>\n<h3><strong><b>Especificaciones t\u00e9cnicas:<\/b><\/strong><\/h3>\n<p>Amino\u00e1cidos libres \u2265100 g\/L, Ca+Mg \u226530 g\/L<\/p>\n<table>\n<tbody>\n<tr>\n<td width=\"173\">Amino\u00e1cidos libres:<\/td>\n<td>100 g\/L<\/td>\n<td>Mg:<\/td>\n<td>30 g\/L<\/td>\n<td>Zn<\/td>\n<td>2,5 g\/L<\/td>\n<\/tr>\n<tr>\n<td width=\"173\">Boro soluble en agua:<\/td>\n<td>2,5 g\/L<\/td>\n<td>\u00c1cido poliglut\u00e1mico:<\/td>\n<td>0,5 g\/L<\/td>\n<td>\/<\/td>\n<td>\/<\/td>\n<\/tr>\n<\/tbody>\n<\/table>\n<h3><strong><b>Beneficios:<\/b><\/strong><\/h3>\n<p>Desarrollado espec\u00edficamente para las necesidades de crecimiento del algod\u00f3n de mitad a final de ciclo. Utiliza amino\u00e1cidos L-\u03b1 libres altamente activos como n\u00facleo, cient\u00edficamente combinados con magnesio, zinc y boro solubles en agua quelatados para construir un sistema sin\u00e9rgico. Los amino\u00e1cidos L-\u03b1 libres activan la s\u00edntesis de citoquininas en la c\u00e1psula, promueven el desarrollo de las c\u00e9lulas de la fibra y la resistencia de la pared de la c\u00e1psula, reducen la ca\u00edda fisiol\u00f3gica de la c\u00e1psula; act\u00faan en sinergia con el magnesio quelatado para mantener las hojas funcionales en un estado altamente fotosint\u00e9tico, suministrando continuamente carbohidratos a las c\u00e1psulas. El zinc quelatado regula con precisi\u00f3n la actividad clave de la celulosa sintasa, trabajando con el boro para garantizar la elongaci\u00f3n del tubo pol\u00ednico y la calidad de la fertilizaci\u00f3n, promoviendo el engrosamiento de la pared celular de la fibra de algod\u00f3n y la expansi\u00f3n uniforme de la c\u00e1psula, sentando las bases para un alto rendimiento y calidad. El \u00e1cido poliglut\u00e1mico altamente activo, especialmente a\u00f1adido, reduce el estr\u00e9s del cultivo, mejora la absorci\u00f3n y utilizaci\u00f3n de elementos, ayudando a aumentar el rendimiento.    <\/p>\n<p><strong><b>Cultivos <\/b><\/strong><strong><b>a los que se puede <\/b><\/strong><strong><b>aplicar: <\/b><\/strong>algod\u00f3n en fase tard\u00eda<\/p>\n<h3><strong><b>Instrucciones de aplicaci\u00f3n:<\/b><\/strong><\/h3>\n<p><strong><b>Pulverizaci\u00f3n foliar:<\/b><\/strong> Diluir 800-1000 veces. Aplicar a intervalos de 7-10 d\u00edas, durante 2-3 aplicaciones consecutivas.<br \/>\n<strong><b>Fertirrigaci\u00f3n\/Riego por goteo:<\/b><\/strong> 15-30 L por hect\u00e1rea<\/p>\n<h3><strong><b>Precauciones:<\/b><\/strong><\/h3>\n<p>1. Evite mezclar con fertilizantes y pesticidas fuertemente \u00e1cidos o alcalinos, ya que esto puede afectar la eficacia del producto. Si se pretende mezclar con otros productos, primero realice una prueba de compatibilidad a peque\u00f1a escala. <\/p>\n<p>2. Puede ser necesaria una nueva aplicaci\u00f3n a una tasa reducida si se producen precipitaciones dentro de las 4 horas posteriores a la pulverizaci\u00f3n.<\/p>\n<h3><strong><b>Almacenamiento:<\/b><\/strong><\/h3>\n<p>1. Almacene y transporte en el envase original. Mantenga sellado en un lugar fresco y seco. <\/p>\n<p>2. Almacene por separado de alimentos, bebidas y piensos. Mantenga fuera del alcance de los ni\u00f1os y el ganado. <\/p>\n<p>Fecha de producci\u00f3n y n\u00famero de lote: Ver tap\u00f3n de la botella. Vida \u00fatil: 36 meses.<\/p>\n<p>&nbsp;<\/p>\n","protected":false},"excerpt":{"rendered":"<ul>\n<li>Amino\u00e1cidos libres: 100 g\/L<\/li>\n<li>Mg: 30 g\/L<\/li>\n<li>Zn: 2,5 g\/L<\/li>\n<li>Boro soluble en agua: 2,5 g\/L<\/li>\n<li>\u00c1cido poliglut\u00e1mico: 0,5 g\/L<\/li>\n<\/ul>\n","protected":false},"featured_media":1372,"comment_status":"open","ping_status":"closed","template":"","meta":{"_acf_changed":false,"site-sidebar-layout":"default","site-content-layout":"","ast-site-content-layout":"default","site-content-style":"default","site-sidebar-style":"default","ast-global-header-display":"","ast-banner-title-visibility":"","ast-main-header-display":"","ast-hfb-above-header-display":"","ast-hfb-below-header-display":"","ast-hfb-mobile-header-display":"","site-post-title":"","ast-breadcrumbs-content":"","ast-featured-img":"","footer-sml-layout":"","ast-disable-related-posts":"","theme-transparent-header-meta":"default","adv-header-id-meta":"","stick-header-meta":"","header-above-stick-meta":"","header-main-stick-meta":"","header-below-stick-meta":"","astra-migrate-meta-layouts":"default","ast-page-background-enabled":"default","ast-page-background-meta":{"desktop":{"background-color":"var(--ast-global-color-5)","background-image":"","background-repeat":"repeat","background-position":"center center","background-size":"auto","background-attachment":"scroll","background-type":"","background-media":"","overlay-type":"","overlay-color":"","overlay-opacity":"","overlay-gradient":""},"tablet":{"background-color":"","background-image":"","background-repeat":"repeat","background-position":"center center","background-size":"auto","background-attachment":"scroll","background-type":"","background-media":"","overlay-type":"","overlay-color":"","overlay-opacity":"","overlay-gradient":""},"mobile":{"background-color":"","background-image":"","background-repeat":"repeat","background-position":"center center","background-size":"auto","background-attachment":"scroll","background-type":"","background-media":"","overlay-type":"","overlay-color":"","overlay-opacity":"","overlay-gradient":""}},"ast-content-background-meta":{"desktop":{"background-color":"var(--ast-global-color-4)","background-image":"","background-repeat":"repeat","background-position":"center center","background-size":"auto","background-attachment":"scroll","background-type":"","background-media":"","overlay-type":"","overlay-color":"","overlay-opacity":"","overlay-gradient":""},"tablet":{"background-color":"var(--ast-global-color-4)","background-image":"","background-repeat":"repeat","background-position":"center center","background-size":"auto","background-attachment":"scroll","background-type":"","background-media":"","overlay-type":"","overlay-color":"","overlay-opacity":"","overlay-gradient":""},"mobile":{"background-color":"var(--ast-global-color-4)","background-image":"","background-repeat":"repeat","background-position":"center center","background-size":"auto","background-attachment":"scroll","background-type":"","background-media":"","overlay-type":"","overlay-color":"","overlay-opacity":"","overlay-gradient":""}}},"product_brand":[],"product_cat":[175],"product_tag":[235,234,236,237],"class_list":{"0":"post-1370","1":"product","2":"type-product","3":"status-publish","4":"has-post-thumbnail","6":"product_cat-cultivo-de-campo","7":"product_tag-fertilizante-especializado-para-la-capsula-de-algodon","8":"product_tag-fertilizante-especializado-para-la-fase-tardia-del-algodon","9":"product_tag-masl-cotton-boll","10":"product_tag-potenciador-del-rendimiento-del-algodon","11":"desktop-align-left","12":"tablet-align-left","13":"mobile-align-left","15":"first","16":"instock","17":"taxable","18":"shipping-taxable","19":"product-type-simple"},"acf":[],"_links":{"self":[{"href":"https:\/\/maslbiotech.com\/es\/wp-json\/wp\/v2\/product\/1370","targetHints":{"allow":["GET"]}}],"collection":[{"href":"https:\/\/maslbiotech.com\/es\/wp-json\/wp\/v2\/product"}],"about":[{"href":"https:\/\/maslbiotech.com\/es\/wp-json\/wp\/v2\/types\/product"}],"replies":[{"embeddable":true,"href":"https:\/\/maslbiotech.com\/es\/wp-json\/wp\/v2\/comments?post=1370"}],"wp:featuredmedia":[{"embeddable":true,"href":"https:\/\/maslbiotech.com\/es\/wp-json\/wp\/v2\/media\/1372"}],"wp:attachment":[{"href":"https:\/\/maslbiotech.com\/es\/wp-json\/wp\/v2\/media?parent=1370"}],"wp:term":[{"taxonomy":"product_brand","embeddable":true,"href":"https:\/\/maslbiotech.com\/es\/wp-json\/wp\/v2\/product_brand?post=1370"},{"taxonomy":"product_cat","embeddable":true,"href":"https:\/\/maslbiotech.com\/es\/wp-json\/wp\/v2\/product_cat?post=1370"},{"taxonomy":"product_tag","embeddable":true,"href":"https:\/\/maslbiotech.com\/es\/wp-json\/wp\/v2\/product_tag?post=1370"}],"curies":[{"name":"wp","href":"https:\/\/api.w.org\/{rel}","templated":true}]}}