{"id":1376,"date":"2025-11-04T14:33:04","date_gmt":"2025-11-04T14:33:04","guid":{"rendered":"https:\/\/maslbiotech.com\/product\/fertilizante-especializado-para-la-etapa-tardia-de-cultivos-extensivos\/"},"modified":"2026-01-27T07:44:03","modified_gmt":"2026-01-27T07:44:03","slug":"fertilizante-especializado-para-la-etapa-tardia-de-cultivos-extensivos","status":"publish","type":"product","link":"https:\/\/maslbiotech.com\/es\/producto\/fertilizante-especializado-para-la-etapa-tardia-de-cultivos-extensivos\/","title":{"rendered":"Fertilizante especializado para la etapa tard\u00eda de cultivos extensivos"},"content":{"rendered":"<h2><strong><b>FieldMax Boost &#8211; <\/b><\/strong><strong><b>Fertilizante especializado para la etapa tard\u00eda de cultivos extensivos<\/b><\/strong><\/h2>\n<h3><strong><b>Especificaciones t\u00e9cnicas:<\/b><\/strong><\/h3>\n<p>Amino\u00e1cidos \u2265100 g\/L, Ca+Mg \u226530 g\/L<\/p>\n<table>\n<tbody>\n<tr>\n<td width=\"187\">Amino\u00e1cidos libres:<\/td>\n<td width=\"111\">100 g\/L<\/td>\n<td width=\"143\">Mg:<\/td>\n<td width=\"95\">30 g\/L<\/td>\n<td width=\"80\">Zn<\/td>\n<td width=\"85\">2,5 g\/L<\/td>\n<\/tr>\n<tr>\n<td width=\"187\">Boro soluble en agua:<\/td>\n<td width=\"111\">2,5 g\/L<\/td>\n<td width=\"143\">Vitamina B5:<\/td>\n<td width=\"95\">1 g\/L<\/td>\n<td width=\"80\">\/<\/td>\n<td width=\"85\">\/<\/td>\n<\/tr>\n<\/tbody>\n<\/table>\n<h3><strong><b>Beneficios:<\/b><\/strong><\/h3>\n<p>Desarrollado espec\u00edficamente para las necesidades de crecimiento de mitad a fin de ciclo de los cultivos extensivos. Utiliza amino\u00e1cidos L-\u03b1 libres altamente activos como n\u00facleo, cient\u00edficamente combinados con magnesio, zinc y boro quelatados. Promueve significativamente el crecimiento durante las etapas de embuchamiento y llenado de grano de los cultivos de cereales (por ejemplo, arroz, trigo, ma\u00edz), lo que conduce a una emergencia uniforme de la espiga, una alta tasa de formaci\u00f3n de la pan\u00edcula, granos llenos, una menor degeneraci\u00f3n de las espiguillas y granos vac\u00edos, promoviendo la s\u00edntesis de almid\u00f3n y prote\u00ednas, aumentando el rendimiento. Tambi\u00e9n es adecuado para cultivos de leguminosas (por ejemplo, soja, guisante, frijol mungo) desde el cuajado de la vaina hasta las etapas de llenado del grano, lo que ayuda a aumentar el cuajado de la vaina, reducir las vainas vac\u00edas y mejorar la gordura del grano. La vitamina B5, especialmente a\u00f1adida, regula las funciones metab\u00f3licas de la etapa tard\u00eda, retrasa la senescencia de la planta y promueve la transferencia eficiente de nutrientes a los frutos o granos, lo que ayuda a la acumulaci\u00f3n de materia seca. Mejora el rendimiento y la calidad para aumentar la rentabilidad.     <\/p>\n<p><strong><b> <\/b><\/strong><strong><b>Cultivos aplicables:<\/b><\/strong><strong><b> <\/b><\/strong>cultivos extensivos en etapa tard\u00eda<\/p>\n<h3><strong><b> <\/b><\/strong><strong><b>Instrucciones de aplicaci\u00f3n:<\/b><\/strong><\/h3>\n<p><strong><b>Pulverizaci\u00f3n foliar:<\/b><\/strong> Diluir 800-1000 veces. Aplicar a intervalos de 7-10 d\u00edas, durante 2-3 aplicaciones consecutivas.<br \/>\n<strong><b>Fertirrigaci\u00f3n\/Riego por goteo:<\/b><\/strong> 15-30 L por hect\u00e1rea<\/p>\n<h3><strong><b>Precauciones:<\/b><\/strong><\/h3>\n<p>1. Evite mezclar con fertilizantes y pesticidas fuertemente \u00e1cidos o alcalinos, ya que esto puede afectar la eficacia del producto. Si se pretende mezclar con otros productos, primero realice una prueba de compatibilidad a peque\u00f1a escala. <\/p>\n<p>2. Puede ser necesaria una nueva aplicaci\u00f3n a una tasa reducida si se producen precipitaciones dentro de las 4 horas posteriores a la pulverizaci\u00f3n.<\/p>\n<h3><strong><b>Almacenamiento:<\/b><\/strong><\/h3>\n<p>1. Almacene y transporte en el envase original. Mantenga sellado en un lugar fresco y seco. <\/p>\n<p>2. Almacene por separado de alimentos, bebidas y piensos. Mantenga fuera del alcance de los ni\u00f1os y el ganado. <\/p>\n<p>Fecha de producci\u00f3n y n\u00famero de lote: Ver tap\u00f3n de la botella. Vida \u00fatil: 36 meses.<\/p>\n","protected":false},"excerpt":{"rendered":"<ul>\n<li>Amino\u00e1cidos libres: 100 g\/L<\/li>\n<li>Mg: 30 g\/L<\/li>\n<li>Zn: 2,5 g\/L<\/li>\n<li>Boro soluble en agua: 2,5 g\/L<\/li>\n<li>Vitamina B5: 1 g\/L<\/li>\n<\/ul>\n","protected":false},"featured_media":1377,"comment_status":"open","ping_status":"closed","template":"","meta":{"_acf_changed":false,"site-sidebar-layout":"default","site-content-layout":"","ast-site-content-layout":"default","site-content-style":"default","site-sidebar-style":"default","ast-global-header-display":"","ast-banner-title-visibility":"","ast-main-header-display":"","ast-hfb-above-header-display":"","ast-hfb-below-header-display":"","ast-hfb-mobile-header-display":"","site-post-title":"","ast-breadcrumbs-content":"","ast-featured-img":"","footer-sml-layout":"","ast-disable-related-posts":"","theme-transparent-header-meta":"default","adv-header-id-meta":"","stick-header-meta":"","header-above-stick-meta":"","header-main-stick-meta":"","header-below-stick-meta":"","astra-migrate-meta-layouts":"default","ast-page-background-enabled":"default","ast-page-background-meta":{"desktop":{"background-color":"var(--ast-global-color-5)","background-image":"","background-repeat":"repeat","background-position":"center center","background-size":"auto","background-attachment":"scroll","background-type":"","background-media":"","overlay-type":"","overlay-color":"","overlay-opacity":"","overlay-gradient":""},"tablet":{"background-color":"","background-image":"","background-repeat":"repeat","background-position":"center center","background-size":"auto","background-attachment":"scroll","background-type":"","background-media":"","overlay-type":"","overlay-color":"","overlay-opacity":"","overlay-gradient":""},"mobile":{"background-color":"","background-image":"","background-repeat":"repeat","background-position":"center center","background-size":"auto","background-attachment":"scroll","background-type":"","background-media":"","overlay-type":"","overlay-color":"","overlay-opacity":"","overlay-gradient":""}},"ast-content-background-meta":{"desktop":{"background-color":"var(--ast-global-color-4)","background-image":"","background-repeat":"repeat","background-position":"center center","background-size":"auto","background-attachment":"scroll","background-type":"","background-media":"","overlay-type":"","overlay-color":"","overlay-opacity":"","overlay-gradient":""},"tablet":{"background-color":"var(--ast-global-color-4)","background-image":"","background-repeat":"repeat","background-position":"center center","background-size":"auto","background-attachment":"scroll","background-type":"","background-media":"","overlay-type":"","overlay-color":"","overlay-opacity":"","overlay-gradient":""},"mobile":{"background-color":"var(--ast-global-color-4)","background-image":"","background-repeat":"repeat","background-position":"center center","background-size":"auto","background-attachment":"scroll","background-type":"","background-media":"","overlay-type":"","overlay-color":"","overlay-opacity":"","overlay-gradient":""}}},"product_brand":[],"product_cat":[175],"product_tag":[239,238],"class_list":{"0":"post-1376","1":"product","2":"type-product","3":"status-publish","4":"has-post-thumbnail","6":"product_cat-cultivo-de-campo","7":"product_tag-fertilizante-para-cultivos-extensivos-masl","8":"product_tag-fertilizante-para-la-etapa-tardia-de-cultivos-extensivos","9":"desktop-align-left","10":"tablet-align-left","11":"mobile-align-left","13":"first","14":"instock","15":"taxable","16":"shipping-taxable","17":"product-type-simple"},"acf":[],"_links":{"self":[{"href":"https:\/\/maslbiotech.com\/es\/wp-json\/wp\/v2\/product\/1376","targetHints":{"allow":["GET"]}}],"collection":[{"href":"https:\/\/maslbiotech.com\/es\/wp-json\/wp\/v2\/product"}],"about":[{"href":"https:\/\/maslbiotech.com\/es\/wp-json\/wp\/v2\/types\/product"}],"replies":[{"embeddable":true,"href":"https:\/\/maslbiotech.com\/es\/wp-json\/wp\/v2\/comments?post=1376"}],"wp:featuredmedia":[{"embeddable":true,"href":"https:\/\/maslbiotech.com\/es\/wp-json\/wp\/v2\/media\/1377"}],"wp:attachment":[{"href":"https:\/\/maslbiotech.com\/es\/wp-json\/wp\/v2\/media?parent=1376"}],"wp:term":[{"taxonomy":"product_brand","embeddable":true,"href":"https:\/\/maslbiotech.com\/es\/wp-json\/wp\/v2\/product_brand?post=1376"},{"taxonomy":"product_cat","embeddable":true,"href":"https:\/\/maslbiotech.com\/es\/wp-json\/wp\/v2\/product_cat?post=1376"},{"taxonomy":"product_tag","embeddable":true,"href":"https:\/\/maslbiotech.com\/es\/wp-json\/wp\/v2\/product_tag?post=1376"}],"curies":[{"name":"wp","href":"https:\/\/api.w.org\/{rel}","templated":true}]}}