{"id":1384,"date":"2025-11-04T14:29:06","date_gmt":"2025-11-04T14:29:06","guid":{"rendered":"https:\/\/maslbiotech.com\/product\/fertilizante-especializado-de-formula-equilibrada-para-cultivos-extensivos\/"},"modified":"2026-01-27T07:46:01","modified_gmt":"2026-01-27T07:46:01","slug":"fertilizante-especializado-de-formula-equilibrada-para-cultivos-extensivos","status":"publish","type":"product","link":"https:\/\/maslbiotech.com\/es\/producto\/fertilizante-especializado-de-formula-equilibrada-para-cultivos-extensivos\/","title":{"rendered":"Fertilizante especializado de f\u00f3rmula equilibrada para cultivos extensivos"},"content":{"rendered":"<h2><strong>FieldMax Vita &#8211; <\/strong><strong><b>Fertilizante especializado de f\u00f3rmula equilibrada para cultivos extensivos<\/b><\/strong><\/h2>\n<p data-path-to-node=\"4\">Maximiza el potencial de tus cultivos extensivos y especializados con el Fertilizante de F\u00f3rmula Balanceada de <a href=\"https:\/\/maslbiotech.com\/es\/desvelando-la-tecnologia-aminoacido-una-solucion-nutricional-de-ciclo-completo-para-el-rendimiento-de-los-cultivos-de-campo\/\"><b data-path-to-node=\"4\" data-index-in-node=\"71\">MASL Biotech. <\/b><\/a>Este fertilizante premium soluble en agua est\u00e1 dise\u00f1ado para la agricultura moderna, proporcionando un equilibrio perfecto de Nitr\u00f3geno, F\u00f3sforo y Potasio (NPK), complementado con Elementos Traza Esenciales (TE). <\/p>\n<p data-path-to-node=\"5\">Ya sea que cultives ma\u00edz, trigo, soja o hortalizas especiales de alto valor, nuestra F\u00f3rmula Balanceada 18-18-18 garantiza que tus plantas reciban un suministro constante y uniforme de nutrientes durante todas las etapas cr\u00edticas de crecimiento.<\/p>\n<h3><strong><b>Especificaciones t\u00e9cnicas:<\/b><\/strong><\/h3>\n<p>Amino\u00e1cidos libres \u2265100 g\/L, Cu+Fe+Mn+Zn+B+Mo \u226520 g\/L<\/p>\n<table>\n<tbody>\n<tr>\n<td width=\"165\">Amino\u00e1cidos libres:<\/td>\n<td width=\"112\">100 g\/L<\/td>\n<td width=\"90\">Mg:<\/td>\n<td width=\"172\">20 g\/L<\/td>\n<td width=\"148\">Fe:<\/td>\n<td width=\"149\">2 g\/L<\/td>\n<\/tr>\n<tr>\n<td width=\"165\">Mn:<\/td>\n<td width=\"112\">1 g\/L<\/td>\n<td width=\"90\">Zn:<\/td>\n<td width=\"172\">16 g\/L<\/td>\n<td width=\"148\">Boro soluble en agua:<\/td>\n<td width=\"149\">1 g\/L<\/td>\n<\/tr>\n<tr>\n<td width=\"165\">Vitamina B1:<\/td>\n<td width=\"112\">1 g\/L<\/td>\n<td width=\"90\">\/<\/td>\n<td width=\"172\">\/<\/td>\n<td width=\"148\">\/<\/td>\n<td width=\"149\">\/<\/td>\n<\/tr>\n<\/tbody>\n<\/table>\n<h3><strong><b>Beneficios:<\/b><\/strong><\/h3>\n<p>Desarrollado espec\u00edficamente para todo el ciclo de crecimiento de los cultivos extensivos. Utiliza amino\u00e1cidos L-\u03b1 libres altamente activos como componente central, cient\u00edficamente combinado con magnesio, zinc, boro, hierro, manganeso y vitamina B1 quelatados. Adecuado para la gesti\u00f3n de ciclo completo desde la etapa de pl\u00e1ntula hasta la cosecha. Promueve significativamente la germinaci\u00f3n de semillas, el desarrollo robusto de las ra\u00edces y el crecimiento del tallo\/hoja. Mejora la eficiencia de la absorci\u00f3n de nutrientes y la fotos\u00edntesis durante la etapa vegetativa. Durante la etapa reproductiva, promueve la floraci\u00f3n uniforme, la polinizaci\u00f3n completa, mejora el cuajado de los frutos, reduce la ca\u00edda de flores y brotes, as\u00ed como las c\u00e1scaras vac\u00edas, mejorando la gordura de las semillas y el potencial de rendimiento. La vitamina B1 especialmente a\u00f1adida mejora eficazmente la resistencia al estr\u00e9s de los cultivos, alivia la inhibici\u00f3n del crecimiento causada por factores ambientales como la sequ\u00eda, las altas temperaturas o la competencia por los nutrientes, ayudando a los cultivos a completar su ciclo de crecimiento de forma estable y a alcanzar objetivos de alto rendimiento y calidad.      <\/p>\n<p><strong><b>Cultivos <\/b><\/strong><strong><b>a los que se puede aplicar<\/b><\/strong><strong><b>:<\/b><\/strong><strong><b> <\/b><\/strong>cultivos extensivos durante todo el ciclo de crecimiento.<\/p>\n<h2><strong><b>Instrucciones de aplicaci\u00f3n:<\/b><\/strong><\/h2>\n<p><strong><b>Pulverizaci\u00f3n foliar:<\/b><\/strong> Diluir 800-1000 veces. Aplicar a intervalos de 7-10 d\u00edas, durante 2-3 aplicaciones consecutivas.<br \/>\n<strong><b>Fertirrigaci\u00f3n\/Riego por goteo:<\/b><\/strong> 15-30 L\/ha<\/p>\n<h2 data-path-to-node=\"15\">Instrucciones de Aplicaci\u00f3n<\/h2>\n<p data-path-to-node=\"16\">Para obtener los mejores resultados: Aplica durante los periodos de crecimiento activo o al inicio de las etapas reproductivas.<\/p>\n<ul data-path-to-node=\"17\">\n<li>\n<p data-path-to-node=\"17,0,0\">Pulverizaci\u00f3n foliar: 2\u20135 kg por hect\u00e1rea, dependiendo del tipo de cultivo y los niveles de estr\u00e9s.<\/p>\n<\/li>\n<li>\n<p data-path-to-node=\"17,1,0\">Fertirrigaci\u00f3n: Integra a tu programa de riego existente a raz\u00f3n de 5\u201310 kg por hect\u00e1rea.<\/p>\n<\/li>\n<li>\n<p data-path-to-node=\"17,2,0\">Compatibilidad: <br \/>Esta f\u00f3rmula es compatible con la mayor\u00eda de pesticidas y fungicidas comunes, pero siempre se recomienda realizar una prueba en frasco antes de la mezcla total en tanque.<\/p>\n<\/li>\n<\/ul>\n<h3><strong><b>Precauciones:<\/b><\/strong><\/h3>\n<p>1. Evite mezclar con fertilizantes y pesticidas fuertemente \u00e1cidos o alcalinos, ya que esto puede afectar la eficacia del producto. Si se pretende mezclar con otros productos, primero realice una prueba de compatibilidad a peque\u00f1a escala. <\/p>\n<p>2. Puede ser necesaria una nueva aplicaci\u00f3n a una tasa reducida si se producen precipitaciones dentro de las 4 horas posteriores a la pulverizaci\u00f3n.<\/p>\n<h3><strong><b>Almacenamiento:<\/b><\/strong><\/h3>\n<p>1. Almacene y transporte en el envase original. Mantenga sellado en un lugar fresco y seco. <\/p>\n<p>2. Almacene por separado de alimentos, bebidas y piensos. Mantenga fuera del alcance de los ni\u00f1os y el ganado. <\/p>\n<p>Fecha de producci\u00f3n y n\u00famero de lote: Ver tap\u00f3n de la botella. Vida \u00fatil: 36 meses.<\/p>\n<h2 data-path-to-node=\"19\">Preguntas frecuentes (FAQ)<\/h2>\n<p data-path-to-node=\"20\"><b data-path-to-node=\"20\" data-index-in-node=\"0\">Q: \u00bfEste fertilizante se puede usar en todos los tipos de cultivos de campo?<\/b><\/p>\n<p data-path-to-node=\"20\">A: S\u00ed. La proporci\u00f3n 18-18-18 es una f\u00f3rmula balanceada &#8220;universal&#8221;. Es muy eficaz para granos (trigo, cebada), cultivos en hilera (ma\u00edz, algod\u00f3n) y oleaginosas (soja, girasol), as\u00ed como para cultivos especiales de huerto.  <\/p>\n<p data-path-to-node=\"21\"><b data-path-to-node=\"21\" data-index-in-node=\"0\">Q: \u00bfAyuda este producto a combatir el estr\u00e9s ambiental?<\/b><\/p>\n<p data-path-to-node=\"21\">A: Sin duda. El alto contenido de potasio combinado con micronutrientes quelatados refuerza las paredes celulares y regula la conductancia estom\u00e1tica, ayudando a las plantas a mantener la presi\u00f3n de turgencia durante sequ\u00edas o olas de calor. <\/p>\n<p data-path-to-node=\"22\"><b data-path-to-node=\"22\" data-index-in-node=\"0\">Q: \u00bfEs seguro para suelos en transici\u00f3n org\u00e1nica?<\/b><\/p>\n<p data-path-to-node=\"22\">A: Aunque se trata de un fertilizante mineral de alta pureza, su bajo \u00edndice de sal y alta solubilidad significan que deja un residuo m\u00ednimo, lo que apoya un bioma del suelo m\u00e1s saludable en comparaci\u00f3n con alternativas sint\u00e9ticas de menor calidad.<\/p>\n","protected":false},"excerpt":{"rendered":"<ul>\n<li>Amino\u00e1cidos libres: 100 g\/L<\/li>\n<li>Mg: 20 g\/L<\/li>\n<li>Fe: 2 g\/L<\/li>\n<li>Mn: 1 g\/L<\/li>\n<li>Zn: 16 g\/L<\/li>\n<li>Boro soluble en agua: 1 g\/L<\/li>\n<li>Vitamina B1: 1 g\/L<\/li>\n<\/ul>\n","protected":false},"featured_media":1385,"comment_status":"open","ping_status":"closed","template":"","meta":{"_acf_changed":false,"site-sidebar-layout":"default","site-content-layout":"","ast-site-content-layout":"default","site-content-style":"default","site-sidebar-style":"default","ast-global-header-display":"","ast-banner-title-visibility":"","ast-main-header-display":"","ast-hfb-above-header-display":"","ast-hfb-below-header-display":"","ast-hfb-mobile-header-display":"","site-post-title":"","ast-breadcrumbs-content":"","ast-featured-img":"","footer-sml-layout":"","ast-disable-related-posts":"","theme-transparent-header-meta":"default","adv-header-id-meta":"","stick-header-meta":"","header-above-stick-meta":"","header-main-stick-meta":"","header-below-stick-meta":"","astra-migrate-meta-layouts":"default","ast-page-background-enabled":"default","ast-page-background-meta":{"desktop":{"background-color":"var(--ast-global-color-5)","background-image":"","background-repeat":"repeat","background-position":"center center","background-size":"auto","background-attachment":"scroll","background-type":"","background-media":"","overlay-type":"","overlay-color":"","overlay-opacity":"","overlay-gradient":""},"tablet":{"background-color":"","background-image":"","background-repeat":"repeat","background-position":"center center","background-size":"auto","background-attachment":"scroll","background-type":"","background-media":"","overlay-type":"","overlay-color":"","overlay-opacity":"","overlay-gradient":""},"mobile":{"background-color":"","background-image":"","background-repeat":"repeat","background-position":"center center","background-size":"auto","background-attachment":"scroll","background-type":"","background-media":"","overlay-type":"","overlay-color":"","overlay-opacity":"","overlay-gradient":""}},"ast-content-background-meta":{"desktop":{"background-color":"var(--ast-global-color-4)","background-image":"","background-repeat":"repeat","background-position":"center center","background-size":"auto","background-attachment":"scroll","background-type":"","background-media":"","overlay-type":"","overlay-color":"","overlay-opacity":"","overlay-gradient":""},"tablet":{"background-color":"var(--ast-global-color-4)","background-image":"","background-repeat":"repeat","background-position":"center center","background-size":"auto","background-attachment":"scroll","background-type":"","background-media":"","overlay-type":"","overlay-color":"","overlay-opacity":"","overlay-gradient":""},"mobile":{"background-color":"var(--ast-global-color-4)","background-image":"","background-repeat":"repeat","background-position":"center center","background-size":"auto","background-attachment":"scroll","background-type":"","background-media":"","overlay-type":"","overlay-color":"","overlay-opacity":"","overlay-gradient":""}}},"product_brand":[],"product_cat":[175],"product_tag":[244],"class_list":{"0":"post-1384","1":"product","2":"type-product","3":"status-publish","4":"has-post-thumbnail","6":"product_cat-cultivo-de-campo","7":"product_tag-fertilizante-especializado-de-formula-equilibrada-para-cultivos-extensivos","8":"desktop-align-left","9":"tablet-align-left","10":"mobile-align-left","12":"first","13":"instock","14":"taxable","15":"shipping-taxable","16":"product-type-simple"},"acf":[],"_links":{"self":[{"href":"https:\/\/maslbiotech.com\/es\/wp-json\/wp\/v2\/product\/1384","targetHints":{"allow":["GET"]}}],"collection":[{"href":"https:\/\/maslbiotech.com\/es\/wp-json\/wp\/v2\/product"}],"about":[{"href":"https:\/\/maslbiotech.com\/es\/wp-json\/wp\/v2\/types\/product"}],"replies":[{"embeddable":true,"href":"https:\/\/maslbiotech.com\/es\/wp-json\/wp\/v2\/comments?post=1384"}],"wp:featuredmedia":[{"embeddable":true,"href":"https:\/\/maslbiotech.com\/es\/wp-json\/wp\/v2\/media\/1385"}],"wp:attachment":[{"href":"https:\/\/maslbiotech.com\/es\/wp-json\/wp\/v2\/media?parent=1384"}],"wp:term":[{"taxonomy":"product_brand","embeddable":true,"href":"https:\/\/maslbiotech.com\/es\/wp-json\/wp\/v2\/product_brand?post=1384"},{"taxonomy":"product_cat","embeddable":true,"href":"https:\/\/maslbiotech.com\/es\/wp-json\/wp\/v2\/product_cat?post=1384"},{"taxonomy":"product_tag","embeddable":true,"href":"https:\/\/maslbiotech.com\/es\/wp-json\/wp\/v2\/product_tag?post=1384"}],"curies":[{"name":"wp","href":"https:\/\/api.w.org\/{rel}","templated":true}]}}