{"id":1390,"date":"2026-04-11T13:31:23","date_gmt":"2026-04-11T13:31:23","guid":{"rendered":"https:\/\/maslbiotech.com\/product\/fertilizante-especial-para-floracion-fructificacion-y-hortalizas\/"},"modified":"2026-01-27T06:56:57","modified_gmt":"2026-01-27T06:56:57","slug":"fertilizante-especial-para-floracion-fructificacion-y-hortalizas","status":"publish","type":"product","link":"https:\/\/maslbiotech.com\/es\/producto\/fertilizante-especial-para-floracion-fructificacion-y-hortalizas\/","title":{"rendered":"Fertilizante especial para floraci\u00f3n, fructificaci\u00f3n y hortalizas"},"content":{"rendered":"<h2><strong>VegMax Fruit &#8211; <\/strong><strong>Fertilizante especial para floraci\u00f3n, fructificaci\u00f3n y hortalizas<\/strong><strong>Specialty Fertilizer<\/strong><\/h2>\n<p><strong><b>Especificaciones t\u00e9cnicas:<\/b><\/strong><\/p>\n<p>Amino\u00e1cidos \u2265100 g\/L, Cu+Fe+Mn+Zn+B+Mo \u226520 g\/L<\/p>\n<table>\n<tbody>\n<tr>\n<td>Ingrediente<\/td>\n<td>Concentraci\u00f3n<\/td>\n<\/tr>\n<tr>\n<td>Amino\u00e1cidos libres<\/td>\n<td>100 g\/L<\/td>\n<\/tr>\n<tr>\n<td>Mg<\/td>\n<td>20 g\/L<\/td>\n<\/tr>\n<tr>\n<td>Fe<\/td>\n<td>2,5 g\/L<\/td>\n<\/tr>\n<tr>\n<td>Mn<\/td>\n<td>10 g\/L<\/td>\n<\/tr>\n<tr>\n<td>Cu<\/td>\n<td>1 g\/L<\/td>\n<\/tr>\n<tr>\n<td>Zn<\/td>\n<td>10 g\/L<\/td>\n<\/tr>\n<tr>\n<td>Boro soluble en agua<\/td>\n<td>5 g\/L<\/td>\n<\/tr>\n<tr>\n<td>Polip\u00e9ptidos<\/td>\n<td>1 g\/L<\/td>\n<\/tr>\n<\/tbody>\n<\/table>\n<p><strong><b>Beneficios:<\/b><\/strong><br \/>\nFertilizante soluble en agua de alta actividad desarrollado espec\u00edficamente para el per\u00edodo de floraci\u00f3n y cuajado de frutos en cultivos de hortalizas y frutales. Utiliza L-\u03b1 amino\u00e1cidos libres de alta actividad como portador principal, sinergizado con magnesio, hierro, manganeso, cobre, zinc, boro quelatados y la esencia activa de polip\u00e9ptidos, que coinciden precisamente con las necesidades b\u00e1sicas de la diferenciaci\u00f3n de la floraci\u00f3n y el desarrollo de los frutos j\u00f3venes. Activa fuertemente el metabolismo energ\u00e9tico de las yemas florales y el vigor de la germinaci\u00f3n del polen a trav\u00e9s de los amino\u00e1cidos, impulsando una floraci\u00f3n uniforme y una alta tasa de cuajado de frutos. El zinc y el boro quelatados se dirigen y optimizan la extensi\u00f3n del tubo pol\u00ednico y el desarrollo del ovario, asegurando una formaci\u00f3n uniforme y una fijaci\u00f3n firme de los frutos j\u00f3venes. El hierro y el manganeso mejoran simult\u00e1neamente la eficiencia fotosint\u00e9tica de las hojas y la actividad del sistema enzim\u00e1tico, promoviendo el transporte y la acumulaci\u00f3n eficientes de asimilados a los frutos. Los polip\u00e9ptidos mejoran profundamente la capacidad de osmorregulaci\u00f3n celular, aliviando significativamente el estr\u00e9s por alta temperatura, sequ\u00eda, ca\u00edda de flores\/frutos y trastornos fisiol\u00f3gicos, manteniendo un potencial de crecimiento saludable y sostenido para flores y frutos. En \u00faltima instancia, sienta las bases para una forma de fruto regordeta, un color brillante y un aumento estable del rendimiento para una alta calidad y rendimiento, proporcionando una garant\u00eda fundamental para una cosecha abundante.      <\/p>\n<p><strong><b> <\/b><\/strong><strong><b>Cultivos aplicables: <\/b><\/strong>Hortalizas de fruto y hortalizas de hoja<\/p>\n<p><strong><b>Instrucciones de aplicaci\u00f3n:<\/b><\/strong><br \/>\n<strong><b>Pulverizaci\u00f3n foliar:<\/b><\/strong> Diluir 800-1000 veces. Aplicar a intervalos de 7-10 d\u00edas durante 2-3 aplicaciones consecutivas.<br \/>\n<strong><b>Fertirrigaci\u00f3n\/Riego por goteo:<\/b><\/strong> 15-30 L\/ha<\/p>\n<p><strong><b>Precauciones:<\/b><\/strong><\/p>\n<p>1. Evite mezclar con fertilizantes y pesticidas fuertemente \u00e1cidos o alcalinos, ya que esto puede afectar la eficacia del producto. Si se pretende mezclar con otros productos, primero realice una prueba de compatibilidad a peque\u00f1a escala. <\/p>\n<p>2. Puede ser necesaria una nueva aplicaci\u00f3n a una tasa reducida si se producen precipitaciones dentro de las 4 horas posteriores a la pulverizaci\u00f3n.<\/p>\n<p><strong><b>Almacenamiento:<\/b><\/strong><\/p>\n<p>1. Almacene y transporte en el envase original. Mantenga sellado en un lugar fresco y seco. <\/p>\n<p>2. Almacene por separado de alimentos, bebidas y piensos. Mantenga fuera del alcance de los ni\u00f1os y el ganado. <\/p>\n<p>Fecha de producci\u00f3n y n\u00famero de lote: Ver tap\u00f3n de la botella. Vida \u00fatil: 36 meses.<\/p>\n","protected":false},"excerpt":{"rendered":"<ul>\n<li>Amino\u00e1cidos libres: 100 g\/L<\/li>\n<li>Mg: 20 g\/L<\/li>\n<li>Fe: 2,5 g\/L<\/li>\n<li>Mn: 10 g\/L<\/li>\n<li>Cu: 1 g\/L<\/li>\n<li>Zn: 10 g\/L<\/li>\n<li>Boro soluble en agua: 5 g\/L<\/li>\n<li>Polip\u00e9ptidos: 1 g\/L<\/li>\n<\/ul>\n","protected":false},"featured_media":1392,"comment_status":"open","ping_status":"closed","template":"","meta":{"_acf_changed":false,"site-sidebar-layout":"default","site-content-layout":"","ast-site-content-layout":"default","site-content-style":"default","site-sidebar-style":"default","ast-global-header-display":"","ast-banner-title-visibility":"","ast-main-header-display":"","ast-hfb-above-header-display":"","ast-hfb-below-header-display":"","ast-hfb-mobile-header-display":"","site-post-title":"","ast-breadcrumbs-content":"","ast-featured-img":"","footer-sml-layout":"","ast-disable-related-posts":"","theme-transparent-header-meta":"default","adv-header-id-meta":"","stick-header-meta":"","header-above-stick-meta":"","header-main-stick-meta":"","header-below-stick-meta":"","astra-migrate-meta-layouts":"default","ast-page-background-enabled":"default","ast-page-background-meta":{"desktop":{"background-color":"var(--ast-global-color-5)","background-image":"","background-repeat":"repeat","background-position":"center center","background-size":"auto","background-attachment":"scroll","background-type":"","background-media":"","overlay-type":"","overlay-color":"","overlay-opacity":"","overlay-gradient":""},"tablet":{"background-color":"","background-image":"","background-repeat":"repeat","background-position":"center center","background-size":"auto","background-attachment":"scroll","background-type":"","background-media":"","overlay-type":"","overlay-color":"","overlay-opacity":"","overlay-gradient":""},"mobile":{"background-color":"","background-image":"","background-repeat":"repeat","background-position":"center center","background-size":"auto","background-attachment":"scroll","background-type":"","background-media":"","overlay-type":"","overlay-color":"","overlay-opacity":"","overlay-gradient":""}},"ast-content-background-meta":{"desktop":{"background-color":"var(--ast-global-color-4)","background-image":"","background-repeat":"repeat","background-position":"center center","background-size":"auto","background-attachment":"scroll","background-type":"","background-media":"","overlay-type":"","overlay-color":"","overlay-opacity":"","overlay-gradient":""},"tablet":{"background-color":"var(--ast-global-color-4)","background-image":"","background-repeat":"repeat","background-position":"center center","background-size":"auto","background-attachment":"scroll","background-type":"","background-media":"","overlay-type":"","overlay-color":"","overlay-opacity":"","overlay-gradient":""},"mobile":{"background-color":"var(--ast-global-color-4)","background-image":"","background-repeat":"repeat","background-position":"center center","background-size":"auto","background-attachment":"scroll","background-type":"","background-media":"","overlay-type":"","overlay-color":"","overlay-opacity":"","overlay-gradient":""}}},"product_brand":[],"product_cat":[181],"product_tag":[],"class_list":{"0":"post-1390","1":"product","2":"type-product","3":"status-publish","4":"has-post-thumbnail","6":"product_cat-cultivo-de-verduras-y-frutas","7":"desktop-align-left","8":"tablet-align-left","9":"mobile-align-left","11":"first","12":"instock","13":"taxable","14":"shipping-taxable","15":"product-type-simple"},"acf":[],"_links":{"self":[{"href":"https:\/\/maslbiotech.com\/es\/wp-json\/wp\/v2\/product\/1390","targetHints":{"allow":["GET"]}}],"collection":[{"href":"https:\/\/maslbiotech.com\/es\/wp-json\/wp\/v2\/product"}],"about":[{"href":"https:\/\/maslbiotech.com\/es\/wp-json\/wp\/v2\/types\/product"}],"replies":[{"embeddable":true,"href":"https:\/\/maslbiotech.com\/es\/wp-json\/wp\/v2\/comments?post=1390"}],"wp:featuredmedia":[{"embeddable":true,"href":"https:\/\/maslbiotech.com\/es\/wp-json\/wp\/v2\/media\/1392"}],"wp:attachment":[{"href":"https:\/\/maslbiotech.com\/es\/wp-json\/wp\/v2\/media?parent=1390"}],"wp:term":[{"taxonomy":"product_brand","embeddable":true,"href":"https:\/\/maslbiotech.com\/es\/wp-json\/wp\/v2\/product_brand?post=1390"},{"taxonomy":"product_cat","embeddable":true,"href":"https:\/\/maslbiotech.com\/es\/wp-json\/wp\/v2\/product_cat?post=1390"},{"taxonomy":"product_tag","embeddable":true,"href":"https:\/\/maslbiotech.com\/es\/wp-json\/wp\/v2\/product_tag?post=1390"}],"curies":[{"name":"wp","href":"https:\/\/api.w.org\/{rel}","templated":true}]}}