{"id":1393,"date":"2026-04-11T13:36:28","date_gmt":"2026-04-11T13:36:28","guid":{"rendered":"https:\/\/maslbiotech.com\/product\/fertilizante-especializado-para-expansion-de-frutas-y-verduras\/"},"modified":"2025-11-07T13:36:28","modified_gmt":"2025-11-07T13:36:28","slug":"fertilizante-especializado-para-expansion-de-frutas-y-verduras","status":"publish","type":"product","link":"https:\/\/maslbiotech.com\/es\/producto\/fertilizante-especializado-para-expansion-de-frutas-y-verduras\/","title":{"rendered":"Fertilizante especializado para expansi\u00f3n de frutas y verduras"},"content":{"rendered":"<h2><strong>VegMax Expansi\u00f3n de Frutas &#8211; <\/strong><strong>Expansi\u00f3n de Frutas y Verduras <\/strong><strong>Fertilizante Especializado<\/strong><\/h2>\n<p><strong><b>Especificaciones t\u00e9cnicas:<\/b><\/strong><\/p>\n<p>Amino\u00e1cidos \u2265100 g\/L, Cu+Fe+Mn+Zn+B+Mo \u226520 g\/L<\/p>\n<table>\n<tbody>\n<tr>\n<td>Ingrediente<\/td>\n<td>Concentraci\u00f3n<\/td>\n<\/tr>\n<tr>\n<td>Amino\u00e1cidos libres<\/td>\n<td>100 g\/L<\/td>\n<\/tr>\n<tr>\n<td>Ca<\/td>\n<td>5 g\/L<\/td>\n<\/tr>\n<tr>\n<td>Fe<\/td>\n<td>5,5 g\/L<\/td>\n<\/tr>\n<tr>\n<td>Mn<\/td>\n<td>4 g\/L<\/td>\n<\/tr>\n<tr>\n<td>Cu<\/td>\n<td>0,5 g\/L<\/td>\n<\/tr>\n<tr>\n<td>Zn<\/td>\n<td>5 g\/L<\/td>\n<\/tr>\n<tr>\n<td>Boro<\/td>\n<td>5 g\/L<\/td>\n<\/tr>\n<tr>\n<td>Vitamina B3<\/td>\n<td>0,5 g\/L<\/td>\n<\/tr>\n<tr>\n<td>\u00c1cido poliglut\u00e1mico (PGA)<\/td>\n<td>0,5 g\/L<\/td>\n<\/tr>\n<\/tbody>\n<\/table>\n<p><strong><b>Beneficios:<\/b><\/strong><br \/>\nDesarrollado espec\u00edficamente para la etapa de expansi\u00f3n de frutos en cultivos de frutas y verduras. Utiliza amino\u00e1cidos L-\u03b1 libres altamente activos como portador de energ\u00eda, sinergizados con Calcio, Hierro, Manganeso, Cobre, Zinc, Boro y otros micronutrientes\/secundarios quelatados, integrados con los factores activos de doble efecto Vitamina B3 y \u00c1cido Poliglut\u00e1mico, construyendo un sistema de nutrici\u00f3n para la expansi\u00f3n de la fruta y la mejora de la calidad. Fortalece espec\u00edficamente la dureza del tejido de la piel de la fruta, mejora la resistencia al estr\u00e9s de la fruta, reduciendo eficazmente problemas como el agrietamiento de la fruta y las quemaduras solares causadas por cambios bruscos de agua y la fuerte luz solar directa durante la expansi\u00f3n, al tiempo que disminuye el riesgo de ca\u00edda de la fruta. Al complementar elementos clave como el Calcio, puede prevenir la pudrici\u00f3n apical y evitar problemas comunes como frutos peque\u00f1os o atrofiados debido al suministro desequilibrado de nutrientes, asegurando un ritmo normal de expansi\u00f3n de la fruta. Adem\u00e1s, el producto promueve la eficiencia fotosint\u00e9tica del cultivo, acelera la conversi\u00f3n de productos fotosint\u00e9ticos, impulsa el transporte preciso y la distribuci\u00f3n uniforme de nutrientes a los frutos, ayudando a la expansi\u00f3n uniforme de la fruta y dando forma a frutos regordetes y bien formados. Tambi\u00e9n promueve la acumulaci\u00f3n de az\u00facares y compuestos de sabor dentro de la fruta, mejorando a\u00fan m\u00e1s la dulzura, el color y el sabor de la fruta, solidificando la base para una mejor calidad y rendimiento durante la etapa de expansi\u00f3n.     <\/p>\n<p><strong><b>Cultivos aplicables: <\/b><\/strong>Hortalizas de fruto y hortalizas de hoja<\/p>\n<p><strong><b>Instrucciones de aplicaci\u00f3n:<\/b><\/strong><br \/>\n<strong><b>Pulverizaci\u00f3n foliar:<\/b><\/strong> Diluir 800-1000 veces. Aplicar a intervalos de 7-10 d\u00edas durante 2-3 aplicaciones consecutivas.<br \/>\n<strong><b>Fertirrigaci\u00f3n\/Riego por goteo:<\/b><\/strong> 15-30 L\/ha<\/p>\n<p><strong><b>Precauciones:<\/b><\/strong><\/p>\n<p>1. Evite mezclar con fertilizantes y pesticidas fuertemente \u00e1cidos o alcalinos, ya que esto puede afectar la eficacia del producto. Si se pretende mezclar con otros productos, realice primero una prueba de compatibilidad a peque\u00f1a escala. <\/p>\n<p>2. Puede ser necesaria una nueva aplicaci\u00f3n a una tasa reducida si se producen precipitaciones dentro de las 4 horas posteriores a la pulverizaci\u00f3n.<\/p>\n<p><strong><b>Almacenamiento:<\/b><\/strong><\/p>\n<p>1. Almacenar y transportar en el envase original. Mantener sellado en un lugar fresco y seco. <\/p>\n<p>2. Almacenar por separado de alimentos, bebidas y piensos. Mantener fuera del alcance de los ni\u00f1os y el ganado. <\/p>\n<p>Fecha de producci\u00f3n y n\u00famero de lote: Ver tap\u00f3n de la botella. Vida \u00fatil: 36 meses.<\/p>\n","protected":false},"excerpt":{"rendered":"<ul>\n<li>Amino\u00e1cidos libres: 100 g\/L<\/li>\n<li>Ca: 5 g\/L<\/li>\n<li>Fe: 5,5 g\/L<\/li>\n<li>Mn: 4 g\/L<\/li>\n<li>Cu: 0,5 g\/L<\/li>\n<li>Zn: 5 g\/L<\/li>\n<li>Boro: 5 g\/L<\/li>\n<li>Vitamina B3: 0,5 g\/L<\/li>\n<li>\u00c1cido poliglut\u00e1mico (PGA): 0,5 g\/L<\/li>\n<\/ul>\n","protected":false},"featured_media":1395,"comment_status":"open","ping_status":"closed","template":"","meta":{"_acf_changed":false,"site-sidebar-layout":"default","site-content-layout":"","ast-site-content-layout":"default","site-content-style":"default","site-sidebar-style":"default","ast-global-header-display":"","ast-banner-title-visibility":"","ast-main-header-display":"","ast-hfb-above-header-display":"","ast-hfb-below-header-display":"","ast-hfb-mobile-header-display":"","site-post-title":"","ast-breadcrumbs-content":"","ast-featured-img":"","footer-sml-layout":"","ast-disable-related-posts":"","theme-transparent-header-meta":"default","adv-header-id-meta":"","stick-header-meta":"","header-above-stick-meta":"","header-main-stick-meta":"","header-below-stick-meta":"","astra-migrate-meta-layouts":"default","ast-page-background-enabled":"default","ast-page-background-meta":{"desktop":{"background-color":"var(--ast-global-color-5)","background-image":"","background-repeat":"repeat","background-position":"center center","background-size":"auto","background-attachment":"scroll","background-type":"","background-media":"","overlay-type":"","overlay-color":"","overlay-opacity":"","overlay-gradient":""},"tablet":{"background-color":"","background-image":"","background-repeat":"repeat","background-position":"center center","background-size":"auto","background-attachment":"scroll","background-type":"","background-media":"","overlay-type":"","overlay-color":"","overlay-opacity":"","overlay-gradient":""},"mobile":{"background-color":"","background-image":"","background-repeat":"repeat","background-position":"center center","background-size":"auto","background-attachment":"scroll","background-type":"","background-media":"","overlay-type":"","overlay-color":"","overlay-opacity":"","overlay-gradient":""}},"ast-content-background-meta":{"desktop":{"background-color":"var(--ast-global-color-4)","background-image":"","background-repeat":"repeat","background-position":"center center","background-size":"auto","background-attachment":"scroll","background-type":"","background-media":"","overlay-type":"","overlay-color":"","overlay-opacity":"","overlay-gradient":""},"tablet":{"background-color":"var(--ast-global-color-4)","background-image":"","background-repeat":"repeat","background-position":"center center","background-size":"auto","background-attachment":"scroll","background-type":"","background-media":"","overlay-type":"","overlay-color":"","overlay-opacity":"","overlay-gradient":""},"mobile":{"background-color":"var(--ast-global-color-4)","background-image":"","background-repeat":"repeat","background-position":"center center","background-size":"auto","background-attachment":"scroll","background-type":"","background-media":"","overlay-type":"","overlay-color":"","overlay-opacity":"","overlay-gradient":""}}},"product_brand":[],"product_cat":[181],"product_tag":[],"class_list":{"0":"post-1393","1":"product","2":"type-product","3":"status-publish","4":"has-post-thumbnail","6":"product_cat-cultivo-de-verduras-y-frutas","7":"desktop-align-left","8":"tablet-align-left","9":"mobile-align-left","11":"first","12":"instock","13":"taxable","14":"shipping-taxable","15":"product-type-simple"},"acf":[],"_links":{"self":[{"href":"https:\/\/maslbiotech.com\/es\/wp-json\/wp\/v2\/product\/1393","targetHints":{"allow":["GET"]}}],"collection":[{"href":"https:\/\/maslbiotech.com\/es\/wp-json\/wp\/v2\/product"}],"about":[{"href":"https:\/\/maslbiotech.com\/es\/wp-json\/wp\/v2\/types\/product"}],"replies":[{"embeddable":true,"href":"https:\/\/maslbiotech.com\/es\/wp-json\/wp\/v2\/comments?post=1393"}],"wp:featuredmedia":[{"embeddable":true,"href":"https:\/\/maslbiotech.com\/es\/wp-json\/wp\/v2\/media\/1395"}],"wp:attachment":[{"href":"https:\/\/maslbiotech.com\/es\/wp-json\/wp\/v2\/media?parent=1393"}],"wp:term":[{"taxonomy":"product_brand","embeddable":true,"href":"https:\/\/maslbiotech.com\/es\/wp-json\/wp\/v2\/product_brand?post=1393"},{"taxonomy":"product_cat","embeddable":true,"href":"https:\/\/maslbiotech.com\/es\/wp-json\/wp\/v2\/product_cat?post=1393"},{"taxonomy":"product_tag","embeddable":true,"href":"https:\/\/maslbiotech.com\/es\/wp-json\/wp\/v2\/product_tag?post=1393"}],"curies":[{"name":"wp","href":"https:\/\/api.w.org\/{rel}","templated":true}]}}