{"id":1399,"date":"2025-11-07T13:39:41","date_gmt":"2025-11-07T13:39:41","guid":{"rendered":"https:\/\/maslbiotech.com\/product\/fertilizante-especializado-para-la-maduracion-del-color-de-frutas-y-verduras\/"},"modified":"2026-01-27T06:55:42","modified_gmt":"2026-01-27T06:55:42","slug":"fertilizante-especializado-para-la-maduracion-del-color-de-frutas-y-verduras","status":"publish","type":"product","link":"https:\/\/maslbiotech.com\/es\/producto\/fertilizante-especializado-para-la-maduracion-del-color-de-frutas-y-verduras\/","title":{"rendered":"Fertilizante especializado para la maduraci\u00f3n del color de frutas y verduras"},"content":{"rendered":"<h2><strong><b>VegMax Color &#8211; <\/b><\/strong><strong>Fertilizante especializado para la maduraci\u00f3n del color de frutas y verduras<\/strong><strong><\/strong><\/h2>\n<h3><strong><b>Especificaciones t\u00e9cnicas:<\/b><\/strong><\/h3>\n<p>Amino\u00e1cidos \u2265100 g\/L, Ca+Mg \u226530 g\/L<\/p>\n<table>\n<tbody>\n<tr>\n<td>Ingrediente<\/td>\n<td>Concentraci\u00f3n<\/td>\n<\/tr>\n<tr>\n<td>Amino\u00e1cidos libres<\/td>\n<td>100 g\/L<\/td>\n<\/tr>\n<tr>\n<td>Mg<\/td>\n<td>30 g\/L<\/td>\n<\/tr>\n<tr>\n<td>Fe<\/td>\n<td>2 g\/L<\/td>\n<\/tr>\n<tr>\n<td>Mn<\/td>\n<td>2 g\/L<\/td>\n<\/tr>\n<tr>\n<td>Zn<\/td>\n<td>1 g\/L<\/td>\n<\/tr>\n<tr>\n<td>Boro<\/td>\n<td>2 g\/L<\/td>\n<\/tr>\n<tr>\n<td>Titanio<\/td>\n<td>1,8 g\/L<\/td>\n<\/tr>\n<tr>\n<td>Aldeh\u00eddo polihidrox\u00edlico<\/td>\n<td>50 g\/L<\/td>\n<\/tr>\n<tr>\n<td>Glutati\u00f3n<\/td>\n<td>0,5 g\/L<\/td>\n<\/tr>\n<tr>\n<td>Ficocianina<\/td>\n<td>0,2 g\/L<\/td>\n<\/tr>\n<\/tbody>\n<\/table>\n<p><strong><b>Beneficios:<\/b><\/strong><br \/>\nDesarrollado espec\u00edficamente para la etapa de maduraci\u00f3n del color de cultivos de frutas y verduras. A trav\u00e9s del impulso sin\u00e9rgico de amino\u00e1cidos L-\u03b1 libres altamente activos y elementos minerales quelados multidimensionales, mejora significativamente la eficiencia de asimilaci\u00f3n de carbono fotosint\u00e9tico, promoviendo tallos robustos y hojas m\u00e1s gruesas, de color verde m\u00e1s oscuro. Las sustancias activas centrales aceleran de manera integral la acumulaci\u00f3n direccional de asimilados fotosint\u00e9ticos en los frutos, logrando aumentos simult\u00e1neos en el rendimiento de materia seca y la acumulaci\u00f3n de grados Brix. Los componentes naturales que mejoran la se\u00f1al de luz (ficocianina) inducen con precisi\u00f3n la expresi\u00f3n eficiente de la v\u00eda metab\u00f3lica de antocianina-flavonoide, promoviendo un cambio de color de fruta natural y uniforme, logrando frutos hermosos con colores vibrantes y piel brillante. El sistema de resistencia al estr\u00e9s mejora significativamente la estabilidad de la membrana celular y la capacidad antioxidante, previniendo eficazmente las quemaduras solares, la fruta blanda y los trastornos de coloraci\u00f3n, asegurando la suavidad de la superficie de la fruta y la calidad de almacenamiento\/transporte. En \u00faltima instancia, logra un triple salto en la calidad: mayor rendimiento, mayor grado Brix y una apariencia hermosa de la fruta.     <\/p>\n<p><strong><b>Cultivos aplicables: <\/b><\/strong>Hortalizas de fruto y hortalizas de hoja<\/p>\n<p><strong><b>Instrucciones de aplicaci\u00f3n:<\/b><\/strong><br \/>\n<strong><b>Pulverizaci\u00f3n foliar:<\/b><\/strong> Diluir 800-1000 veces. Aplicar a intervalos de 7-10 d\u00edas durante 2-3 aplicaciones consecutivas.<br \/>\n<strong><b>Fertirrigaci\u00f3n\/Riego por goteo:<\/b><\/strong> 15-30 L\/ha<\/p>\n<p><strong><b>Precauciones:<\/b><\/strong><\/p>\n<p>1. Evite mezclar con fertilizantes y pesticidas fuertemente \u00e1cidos o alcalinos, ya que esto puede afectar la eficacia del producto. Si se pretende mezclar con otros productos, primero realice una prueba de compatibilidad a peque\u00f1a escala. <\/p>\n<p>2. Puede ser necesaria una nueva aplicaci\u00f3n a una tasa reducida si se producen precipitaciones dentro de las 4 horas posteriores a la pulverizaci\u00f3n.<\/p>\n<p><strong><b>Almacenamiento:<\/b><\/strong><\/p>\n<p>1. Almacene y transporte en el envase original. Mantenga sellado en un lugar fresco y seco. <\/p>\n<p>2. Almacene por separado de alimentos, bebidas y piensos. Mantenga fuera del alcance de los ni\u00f1os y el ganado. <\/p>\n<p>Fecha de producci\u00f3n y n\u00famero de lote: Ver tap\u00f3n de la botella. Vida \u00fatil: 36 meses.<\/p>\n","protected":false},"excerpt":{"rendered":"<ul>\n<li>Amino\u00e1cidos libres: 100 g\/L<\/li>\n<li>Mg: 30 g\/L<\/li>\n<li>Fe: 2 g\/L<\/li>\n<li>Mn: 2 g\/L<\/li>\n<li>Zn: 1 g\/L<\/li>\n<li>Boro: 2 g\/L<\/li>\n<li>Titanio: 1,8 g\/L<\/li>\n<li>Aldeh\u00eddo polihidrox\u00edlico: 50 g\/L<\/li>\n<li>Glutati\u00f3n: 0,5 g\/L<\/li>\n<li>Ficocianina: 0,2 g\/L<\/li>\n<\/ul>\n","protected":false},"featured_media":1400,"comment_status":"open","ping_status":"closed","template":"","meta":{"_acf_changed":false,"site-sidebar-layout":"default","site-content-layout":"","ast-site-content-layout":"default","site-content-style":"default","site-sidebar-style":"default","ast-global-header-display":"","ast-banner-title-visibility":"","ast-main-header-display":"","ast-hfb-above-header-display":"","ast-hfb-below-header-display":"","ast-hfb-mobile-header-display":"","site-post-title":"","ast-breadcrumbs-content":"","ast-featured-img":"","footer-sml-layout":"","ast-disable-related-posts":"","theme-transparent-header-meta":"default","adv-header-id-meta":"","stick-header-meta":"","header-above-stick-meta":"","header-main-stick-meta":"","header-below-stick-meta":"","astra-migrate-meta-layouts":"default","ast-page-background-enabled":"default","ast-page-background-meta":{"desktop":{"background-color":"var(--ast-global-color-5)","background-image":"","background-repeat":"repeat","background-position":"center center","background-size":"auto","background-attachment":"scroll","background-type":"","background-media":"","overlay-type":"","overlay-color":"","overlay-opacity":"","overlay-gradient":""},"tablet":{"background-color":"","background-image":"","background-repeat":"repeat","background-position":"center center","background-size":"auto","background-attachment":"scroll","background-type":"","background-media":"","overlay-type":"","overlay-color":"","overlay-opacity":"","overlay-gradient":""},"mobile":{"background-color":"","background-image":"","background-repeat":"repeat","background-position":"center center","background-size":"auto","background-attachment":"scroll","background-type":"","background-media":"","overlay-type":"","overlay-color":"","overlay-opacity":"","overlay-gradient":""}},"ast-content-background-meta":{"desktop":{"background-color":"var(--ast-global-color-4)","background-image":"","background-repeat":"repeat","background-position":"center center","background-size":"auto","background-attachment":"scroll","background-type":"","background-media":"","overlay-type":"","overlay-color":"","overlay-opacity":"","overlay-gradient":""},"tablet":{"background-color":"var(--ast-global-color-4)","background-image":"","background-repeat":"repeat","background-position":"center center","background-size":"auto","background-attachment":"scroll","background-type":"","background-media":"","overlay-type":"","overlay-color":"","overlay-opacity":"","overlay-gradient":""},"mobile":{"background-color":"var(--ast-global-color-4)","background-image":"","background-repeat":"repeat","background-position":"center center","background-size":"auto","background-attachment":"scroll","background-type":"","background-media":"","overlay-type":"","overlay-color":"","overlay-opacity":"","overlay-gradient":""}}},"product_brand":[],"product_cat":[181],"product_tag":[],"class_list":{"0":"post-1399","1":"product","2":"type-product","3":"status-publish","4":"has-post-thumbnail","6":"product_cat-cultivo-de-verduras-y-frutas","7":"desktop-align-left","8":"tablet-align-left","9":"mobile-align-left","11":"first","12":"instock","13":"taxable","14":"shipping-taxable","15":"product-type-simple"},"acf":[],"_links":{"self":[{"href":"https:\/\/maslbiotech.com\/es\/wp-json\/wp\/v2\/product\/1399","targetHints":{"allow":["GET"]}}],"collection":[{"href":"https:\/\/maslbiotech.com\/es\/wp-json\/wp\/v2\/product"}],"about":[{"href":"https:\/\/maslbiotech.com\/es\/wp-json\/wp\/v2\/types\/product"}],"replies":[{"embeddable":true,"href":"https:\/\/maslbiotech.com\/es\/wp-json\/wp\/v2\/comments?post=1399"}],"wp:featuredmedia":[{"embeddable":true,"href":"https:\/\/maslbiotech.com\/es\/wp-json\/wp\/v2\/media\/1400"}],"wp:attachment":[{"href":"https:\/\/maslbiotech.com\/es\/wp-json\/wp\/v2\/media?parent=1399"}],"wp:term":[{"taxonomy":"product_brand","embeddable":true,"href":"https:\/\/maslbiotech.com\/es\/wp-json\/wp\/v2\/product_brand?post=1399"},{"taxonomy":"product_cat","embeddable":true,"href":"https:\/\/maslbiotech.com\/es\/wp-json\/wp\/v2\/product_cat?post=1399"},{"taxonomy":"product_tag","embeddable":true,"href":"https:\/\/maslbiotech.com\/es\/wp-json\/wp\/v2\/product_tag?post=1399"}],"curies":[{"name":"wp","href":"https:\/\/api.w.org\/{rel}","templated":true}]}}