{"id":1401,"date":"2025-11-07T14:00:29","date_gmt":"2025-11-07T14:00:29","guid":{"rendered":"https:\/\/maslbiotech.com\/product\/tomate-fertilizante-especial-para-la-floracion-y-el-cuajado-de-frutos\/"},"modified":"2026-01-27T06:51:11","modified_gmt":"2026-01-27T06:51:11","slug":"tomate-fertilizante-especial-para-la-floracion-y-el-cuajado-de-frutos","status":"publish","type":"product","link":"https:\/\/maslbiotech.com\/es\/producto\/tomate-fertilizante-especial-para-la-floracion-y-el-cuajado-de-frutos\/","title":{"rendered":"Tomate &#8211; Fertilizante especial para la floraci\u00f3n y el cuajado de frutos"},"content":{"rendered":"<h2><strong><b>Tomato-Bloom &#8211; <\/b><\/strong><strong>Tomate &#8211; Floraci\u00f3n y cuajado de frutos<\/strong><strong> <\/strong><strong>Fertilizante especial<\/strong><\/h2>\n<p><strong><b>Especificaciones t\u00e9cnicas:<\/b><\/strong><\/p>\n<p>Amino\u00e1cidos \u2265100 g\/L, Cu+Fe+Mn+Zn+B+Mo \u226520 g\/L<\/p>\n<table>\n<tbody>\n<tr>\n<td>Ingrediente<\/td>\n<td>Concentraci\u00f3n<\/td>\n<\/tr>\n<tr>\n<td>Amino\u00e1cidos libres<\/td>\n<td>100 g\/L<\/td>\n<\/tr>\n<tr>\n<td>Mg<\/td>\n<td>20 g\/L<\/td>\n<\/tr>\n<tr>\n<td>Fe<\/td>\n<td>2,5 g\/L<\/td>\n<\/tr>\n<tr>\n<td>Mn<\/td>\n<td>10 g\/L<\/td>\n<\/tr>\n<tr>\n<td>Cu<\/td>\n<td>1 g\/L<\/td>\n<\/tr>\n<tr>\n<td>Zn<\/td>\n<td>10 g\/L<\/td>\n<\/tr>\n<tr>\n<td>Boro soluble en agua<\/td>\n<td>5 g\/L<\/td>\n<\/tr>\n<tr>\n<td>Alcoholes de az\u00facar<\/td>\n<td>10 g\/L<\/td>\n<\/tr>\n<tr>\n<td>Vitamina B5<\/td>\n<td>0,5 g\/L<\/td>\n<\/tr>\n<\/tbody>\n<\/table>\n<p><strong><b>Beneficios:<\/b><\/strong><br \/>\nUn fertilizante soluble en agua de alta eficiencia especialmente formulado para promover la floraci\u00f3n y el cuajado de frutos en tomates. Selecciona materias primas de alta calidad para una composici\u00f3n cient\u00edfica, utilizando amino\u00e1cidos libres L-\u03b1 y oligoelementos altamente activos como n\u00facleo, combinado con la acci\u00f3n portadora eficiente de los alcoholes de az\u00facar, lo que permite que las plantas absorban y utilicen r\u00e1pidamente los nutrientes. Ayuda a las plantas a acelerar el proceso de formaci\u00f3n y desarrollo de la etapa de floraci\u00f3n, cultivando capullos florales regordetes y de alta calidad, al tiempo que promueve eficazmente la elongaci\u00f3n del tubo pol\u00ednico y la germinaci\u00f3n del polen, equilibrando la proporci\u00f3n de flores masculinas\/femeninas, proporcionando amplia energ\u00eda para el crecimiento reproductivo. Tambi\u00e9n puede aumentar significativamente la tasa de cuajado de frutos del cultivo, reducir la ca\u00edda de flores y frutos y promover el crecimiento saludable de los frutos y su expansi\u00f3n uniforme. Adem\u00e1s, la vitamina B5 mejora la resistencia al estr\u00e9s de las flores y los frutos j\u00f3venes del tomate, resistiendo factores estresantes como las bajas temperaturas y los pat\u00f3genos, consolidando a\u00fan m\u00e1s el efecto de cuajado de los frutos, sentando una base s\u00f3lida para una producci\u00f3n de alta calidad y rendimiento del cultivo.    <\/p>\n<p><strong><b>Cultivos aplicables:<\/b><\/strong> Tomate, hortalizas de fruto<\/p>\n<p><strong><b>Instrucciones de aplicaci\u00f3n:<\/b><\/strong><br \/>\n<strong><b>Pulverizaci\u00f3n foliar:<\/b><\/strong> Diluir 800-1000 veces. Aplicar a intervalos de 7-10 d\u00edas durante 2-3 aplicaciones consecutivas.<br \/>\n<strong><b>Fertirrigaci\u00f3n\/Riego por goteo:<\/b><\/strong> 15-30 L\/ha<\/p>\n<p><strong><b>Precauciones:<\/b><\/strong><\/p>\n<p>1. Evite mezclar con fertilizantes y pesticidas fuertemente \u00e1cidos o alcalinos, ya que esto puede afectar la eficacia del producto. Si se pretende mezclar con otros productos, primero realice una prueba de compatibilidad a peque\u00f1a escala. <\/p>\n<p>2. Puede ser necesaria una nueva aplicaci\u00f3n a una tasa reducida si se producen precipitaciones dentro de las 4 horas posteriores a la pulverizaci\u00f3n.<\/p>\n<p><strong><b>Almacenamiento:<\/b><\/strong><\/p>\n<p>1. Almacene y transporte en el envase original. Mantenga sellado en un lugar fresco y seco. <\/p>\n<p>2. Almacene por separado de alimentos, bebidas y piensos. Mantenga fuera del alcance de los ni\u00f1os y el ganado. <\/p>\n<p>Fecha de producci\u00f3n y n\u00famero de lote: Ver tap\u00f3n de la botella. Vida \u00fatil: 36 meses.<\/p>\n","protected":false},"excerpt":{"rendered":"<ul>\n<li>Amino\u00e1cidos libres: 100 g\/L<\/li>\n<li>Mg: 20 g\/L<\/li>\n<li>Fe: 2,5 g\/L<\/li>\n<li>Mn: 10 g\/L<\/li>\n<li>Cu: 1 g\/L<\/li>\n<li>Zn: 10 g\/L<\/li>\n<li>Boro soluble en agua: 5 g\/L<\/li>\n<li>Alcoholes de az\u00facar: 10 g\/L<\/li>\n<li>Vitamina B5: 0,5 g\/L<\/li>\n<\/ul>\n","protected":false},"featured_media":1402,"comment_status":"open","ping_status":"closed","template":"","meta":{"_acf_changed":false,"site-sidebar-layout":"default","site-content-layout":"","ast-site-content-layout":"default","site-content-style":"default","site-sidebar-style":"default","ast-global-header-display":"","ast-banner-title-visibility":"","ast-main-header-display":"","ast-hfb-above-header-display":"","ast-hfb-below-header-display":"","ast-hfb-mobile-header-display":"","site-post-title":"","ast-breadcrumbs-content":"","ast-featured-img":"","footer-sml-layout":"","ast-disable-related-posts":"","theme-transparent-header-meta":"default","adv-header-id-meta":"","stick-header-meta":"","header-above-stick-meta":"","header-main-stick-meta":"","header-below-stick-meta":"","astra-migrate-meta-layouts":"default","ast-page-background-enabled":"default","ast-page-background-meta":{"desktop":{"background-color":"var(--ast-global-color-5)","background-image":"","background-repeat":"repeat","background-position":"center center","background-size":"auto","background-attachment":"scroll","background-type":"","background-media":"","overlay-type":"","overlay-color":"","overlay-opacity":"","overlay-gradient":""},"tablet":{"background-color":"","background-image":"","background-repeat":"repeat","background-position":"center center","background-size":"auto","background-attachment":"scroll","background-type":"","background-media":"","overlay-type":"","overlay-color":"","overlay-opacity":"","overlay-gradient":""},"mobile":{"background-color":"","background-image":"","background-repeat":"repeat","background-position":"center center","background-size":"auto","background-attachment":"scroll","background-type":"","background-media":"","overlay-type":"","overlay-color":"","overlay-opacity":"","overlay-gradient":""}},"ast-content-background-meta":{"desktop":{"background-color":"var(--ast-global-color-4)","background-image":"","background-repeat":"repeat","background-position":"center center","background-size":"auto","background-attachment":"scroll","background-type":"","background-media":"","overlay-type":"","overlay-color":"","overlay-opacity":"","overlay-gradient":""},"tablet":{"background-color":"var(--ast-global-color-4)","background-image":"","background-repeat":"repeat","background-position":"center center","background-size":"auto","background-attachment":"scroll","background-type":"","background-media":"","overlay-type":"","overlay-color":"","overlay-opacity":"","overlay-gradient":""},"mobile":{"background-color":"var(--ast-global-color-4)","background-image":"","background-repeat":"repeat","background-position":"center center","background-size":"auto","background-attachment":"scroll","background-type":"","background-media":"","overlay-type":"","overlay-color":"","overlay-opacity":"","overlay-gradient":""}}},"product_brand":[],"product_cat":[181],"product_tag":[],"class_list":{"0":"post-1401","1":"product","2":"type-product","3":"status-publish","4":"has-post-thumbnail","6":"product_cat-cultivo-de-verduras-y-frutas","7":"desktop-align-left","8":"tablet-align-left","9":"mobile-align-left","11":"first","12":"instock","13":"taxable","14":"shipping-taxable","15":"product-type-simple"},"acf":[],"_links":{"self":[{"href":"https:\/\/maslbiotech.com\/es\/wp-json\/wp\/v2\/product\/1401","targetHints":{"allow":["GET"]}}],"collection":[{"href":"https:\/\/maslbiotech.com\/es\/wp-json\/wp\/v2\/product"}],"about":[{"href":"https:\/\/maslbiotech.com\/es\/wp-json\/wp\/v2\/types\/product"}],"replies":[{"embeddable":true,"href":"https:\/\/maslbiotech.com\/es\/wp-json\/wp\/v2\/comments?post=1401"}],"wp:featuredmedia":[{"embeddable":true,"href":"https:\/\/maslbiotech.com\/es\/wp-json\/wp\/v2\/media\/1402"}],"wp:attachment":[{"href":"https:\/\/maslbiotech.com\/es\/wp-json\/wp\/v2\/media?parent=1401"}],"wp:term":[{"taxonomy":"product_brand","embeddable":true,"href":"https:\/\/maslbiotech.com\/es\/wp-json\/wp\/v2\/product_brand?post=1401"},{"taxonomy":"product_cat","embeddable":true,"href":"https:\/\/maslbiotech.com\/es\/wp-json\/wp\/v2\/product_cat?post=1401"},{"taxonomy":"product_tag","embeddable":true,"href":"https:\/\/maslbiotech.com\/es\/wp-json\/wp\/v2\/product_tag?post=1401"}],"curies":[{"name":"wp","href":"https:\/\/api.w.org\/{rel}","templated":true}]}}