{"id":1403,"date":"2025-11-07T14:10:29","date_gmt":"2025-11-07T14:10:29","guid":{"rendered":"https:\/\/maslbiotech.com\/product\/tomate-fertilizante-especial-para-la-maduracion-del-color\/"},"modified":"2026-01-27T06:49:31","modified_gmt":"2026-01-27T06:49:31","slug":"tomate-fertilizante-especial-para-la-maduracion-del-color","status":"publish","type":"product","link":"https:\/\/maslbiotech.com\/es\/producto\/tomate-fertilizante-especial-para-la-maduracion-del-color\/","title":{"rendered":"Tomate &#8211; Fertilizante especial para la maduraci\u00f3n del color"},"content":{"rendered":"<h2><strong><b>Tomato-Shine | <\/b><\/strong><strong>Tomate &#8211; Maduraci\u00f3n del color <\/strong><strong>Fertilizante especial<\/strong><\/h2>\n<h3><strong><b>Especificaciones t\u00e9cnicas:<\/b><\/strong><\/h3>\n<p>Amino\u00e1cidos \u2265100 g\/L, Ca+Mg \u226530 g\/L<\/p>\n<table>\n<tbody>\n<tr>\n<td>Ingrediente<\/td>\n<td>Concentraci\u00f3n<\/td>\n<\/tr>\n<tr>\n<td>Amino\u00e1cidos libres<\/td>\n<td>100 g\/L<\/td>\n<\/tr>\n<tr>\n<td>Mg<\/td>\n<td>30 g\/L<\/td>\n<\/tr>\n<tr>\n<td>Fe<\/td>\n<td>2 g\/L<\/td>\n<\/tr>\n<tr>\n<td>Mn<\/td>\n<td>2 g\/L<\/td>\n<\/tr>\n<tr>\n<td>Zn<\/td>\n<td>1 g\/L<\/td>\n<\/tr>\n<tr>\n<td>Boro<\/td>\n<td>2 g\/L<\/td>\n<\/tr>\n<tr>\n<td>Titanio<\/td>\n<td>1,8 g\/L<\/td>\n<\/tr>\n<tr>\n<td>Aldeh\u00eddo polihidrox\u00edlico<\/td>\n<td>50 g\/L<\/td>\n<\/tr>\n<tr>\n<td>Glutati\u00f3n<\/td>\n<td>0,5 g\/L<\/td>\n<\/tr>\n<tr>\n<td>Vitamina B3<\/td>\n<td>0,5 g\/L<\/td>\n<\/tr>\n<\/tbody>\n<\/table>\n<p><strong><b>Beneficios:<\/b><\/strong><br \/>\nDesarrollado espec\u00edficamente para la etapa de maduraci\u00f3n del color del tomate. Impulsa la s\u00edntesis uniforme de licopeno, eliminando eficazmente los problemas comunes durante la maduraci\u00f3n, como los hombros verdes y la maduraci\u00f3n irregular. Al mismo tiempo, fortalece el grosor de la cut\u00edcula de la piel del fruto, reduciendo significativamente el riesgo de agrietamiento del fruto y podredumbre blanda causada por la fragilidad de la piel durante el per\u00edodo de expansi\u00f3n\/maduraci\u00f3n, prolongando la vida \u00fatil despu\u00e9s de la cosecha. El titanio activa los canales de transporte de az\u00facar de la planta, y la vitamina B3 participa en el metabolismo de los carbohidratos; estos dos trabajan sin\u00e9rgicamente para promover la acumulaci\u00f3n de s\u00f3lidos solubles, impulsando el transporte eficiente de nutrientes (especialmente az\u00facares) dentro de la planta, ayudando a aumentar la dulzura del tomate. Adem\u00e1s, el hierro quelado, el manganeso y otros elementos de la f\u00f3rmula mantienen la eficiencia fotosint\u00e9tica de las hojas, proporcionando energ\u00eda continua para el proceso de maduraci\u00f3n y la acumulaci\u00f3n de nutrientes, aumentando a\u00fan m\u00e1s la acumulaci\u00f3n de materia seca del fruto. En \u00faltima instancia, da como resultado tomates madurados uniformemente, forma de fruto regordeta y pulpa firme, logrando un mayor rendimiento, mayor dulzura y mejora de la calidad.     <\/p>\n<p><strong><b>Cultivos aplicables:<\/b><\/strong> Tomate, hortalizas de fruto<\/p>\n<p><strong><b>Instrucciones de aplicaci\u00f3n:<\/b><\/strong><br \/>\n<strong><b>Pulverizaci\u00f3n foliar:<\/b><\/strong> Diluir 800-1000 veces. Aplicar a intervalos de 7-10 d\u00edas durante 2-3 aplicaciones consecutivas.<br \/>\n<strong><b>Fertirrigaci\u00f3n\/Riego por goteo:<\/b><\/strong> 15-30 L\/ha<\/p>\n<p><strong><b>Precauciones:<\/b><\/strong><\/p>\n<p>1. Evite mezclar con fertilizantes y pesticidas fuertemente \u00e1cidos o alcalinos, ya que esto puede afectar la eficacia del producto. Si se pretende mezclar con otros productos, primero realice una prueba de compatibilidad a peque\u00f1a escala. <\/p>\n<p>2. Puede ser necesaria una nueva aplicaci\u00f3n a una tasa reducida si se producen precipitaciones dentro de las 4 horas posteriores a la pulverizaci\u00f3n.<\/p>\n<p><strong><b>Almacenamiento:<\/b><\/strong><\/p>\n<p>1. Almacene y transporte en el envase original. Mantenga sellado en un lugar fresco y seco. <\/p>\n<p>2. Almacene por separado de alimentos, bebidas y piensos. Mantenga fuera del alcance de los ni\u00f1os y el ganado. <\/p>\n<p>Fecha de producci\u00f3n y n\u00famero de lote: Ver tap\u00f3n de la botella. Vida \u00fatil: 36 meses.<\/p>\n","protected":false},"excerpt":{"rendered":"<ul>\n<li>Amino\u00e1cidos libres: 100 g\/L<\/li>\n<li>Mg: 30 g\/L<\/li>\n<li>Fe: 2 g\/L<\/li>\n<li>Mn: 2 g\/L<\/li>\n<li>Zn: 1 g\/L<\/li>\n<li>Boro: 2 g\/L<\/li>\n<li>Titanio: 1,8 g\/L<\/li>\n<li>Aldeh\u00eddo polihidrox\u00edlico: 50 g\/L<\/li>\n<li>Glutati\u00f3n: 0,5 g\/L<\/li>\n<li>Vitamina B3: 0,5 g\/L<\/li>\n<\/ul>\n","protected":false},"featured_media":1404,"comment_status":"open","ping_status":"closed","template":"","meta":{"_acf_changed":false,"site-sidebar-layout":"default","site-content-layout":"","ast-site-content-layout":"default","site-content-style":"default","site-sidebar-style":"default","ast-global-header-display":"","ast-banner-title-visibility":"","ast-main-header-display":"","ast-hfb-above-header-display":"","ast-hfb-below-header-display":"","ast-hfb-mobile-header-display":"","site-post-title":"","ast-breadcrumbs-content":"","ast-featured-img":"","footer-sml-layout":"","ast-disable-related-posts":"","theme-transparent-header-meta":"default","adv-header-id-meta":"","stick-header-meta":"","header-above-stick-meta":"","header-main-stick-meta":"","header-below-stick-meta":"","astra-migrate-meta-layouts":"default","ast-page-background-enabled":"default","ast-page-background-meta":{"desktop":{"background-color":"var(--ast-global-color-5)","background-image":"","background-repeat":"repeat","background-position":"center center","background-size":"auto","background-attachment":"scroll","background-type":"","background-media":"","overlay-type":"","overlay-color":"","overlay-opacity":"","overlay-gradient":""},"tablet":{"background-color":"","background-image":"","background-repeat":"repeat","background-position":"center center","background-size":"auto","background-attachment":"scroll","background-type":"","background-media":"","overlay-type":"","overlay-color":"","overlay-opacity":"","overlay-gradient":""},"mobile":{"background-color":"","background-image":"","background-repeat":"repeat","background-position":"center center","background-size":"auto","background-attachment":"scroll","background-type":"","background-media":"","overlay-type":"","overlay-color":"","overlay-opacity":"","overlay-gradient":""}},"ast-content-background-meta":{"desktop":{"background-color":"var(--ast-global-color-4)","background-image":"","background-repeat":"repeat","background-position":"center center","background-size":"auto","background-attachment":"scroll","background-type":"","background-media":"","overlay-type":"","overlay-color":"","overlay-opacity":"","overlay-gradient":""},"tablet":{"background-color":"var(--ast-global-color-4)","background-image":"","background-repeat":"repeat","background-position":"center center","background-size":"auto","background-attachment":"scroll","background-type":"","background-media":"","overlay-type":"","overlay-color":"","overlay-opacity":"","overlay-gradient":""},"mobile":{"background-color":"var(--ast-global-color-4)","background-image":"","background-repeat":"repeat","background-position":"center center","background-size":"auto","background-attachment":"scroll","background-type":"","background-media":"","overlay-type":"","overlay-color":"","overlay-opacity":"","overlay-gradient":""}}},"product_brand":[],"product_cat":[181],"product_tag":[],"class_list":{"0":"post-1403","1":"product","2":"type-product","3":"status-publish","4":"has-post-thumbnail","6":"product_cat-cultivo-de-verduras-y-frutas","7":"desktop-align-left","8":"tablet-align-left","9":"mobile-align-left","11":"first","12":"instock","13":"taxable","14":"shipping-taxable","15":"product-type-simple"},"acf":[],"_links":{"self":[{"href":"https:\/\/maslbiotech.com\/es\/wp-json\/wp\/v2\/product\/1403","targetHints":{"allow":["GET"]}}],"collection":[{"href":"https:\/\/maslbiotech.com\/es\/wp-json\/wp\/v2\/product"}],"about":[{"href":"https:\/\/maslbiotech.com\/es\/wp-json\/wp\/v2\/types\/product"}],"replies":[{"embeddable":true,"href":"https:\/\/maslbiotech.com\/es\/wp-json\/wp\/v2\/comments?post=1403"}],"wp:featuredmedia":[{"embeddable":true,"href":"https:\/\/maslbiotech.com\/es\/wp-json\/wp\/v2\/media\/1404"}],"wp:attachment":[{"href":"https:\/\/maslbiotech.com\/es\/wp-json\/wp\/v2\/media?parent=1403"}],"wp:term":[{"taxonomy":"product_brand","embeddable":true,"href":"https:\/\/maslbiotech.com\/es\/wp-json\/wp\/v2\/product_brand?post=1403"},{"taxonomy":"product_cat","embeddable":true,"href":"https:\/\/maslbiotech.com\/es\/wp-json\/wp\/v2\/product_cat?post=1403"},{"taxonomy":"product_tag","embeddable":true,"href":"https:\/\/maslbiotech.com\/es\/wp-json\/wp\/v2\/product_tag?post=1403"}],"curies":[{"name":"wp","href":"https:\/\/api.w.org\/{rel}","templated":true}]}}