{"id":1414,"date":"2025-11-07T14:14:41","date_gmt":"2025-11-07T14:14:41","guid":{"rendered":"https:\/\/maslbiotech.com\/product\/fertilizante-especializado-para-hortalizas-de-hoja\/"},"modified":"2026-01-27T06:48:23","modified_gmt":"2026-01-27T06:48:23","slug":"fertilizante-especializado-para-hortalizas-de-hoja","status":"publish","type":"product","link":"https:\/\/maslbiotech.com\/es\/producto\/fertilizante-especializado-para-hortalizas-de-hoja\/","title":{"rendered":"Fertilizante especializado para hortalizas de hoja"},"content":{"rendered":"<h2><strong><b>LeafyMax &#8211; <\/b><\/strong><strong><b>Fertilizante especializado <\/b><\/strong><strong><b>para hortalizas de hoja<\/b><\/strong><\/h2>\n<h3><strong><b>Especificaciones t\u00e9cnicas:<\/b><\/strong><\/h3>\n<p>Amino\u00e1cidos \u2265100 g\/L, Cu+Fe+Mn+Zn+B+Mo \u226520 g\/L<\/p>\n<table>\n<tbody>\n<tr>\n<td>Ingrediente<\/td>\n<td>Concentraci\u00f3n<\/td>\n<\/tr>\n<tr>\n<td>Amino\u00e1cidos libres<\/td>\n<td>100 g\/L<\/td>\n<\/tr>\n<tr>\n<td>Mg<\/td>\n<td>30 g\/L<\/td>\n<\/tr>\n<tr>\n<td>Fe<\/td>\n<td>5 g\/L<\/td>\n<\/tr>\n<tr>\n<td>Mn<\/td>\n<td>2,5 g\/L<\/td>\n<\/tr>\n<tr>\n<td>Cu<\/td>\n<td>2,5 g\/L<\/td>\n<\/tr>\n<tr>\n<td>Zn<\/td>\n<td>10 g\/L<\/td>\n<\/tr>\n<tr>\n<td>Boro soluble en agua<\/td>\n<td>1 g\/L<\/td>\n<\/tr>\n<tr>\n<td>Vitamina B5<\/td>\n<td>1g\/L<\/td>\n<\/tr>\n<\/tbody>\n<\/table>\n<h3><strong><b>Beneficios:<\/b><\/strong><\/h3>\n<p>Este producto es un fertilizante funcional soluble en agua que contiene amino\u00e1cidos, dise\u00f1ado para promover el crecimiento y mejorar el enverdecimiento. Est\u00e1 cient\u00edficamente formulado con m\u00faltiples L-\u03b1 amino\u00e1cidos libres, nutrientes secundarios y micronutrientes, cofactores de la fotos\u00edntesis, vitamina B5 y otros componentes nutricionales. El rico contenido de magnesio, hierro, manganeso, cobre, zinc, boro y otros nutrientes secundarios\/micronutrientes quelados corrige las deficiencias de nutrientes, proporciona una eficiencia de fertilizaci\u00f3n duradera y garantiza una alta utilizaci\u00f3n. La vitamina B5 estimula eficazmente la secreci\u00f3n y la s\u00edntesis de clorofila, promoviendo la fotos\u00edntesis y la acumulaci\u00f3n de prote\u00ednas. Adem\u00e1s, este producto demuestra importantes efectos bacteriost\u00e1ticos, lo que aumenta enormemente la resistencia de los cultivos al estr\u00e9s.    <\/p>\n<p>Despu\u00e9s de la aplicaci\u00f3n, promueve significativamente un color verde vibrante en las hojas, aumenta el contenido de materia seca dentro de los tejidos y mejora el color y el rendimiento. Cuando se utiliza en la etapa de pl\u00e1ntula, acorta el per\u00edodo de establecimiento, promueve el desarrollo de las ra\u00edces y mejora las tasas de supervivencia. <\/p>\n<p><strong><b>Cultivos aplicables: <\/b><\/strong>hortalizas de hoja: lechuga, lechuga china, espinaca, col rizada, repollo, perejil, cebollino&#8230;<\/p>\n<h2><strong><b>Instrucciones de aplicaci\u00f3n:<\/b><\/strong><\/h2>\n<p><strong><b>Pulverizaci\u00f3n foliar:<\/b><\/strong> Diluir 800-1000 veces. Aplicar a intervalos de 7-10 d\u00edas durante 2-3 aplicaciones consecutivas.<br \/>\n<strong><b>Fertirrigaci\u00f3n\/Riego por goteo:<\/b><\/strong> 15-30 L\/ha<\/p>\n<h3><strong><b>Precauciones:<\/b><\/strong><\/h3>\n<p>1. Evite mezclar con fertilizantes y pesticidas fuertemente \u00e1cidos o alcalinos, ya que esto puede afectar la eficacia del producto. Si se pretende mezclar con otros productos, primero realice una prueba de compatibilidad a peque\u00f1a escala. <\/p>\n<p>2. Puede ser necesaria una nueva aplicaci\u00f3n a una tasa reducida si se producen precipitaciones dentro de las 4 horas posteriores a la pulverizaci\u00f3n.<\/p>\n<h3><strong><b>Almacenamiento:<\/b><\/strong><\/h3>\n<p>1. Almacene y transporte en el envase original. Mantenga sellado en un lugar fresco y seco. <\/p>\n<p>2. Almacene por separado de alimentos, bebidas y piensos. Mantenga fuera del alcance de los ni\u00f1os y el ganado. <\/p>\n<p>Fecha de producci\u00f3n y n\u00famero de lote: Ver tap\u00f3n de la botella. Vida \u00fatil: 36 meses.<\/p>\n","protected":false},"excerpt":{"rendered":"<ul>\n<li>Amino\u00e1cidos libres: 100 g\/L<\/li>\n<li>Mg: 30 g\/L<\/li>\n<li>Fe: 5 g\/L<\/li>\n<li>Mn: 2,5 g\/L<\/li>\n<li>Cu: 2,5 g\/L<\/li>\n<li>Zn: 10 g\/L<\/li>\n<li>Boro soluble en agua: 1 g\/L<\/li>\n<li>Vitamina B5: 1 g\/L<\/li>\n<\/ul>\n","protected":false},"featured_media":1416,"comment_status":"open","ping_status":"closed","template":"","meta":{"_acf_changed":false,"site-sidebar-layout":"default","site-content-layout":"","ast-site-content-layout":"default","site-content-style":"default","site-sidebar-style":"default","ast-global-header-display":"","ast-banner-title-visibility":"","ast-main-header-display":"","ast-hfb-above-header-display":"","ast-hfb-below-header-display":"","ast-hfb-mobile-header-display":"","site-post-title":"","ast-breadcrumbs-content":"","ast-featured-img":"","footer-sml-layout":"","ast-disable-related-posts":"","theme-transparent-header-meta":"default","adv-header-id-meta":"","stick-header-meta":"","header-above-stick-meta":"","header-main-stick-meta":"","header-below-stick-meta":"","astra-migrate-meta-layouts":"default","ast-page-background-enabled":"default","ast-page-background-meta":{"desktop":{"background-color":"var(--ast-global-color-5)","background-image":"","background-repeat":"repeat","background-position":"center center","background-size":"auto","background-attachment":"scroll","background-type":"","background-media":"","overlay-type":"","overlay-color":"","overlay-opacity":"","overlay-gradient":""},"tablet":{"background-color":"","background-image":"","background-repeat":"repeat","background-position":"center center","background-size":"auto","background-attachment":"scroll","background-type":"","background-media":"","overlay-type":"","overlay-color":"","overlay-opacity":"","overlay-gradient":""},"mobile":{"background-color":"","background-image":"","background-repeat":"repeat","background-position":"center center","background-size":"auto","background-attachment":"scroll","background-type":"","background-media":"","overlay-type":"","overlay-color":"","overlay-opacity":"","overlay-gradient":""}},"ast-content-background-meta":{"desktop":{"background-color":"var(--ast-global-color-4)","background-image":"","background-repeat":"repeat","background-position":"center center","background-size":"auto","background-attachment":"scroll","background-type":"","background-media":"","overlay-type":"","overlay-color":"","overlay-opacity":"","overlay-gradient":""},"tablet":{"background-color":"var(--ast-global-color-4)","background-image":"","background-repeat":"repeat","background-position":"center center","background-size":"auto","background-attachment":"scroll","background-type":"","background-media":"","overlay-type":"","overlay-color":"","overlay-opacity":"","overlay-gradient":""},"mobile":{"background-color":"var(--ast-global-color-4)","background-image":"","background-repeat":"repeat","background-position":"center center","background-size":"auto","background-attachment":"scroll","background-type":"","background-media":"","overlay-type":"","overlay-color":"","overlay-opacity":"","overlay-gradient":""}}},"product_brand":[],"product_cat":[181],"product_tag":[246,247],"class_list":{"0":"post-1414","1":"product","2":"type-product","3":"status-publish","4":"has-post-thumbnail","6":"product_cat-cultivo-de-verduras-y-frutas","7":"product_tag-fertilizante-especializado-para-hortalizas-de-hoja","8":"product_tag-fertilizante-foliar-con-aminoacidos","9":"desktop-align-left","10":"tablet-align-left","11":"mobile-align-left","13":"first","14":"instock","15":"taxable","16":"shipping-taxable","17":"product-type-simple"},"acf":[],"_links":{"self":[{"href":"https:\/\/maslbiotech.com\/es\/wp-json\/wp\/v2\/product\/1414","targetHints":{"allow":["GET"]}}],"collection":[{"href":"https:\/\/maslbiotech.com\/es\/wp-json\/wp\/v2\/product"}],"about":[{"href":"https:\/\/maslbiotech.com\/es\/wp-json\/wp\/v2\/types\/product"}],"replies":[{"embeddable":true,"href":"https:\/\/maslbiotech.com\/es\/wp-json\/wp\/v2\/comments?post=1414"}],"wp:featuredmedia":[{"embeddable":true,"href":"https:\/\/maslbiotech.com\/es\/wp-json\/wp\/v2\/media\/1416"}],"wp:attachment":[{"href":"https:\/\/maslbiotech.com\/es\/wp-json\/wp\/v2\/media?parent=1414"}],"wp:term":[{"taxonomy":"product_brand","embeddable":true,"href":"https:\/\/maslbiotech.com\/es\/wp-json\/wp\/v2\/product_brand?post=1414"},{"taxonomy":"product_cat","embeddable":true,"href":"https:\/\/maslbiotech.com\/es\/wp-json\/wp\/v2\/product_cat?post=1414"},{"taxonomy":"product_tag","embeddable":true,"href":"https:\/\/maslbiotech.com\/es\/wp-json\/wp\/v2\/product_tag?post=1414"}],"curies":[{"name":"wp","href":"https:\/\/api.w.org\/{rel}","templated":true}]}}