{"id":1420,"date":"2025-11-07T14:06:34","date_gmt":"2025-11-07T14:06:34","guid":{"rendered":"https:\/\/maslbiotech.com\/product\/fertilizante-especial-para-la-expansion-del-fruto-del-tomate\/"},"modified":"2026-01-27T06:50:29","modified_gmt":"2026-01-27T06:50:29","slug":"fertilizante-especial-para-la-expansion-del-fruto-del-tomate","status":"publish","type":"product","link":"https:\/\/maslbiotech.com\/es\/producto\/fertilizante-especial-para-la-expansion-del-fruto-del-tomate\/","title":{"rendered":"Fertilizante especial para la expansi\u00f3n del fruto del tomate"},"content":{"rendered":"<h2><strong><b>Tomato-Swell | <\/b><\/strong><strong>Tomate<\/strong><strong> <\/strong><strong>Fertilizante especial para la expansi\u00f3n del fruto<\/strong><strong>Specialty Fertilizer<\/strong><\/h2>\n<h3><strong><b>Especificaciones t\u00e9cnicas:<\/b><\/strong><\/h3>\n<p>Amino\u00e1cidos \u2265100 g\/L, Cu+Fe+Mn+Zn+B+Mo \u226520 g\/L<\/p>\n<table>\n<tbody>\n<tr>\n<td>Ingrediente<\/td>\n<td>Concentraci\u00f3n<\/td>\n<\/tr>\n<tr>\n<td>Amino\u00e1cidos libres<\/td>\n<td>100 g\/L<\/td>\n<\/tr>\n<tr>\n<td>Ca<\/td>\n<td>5 g\/L<\/td>\n<\/tr>\n<tr>\n<td>Fe<\/td>\n<td>5,5 g\/L<\/td>\n<\/tr>\n<tr>\n<td>Mn<\/td>\n<td>4 g\/L<\/td>\n<\/tr>\n<tr>\n<td>Cu<\/td>\n<td>0,5 g\/L<\/td>\n<\/tr>\n<tr>\n<td>Zn<\/td>\n<td>5 g\/L<\/td>\n<\/tr>\n<tr>\n<td>Boro<\/td>\n<td>5 g\/L<\/td>\n<\/tr>\n<tr>\n<td>Glucosamina<\/td>\n<td>1 g\/L<\/td>\n<\/tr>\n<tr>\n<td>\u00c1cido poliglut\u00e1mico (PGA)<\/td>\n<td>0,5 g\/L<\/td>\n<\/tr>\n<\/tbody>\n<\/table>\n<p><strong><b>Beneficios:<\/b><\/strong><br \/>\nDesarrollado espec\u00edficamente para la etapa de expansi\u00f3n del fruto del tomate. Utiliza m\u00faltiples L-\u03b1 amino\u00e1cidos libres como portador nutricional principal, cient\u00edficamente equilibrado con micronutrientes\/secundarios quelatados, glucosamina y \u00e1cido poliglut\u00e1mico, construyendo un sistema eficiente de suministro y absorci\u00f3n de nutrientes, precisamente adaptado a las necesidades de la etapa de expansi\u00f3n del tomate. El \u00e1cido poliglut\u00e1mico y los amino\u00e1cidos trabajan sin\u00e9rgicamente para activar la vitalidad de la absorci\u00f3n de la ra\u00edz del tomate, acelerar la absorci\u00f3n y el transporte de varios nutrientes, cooperando con el hierro y el manganeso quelatados para mejorar la eficiencia fotosint\u00e9tica de las hojas, impulsando la conversi\u00f3n direccional de los productos fotosint\u00e9ticos a los frutos. El calcio quelatado puede mejorar significativamente la resistencia de la pared celular de la piel del fruto del tomate, previniendo eficazmente el agrietamiento del fruto y la podredumbre apical causados por la deficiencia de calcio durante la expansi\u00f3n, al tiempo que evita problemas de podredumbre blanda derivados de la piel fr\u00e1gil. La glucosamina activa la actividad enzim\u00e1tica relacionada con la divisi\u00f3n y expansi\u00f3n de las c\u00e9lulas del fruto, lo que ayuda a la expansi\u00f3n uniforme del fruto del tomate, reduce los frutos malformados y trabaja con el zinc y el boro quelatados para promover a\u00fan m\u00e1s la conversi\u00f3n de nutrientes en az\u00facares, lo que ayuda a la acumulaci\u00f3n de az\u00facar en los frutos. En \u00faltima instancia, da como resultado una pulpa de tomate firme, una forma de fruto regular y mejora la calidad del cultivo.     <\/p>\n<p><strong><b>Cultivos aplicables:<\/b><\/strong> Tomate, hortalizas de fruto<\/p>\n<p><strong><b>Instrucciones de aplicaci\u00f3n:<\/b><\/strong><br \/>\n<strong><b>Pulverizaci\u00f3n foliar:<\/b><\/strong> Diluir 800-1000 veces. Aplicar a intervalos de 7-10 d\u00edas durante 2-3 aplicaciones consecutivas.<br \/>\n<strong><b>Fertirrigaci\u00f3n\/Riego por goteo:<\/b><\/strong> 15-30 L\/ha<\/p>\n<p><strong><b>Precauciones:<\/b><\/strong><\/p>\n<p>1. Evite mezclar con fertilizantes y pesticidas fuertemente \u00e1cidos o alcalinos, ya que esto puede afectar la eficacia del producto. Si se pretende mezclar con otros productos, primero realice una prueba de compatibilidad a peque\u00f1a escala. <\/p>\n<p>2. Puede ser necesaria una nueva aplicaci\u00f3n a una tasa reducida si se producen precipitaciones dentro de las 4 horas posteriores a la pulverizaci\u00f3n.<\/p>\n<p><strong><b>Almacenamiento:<\/b><\/strong><\/p>\n<p>1. Almacene y transporte en el envase original. Mantenga sellado en un lugar fresco y seco. <\/p>\n<p>2. Almacene por separado de alimentos, bebidas y piensos. Mantenga fuera del alcance de los ni\u00f1os y el ganado. <\/p>\n<p>Fecha de producci\u00f3n y n\u00famero de lote: Ver tap\u00f3n de la botella. Vida \u00fatil: 36 meses.<\/p>\n","protected":false},"excerpt":{"rendered":"<ul>\n<li>Amino\u00e1cidos libres: 100 g\/L<\/li>\n<li>Ca: 5 g\/L<\/li>\n<li>Fe: 5,5 g\/L<\/li>\n<li>Mn: 4 g\/L<\/li>\n<li>Cu: 0,5 g\/L<\/li>\n<li>Zn: 5 g\/L<\/li>\n<li>Boro: 5 g\/L<\/li>\n<li>Glucosamina: 1 g\/L<\/li>\n<li>\u00c1cido poliglut\u00e1mico (PGA): 0,5 g\/L<\/li>\n<\/ul>\n","protected":false},"featured_media":1422,"comment_status":"open","ping_status":"closed","template":"","meta":{"_acf_changed":false,"site-sidebar-layout":"default","site-content-layout":"","ast-site-content-layout":"default","site-content-style":"default","site-sidebar-style":"default","ast-global-header-display":"","ast-banner-title-visibility":"","ast-main-header-display":"","ast-hfb-above-header-display":"","ast-hfb-below-header-display":"","ast-hfb-mobile-header-display":"","site-post-title":"","ast-breadcrumbs-content":"","ast-featured-img":"","footer-sml-layout":"","ast-disable-related-posts":"","theme-transparent-header-meta":"default","adv-header-id-meta":"","stick-header-meta":"","header-above-stick-meta":"","header-main-stick-meta":"","header-below-stick-meta":"","astra-migrate-meta-layouts":"default","ast-page-background-enabled":"default","ast-page-background-meta":{"desktop":{"background-color":"var(--ast-global-color-5)","background-image":"","background-repeat":"repeat","background-position":"center center","background-size":"auto","background-attachment":"scroll","background-type":"","background-media":"","overlay-type":"","overlay-color":"","overlay-opacity":"","overlay-gradient":""},"tablet":{"background-color":"","background-image":"","background-repeat":"repeat","background-position":"center center","background-size":"auto","background-attachment":"scroll","background-type":"","background-media":"","overlay-type":"","overlay-color":"","overlay-opacity":"","overlay-gradient":""},"mobile":{"background-color":"","background-image":"","background-repeat":"repeat","background-position":"center center","background-size":"auto","background-attachment":"scroll","background-type":"","background-media":"","overlay-type":"","overlay-color":"","overlay-opacity":"","overlay-gradient":""}},"ast-content-background-meta":{"desktop":{"background-color":"var(--ast-global-color-4)","background-image":"","background-repeat":"repeat","background-position":"center center","background-size":"auto","background-attachment":"scroll","background-type":"","background-media":"","overlay-type":"","overlay-color":"","overlay-opacity":"","overlay-gradient":""},"tablet":{"background-color":"var(--ast-global-color-4)","background-image":"","background-repeat":"repeat","background-position":"center center","background-size":"auto","background-attachment":"scroll","background-type":"","background-media":"","overlay-type":"","overlay-color":"","overlay-opacity":"","overlay-gradient":""},"mobile":{"background-color":"var(--ast-global-color-4)","background-image":"","background-repeat":"repeat","background-position":"center center","background-size":"auto","background-attachment":"scroll","background-type":"","background-media":"","overlay-type":"","overlay-color":"","overlay-opacity":"","overlay-gradient":""}}},"product_brand":[],"product_cat":[181],"product_tag":[],"class_list":{"0":"post-1420","1":"product","2":"type-product","3":"status-publish","4":"has-post-thumbnail","6":"product_cat-cultivo-de-verduras-y-frutas","7":"desktop-align-left","8":"tablet-align-left","9":"mobile-align-left","11":"first","12":"instock","13":"taxable","14":"shipping-taxable","15":"product-type-simple"},"acf":[],"_links":{"self":[{"href":"https:\/\/maslbiotech.com\/es\/wp-json\/wp\/v2\/product\/1420","targetHints":{"allow":["GET"]}}],"collection":[{"href":"https:\/\/maslbiotech.com\/es\/wp-json\/wp\/v2\/product"}],"about":[{"href":"https:\/\/maslbiotech.com\/es\/wp-json\/wp\/v2\/types\/product"}],"replies":[{"embeddable":true,"href":"https:\/\/maslbiotech.com\/es\/wp-json\/wp\/v2\/comments?post=1420"}],"wp:featuredmedia":[{"embeddable":true,"href":"https:\/\/maslbiotech.com\/es\/wp-json\/wp\/v2\/media\/1422"}],"wp:attachment":[{"href":"https:\/\/maslbiotech.com\/es\/wp-json\/wp\/v2\/media?parent=1420"}],"wp:term":[{"taxonomy":"product_brand","embeddable":true,"href":"https:\/\/maslbiotech.com\/es\/wp-json\/wp\/v2\/product_brand?post=1420"},{"taxonomy":"product_cat","embeddable":true,"href":"https:\/\/maslbiotech.com\/es\/wp-json\/wp\/v2\/product_cat?post=1420"},{"taxonomy":"product_tag","embeddable":true,"href":"https:\/\/maslbiotech.com\/es\/wp-json\/wp\/v2\/product_tag?post=1420"}],"curies":[{"name":"wp","href":"https:\/\/api.w.org\/{rel}","templated":true}]}}