{"id":1423,"date":"2025-11-05T14:24:42","date_gmt":"2025-11-05T14:24:42","guid":{"rendered":"https:\/\/maslbiotech.com\/product\/fertilizante-especializado-para-el-engrosamiento-del-bulbo-de-cebolla\/"},"modified":"2026-01-27T07:02:25","modified_gmt":"2026-01-27T07:02:25","slug":"fertilizante-especializado-para-el-engrosamiento-del-bulbo-de-cebolla","status":"publish","type":"product","link":"https:\/\/maslbiotech.com\/es\/producto\/fertilizante-especializado-para-el-engrosamiento-del-bulbo-de-cebolla\/","title":{"rendered":"Fertilizante especializado para el engrosamiento del bulbo de cebolla"},"content":{"rendered":"<h2><strong>Constructor<\/strong><strong> <\/strong><strong>de cebollas &#8211; <\/strong><strong>Fertilizante especializado<\/strong><strong> para el engrosamiento del bulbo de cebolla<\/strong><\/h2>\n<h3><strong><b>Especificaciones t\u00e9cnicas:<\/b><\/strong><\/h3>\n<p>Amino\u00e1cidos \u2265100 g\/L, Cu+Fe+Mn+Zn+B+Mo \u226520 g\/L<\/p>\n<table>\n<tbody>\n<tr>\n<td>Ingrediente<\/td>\n<td>Concentraci\u00f3n<\/td>\n<\/tr>\n<tr>\n<td>Amino\u00e1cidos libres<\/td>\n<td>100 g\/L<\/td>\n<\/tr>\n<tr>\n<td>Ca<\/td>\n<td>5 g\/L<\/td>\n<\/tr>\n<tr>\n<td>Fe<\/td>\n<td>5,5 g\/L<\/td>\n<\/tr>\n<tr>\n<td>Mn<\/td>\n<td>4 g\/L<\/td>\n<\/tr>\n<tr>\n<td>Cu<\/td>\n<td>0,5 g\/L<\/td>\n<\/tr>\n<tr>\n<td>\n<h3>Zn<\/h3>\n<\/td>\n<td>5 g\/L<\/td>\n<\/tr>\n<tr>\n<td>Boro<\/td>\n<td>5 g\/L<\/td>\n<\/tr>\n<tr>\n<td>\u00c1cido poliglut\u00e1mico (PGA)<\/td>\n<td>0,5 g\/L<\/td>\n<\/tr>\n<tr>\n<td>Polip\u00e9ptidos<\/td>\n<td>0,5 g\/L<\/td>\n<\/tr>\n<\/tbody>\n<\/table>\n<h3><strong><b>Beneficios:<\/b><\/strong><\/h3>\n<p>Desarrollado espec\u00edficamente para la etapa de engrosamiento del bulbo de cebolla. Utiliza amino\u00e1cidos L-\u03b1 libres altamente activos como portador de energ\u00eda central, cient\u00edficamente combinado con m\u00faltiples fuentes de micronutrientes\/secundarios quelatados y componentes bioactivos espec\u00edficos, abordando sistem\u00e1ticamente los desaf\u00edos centrales durante el engrosamiento, como la divisi\u00f3n del bulbo, la malformaci\u00f3n, la acumulaci\u00f3n insuficiente de materia seca y la sensibilidad al estr\u00e9s ambiental. Activa fuertemente la red metab\u00f3lica fuente-sumidero a trav\u00e9s de m\u00faltiples amino\u00e1cidos, impulsando la acumulaci\u00f3n eficiente de productos fotosint\u00e9ticos en el bulbo. El calcio y el boro quelatados trabajan sin\u00e9rgicamente para mejorar la resistencia de la pared celular de la escama y la divisi\u00f3n ordenada de los tejidos meristem\u00e1ticos, suprimiendo la divisi\u00f3n en la causa ra\u00edz y asegurando bulbos firmes y redondos. El m\u00f3dulo compuesto de \u00e1cido poliglut\u00e1mico-polip\u00e9ptido a\u00f1adido de forma innovadora mejora significativamente la adaptabilidad del microambiente de la rizosfera, inhibe la colonizaci\u00f3n por Fusarium y pat\u00f3genos de la mancha p\u00farpura, al tiempo que mejora la capacidad de amortiguaci\u00f3n fisiol\u00f3gica contra condiciones alternas de sequedad\/calor y estr\u00e9s salino. En \u00faltima instancia, logra un salto sin\u00e9rgico en la tasa de engrosamiento del bulbo y la calidad\/sabor, promoviendo una mejor suavidad de la piel y el enriquecimiento de compuestos de sabor (\u00e1cido pir\u00favico, tio\u00e9teres), logrando altos rendimientos y objetivos de calidad superior.     <\/p>\n<p><strong><b> <\/b><\/strong><strong><b>Cultivos <\/b><\/strong><strong><b>a los que se puede aplicar<\/b><\/strong><strong><b>:<\/b><\/strong><strong><b> <\/b><\/strong>Cebolla,<strong><b> <\/b><\/strong>Cultivos de ra\u00edz y tub\u00e9rculo<\/p>\n<h2><strong><b> <\/b><\/strong><strong><b>Instrucciones de aplicaci\u00f3n:<\/b><\/strong><\/h2>\n<p><strong><b>Pulverizaci\u00f3n foliar:<\/b><\/strong> Diluir 800-1000 veces. Aplicar a intervalos de 7-10 d\u00edas durante 2-3 aplicaciones consecutivas.<br \/>\n<strong><b>Fertirrigaci\u00f3n\/Riego por goteo:<\/b><\/strong> 15-30 L\/ha<\/p>\n<h3><strong><b>Precauciones:<\/b><\/strong><\/h3>\n<p>1. Evite mezclar con fertilizantes y pesticidas fuertemente \u00e1cidos o alcalinos, ya que esto puede afectar la eficacia del producto. Si se pretende mezclar con otros productos, primero realice una prueba de compatibilidad a peque\u00f1a escala. <\/p>\n<p>2. Puede ser necesaria una nueva aplicaci\u00f3n a una tasa reducida si se producen precipitaciones dentro de las 4 horas posteriores a la pulverizaci\u00f3n.<\/p>\n<h3><strong><b>Almacenamiento:<\/b><\/strong><\/h3>\n<p>1. Almacene y transporte en el envase original. Mantenga sellado en un lugar fresco y seco. <\/p>\n<p>2. Almacene por separado de alimentos, bebidas y piensos. Mantenga fuera del alcance de los ni\u00f1os y el ganado. <\/p>\n<p>Fecha de producci\u00f3n y n\u00famero de lote: Ver tap\u00f3n de la botella. Vida \u00fatil: 36 meses.<\/p>\n","protected":false},"excerpt":{"rendered":"<ul>\n<li>Amino\u00e1cidos libres: 100 g\/L<\/li>\n<li>Ca: 5 g\/L<\/li>\n<li>Fe: 5,5 g\/L<\/li>\n<li>Mn: 4 g\/L<\/li>\n<li>Cu: 0,5 g\/L<\/li>\n<li>Zn: 5 g\/L<\/li>\n<li>Boro: 5 g\/L<\/li>\n<li>\u00c1cido poliglut\u00e1mico (PGA): 0,5 g\/L<\/li>\n<li>Polip\u00e9ptidos: 0,5 g\/L<\/li>\n<\/ul>\n","protected":false},"featured_media":1425,"comment_status":"open","ping_status":"closed","template":"","meta":{"_acf_changed":false,"site-sidebar-layout":"default","site-content-layout":"","ast-site-content-layout":"default","site-content-style":"default","site-sidebar-style":"default","ast-global-header-display":"","ast-banner-title-visibility":"","ast-main-header-display":"","ast-hfb-above-header-display":"","ast-hfb-below-header-display":"","ast-hfb-mobile-header-display":"","site-post-title":"","ast-breadcrumbs-content":"","ast-featured-img":"","footer-sml-layout":"","ast-disable-related-posts":"","theme-transparent-header-meta":"default","adv-header-id-meta":"","stick-header-meta":"","header-above-stick-meta":"","header-main-stick-meta":"","header-below-stick-meta":"","astra-migrate-meta-layouts":"default","ast-page-background-enabled":"default","ast-page-background-meta":{"desktop":{"background-color":"var(--ast-global-color-5)","background-image":"","background-repeat":"repeat","background-position":"center center","background-size":"auto","background-attachment":"scroll","background-type":"","background-media":"","overlay-type":"","overlay-color":"","overlay-opacity":"","overlay-gradient":""},"tablet":{"background-color":"","background-image":"","background-repeat":"repeat","background-position":"center center","background-size":"auto","background-attachment":"scroll","background-type":"","background-media":"","overlay-type":"","overlay-color":"","overlay-opacity":"","overlay-gradient":""},"mobile":{"background-color":"","background-image":"","background-repeat":"repeat","background-position":"center center","background-size":"auto","background-attachment":"scroll","background-type":"","background-media":"","overlay-type":"","overlay-color":"","overlay-opacity":"","overlay-gradient":""}},"ast-content-background-meta":{"desktop":{"background-color":"var(--ast-global-color-4)","background-image":"","background-repeat":"repeat","background-position":"center center","background-size":"auto","background-attachment":"scroll","background-type":"","background-media":"","overlay-type":"","overlay-color":"","overlay-opacity":"","overlay-gradient":""},"tablet":{"background-color":"var(--ast-global-color-4)","background-image":"","background-repeat":"repeat","background-position":"center center","background-size":"auto","background-attachment":"scroll","background-type":"","background-media":"","overlay-type":"","overlay-color":"","overlay-opacity":"","overlay-gradient":""},"mobile":{"background-color":"var(--ast-global-color-4)","background-image":"","background-repeat":"repeat","background-position":"center center","background-size":"auto","background-attachment":"scroll","background-type":"","background-media":"","overlay-type":"","overlay-color":"","overlay-opacity":"","overlay-gradient":""}}},"product_brand":[],"product_cat":[180],"product_tag":[252,250,251],"class_list":{"0":"post-1423","1":"product","2":"type-product","3":"status-publish","4":"has-post-thumbnail","6":"product_cat-cultivo-de-raices-y-tuberculos","7":"product_tag-aumentador-del-rendimiento-de-la-cebolla","8":"product_tag-fertilizante-especializado-para-el-engrosamiento-del-bulbo-de-cebolla","9":"product_tag-fertilizante-para-el-agrandamiento-del-bulbo-de-cebolla","10":"desktop-align-left","11":"tablet-align-left","12":"mobile-align-left","14":"first","15":"instock","16":"taxable","17":"shipping-taxable","18":"product-type-simple"},"acf":[],"_links":{"self":[{"href":"https:\/\/maslbiotech.com\/es\/wp-json\/wp\/v2\/product\/1423","targetHints":{"allow":["GET"]}}],"collection":[{"href":"https:\/\/maslbiotech.com\/es\/wp-json\/wp\/v2\/product"}],"about":[{"href":"https:\/\/maslbiotech.com\/es\/wp-json\/wp\/v2\/types\/product"}],"replies":[{"embeddable":true,"href":"https:\/\/maslbiotech.com\/es\/wp-json\/wp\/v2\/comments?post=1423"}],"wp:featuredmedia":[{"embeddable":true,"href":"https:\/\/maslbiotech.com\/es\/wp-json\/wp\/v2\/media\/1425"}],"wp:attachment":[{"href":"https:\/\/maslbiotech.com\/es\/wp-json\/wp\/v2\/media?parent=1423"}],"wp:term":[{"taxonomy":"product_brand","embeddable":true,"href":"https:\/\/maslbiotech.com\/es\/wp-json\/wp\/v2\/product_brand?post=1423"},{"taxonomy":"product_cat","embeddable":true,"href":"https:\/\/maslbiotech.com\/es\/wp-json\/wp\/v2\/product_cat?post=1423"},{"taxonomy":"product_tag","embeddable":true,"href":"https:\/\/maslbiotech.com\/es\/wp-json\/wp\/v2\/product_tag?post=1423"}],"curies":[{"name":"wp","href":"https:\/\/api.w.org\/{rel}","templated":true}]}}