{"id":1437,"date":"2025-10-27T03:48:47","date_gmt":"2025-10-27T03:48:47","guid":{"rendered":"https:\/\/maslbiotech.com\/product\/fertilizante-especializado-para-trigo-en-etapa-tardia\/"},"modified":"2026-01-27T07:55:15","modified_gmt":"2026-01-27T07:55:15","slug":"fertilizante-especializado-para-trigo-en-etapa-tardia","status":"publish","type":"product","link":"https:\/\/maslbiotech.com\/es\/producto\/fertilizante-especializado-para-trigo-en-etapa-tardia\/","title":{"rendered":"Fertilizante especializado para trigo en etapa tard\u00eda"},"content":{"rendered":"<h2><strong>Rendimiento de trigo &#8211; <\/strong><strong>Etapa tard\u00eda del trigo <\/strong><strong><b>Fertilizante especializado<\/b><\/strong><\/h2>\n<h3><strong><b>Especificaciones t\u00e9cnicas:<\/b><\/strong><\/h3>\n<p>Amino\u00e1cidos libres \u2265100 g\/L, Ca+Mg \u226530 g\/L<\/p>\n<table>\n<tbody>\n<tr>\n<td width=\"152\">Amino\u00e1cidos libres:<\/td>\n<td width=\"105\">100 g\/L<\/td>\n<td width=\"162\">Mg:<\/td>\n<td width=\"93\">30 g\/L<\/td>\n<td width=\"80\">Zn:<\/td>\n<td width=\"69\">2,5 g\/L<\/td>\n<\/tr>\n<tr>\n<td width=\"152\">Boro soluble en agua:<\/td>\n<td width=\"105\">2,5 g\/L<\/td>\n<td width=\"162\">\u00c1cido poliglut\u00e1mico<\/td>\n<td width=\"93\">0,5 g\/L<\/td>\n<td width=\"80\">\/<\/td>\n<td width=\"69\">\/<\/td>\n<\/tr>\n<\/tbody>\n<\/table>\n<h3><strong><b>Beneficios:<\/b><\/strong><\/h3>\n<p>Desarrollado espec\u00edficamente para las necesidades de crecimiento del trigo de mitad a tard\u00edo. Los amino\u00e1cidos L-\u03b1 libres altamente activos promueven la diferenciaci\u00f3n de la espiga de trigo, apoyan la emergencia uniforme de la espiga y mejoran la tasa de formaci\u00f3n de la pan\u00edcula. Desde la floraci\u00f3n hasta las etapas de llenado del grano, activa la actividad fisiol\u00f3gica, sinergizando con el magnesio quelado para mantener la estabilidad de la clorofila y mejorar la eficiencia fotosint\u00e9tica, suministrando energ\u00eda para los granos. El zinc quelado activa la actividad de la sintasa de almid\u00f3n, trabajando con el boro para garantizar la vitalidad del polen y la calidad de la fertilizaci\u00f3n, reduciendo la degeneraci\u00f3n de las flores y los granos vac\u00edos, promoviendo la acumulaci\u00f3n de prote\u00ednas y almid\u00f3n para granos m\u00e1s rellenos y un mayor peso de mil granos. El \u00e1cido poliglut\u00e1mico especialmente a\u00f1adido ayuda a reducir la p\u00e9rdida de nutrientes, proporcionando una nutrici\u00f3n continua durante el llenado del grano, mejora la resistencia al estr\u00e9s contra el viento seco y caliente y las altas temperaturas, aumenta la actividad de la ra\u00edz, retrasa la senescencia de la planta, prolonga la duraci\u00f3n fotosint\u00e9tica de la hoja funcional, asegura el llenado completo del grano y contribuye tanto a la mejora del rendimiento como de la calidad.    <\/p>\n<p><strong><b>Cultivos <\/b><\/strong><strong><b>aplicables: <\/b><\/strong>trigo en etapa tard\u00eda<\/p>\n<h3><strong><b>Instrucciones de aplicaci\u00f3n:<\/b><\/strong><\/h3>\n<p><strong><b>Pulverizaci\u00f3n foliar:<\/b><\/strong> Diluir 800-1000 veces. Aplicar a intervalos de 7-10 d\u00edas, durante 2-3 aplicaciones consecutivas.<br \/>\n<strong><b>Fertirrigaci\u00f3n\/Riego por goteo:<\/b><\/strong> 15-30 L por hect\u00e1rea<\/p>\n<h3><strong><b>Precauciones:<\/b><\/strong><\/h3>\n<p>1. Evite mezclar con fertilizantes y pesticidas fuertemente \u00e1cidos o alcalinos, ya que esto puede afectar la eficacia del producto. Si se pretende mezclar con otros productos, primero realice una prueba de compatibilidad a peque\u00f1a escala. <\/p>\n<p>2. Puede ser necesaria una nueva aplicaci\u00f3n a una tasa reducida si se producen precipitaciones dentro de las 4 horas posteriores a la pulverizaci\u00f3n.<\/p>\n<h3><strong><b>Almacenamiento:<\/b><\/strong><\/h3>\n<p>1. Almacene y transporte en el envase original. Mantenga sellado en un lugar fresco y seco. <\/p>\n<p>2. Almacene por separado de alimentos, bebidas y piensos. Mantenga fuera del alcance de los ni\u00f1os y el ganado. <\/p>\n<p>Fecha de producci\u00f3n y n\u00famero de lote: Ver tap\u00f3n de la botella. Vida \u00fatil: 36 meses.<\/p>\n","protected":false},"excerpt":{"rendered":"<ul>\n<li>Amino\u00e1cidos libres: 100 g\/L<\/li>\n<li>Mg: 30 g\/L<\/li>\n<li>Zn: 2,5 g\/L<\/li>\n<li>Boro soluble en agua: 2,5 g\/L<\/li>\n<li>\u00c1cido poliglut\u00e1mico: 0,5 g\/L<\/li>\n<\/ul>\n","protected":false},"featured_media":1440,"comment_status":"open","ping_status":"closed","template":"","meta":{"_acf_changed":false,"site-sidebar-layout":"default","site-content-layout":"","ast-site-content-layout":"default","site-content-style":"default","site-sidebar-style":"default","ast-global-header-display":"","ast-banner-title-visibility":"","ast-main-header-display":"","ast-hfb-above-header-display":"","ast-hfb-below-header-display":"","ast-hfb-mobile-header-display":"","site-post-title":"","ast-breadcrumbs-content":"","ast-featured-img":"","footer-sml-layout":"","ast-disable-related-posts":"","theme-transparent-header-meta":"default","adv-header-id-meta":"","stick-header-meta":"","header-above-stick-meta":"","header-main-stick-meta":"","header-below-stick-meta":"","astra-migrate-meta-layouts":"default","ast-page-background-enabled":"default","ast-page-background-meta":{"desktop":{"background-color":"var(--ast-global-color-5)","background-image":"","background-repeat":"repeat","background-position":"center center","background-size":"auto","background-attachment":"scroll","background-type":"","background-media":"","overlay-type":"","overlay-color":"","overlay-opacity":"","overlay-gradient":""},"tablet":{"background-color":"","background-image":"","background-repeat":"repeat","background-position":"center center","background-size":"auto","background-attachment":"scroll","background-type":"","background-media":"","overlay-type":"","overlay-color":"","overlay-opacity":"","overlay-gradient":""},"mobile":{"background-color":"","background-image":"","background-repeat":"repeat","background-position":"center center","background-size":"auto","background-attachment":"scroll","background-type":"","background-media":"","overlay-type":"","overlay-color":"","overlay-opacity":"","overlay-gradient":""}},"ast-content-background-meta":{"desktop":{"background-color":"var(--ast-global-color-4)","background-image":"","background-repeat":"repeat","background-position":"center center","background-size":"auto","background-attachment":"scroll","background-type":"","background-media":"","overlay-type":"","overlay-color":"","overlay-opacity":"","overlay-gradient":""},"tablet":{"background-color":"var(--ast-global-color-4)","background-image":"","background-repeat":"repeat","background-position":"center center","background-size":"auto","background-attachment":"scroll","background-type":"","background-media":"","overlay-type":"","overlay-color":"","overlay-opacity":"","overlay-gradient":""},"mobile":{"background-color":"var(--ast-global-color-4)","background-image":"","background-repeat":"repeat","background-position":"center center","background-size":"auto","background-attachment":"scroll","background-type":"","background-media":"","overlay-type":"","overlay-color":"","overlay-opacity":"","overlay-gradient":""}}},"product_brand":[],"product_cat":[175],"product_tag":[265,264],"class_list":{"0":"post-1437","1":"product","2":"type-product","3":"status-publish","4":"has-post-thumbnail","6":"product_cat-cultivo-de-campo","7":"product_tag-fertilizante-de-micronutrientes-quelados","8":"product_tag-fertilizante-especializado-para-trigo","9":"desktop-align-left","10":"tablet-align-left","11":"mobile-align-left","13":"first","14":"instock","15":"taxable","16":"shipping-taxable","17":"product-type-simple"},"acf":[],"_links":{"self":[{"href":"https:\/\/maslbiotech.com\/es\/wp-json\/wp\/v2\/product\/1437","targetHints":{"allow":["GET"]}}],"collection":[{"href":"https:\/\/maslbiotech.com\/es\/wp-json\/wp\/v2\/product"}],"about":[{"href":"https:\/\/maslbiotech.com\/es\/wp-json\/wp\/v2\/types\/product"}],"replies":[{"embeddable":true,"href":"https:\/\/maslbiotech.com\/es\/wp-json\/wp\/v2\/comments?post=1437"}],"wp:featuredmedia":[{"embeddable":true,"href":"https:\/\/maslbiotech.com\/es\/wp-json\/wp\/v2\/media\/1440"}],"wp:attachment":[{"href":"https:\/\/maslbiotech.com\/es\/wp-json\/wp\/v2\/media?parent=1437"}],"wp:term":[{"taxonomy":"product_brand","embeddable":true,"href":"https:\/\/maslbiotech.com\/es\/wp-json\/wp\/v2\/product_brand?post=1437"},{"taxonomy":"product_cat","embeddable":true,"href":"https:\/\/maslbiotech.com\/es\/wp-json\/wp\/v2\/product_cat?post=1437"},{"taxonomy":"product_tag","embeddable":true,"href":"https:\/\/maslbiotech.com\/es\/wp-json\/wp\/v2\/product_tag?post=1437"}],"curies":[{"name":"wp","href":"https:\/\/api.w.org\/{rel}","templated":true}]}}