{"id":1446,"date":"2025-10-27T03:50:34","date_gmt":"2025-10-27T03:50:34","guid":{"rendered":"https:\/\/maslbiotech.com\/product\/fertilizante-especial-para-maiz-en-etapa-tardia\/"},"modified":"2026-01-27T07:54:57","modified_gmt":"2026-01-27T07:54:57","slug":"fertilizante-especial-para-maiz-en-etapa-tardia","status":"publish","type":"product","link":"https:\/\/maslbiotech.com\/es\/producto\/fertilizante-especial-para-maiz-en-etapa-tardia\/","title":{"rendered":"Fertilizante Especializado para la Etapa Tard\u00eda del Ma\u00edz"},"content":{"rendered":"<h2><strong><b>Ma\u00edz<\/b><\/strong><strong><b> <\/b><\/strong><strong><b>Llenado &#8211; <\/b><\/strong><strong><b>Fertilizante especial para ma\u00edz en etapa tard\u00eda<\/b><\/strong><strong><b>Specialty Fertilizer<\/b><\/strong><\/h2>\n<h3><strong><b>Especificaciones t\u00e9cnicas:<\/b><\/strong><\/h3>\n<p>Amino\u00e1cidos libres \u2265100 g\/L, Ca+Mg \u226530 g\/L<\/p>\n<table>\n<tbody>\n<tr>\n<td width=\"193\">Amino\u00e1cidos libres:<\/td>\n<td width=\"107\">100 g\/L<\/td>\n<td width=\"139\">Mg<\/td>\n<td width=\"102\">30 g\/L<\/td>\n<td width=\"75\">Zn:<\/td>\n<td width=\"98\">2,5 g\/L<\/td>\n<\/tr>\n<tr>\n<td width=\"193\">Boro soluble en agua:<\/td>\n<td width=\"107\">2,5 g\/L<\/td>\n<td width=\"139\">Glutati\u00f3n:<\/td>\n<td width=\"102\">0,2 g\/L<\/td>\n<td width=\"75\">\/<\/td>\n<td width=\"98\">\/<\/td>\n<\/tr>\n<\/tbody>\n<\/table>\n<h3><strong><b>Beneficios:<\/b><\/strong><\/h3>\n<p>Desarrollado espec\u00edficamente para las necesidades de crecimiento del ma\u00edz de mitad a fin de ciclo. Utiliza amino\u00e1cidos L-\u03b1 libres altamente activos como n\u00facleo, cient\u00edficamente combinado con magnesio, zinc y boro quelatados, y glutati\u00f3n especialmente a\u00f1adido, precisamente adaptado para los requisitos del ma\u00edz de mitad a fin de ciclo. Los amino\u00e1cidos L-\u03b1 libres altamente activos promueven la diferenciaci\u00f3n de la mazorca de ma\u00edz y el desarrollo de la espiga, apoyan la floraci\u00f3n masculina uniforme y mejoran el cuajado del grano. Desde las etapas de floraci\u00f3n femenina hasta el llenado del grano, activa la actividad fisiol\u00f3gica, sinergizando con el magnesio quelatado para mantener la estabilidad de la clorofila y mejorar la eficiencia fotosint\u00e9tica, proporcionando energ\u00eda continua para el llenado del grano. El zinc quelatado activa la actividad de la sintasa de almid\u00f3n, trabajando con el boro para asegurar la vitalidad del polen y la calidad de la fertilizaci\u00f3n, reduciendo el despunte y los granos vac\u00edos, promoviendo la acumulaci\u00f3n eficiente de prote\u00ednas y almid\u00f3n para granos m\u00e1s rellenos y un mayor peso de mil granos. El glutati\u00f3n especialmente a\u00f1adido, con sus grupos sulfhidrilo (-SH), elimina con precisi\u00f3n las especies reactivas de ox\u00edgeno bajo estr\u00e9s por alta temperatura y sequ\u00eda, reduciendo el da\u00f1o a la membrana celular. Simult\u00e1neamente regula las hormonas end\u00f3genas, promoviendo la translocaci\u00f3n de nutrientes a los granos durante el llenado, asegurando que el ma\u00edz complete el llenado y la maduraci\u00f3n del grano de forma estable, contribuyendo tanto a la mejora del rendimiento como de la calidad.      <\/p>\n<p><strong><b>Cultivos <\/b><\/strong><strong><b>a los que es <\/b><\/strong><strong><b>aplicable: <\/b><\/strong>ma\u00edz en etapa tard\u00eda<\/p>\n<h3><strong><b>Instrucciones de aplicaci\u00f3n:<\/b><\/strong><\/h3>\n<p><strong><b>Pulverizaci\u00f3n foliar:<\/b><\/strong> Diluir 800-1000 veces. Aplicar a intervalos de 7-10 d\u00edas, durante 2-3 aplicaciones consecutivas.<br \/>\n<strong><b>Fertirrigaci\u00f3n\/Riego por goteo:<\/b><\/strong> 15-30 L por hect\u00e1rea<\/p>\n<h3><strong><b>Precauciones:<\/b><\/strong><\/h3>\n<p>1. Evite mezclar con fertilizantes y pesticidas fuertemente \u00e1cidos o alcalinos, ya que esto puede afectar la eficacia del producto. Si se pretende mezclar con otros productos, primero realice una prueba de compatibilidad a peque\u00f1a escala. <\/p>\n<p>2. Puede ser necesaria una nueva aplicaci\u00f3n a una tasa reducida si se producen precipitaciones dentro de las 4 horas posteriores a la pulverizaci\u00f3n.<\/p>\n<h3><strong><b>Almacenamiento:<\/b><\/strong><\/h3>\n<p>1. Almacene y transporte en el envase original. Mantenga sellado en un lugar fresco y seco. <\/p>\n<p>2. Almacene por separado de alimentos, bebidas y piensos. Mantenga fuera del alcance de los ni\u00f1os y el ganado. <\/p>\n<p>Fecha de producci\u00f3n y n\u00famero de lote: Ver tap\u00f3n de la botella. Vida \u00fatil: 36 meses.<\/p>\n","protected":false},"excerpt":{"rendered":"<ul>\n<li>Amino\u00e1cidos libres: 100 g\/L<\/li>\n<li>Mg: 30 g\/L<\/li>\n<li>Zn: 2,5 g\/L<\/li>\n<li>Boro soluble en agua: 2,5 g\/L<\/li>\n<li>Glutati\u00f3n: 0,2 g\/L<\/li>\n<\/ul>\n","protected":false},"featured_media":1448,"comment_status":"open","ping_status":"closed","template":"","meta":{"_acf_changed":false,"site-sidebar-layout":"default","site-content-layout":"","ast-site-content-layout":"default","site-content-style":"default","site-sidebar-style":"default","ast-global-header-display":"","ast-banner-title-visibility":"","ast-main-header-display":"","ast-hfb-above-header-display":"","ast-hfb-below-header-display":"","ast-hfb-mobile-header-display":"","site-post-title":"","ast-breadcrumbs-content":"","ast-featured-img":"","footer-sml-layout":"","ast-disable-related-posts":"","theme-transparent-header-meta":"default","adv-header-id-meta":"","stick-header-meta":"","header-above-stick-meta":"","header-main-stick-meta":"","header-below-stick-meta":"","astra-migrate-meta-layouts":"default","ast-page-background-enabled":"default","ast-page-background-meta":{"desktop":{"background-color":"var(--ast-global-color-5)","background-image":"","background-repeat":"repeat","background-position":"center center","background-size":"auto","background-attachment":"scroll","background-type":"","background-media":"","overlay-type":"","overlay-color":"","overlay-opacity":"","overlay-gradient":""},"tablet":{"background-color":"","background-image":"","background-repeat":"repeat","background-position":"center center","background-size":"auto","background-attachment":"scroll","background-type":"","background-media":"","overlay-type":"","overlay-color":"","overlay-opacity":"","overlay-gradient":""},"mobile":{"background-color":"","background-image":"","background-repeat":"repeat","background-position":"center center","background-size":"auto","background-attachment":"scroll","background-type":"","background-media":"","overlay-type":"","overlay-color":"","overlay-opacity":"","overlay-gradient":""}},"ast-content-background-meta":{"desktop":{"background-color":"var(--ast-global-color-4)","background-image":"","background-repeat":"repeat","background-position":"center center","background-size":"auto","background-attachment":"scroll","background-type":"","background-media":"","overlay-type":"","overlay-color":"","overlay-opacity":"","overlay-gradient":""},"tablet":{"background-color":"var(--ast-global-color-4)","background-image":"","background-repeat":"repeat","background-position":"center center","background-size":"auto","background-attachment":"scroll","background-type":"","background-media":"","overlay-type":"","overlay-color":"","overlay-opacity":"","overlay-gradient":""},"mobile":{"background-color":"var(--ast-global-color-4)","background-image":"","background-repeat":"repeat","background-position":"center center","background-size":"auto","background-attachment":"scroll","background-type":"","background-media":"","overlay-type":"","overlay-color":"","overlay-opacity":"","overlay-gradient":""}}},"product_brand":[],"product_cat":[175],"product_tag":[275,272,273,274],"class_list":{"0":"post-1446","1":"product","2":"type-product","3":"status-publish","4":"has-post-thumbnail","6":"product_cat-cultivo-de-campo","7":"product_tag-fertilizante-de-aminoacidos-libres","8":"product_tag-fertilizante-especial-para-maiz-en-etapa-tardia","9":"product_tag-fertilizante-para-el-llenado-de-grano-de-maiz","10":"product_tag-fertilizante-para-maiz-masl","11":"desktop-align-left","12":"tablet-align-left","13":"mobile-align-left","15":"first","16":"instock","17":"taxable","18":"shipping-taxable","19":"product-type-simple"},"acf":[],"_links":{"self":[{"href":"https:\/\/maslbiotech.com\/es\/wp-json\/wp\/v2\/product\/1446","targetHints":{"allow":["GET"]}}],"collection":[{"href":"https:\/\/maslbiotech.com\/es\/wp-json\/wp\/v2\/product"}],"about":[{"href":"https:\/\/maslbiotech.com\/es\/wp-json\/wp\/v2\/types\/product"}],"replies":[{"embeddable":true,"href":"https:\/\/maslbiotech.com\/es\/wp-json\/wp\/v2\/comments?post=1446"}],"wp:featuredmedia":[{"embeddable":true,"href":"https:\/\/maslbiotech.com\/es\/wp-json\/wp\/v2\/media\/1448"}],"wp:attachment":[{"href":"https:\/\/maslbiotech.com\/es\/wp-json\/wp\/v2\/media?parent=1446"}],"wp:term":[{"taxonomy":"product_brand","embeddable":true,"href":"https:\/\/maslbiotech.com\/es\/wp-json\/wp\/v2\/product_brand?post=1446"},{"taxonomy":"product_cat","embeddable":true,"href":"https:\/\/maslbiotech.com\/es\/wp-json\/wp\/v2\/product_cat?post=1446"},{"taxonomy":"product_tag","embeddable":true,"href":"https:\/\/maslbiotech.com\/es\/wp-json\/wp\/v2\/product_tag?post=1446"}],"curies":[{"name":"wp","href":"https:\/\/api.w.org\/{rel}","templated":true}]}}