{"id":1455,"date":"2025-10-27T03:47:54","date_gmt":"2025-10-27T03:47:54","guid":{"rendered":"https:\/\/maslbiotech.com\/product\/fertilizante-especializado-para-la-etapa-temprana-del-trigo\/"},"modified":"2026-01-27T07:55:09","modified_gmt":"2026-01-27T07:55:09","slug":"fertilizante-especializado-para-la-etapa-temprana-del-trigo","status":"publish","type":"product","link":"https:\/\/maslbiotech.com\/es\/producto\/fertilizante-especializado-para-la-etapa-temprana-del-trigo\/","title":{"rendered":"Fertilizante especializado para la etapa temprana del trigo"},"content":{"rendered":"<h2><strong>Wheat Start &#8211; <\/strong><strong><b>Etapa temprana del trigo<\/b><\/strong> <strong><b>Fertilizante especializado<\/b><\/strong><\/h2>\n<h3><strong><b> <\/b><\/strong><strong><b>Especificaciones t\u00e9cnicas:<\/b><\/strong><\/h3>\n<p>Amino\u00e1cidos libres \u2265100 g\/L, Cu+Fe+Mn+Zn+B+Mo \u226520 g\/L<\/p>\n<table>\n<tbody>\n<tr>\n<td width=\"142\">Amino\u00e1cidos libres:<\/td>\n<td width=\"110\">100 g\/L<\/td>\n<td width=\"111\">Mg:<\/td>\n<td width=\"108\">20 g\/L<\/td>\n<td width=\"78\">Mn:<\/td>\n<td width=\"83\">2 g\/L<\/td>\n<\/tr>\n<tr>\n<td width=\"142\">Zn:<\/td>\n<td width=\"110\">18 g\/L<\/td>\n<td width=\"111\">Beta\u00edna:<\/td>\n<td width=\"108\">2 g\/L<\/td>\n<td width=\"78\">\/<\/td>\n<td width=\"83\">\/<\/td>\n<\/tr>\n<\/tbody>\n<\/table>\n<h3><strong><b>Beneficios:<\/b><\/strong><\/h3>\n<p>Desarrollado espec\u00edficamente para las necesidades de crecimiento temprano del trigo. Utiliza amino\u00e1cidos L-\u03b1 libres altamente activos como n\u00facleo, cient\u00edficamente equilibrados con micronutrientes secundarios quelatados. Los amino\u00e1cidos L-\u03b1 libres poseen una alta bioactividad, promoviendo la absorci\u00f3n de nutrientes por las ra\u00edces y las hojas, activando r\u00e1pidamente la vitalidad del crecimiento celular, fomentando la expansi\u00f3n profunda de las ra\u00edces, el ahijamiento robusto y el desarrollo robusto del tallo, construyendo un marco de crecimiento resistente al estr\u00e9s. El magnesio, el manganeso y el zinc quelatados satisfacen con precisi\u00f3n las demandas de micronutrientes del trigo temprano, previniendo problemas fisiol\u00f3gicos como el amarilleamiento de las hojas y el ahijamiento insuficiente debido a las deficiencias, al tiempo que fortalecen la s\u00edntesis de clorofila y la eficiencia fotosint\u00e9tica, acelerando el transporte de nutrientes a \u00e1reas clave como los tallos y los tallos. La beta\u00edna especialmente a\u00f1adida mejora la osmorregulaci\u00f3n celular, reduciendo significativamente los efectos inhibidores de los factores de estr\u00e9s de la etapa temprana\/media, como las bajas temperaturas y la sequ\u00eda, en el crecimiento de las pl\u00e1ntulas, lo que ayuda a cultivar una arquitectura vegetal fuerte como base s\u00f3lida para el desarrollo posterior de la espiga y el cuajado del grano.    <\/p>\n<p><strong><b>Cultivos <\/b><\/strong><strong><b>A<\/b><\/strong><strong><b>plicables: <\/b><\/strong>trigo en etapa temprana<\/p>\n<h3><strong><b>Instrucciones de aplicaci\u00f3n:<\/b><\/strong><\/h3>\n<p><strong><b>Pulverizaci\u00f3n foliar:<\/b><\/strong> Diluir 800-1000 veces. Aplicar a intervalos de 7-10 d\u00edas, durante 2-3 aplicaciones consecutivas.<br \/>\n<strong><b>Fertirrigaci\u00f3n\/Riego por goteo:<\/b><\/strong> 15-30 L por hect\u00e1rea<\/p>\n<h3><strong><b>Precauciones:<\/b><\/strong><\/h3>\n<p>1. Evite mezclar con fertilizantes y pesticidas fuertemente \u00e1cidos o alcalinos, ya que esto puede afectar la eficacia del producto. Si se pretende mezclar con otros productos, primero realice una prueba de compatibilidad a peque\u00f1a escala. <\/p>\n<p>2. Puede ser necesaria una nueva aplicaci\u00f3n a una tasa reducida si se producen precipitaciones dentro de las 4 horas posteriores a la pulverizaci\u00f3n.<\/p>\n<h3><strong><b>Almacenamiento:<\/b><\/strong><\/h3>\n<p>1. Almacene y transporte en el envase original. Mantenga sellado en un lugar fresco y seco. <\/p>\n<p>2. Almacene por separado de alimentos, bebidas y piensos. Mantenga fuera del alcance de los ni\u00f1os y el ganado. <\/p>\n<p>Fecha de producci\u00f3n y n\u00famero de lote: Ver tap\u00f3n de la botella. Vida \u00fatil: 36 meses.<\/p>\n","protected":false},"excerpt":{"rendered":"<ul>\n<li>Amino\u00e1cidos libres: 100 g\/L<\/li>\n<li>Mg: 20 g\/L<\/li>\n<li>Mn: 2 g\/L<\/li>\n<li>Zn: 18 g\/L<\/li>\n<li>Beta\u00edna: 2 g\/L<\/li>\n<\/ul>\n","protected":false},"featured_media":1457,"comment_status":"open","ping_status":"closed","template":"","meta":{"_acf_changed":false,"site-sidebar-layout":"default","site-content-layout":"","ast-site-content-layout":"default","site-content-style":"default","site-sidebar-style":"default","ast-global-header-display":"","ast-banner-title-visibility":"","ast-main-header-display":"","ast-hfb-above-header-display":"","ast-hfb-below-header-display":"","ast-hfb-mobile-header-display":"","site-post-title":"","ast-breadcrumbs-content":"","ast-featured-img":"","footer-sml-layout":"","ast-disable-related-posts":"","theme-transparent-header-meta":"default","adv-header-id-meta":"","stick-header-meta":"","header-above-stick-meta":"","header-main-stick-meta":"","header-below-stick-meta":"","astra-migrate-meta-layouts":"default","ast-page-background-enabled":"default","ast-page-background-meta":{"desktop":{"background-color":"var(--ast-global-color-5)","background-image":"","background-repeat":"repeat","background-position":"center center","background-size":"auto","background-attachment":"scroll","background-type":"","background-media":"","overlay-type":"","overlay-color":"","overlay-opacity":"","overlay-gradient":""},"tablet":{"background-color":"","background-image":"","background-repeat":"repeat","background-position":"center center","background-size":"auto","background-attachment":"scroll","background-type":"","background-media":"","overlay-type":"","overlay-color":"","overlay-opacity":"","overlay-gradient":""},"mobile":{"background-color":"","background-image":"","background-repeat":"repeat","background-position":"center center","background-size":"auto","background-attachment":"scroll","background-type":"","background-media":"","overlay-type":"","overlay-color":"","overlay-opacity":"","overlay-gradient":""}},"ast-content-background-meta":{"desktop":{"background-color":"var(--ast-global-color-4)","background-image":"","background-repeat":"repeat","background-position":"center center","background-size":"auto","background-attachment":"scroll","background-type":"","background-media":"","overlay-type":"","overlay-color":"","overlay-opacity":"","overlay-gradient":""},"tablet":{"background-color":"var(--ast-global-color-4)","background-image":"","background-repeat":"repeat","background-position":"center center","background-size":"auto","background-attachment":"scroll","background-type":"","background-media":"","overlay-type":"","overlay-color":"","overlay-opacity":"","overlay-gradient":""},"mobile":{"background-color":"var(--ast-global-color-4)","background-image":"","background-repeat":"repeat","background-position":"center center","background-size":"auto","background-attachment":"scroll","background-type":"","background-media":"","overlay-type":"","overlay-color":"","overlay-opacity":"","overlay-gradient":""}}},"product_brand":[],"product_cat":[175],"product_tag":[282,283,285,284,286],"class_list":{"0":"post-1455","1":"product","2":"type-product","3":"status-publish","4":"has-post-thumbnail","6":"product_cat-cultivo-de-campo","7":"product_tag-fertilizante-especializado-para-la-etapa-temprana-del-trigo","8":"product_tag-fertilizante-para-trigo","9":"product_tag-fertilizante-para-trigo-con-aminoacidos","10":"product_tag-masl-wheat-start","11":"product_tag-potenciador-del-crecimiento-de-plantulas-de-trigo","12":"desktop-align-left","13":"tablet-align-left","14":"mobile-align-left","16":"first","17":"instock","18":"taxable","19":"shipping-taxable","20":"product-type-simple"},"acf":[],"_links":{"self":[{"href":"https:\/\/maslbiotech.com\/es\/wp-json\/wp\/v2\/product\/1455","targetHints":{"allow":["GET"]}}],"collection":[{"href":"https:\/\/maslbiotech.com\/es\/wp-json\/wp\/v2\/product"}],"about":[{"href":"https:\/\/maslbiotech.com\/es\/wp-json\/wp\/v2\/types\/product"}],"replies":[{"embeddable":true,"href":"https:\/\/maslbiotech.com\/es\/wp-json\/wp\/v2\/comments?post=1455"}],"wp:featuredmedia":[{"embeddable":true,"href":"https:\/\/maslbiotech.com\/es\/wp-json\/wp\/v2\/media\/1457"}],"wp:attachment":[{"href":"https:\/\/maslbiotech.com\/es\/wp-json\/wp\/v2\/media?parent=1455"}],"wp:term":[{"taxonomy":"product_brand","embeddable":true,"href":"https:\/\/maslbiotech.com\/es\/wp-json\/wp\/v2\/product_brand?post=1455"},{"taxonomy":"product_cat","embeddable":true,"href":"https:\/\/maslbiotech.com\/es\/wp-json\/wp\/v2\/product_cat?post=1455"},{"taxonomy":"product_tag","embeddable":true,"href":"https:\/\/maslbiotech.com\/es\/wp-json\/wp\/v2\/product_tag?post=1455"}],"curies":[{"name":"wp","href":"https:\/\/api.w.org\/{rel}","templated":true}]}}