{"id":1113,"date":"2025-10-13T06:56:53","date_gmt":"2025-10-13T06:56:53","guid":{"rendered":"https:\/\/maslbiotech.com\/empresa\/"},"modified":"2025-12-29T08:28:44","modified_gmt":"2025-12-29T08:28:44","slug":"empresa","status":"publish","type":"page","link":"https:\/\/maslbiotech.com\/pt-pt\/sobre-nos\/empresa\/","title":{"rendered":"Empresa"},"content":{"rendered":"\t\t<div data-elementor-type=\"wp-page\" data-elementor-id=\"1113\" class=\"elementor elementor-1113 elementor-48\" data-elementor-post-type=\"page\">\n\t\t\t\t<div class=\"elementor-element elementor-element-f5dd4cd e-con-full e-flex e-con e-parent\" data-id=\"f5dd4cd\" data-element_type=\"container\" data-e-type=\"container\" data-settings=\"{&quot;background_background&quot;:&quot;classic&quot;}\">\n\t\t\t\t<div class=\"elementor-element elementor-element-abfbc1e elementor-widget elementor-widget-heading\" data-id=\"abfbc1e\" data-element_type=\"widget\" data-e-type=\"widget\" data-widget_type=\"heading.default\">\n\t\t\t\t\t<h1 class=\"elementor-heading-title elementor-size-default\">Inovando para um Futuro Mais Verde<\/h1>\t\t\t\t<\/div>\n\t\t\t\t<div class=\"elementor-element elementor-element-37d174c elementor-widget elementor-widget-heading\" data-id=\"37d174c\" data-element_type=\"widget\" data-e-type=\"widget\" data-widget_type=\"heading.default\">\n\t\t\t\t\t<h2 class=\"elementor-heading-title elementor-size-default\">A Shenyang MASL Biotechnology Co., Ltd. est\u00e1 empenhada em promover a agricultura sustent\u00e1vel atrav\u00e9s da inova\u00e7\u00e3o cient\u00edfica,\n<br>fornecendo formula\u00e7\u00f5es de fertilizantes de alta qualidade para produtores globais.<\/h2>\t\t\t\t<\/div>\n\t\t\t\t<div class=\"elementor-element elementor-element-033fcbc elementor-align-center elementor-widget elementor-widget-button\" data-id=\"033fcbc\" data-element_type=\"widget\" data-e-type=\"widget\" data-widget_type=\"button.default\">\n\t\t\t\t\t\t\t\t\t\t<a class=\"elementor-button elementor-button-link elementor-size-sm\" href=\"https:\/\/maslbiotech.com\/contact\/\">\n\t\t\t\t\t\t<span class=\"elementor-button-content-wrapper\">\n\t\t\t\t\t\t\t\t\t<span class=\"elementor-button-text\">Contacte-nos<\/span>\n\t\t\t\t\t<\/span>\n\t\t\t\t\t<\/a>\n\t\t\t\t\t\t\t\t<\/div>\n\t\t\t\t<\/div>\n\t\t<div class=\"elementor-element elementor-element-555273e e-flex e-con-boxed e-con e-parent\" data-id=\"555273e\" data-element_type=\"container\" data-e-type=\"container\" data-settings=\"{&quot;background_background&quot;:&quot;classic&quot;}\">\n\t\t\t\t\t<div class=\"e-con-inner\">\n\t\t<div class=\"elementor-element elementor-element-a7b5207 e-con-full e-flex e-con e-child\" data-id=\"a7b5207\" data-element_type=\"container\" data-e-type=\"container\">\n\t\t\t\t<div class=\"elementor-element elementor-element-27125b4 elementor-widget elementor-widget-heading\" data-id=\"27125b4\" data-element_type=\"widget\" data-e-type=\"widget\" data-widget_type=\"heading.default\">\n\t\t\t\t\t<h3 class=\"elementor-heading-title elementor-size-default\">Compromisso com a Inova\u00e7\u00e3o Sustent\u00e1vel<\/h3>\t\t\t\t<\/div>\n\t\t\t\t<div class=\"elementor-element elementor-element-c85c798 elementor-widget elementor-widget-text-editor\" data-id=\"c85c798\" data-element_type=\"widget\" data-e-type=\"widget\" data-widget_type=\"text-editor.default\">\n\t\t\t\t\t\t\t\t\t<ul><li>Na MASL Biotechnology, acreditamos que a agricultura sustent\u00e1vel \u00e9 a chave para o futuro. Ao promover continuamente a investiga\u00e7\u00e3o, a inova\u00e7\u00e3o e a colabora\u00e7\u00e3o global, estamos empenhados em desenvolver tecnologias de fertilizantes avan\u00e7adas que melhorem a sa\u00fade do solo, aumentem os rendimentos das culturas e mantenham o equil\u00edbrio ecol\u00f3gico para um planeta mais verde. <\/li><\/ul>\t\t\t\t\t\t\t\t<\/div>\n\t\t\t\t<div class=\"elementor-element elementor-element-7b9a06b elementor-widget elementor-widget-text-editor\" data-id=\"7b9a06b\" data-element_type=\"widget\" data-e-type=\"widget\" data-widget_type=\"text-editor.default\">\n\t\t\t\t\t\t\t\t\t<ul><li>Ao estabelecer parcerias com institutos de investiga\u00e7\u00e3o globais e especialistas agr\u00edcolas, trazemos ci\u00eancia de ponta a todos os campos. As nossas solu\u00e7\u00f5es localizadas capacitam os produtores a cultivar culturas mais saud\u00e1veis, melhorar a vitalidade do solo e contribuir para um ecossistema agr\u00edcola mais sustent\u00e1vel. <\/li><\/ul>\t\t\t\t\t\t\t\t<\/div>\n\t\t\t\t<\/div>\n\t\t<div class=\"elementor-element elementor-element-fc372bc e-con-full e-flex e-con e-child\" data-id=\"fc372bc\" data-element_type=\"container\" data-e-type=\"container\">\n\t\t\t\t<div class=\"elementor-element elementor-element-725210a elementor-widget elementor-widget-image\" data-id=\"725210a\" data-element_type=\"widget\" data-e-type=\"widget\" data-widget_type=\"image.default\">\n\t\t\t\t\t\t\t\t\t\t\t\t\t\t\t<img fetchpriority=\"high\" decoding=\"async\" width=\"1536\" height=\"1024\" src=\"https:\/\/maslbiotech.com\/wp-content\/uploads\/2025\/10\/ChatGPT-Image-2025\u5e7410\u670831\u65e5-17_38_07.png\" class=\"attachment-full size-full wp-image-1115\" alt=\"\" srcset=\"https:\/\/maslbiotech.com\/wp-content\/uploads\/2025\/10\/ChatGPT-Image-2025\u5e7410\u670831\u65e5-17_38_07.png 1536w, https:\/\/maslbiotech.com\/wp-content\/uploads\/2025\/10\/ChatGPT-Image-2025\u5e7410\u670831\u65e5-17_38_07-600x400.png 600w, https:\/\/maslbiotech.com\/wp-content\/uploads\/2025\/10\/ChatGPT-Image-2025\u5e7410\u670831\u65e5-17_38_07-64x43.png 64w, https:\/\/maslbiotech.com\/wp-content\/uploads\/2025\/10\/ChatGPT-Image-2025\u5e7410\u670831\u65e5-17_38_07-300x200.png 300w, https:\/\/maslbiotech.com\/wp-content\/uploads\/2025\/10\/ChatGPT-Image-2025\u5e7410\u670831\u65e5-17_38_07-1024x683.png 1024w, https:\/\/maslbiotech.com\/wp-content\/uploads\/2025\/10\/ChatGPT-Image-2025\u5e7410\u670831\u65e5-17_38_07-768x512.png 768w\" sizes=\"(max-width: 1536px) 100vw, 1536px\" \/>\t\t\t\t\t\t\t\t\t\t\t\t\t\t\t<\/div>\n\t\t\t\t<\/div>\n\t\t\t\t\t<\/div>\n\t\t\t\t<\/div>\n\t\t<div class=\"elementor-element elementor-element-56fb70a e-con-full e-flex e-con e-parent\" data-id=\"56fb70a\" data-element_type=\"container\" data-e-type=\"container\">\n\t\t<div class=\"elementor-element elementor-element-662f230 e-con-full e-flex e-con e-child\" data-id=\"662f230\" data-element_type=\"container\" data-e-type=\"container\">\n\t\t<div class=\"elementor-element elementor-element-673c9df e-con-full e-flex e-con e-child\" data-id=\"673c9df\" data-element_type=\"container\" data-e-type=\"container\">\n\t\t\t\t<div class=\"elementor-element elementor-element-7f5650f elementor-widget elementor-widget-heading\" data-id=\"7f5650f\" data-element_type=\"widget\" data-e-type=\"widget\" data-widget_type=\"heading.default\">\n\t\t\t\t\t<h2 class=\"elementor-heading-title elementor-size-default\">Principais Pontos Fortes<\/h2>\t\t\t\t<\/div>\n\t\t\t\t<\/div>\n\t\t<div class=\"elementor-element elementor-element-5254b69 e-con-full e-flex e-con e-child\" data-id=\"5254b69\" data-element_type=\"container\" data-e-type=\"container\">\n\t\t<div class=\"elementor-element elementor-element-0f47404 e-con-full e-transform e-flex e-con e-child\" data-id=\"0f47404\" data-element_type=\"container\" data-e-type=\"container\" data-settings=\"{&quot;background_background&quot;:&quot;classic&quot;,&quot;_transform_scale_effect_hover&quot;:{&quot;unit&quot;:&quot;px&quot;,&quot;size&quot;:1.1,&quot;sizes&quot;:[]},&quot;_transform_scale_effect_hover_tablet&quot;:{&quot;unit&quot;:&quot;px&quot;,&quot;size&quot;:&quot;&quot;,&quot;sizes&quot;:[]},&quot;_transform_scale_effect_hover_mobile&quot;:{&quot;unit&quot;:&quot;px&quot;,&quot;size&quot;:&quot;&quot;,&quot;sizes&quot;:[]}}\">\n\t\t\t\t<div class=\"elementor-element elementor-element-ac3c21e elementor-widget elementor-widget-heading\" data-id=\"ac3c21e\" data-element_type=\"widget\" data-e-type=\"widget\" data-widget_type=\"heading.default\">\n\t\t\t\t\t<h3 class=\"elementor-heading-title elementor-size-default\">Profunda Experi\u00eancia no Setor<\/h3>\t\t\t\t<\/div>\n\t\t\t\t<div class=\"elementor-element elementor-element-2d8d311 elementor-widget elementor-widget-text-editor\" data-id=\"2d8d311\" data-element_type=\"widget\" data-e-type=\"widget\" data-widget_type=\"text-editor.default\">\n\t\t\t\t\t\t\t\t\t<p>Com mais de duas d\u00e9cadas de foco em I&amp;D e fabrico de fertilizantes, a MASL continua a liderar a inova\u00e7\u00e3o agr\u00edcola, combinando for\u00e7a t\u00e9cnica e experi\u00eancia pr\u00e1tica para fornecer solu\u00e7\u00f5es de fertilizantes eficientes, fi\u00e1veis e sustent\u00e1veis.<\/p>\t\t\t\t\t\t\t\t<\/div>\n\t\t\t\t<\/div>\n\t\t<div class=\"elementor-element elementor-element-43db858 e-con-full e-transform e-flex e-con e-child\" data-id=\"43db858\" data-element_type=\"container\" data-e-type=\"container\" data-settings=\"{&quot;background_background&quot;:&quot;classic&quot;,&quot;_transform_scale_effect_hover&quot;:{&quot;unit&quot;:&quot;px&quot;,&quot;size&quot;:1.1,&quot;sizes&quot;:[]},&quot;_transform_scale_effect_hover_tablet&quot;:{&quot;unit&quot;:&quot;px&quot;,&quot;size&quot;:&quot;&quot;,&quot;sizes&quot;:[]},&quot;_transform_scale_effect_hover_mobile&quot;:{&quot;unit&quot;:&quot;px&quot;,&quot;size&quot;:&quot;&quot;,&quot;sizes&quot;:[]}}\">\n\t\t\t\t<div class=\"elementor-element elementor-element-f40ecf3 elementor-widget elementor-widget-heading\" data-id=\"f40ecf3\" data-element_type=\"widget\" data-e-type=\"widget\" data-widget_type=\"heading.default\">\n\t\t\t\t\t<h3 class=\"elementor-heading-title elementor-size-default\">Portf\u00f3lio Abrangente de Produtos<\/h3>\t\t\t\t<\/div>\n\t\t\t\t<div class=\"elementor-element elementor-element-95e6c84 elementor-widget elementor-widget-text-editor\" data-id=\"95e6c84\" data-element_type=\"widget\" data-e-type=\"widget\" data-widget_type=\"text-editor.default\">\n\t\t\t\t\t\t\t\t\t<p>As linhas de produtos da MASL incluem fertilizantes para culturas de campo, hort\u00edcolas e \u00e1rvores de fruto, oferecendo formula\u00e7\u00f5es especializadas em que os agricultores de todo o mundo confiam para garantir a sa\u00fade das culturas, a estabilidade do rendimento e ecossistemas de solo equilibrados.<\/p>\t\t\t\t\t\t\t\t<\/div>\n\t\t\t\t<\/div>\n\t\t<div class=\"elementor-element elementor-element-d906137 e-con-full e-transform e-flex e-con e-child\" data-id=\"d906137\" data-element_type=\"container\" data-e-type=\"container\" data-settings=\"{&quot;background_background&quot;:&quot;classic&quot;,&quot;_transform_scale_effect_hover&quot;:{&quot;unit&quot;:&quot;px&quot;,&quot;size&quot;:1.1,&quot;sizes&quot;:[]},&quot;_transform_scale_effect_hover_tablet&quot;:{&quot;unit&quot;:&quot;px&quot;,&quot;size&quot;:&quot;&quot;,&quot;sizes&quot;:[]},&quot;_transform_scale_effect_hover_mobile&quot;:{&quot;unit&quot;:&quot;px&quot;,&quot;size&quot;:&quot;&quot;,&quot;sizes&quot;:[]}}\">\n\t\t\t\t<div class=\"elementor-element elementor-element-4b57de0 elementor-widget elementor-widget-heading\" data-id=\"4b57de0\" data-element_type=\"widget\" data-e-type=\"widget\" data-widget_type=\"heading.default\">\n\t\t\t\t\t<h3 class=\"elementor-heading-title elementor-size-default\">Forte Capacidade de Produ\u00e7\u00e3o<\/h3>\t\t\t\t<\/div>\n\t\t\t\t<div class=\"elementor-element elementor-element-120f290 elementor-widget elementor-widget-text-editor\" data-id=\"120f290\" data-element_type=\"widget\" data-e-type=\"widget\" data-widget_type=\"text-editor.default\">\n\t\t\t\t\t\t\t\t\t<p>A MASL opera v\u00e1rias linhas de produ\u00e7\u00e3o modernas com uma capacidade anual superior a um milh\u00e3o de toneladas, permitindo um fabrico flex\u00edvel e em grande escala de mais de 200 formula\u00e7\u00f5es certificadas pelas normas EU e REACH.<\/p>\t\t\t\t\t\t\t\t<\/div>\n\t\t\t\t<\/div>\n\t\t<div class=\"elementor-element elementor-element-e114197 e-con-full e-transform e-flex e-con e-child\" data-id=\"e114197\" data-element_type=\"container\" data-e-type=\"container\" data-settings=\"{&quot;background_background&quot;:&quot;classic&quot;,&quot;_transform_scale_effect_hover&quot;:{&quot;unit&quot;:&quot;px&quot;,&quot;size&quot;:1.1,&quot;sizes&quot;:[]},&quot;_transform_scale_effect_hover_tablet&quot;:{&quot;unit&quot;:&quot;px&quot;,&quot;size&quot;:&quot;&quot;,&quot;sizes&quot;:[]},&quot;_transform_scale_effect_hover_mobile&quot;:{&quot;unit&quot;:&quot;px&quot;,&quot;size&quot;:&quot;&quot;,&quot;sizes&quot;:[]}}\">\n\t\t\t\t<div class=\"elementor-element elementor-element-f789140 elementor-widget elementor-widget-heading\" data-id=\"f789140\" data-element_type=\"widget\" data-e-type=\"widget\" data-widget_type=\"heading.default\">\n\t\t\t\t\t<h3 class=\"elementor-heading-title elementor-size-default\">Valor de Parceiro Fi\u00e1vel<\/h3>\t\t\t\t<\/div>\n\t\t\t\t<div class=\"elementor-element elementor-element-854c392 elementor-widget elementor-widget-text-editor\" data-id=\"854c392\" data-element_type=\"widget\" data-e-type=\"widget\" data-widget_type=\"text-editor.default\">\n\t\t\t\t\t\t\t\t\t<p>Atrav\u00e9s de parcerias fortes, qualidade est\u00e1vel e servi\u00e7o p\u00f3s-venda profissional, a MASL apoia distribuidores e cooperativas com produtos fi\u00e1veis, colabora\u00e7\u00e3o a longo prazo e satisfa\u00e7\u00e3o cont\u00ednua do cliente.<\/p>\t\t\t\t\t\t\t\t<\/div>\n\t\t\t\t<\/div>\n\t\t\t\t<\/div>\n\t\t\t\t<\/div>\n\t\t\t\t<\/div>\n\t\t\t\t<\/div>\n\t\t","protected":false},"excerpt":{"rendered":"<p>Inovando para um Futuro Mais Verde A Shenyang MASL Biotechnology Co., Ltd. est\u00e1 empenhada em promover a agricultura sustent\u00e1vel atrav\u00e9s [&hellip;]<\/p>\n","protected":false},"author":1,"featured_media":0,"parent":1121,"menu_order":0,"comment_status":"closed","ping_status":"closed","template":"","meta":{"_acf_changed":false,"site-sidebar-layout":"no-sidebar","site-content-layout":"","ast-site-content-layout":"full-width-container","site-content-style":"default","site-sidebar-style":"default","ast-global-header-display":"","ast-banner-title-visibility":"","ast-main-header-display":"","ast-hfb-above-header-display":"","ast-hfb-below-header-display":"","ast-hfb-mobile-header-display":"","site-post-title":"disabled","ast-breadcrumbs-content":"","ast-featured-img":"disabled","footer-sml-layout":"","ast-disable-related-posts":"","theme-transparent-header-meta":"","adv-header-id-meta":"","stick-header-meta":"","header-above-stick-meta":"","header-main-stick-meta":"","header-below-stick-meta":"","astra-migrate-meta-layouts":"default","ast-page-background-enabled":"default","ast-page-background-meta":{"desktop":{"background-color":"var(--ast-global-color-5)","background-image":"","background-repeat":"repeat","background-position":"center center","background-size":"auto","background-attachment":"scroll","background-type":"","background-media":"","overlay-type":"","overlay-color":"","overlay-opacity":"","overlay-gradient":""},"tablet":{"background-color":"","background-image":"","background-repeat":"repeat","background-position":"center center","background-size":"auto","background-attachment":"scroll","background-type":"","background-media":"","overlay-type":"","overlay-color":"","overlay-opacity":"","overlay-gradient":""},"mobile":{"background-color":"","background-image":"","background-repeat":"repeat","background-position":"center center","background-size":"auto","background-attachment":"scroll","background-type":"","background-media":"","overlay-type":"","overlay-color":"","overlay-opacity":"","overlay-gradient":""}},"ast-content-background-meta":{"desktop":{"background-color":"var(--ast-global-color-4)","background-image":"","background-repeat":"repeat","background-position":"center center","background-size":"auto","background-attachment":"scroll","background-type":"","background-media":"","overlay-type":"","overlay-color":"","overlay-opacity":"","overlay-gradient":""},"tablet":{"background-color":"var(--ast-global-color-4)","background-image":"","background-repeat":"repeat","background-position":"center center","background-size":"auto","background-attachment":"scroll","background-type":"","background-media":"","overlay-type":"","overlay-color":"","overlay-opacity":"","overlay-gradient":""},"mobile":{"background-color":"var(--ast-global-color-4)","background-image":"","background-repeat":"repeat","background-position":"center center","background-size":"auto","background-attachment":"scroll","background-type":"","background-media":"","overlay-type":"","overlay-color":"","overlay-opacity":"","overlay-gradient":""}},"footnotes":""},"class_list":["post-1113","page","type-page","status-publish","hentry"],"acf":[],"_links":{"self":[{"href":"https:\/\/maslbiotech.com\/pt-pt\/wp-json\/wp\/v2\/pages\/1113","targetHints":{"allow":["GET"]}}],"collection":[{"href":"https:\/\/maslbiotech.com\/pt-pt\/wp-json\/wp\/v2\/pages"}],"about":[{"href":"https:\/\/maslbiotech.com\/pt-pt\/wp-json\/wp\/v2\/types\/page"}],"author":[{"embeddable":true,"href":"https:\/\/maslbiotech.com\/pt-pt\/wp-json\/wp\/v2\/users\/1"}],"replies":[{"embeddable":true,"href":"https:\/\/maslbiotech.com\/pt-pt\/wp-json\/wp\/v2\/comments?post=1113"}],"version-history":[{"count":3,"href":"https:\/\/maslbiotech.com\/pt-pt\/wp-json\/wp\/v2\/pages\/1113\/revisions"}],"predecessor-version":[{"id":1133,"href":"https:\/\/maslbiotech.com\/pt-pt\/wp-json\/wp\/v2\/pages\/1113\/revisions\/1133"}],"up":[{"embeddable":true,"href":"https:\/\/maslbiotech.com\/pt-pt\/wp-json\/wp\/v2\/pages\/1121"}],"wp:attachment":[{"href":"https:\/\/maslbiotech.com\/pt-pt\/wp-json\/wp\/v2\/media?parent=1113"}],"curies":[{"name":"wp","href":"https:\/\/api.w.org\/{rel}","templated":true}]}}