{"id":1121,"date":"2025-10-13T06:53:11","date_gmt":"2025-10-13T06:53:11","guid":{"rendered":"https:\/\/maslbiotech.com\/sobre-nos\/"},"modified":"2025-12-29T08:28:51","modified_gmt":"2025-12-29T08:28:51","slug":"sobre-nos","status":"publish","type":"page","link":"https:\/\/maslbiotech.com\/pt-pt\/sobre-nos\/","title":{"rendered":"Sobre n\u00f3s"},"content":{"rendered":"\t\t<div data-elementor-type=\"wp-page\" data-elementor-id=\"1121\" class=\"elementor elementor-1121 elementor-32\" data-elementor-post-type=\"page\">\n\t\t\t\t<div class=\"elementor-element elementor-element-2587562 e-flex e-con-boxed e-con e-parent\" data-id=\"2587562\" data-element_type=\"container\" data-e-type=\"container\">\n\t\t\t\t\t<div class=\"e-con-inner\">\n\t\t\t\t<div class=\"elementor-element elementor-element-22db4b8 elementor-widget elementor-widget-woocommerce-breadcrumb\" data-id=\"22db4b8\" data-element_type=\"widget\" data-e-type=\"widget\" data-widget_type=\"woocommerce-breadcrumb.default\">\n\t\t\t\t\t<nav class=\"woocommerce-breadcrumb\" aria-label=\"Breadcrumb\">In\u00edcio<\/nav>\t\t\t\t<\/div>\n\t\t\t\t<div class=\"elementor-element elementor-element-56ceb3a elementor-widget elementor-widget-heading\" data-id=\"56ceb3a\" data-element_type=\"widget\" data-e-type=\"widget\" data-widget_type=\"heading.default\">\n\t\t\t\t\t<h1 class=\"elementor-heading-title elementor-size-default\">Shenyang MASL Biotechnology Co., Ltd<\/h1>\t\t\t\t<\/div>\n\t\t\t\t<div class=\"elementor-element elementor-element-755529d elementor-widget elementor-widget-text-editor\" data-id=\"755529d\" data-element_type=\"widget\" data-e-type=\"widget\" data-widget_type=\"text-editor.default\">\n\t\t\t\t\t\t\t\t\t<p>A Shenyang MASL Biotechnology Co., Ltd \u00e9 uma empresa de biotecnologia especializada na investiga\u00e7\u00e3o, desenvolvimento e produ\u00e7\u00e3o de mat\u00e9rias-primas de fertilizantes de alta qualidade e formula\u00e7\u00f5es acabadas. Com duas d\u00e9cadas de experi\u00eancia no setor, a empresa possui uma base s\u00f3lida e tecnologia de ponta. Localizada no Parque Industrial de Alta Tecnologia Liandong U-Valley, no Novo Distrito de Shenbei, Shenyang, a empresa opera instala\u00e7\u00f5es independentes de escrit\u00f3rio e produ\u00e7\u00e3o, totalizando mais de 2.000 metros quadrados, com sistemas abrangentes de I&amp;D, fabrico e controlo de qualidade.  <\/p>\t\t\t\t\t\t\t\t<\/div>\n\t\t<div class=\"elementor-element elementor-element-24398de e-con-full e-flex e-con e-child\" data-id=\"24398de\" data-element_type=\"container\" data-e-type=\"container\">\n\t\t<div class=\"elementor-element elementor-element-68d048f e-con-full e-flex e-con e-child\" data-id=\"68d048f\" data-element_type=\"container\" data-e-type=\"container\">\n\t\t\t\t<div class=\"elementor-element elementor-element-0f136d8 elementor-widget elementor-widget-button\" data-id=\"0f136d8\" data-element_type=\"widget\" data-e-type=\"widget\" data-widget_type=\"button.default\">\n\t\t\t\t\t\t\t\t\t\t<a class=\"elementor-button elementor-button-link elementor-size-sm elementor-animation-grow\" href=\"https:\/\/maslbiotech.com\/pt-pt\/sobre-nos\/empresa\/\">\n\t\t\t\t\t\t<span class=\"elementor-button-content-wrapper\">\n\t\t\t\t\t\t<span class=\"elementor-button-icon\">\n\t\t\t\t<svg aria-hidden=\"true\" class=\"e-font-icon-svg e-far-hand-point-right\" viewBox=\"0 0 512 512\" xmlns=\"http:\/\/www.w3.org\/2000\/svg\"><path d=\"M428.8 137.6h-86.177a115.52 115.52 0 0 0 2.176-22.4c0-47.914-35.072-83.2-92-83.2-45.314 0-57.002 48.537-75.707 78.784-7.735 12.413-16.994 23.317-25.851 33.253l-.131.146-.129.148C135.662 161.807 127.764 168 120.8 168h-2.679c-5.747-4.952-13.536-8-22.12-8H32c-17.673 0-32 12.894-32 28.8v230.4C0 435.106 14.327 448 32 448h64c8.584 0 16.373-3.048 22.12-8h2.679c28.688 0 67.137 40 127.2 40h21.299c62.542 0 98.8-38.658 99.94-91.145 12.482-17.813 18.491-40.785 15.985-62.791A93.148 93.148 0 0 0 393.152 304H428.8c45.435 0 83.2-37.584 83.2-83.2 0-45.099-38.101-83.2-83.2-83.2zm0 118.4h-91.026c12.837 14.669 14.415 42.825-4.95 61.05 11.227 19.646 1.687 45.624-12.925 53.625 6.524 39.128-10.076 61.325-50.6 61.325H248c-45.491 0-77.21-35.913-120-39.676V215.571c25.239-2.964 42.966-21.222 59.075-39.596 11.275-12.65 21.725-25.3 30.799-39.875C232.355 112.712 244.006 80 252.8 80c23.375 0 44 8.8 44 35.2 0 35.2-26.4 53.075-26.4 70.4h158.4c18.425 0 35.2 16.5 35.2 35.2 0 18.975-16.225 35.2-35.2 35.2zM88 384c0 13.255-10.745 24-24 24s-24-10.745-24-24 10.745-24 24-24 24 10.745 24 24z\"><\/path><\/svg>\t\t\t<\/span>\n\t\t\t\t\t\t\t\t\t<span class=\"elementor-button-text\">A NOSSA EMPRESA<\/span>\n\t\t\t\t\t<\/span>\n\t\t\t\t\t<\/a>\n\t\t\t\t\t\t\t\t<\/div>\n\t\t\t\t<\/div>\n\t\t<div class=\"elementor-element elementor-element-ded51fd e-con-full e-flex e-con e-child\" data-id=\"ded51fd\" data-element_type=\"container\" data-e-type=\"container\">\n\t\t\t\t<div class=\"elementor-element elementor-element-3648dfe elementor-widget elementor-widget-button\" data-id=\"3648dfe\" data-element_type=\"widget\" data-e-type=\"widget\" data-widget_type=\"button.default\">\n\t\t\t\t\t\t\t\t\t\t<a class=\"elementor-button elementor-button-link elementor-size-sm elementor-animation-grow\" href=\"https:\/\/maslbiotech.com\/about-us\/factory\/\">\n\t\t\t\t\t\t<span class=\"elementor-button-content-wrapper\">\n\t\t\t\t\t\t<span class=\"elementor-button-icon\">\n\t\t\t\t<svg aria-hidden=\"true\" class=\"e-font-icon-svg e-far-hand-point-right\" viewBox=\"0 0 512 512\" xmlns=\"http:\/\/www.w3.org\/2000\/svg\"><path d=\"M428.8 137.6h-86.177a115.52 115.52 0 0 0 2.176-22.4c0-47.914-35.072-83.2-92-83.2-45.314 0-57.002 48.537-75.707 78.784-7.735 12.413-16.994 23.317-25.851 33.253l-.131.146-.129.148C135.662 161.807 127.764 168 120.8 168h-2.679c-5.747-4.952-13.536-8-22.12-8H32c-17.673 0-32 12.894-32 28.8v230.4C0 435.106 14.327 448 32 448h64c8.584 0 16.373-3.048 22.12-8h2.679c28.688 0 67.137 40 127.2 40h21.299c62.542 0 98.8-38.658 99.94-91.145 12.482-17.813 18.491-40.785 15.985-62.791A93.148 93.148 0 0 0 393.152 304H428.8c45.435 0 83.2-37.584 83.2-83.2 0-45.099-38.101-83.2-83.2-83.2zm0 118.4h-91.026c12.837 14.669 14.415 42.825-4.95 61.05 11.227 19.646 1.687 45.624-12.925 53.625 6.524 39.128-10.076 61.325-50.6 61.325H248c-45.491 0-77.21-35.913-120-39.676V215.571c25.239-2.964 42.966-21.222 59.075-39.596 11.275-12.65 21.725-25.3 30.799-39.875C232.355 112.712 244.006 80 252.8 80c23.375 0 44 8.8 44 35.2 0 35.2-26.4 53.075-26.4 70.4h158.4c18.425 0 35.2 16.5 35.2 35.2 0 18.975-16.225 35.2-35.2 35.2zM88 384c0 13.255-10.745 24-24 24s-24-10.745-24-24 10.745-24 24-24 24 10.745 24 24z\"><\/path><\/svg>\t\t\t<\/span>\n\t\t\t\t\t\t\t\t\t<span class=\"elementor-button-text\">A NOSSA F\u00c1BRICA<\/span>\n\t\t\t\t\t<\/span>\n\t\t\t\t\t<\/a>\n\t\t\t\t\t\t\t\t<\/div>\n\t\t\t\t<\/div>\n\t\t\t\t<\/div>\n\t\t\t\t\t<\/div>\n\t\t\t\t<\/div>\n\t\t<div class=\"elementor-element elementor-element-e74f7b9 e-con-full e-flex e-con e-parent\" data-id=\"e74f7b9\" data-element_type=\"container\" data-e-type=\"container\">\n\t\t\t\t<div class=\"elementor-element elementor-element-b5a03b7 elementor-widget elementor-widget-image\" data-id=\"b5a03b7\" data-element_type=\"widget\" data-e-type=\"widget\" data-widget_type=\"image.default\">\n\t\t\t\t\t\t\t\t\t\t\t\t\t\t\t<img fetchpriority=\"high\" decoding=\"async\" width=\"1536\" height=\"1024\" src=\"https:\/\/maslbiotech.com\/wp-content\/uploads\/2025\/10\/ChatGPT-Image-2025\u5e7410\u670831\u65e5-16_15_27.png\" class=\"attachment-full size-full wp-image-960\" alt=\"\" srcset=\"https:\/\/maslbiotech.com\/wp-content\/uploads\/2025\/10\/ChatGPT-Image-2025\u5e7410\u670831\u65e5-16_15_27.png 1536w, https:\/\/maslbiotech.com\/wp-content\/uploads\/2025\/10\/ChatGPT-Image-2025\u5e7410\u670831\u65e5-16_15_27-600x400.png 600w, https:\/\/maslbiotech.com\/wp-content\/uploads\/2025\/10\/ChatGPT-Image-2025\u5e7410\u670831\u65e5-16_15_27-64x43.png 64w, https:\/\/maslbiotech.com\/wp-content\/uploads\/2025\/10\/ChatGPT-Image-2025\u5e7410\u670831\u65e5-16_15_27-300x200.png 300w, https:\/\/maslbiotech.com\/wp-content\/uploads\/2025\/10\/ChatGPT-Image-2025\u5e7410\u670831\u65e5-16_15_27-1024x683.png 1024w, https:\/\/maslbiotech.com\/wp-content\/uploads\/2025\/10\/ChatGPT-Image-2025\u5e7410\u670831\u65e5-16_15_27-768x512.png 768w\" sizes=\"(max-width: 1536px) 100vw, 1536px\" \/>\t\t\t\t\t\t\t\t\t\t\t\t\t\t\t<\/div>\n\t\t\t\t<\/div>\n\t\t<div class=\"elementor-element elementor-element-73ae9ff e-con-full e-flex e-con e-parent\" data-id=\"73ae9ff\" data-element_type=\"container\" data-e-type=\"container\" data-settings=\"{&quot;background_background&quot;:&quot;classic&quot;}\">\n\t\t<div class=\"elementor-element elementor-element-d16ea5f e-con-full e-flex e-con e-child\" data-id=\"d16ea5f\" data-element_type=\"container\" data-e-type=\"container\">\n\t\t\t\t<div class=\"elementor-element elementor-element-3691e3c elementor-widget elementor-widget-heading\" data-id=\"3691e3c\" data-element_type=\"widget\" data-e-type=\"widget\" data-widget_type=\"heading.default\">\n\t\t\t\t\t<h2 class=\"elementor-heading-title elementor-size-default\">O Futuro da Agricultura Sustent\u00e1vel<\/h2>\t\t\t\t<\/div>\n\t\t\t\t<div class=\"elementor-element elementor-element-e6495ad elementor-widget elementor-widget-text-editor\" data-id=\"e6495ad\" data-element_type=\"widget\" data-e-type=\"widget\" data-widget_type=\"text-editor.default\">\n\t\t\t\t\t\t\t\t\t<p>Acreditamos que o futuro da agricultura ser\u00e1 mais inteligente, mais eficiente e sustent\u00e1vel.<\/p>\t\t\t\t\t\t\t\t<\/div>\n\t\t\t\t<\/div>\n\t\t<div class=\"elementor-element elementor-element-f308df6 e-con-full e-flex e-con e-child\" data-id=\"f308df6\" data-element_type=\"container\" data-e-type=\"container\">\n\t\t<div class=\"elementor-element elementor-element-05587a8 e-con-full e-flex e-con e-child\" data-id=\"05587a8\" data-element_type=\"container\" data-e-type=\"container\">\n\t\t\t\t<div class=\"elementor-element elementor-element-ca9af2e elementor-view-default elementor-position-block-start elementor-mobile-position-block-start elementor-widget elementor-widget-icon-box\" data-id=\"ca9af2e\" data-element_type=\"widget\" data-e-type=\"widget\" data-widget_type=\"icon-box.default\">\n\t\t\t\t\t\t\t<div class=\"elementor-icon-box-wrapper\">\n\n\t\t\t\t\t\t<div class=\"elementor-icon-box-icon\">\n\t\t\t\t<span  class=\"elementor-icon\">\n\t\t\t\t<svg xmlns=\"http:\/\/www.w3.org\/2000\/svg\" width=\"160\" height=\"160\" viewBox=\"0 0 160 160\" fill=\"none\" stroke=\"#0E5E3A\" stroke-width=\"3\" stroke-linecap=\"round\" stroke-linejoin=\"round\"><circle cx=\"48\" cy=\"58\" r=\"13\" fill=\"none\"><\/circle><path d=\"M33 82v29h30V82\" fill=\"none\"><\/path><path d=\"M33 82c5-6 12-10 15-10h0c3 0 10 4 15 10\" fill=\"none\"><\/path><path d=\"M34 54c3-10 28-10 31 0\" fill=\"none\"><\/path><path d=\"M30 68c6-5 12-7 18-7s12 2 18 7\" fill=\"none\"><\/path><path d=\"M40 111v-10m16 10v-10\"><\/path><path d=\"M34 54h28l2 7c-12 4-20 4-32 0l2-7z\" fill=\"#EAF3EC\" stroke=\"#0E5E3A\"><\/path><circle cx=\"108\" cy=\"58\" r=\"13\" fill=\"none\"><\/circle><path d=\"M93 82v29h30V82\" fill=\"none\"><\/path><path d=\"M93 82c5-6 12-10 15-10h0c3 0 10 4 15 10\" fill=\"none\"><\/path><path d=\"M90 54c3-10 28-10 31 0\" fill=\"none\"><\/path><path d=\"M86 68c6-5 12-7 18-7s12 2 18 7\" fill=\"none\"><\/path><path d=\"M100 111v-10m16 10v-10\"><\/path><path d=\"M90 54h28l2 7c-12 4-20 4-32 0l2-7z\" fill=\"#EAF3EC\" stroke=\"#0E5E3A\"><\/path><\/svg>\t\t\t\t<\/span>\n\t\t\t<\/div>\n\t\t\t\n\t\t\t\t\t\t<div class=\"elementor-icon-box-content\">\n\n\t\t\t\t\t\t\t\t\t<h3 class=\"elementor-icon-box-title\">\n\t\t\t\t\t\t<span  >\n\t\t\t\t\t\t\tFocados nos Agricultores\t\t\t\t\t\t<\/span>\n\t\t\t\t\t<\/h3>\n\t\t\t\t\n\t\t\t\t\t\t\t\t\t<p class=\"elementor-icon-box-description\">\n\t\t\t\t\t\tOs agricultores precisam de solu\u00e7\u00f5es de nutri\u00e7\u00e3o mais seguras, mais previs\u00edveis e eficazes. A MASL capacita os produtores em todo o mundo com suporte para o crescimento de culturas est\u00e1vel e com base cient\u00edfica. \t\t\t\t\t<\/p>\n\t\t\t\t\n\t\t\t<\/div>\n\t\t\t\n\t\t<\/div>\n\t\t\t\t\t\t<\/div>\n\t\t\t\t<\/div>\n\t\t<div class=\"elementor-element elementor-element-65b4884 e-con-full e-flex e-con e-child\" data-id=\"65b4884\" data-element_type=\"container\" data-e-type=\"container\">\n\t\t\t\t<div class=\"elementor-element elementor-element-0523899 elementor-view-default elementor-position-block-start elementor-mobile-position-block-start elementor-widget elementor-widget-icon-box\" data-id=\"0523899\" data-element_type=\"widget\" data-e-type=\"widget\" data-widget_type=\"icon-box.default\">\n\t\t\t\t\t\t\t<div class=\"elementor-icon-box-wrapper\">\n\n\t\t\t\t\t\t<div class=\"elementor-icon-box-icon\">\n\t\t\t\t<span  class=\"elementor-icon\">\n\t\t\t\t<svg xmlns=\"http:\/\/www.w3.org\/2000\/svg\" width=\"160\" height=\"160\" viewBox=\"0 0 160 160\" fill=\"none\" stroke=\"#0E5E3A\" stroke-width=\"3\" stroke-linecap=\"round\" stroke-linejoin=\"round\"><circle cx=\"52\" cy=\"50\" r=\"12\" fill=\"#EAF3EC\" stroke=\"#0E5E3A\"><\/circle><path d=\"M46 50h12M52 44v12\"><\/path><path d=\"M70 92l34-34\"><\/path><rect x=\"82\" y=\"48\" width=\"14\" height=\"10\" rx=\"2\" fill=\"#EAF3EC\" stroke=\"#0E5E3A\"><\/rect><path d=\"M75 86c5 6 9 9 14 14\"><\/path><rect x=\"54\" y=\"84\" width=\"44\" height=\"10\" rx=\"2\" fill=\"#EAF3EC\" stroke=\"#0E5E3A\"><\/rect><path d=\"M76 94v16M77 110h28\"><\/path><circle cx=\"92\" cy=\"74\" r=\"6\" fill=\"#EAF3EC\" stroke=\"#0E5E3A\"><\/circle><rect x=\"44\" y=\"122\" width=\"72\" height=\"12\" rx=\"3\" fill=\"#EAF3EC\" stroke=\"#0E5E3A\"><\/rect><\/svg>\t\t\t\t<\/span>\n\t\t\t<\/div>\n\t\t\t\n\t\t\t\t\t\t<div class=\"elementor-icon-box-content\">\n\n\t\t\t\t\t\t\t\t\t<h3 class=\"elementor-icon-box-title\">\n\t\t\t\t\t\t<span  >\n\t\t\t\t\t\t\tComprovado pela Ci\u00eancia\t\t\t\t\t\t<\/span>\n\t\t\t\t\t<\/h3>\n\t\t\t\t\n\t\t\t\t\t\t\t\t\t<p class=\"elementor-icon-box-description\">\n\t\t\t\t\t\tCom o apoio de duas d\u00e9cadas de I&amp;D, a MASL integra a ci\u00eancia laboratorial com a valida\u00e7\u00e3o em campo para otimizar continuamente o desempenho do produto para uma nutri\u00e7\u00e3o de culturas eficiente e ecol\u00f3gica.\t\t\t\t\t<\/p>\n\t\t\t\t\n\t\t\t<\/div>\n\t\t\t\n\t\t<\/div>\n\t\t\t\t\t\t<\/div>\n\t\t\t\t<\/div>\n\t\t<div class=\"elementor-element elementor-element-1d47ca3 e-con-full e-flex e-con e-child\" data-id=\"1d47ca3\" data-element_type=\"container\" data-e-type=\"container\">\n\t\t\t\t<div class=\"elementor-element elementor-element-31dd407 elementor-view-default elementor-position-block-start elementor-mobile-position-block-start elementor-widget elementor-widget-icon-box\" data-id=\"31dd407\" data-element_type=\"widget\" data-e-type=\"widget\" data-widget_type=\"icon-box.default\">\n\t\t\t\t\t\t\t<div class=\"elementor-icon-box-wrapper\">\n\n\t\t\t\t\t\t<div class=\"elementor-icon-box-icon\">\n\t\t\t\t<span  class=\"elementor-icon\">\n\t\t\t\t<svg xmlns=\"http:\/\/www.w3.org\/2000\/svg\" width=\"160\" height=\"160\" viewBox=\"0 0 160 160\" fill=\"none\" stroke=\"#0E5E3A\" stroke-width=\"3\" stroke-linecap=\"round\" stroke-linejoin=\"round\"><path d=\"M80 18c24 0 44 20 44 44 0 10-3 18-8 26\" fill=\"none\"><\/path><path d=\"M116 88c-6 10-16 18-28 22\" fill=\"none\"><\/path><path d=\"M80 142c-24 0-44-20-44-44 0-10 3-18 8-26\" fill=\"none\"><\/path><path d=\"M44 72c6-10 16-18 28-22\" fill=\"none\"><\/path><path d=\"M64 54l18-10h22v50l-18 10H64V54z\" fill=\"#EAF3EC\" stroke=\"#0E5E3A\"><\/path><rect x=\"72\" y=\"64\" width=\"26\" height=\"28\" rx=\"2\" fill=\"none\"><\/rect><path d=\"M72 64l10-6M98 92l10-6\"><\/path><path d=\"M80 77l6 7m0-7l-6 7\"><\/path><\/svg>\t\t\t\t<\/span>\n\t\t\t<\/div>\n\t\t\t\n\t\t\t\t\t\t<div class=\"elementor-icon-box-content\">\n\n\t\t\t\t\t\t\t\t\t<h3 class=\"elementor-icon-box-title\">\n\t\t\t\t\t\t<span  >\n\t\t\t\t\t\t\tAgricultura Sustent\u00e1vel\t\t\t\t\t\t<\/span>\n\t\t\t\t\t<\/h3>\n\t\t\t\t\n\t\t\t\t\t\t\t\t\t<p class=\"elementor-icon-box-description\">\n\t\t\t\t\t\tEstamos comprometidos com a agricultura sustent\u00e1vel atrav\u00e9s de fertilizantes ecol\u00f3gicos e formula\u00e7\u00f5es inovadoras que reduzem a perda de nutrientes, melhoram a sa\u00fade do solo e garantem a produtividade a longo prazo.\t\t\t\t\t<\/p>\n\t\t\t\t\n\t\t\t<\/div>\n\t\t\t\n\t\t<\/div>\n\t\t\t\t\t\t<\/div>\n\t\t\t\t<\/div>\n\t\t\t\t<\/div>\n\t\t\t\t<\/div>\n\t\t\t\t<\/div>\n\t\t","protected":false},"excerpt":{"rendered":"<p>Shenyang MASL Biotechnology Co., Ltd A Shenyang MASL Biotechnology Co., Ltd \u00e9 uma empresa de biotecnologia especializada na investiga\u00e7\u00e3o, desenvolvimento [&hellip;]<\/p>\n","protected":false},"author":1,"featured_media":0,"parent":0,"menu_order":0,"comment_status":"closed","ping_status":"closed","template":"","meta":{"_acf_changed":false,"site-sidebar-layout":"no-sidebar","site-content-layout":"","ast-site-content-layout":"full-width-container","site-content-style":"default","site-sidebar-style":"default","ast-global-header-display":"","ast-banner-title-visibility":"","ast-main-header-display":"","ast-hfb-above-header-display":"","ast-hfb-below-header-display":"","ast-hfb-mobile-header-display":"","site-post-title":"disabled","ast-breadcrumbs-content":"","ast-featured-img":"disabled","footer-sml-layout":"","ast-disable-related-posts":"","theme-transparent-header-meta":"","adv-header-id-meta":"","stick-header-meta":"","header-above-stick-meta":"","header-main-stick-meta":"","header-below-stick-meta":"","astra-migrate-meta-layouts":"default","ast-page-background-enabled":"default","ast-page-background-meta":{"desktop":{"background-color":"var(--ast-global-color-5)","background-image":"","background-repeat":"repeat","background-position":"center center","background-size":"auto","background-attachment":"scroll","background-type":"","background-media":"","overlay-type":"","overlay-color":"","overlay-opacity":"","overlay-gradient":""},"tablet":{"background-color":"","background-image":"","background-repeat":"repeat","background-position":"center center","background-size":"auto","background-attachment":"scroll","background-type":"","background-media":"","overlay-type":"","overlay-color":"","overlay-opacity":"","overlay-gradient":""},"mobile":{"background-color":"","background-image":"","background-repeat":"repeat","background-position":"center center","background-size":"auto","background-attachment":"scroll","background-type":"","background-media":"","overlay-type":"","overlay-color":"","overlay-opacity":"","overlay-gradient":""}},"ast-content-background-meta":{"desktop":{"background-color":"var(--ast-global-color-4)","background-image":"","background-repeat":"repeat","background-position":"center center","background-size":"auto","background-attachment":"scroll","background-type":"","background-media":"","overlay-type":"","overlay-color":"","overlay-opacity":"","overlay-gradient":""},"tablet":{"background-color":"var(--ast-global-color-4)","background-image":"","background-repeat":"repeat","background-position":"center center","background-size":"auto","background-attachment":"scroll","background-type":"","background-media":"","overlay-type":"","overlay-color":"","overlay-opacity":"","overlay-gradient":""},"mobile":{"background-color":"var(--ast-global-color-4)","background-image":"","background-repeat":"repeat","background-position":"center center","background-size":"auto","background-attachment":"scroll","background-type":"","background-media":"","overlay-type":"","overlay-color":"","overlay-opacity":"","overlay-gradient":""}},"footnotes":""},"class_list":["post-1121","page","type-page","status-publish","hentry"],"acf":[],"_links":{"self":[{"href":"https:\/\/maslbiotech.com\/pt-pt\/wp-json\/wp\/v2\/pages\/1121","targetHints":{"allow":["GET"]}}],"collection":[{"href":"https:\/\/maslbiotech.com\/pt-pt\/wp-json\/wp\/v2\/pages"}],"about":[{"href":"https:\/\/maslbiotech.com\/pt-pt\/wp-json\/wp\/v2\/types\/page"}],"author":[{"embeddable":true,"href":"https:\/\/maslbiotech.com\/pt-pt\/wp-json\/wp\/v2\/users\/1"}],"replies":[{"embeddable":true,"href":"https:\/\/maslbiotech.com\/pt-pt\/wp-json\/wp\/v2\/comments?post=1121"}],"version-history":[{"count":2,"href":"https:\/\/maslbiotech.com\/pt-pt\/wp-json\/wp\/v2\/pages\/1121\/revisions"}],"predecessor-version":[{"id":1145,"href":"https:\/\/maslbiotech.com\/pt-pt\/wp-json\/wp\/v2\/pages\/1121\/revisions\/1145"}],"wp:attachment":[{"href":"https:\/\/maslbiotech.com\/pt-pt\/wp-json\/wp\/v2\/media?parent=1121"}],"curies":[{"name":"wp","href":"https:\/\/api.w.org\/{rel}","templated":true}]}}