{"id":1301,"date":"2025-11-07T14:44:08","date_gmt":"2025-11-07T14:44:08","guid":{"rendered":"https:\/\/maslbiotech.com\/product\/fertilizante-especial-para-maturacao-da-cor-em-arvores-de-fruto\/"},"modified":"2026-01-27T05:59:12","modified_gmt":"2026-01-27T05:59:12","slug":"fertilizante-especial-para-maturacao-da-cor-em-arvores-de-fruto","status":"publish","type":"product","link":"https:\/\/maslbiotech.com\/pt-pt\/produto\/fertilizante-especial-para-maturacao-da-cor-em-arvores-de-fruto\/","title":{"rendered":"Fertilizante Especial para Matura\u00e7\u00e3o da Cor em \u00c1rvores de Fruto"},"content":{"rendered":"<h2><strong>Fruit-Shine &#8211; <\/strong><strong>Fertilizante Especial para Matura\u00e7\u00e3o da Cor em \u00c1rvores de Fruto<\/strong><strong> <\/strong><strong><b><\/b><\/strong><\/h2>\n<h3><strong><b>Especifica\u00e7\u00e3o T\u00e9cnica:<\/b><\/strong><\/h3>\n<p>Amino\u00e1cidos \u2265100 g\/L, Ca+Mg \u226530 g\/L<\/p>\n<table>\n<tbody>\n<tr>\n<td>Ingrediente<\/td>\n<td>Concentra\u00e7\u00e3o<\/td>\n<\/tr>\n<tr>\n<td>Amino\u00e1cidos Livres<\/td>\n<td>100 g\/L<\/td>\n<\/tr>\n<tr>\n<td>Mg<\/td>\n<td>30 g\/L<\/td>\n<\/tr>\n<tr>\n<td>Fe<\/td>\n<td>2 g\/L<\/td>\n<\/tr>\n<tr>\n<td>Mn<\/td>\n<td>2 g\/L<\/td>\n<\/tr>\n<tr>\n<td>Zn<\/td>\n<td>1 g\/L<\/td>\n<\/tr>\n<tr>\n<td>Boro<\/td>\n<td>2 g\/L<\/td>\n<\/tr>\n<tr>\n<td>Tit\u00e2nio<\/td>\n<td>1,8 g\/L<\/td>\n<\/tr>\n<tr>\n<td>Alde\u00eddo Polihidrox\u00edlico<\/td>\n<td>50 g\/L<\/td>\n<\/tr>\n<tr>\n<td>Astaxantina<\/td>\n<td>0,5 g\/L<\/td>\n<\/tr>\n<tr>\n<td>Ficocianina<\/td>\n<td>0,2 g\/L<\/td>\n<\/tr>\n<\/tbody>\n<\/table>\n<h3><strong><b>Benef\u00edcios:<\/b><\/strong><\/h3>\n<p>Especialmente formulado para a fase de matura\u00e7\u00e3o da cor da fruta. Utiliza L-\u03b1 amino\u00e1cidos livres altamente ativos como n\u00facleo, cientificamente misturados com micronutrientes\/secund\u00e1rios quelatados e o componente bioativo Tit\u00e2nio. A Astaxantina natural especialmente adicionada aumenta eficazmente a capacidade antioxidante da fruta, promove a s\u00edntese est\u00e1vel de antocianinas, resultando numa colora\u00e7\u00e3o da fruta mais brilhante e intensa. A Ficocianina aumenta significativamente a efici\u00eancia fotossint\u00e9tica, especialmente em condi\u00e7\u00f5es de baixa luminosidade, promovendo a acumula\u00e7\u00e3o de assimilados fotossint\u00e9ticos e acelerando a convers\u00e3o de a\u00e7\u00facares e compostos de sabor. Promove a acumula\u00e7\u00e3o de a\u00e7\u00facar e a deposi\u00e7\u00e3o uniforme de pigmentos, permitindo uma mudan\u00e7a de cor r\u00e1pida e uniforme. Aumenta simultaneamente a firmeza da fruta e a rela\u00e7\u00e3o a\u00e7\u00facar-\u00e1cido, melhora o sabor e ajuda a prolongar o per\u00edodo de suspens\u00e3o e a vida \u00fatil p\u00f3s-colheita. Em \u00faltima an\u00e1lise, atinge os objetivos abrangentes de aumento do rendimento, maior brix, bela cor da fruta e matura\u00e7\u00e3o mais precoce.      <\/p>\n<p><strong><b> <\/b><\/strong><strong><b>Culturas aplic\u00e1veis:<\/b><\/strong> \u00e1rvores de fruto<\/p>\n<h3><strong><b>Instru\u00e7\u00f5es de Aplica\u00e7\u00e3o:<\/b><\/strong><br \/>\n<b><\/b><\/h3>\n<p><strong><b>Pulveriza\u00e7\u00e3o Foliar:<\/b><\/strong> Diluir 800-1000 vezes. Aplicar em intervalos de 7-10 dias durante 2-3 aplica\u00e7\u00f5es consecutivas.<br \/>\n<strong><b>Fertirriga\u00e7\u00e3o\/Irriga\u00e7\u00e3o por Gotejamento:<\/b><\/strong> 15-30 L\/ha<\/p>\n<h3><strong><b>Precau\u00e7\u00f5es:<\/b><\/strong><\/h3>\n<p>1. Evite misturar com fertilizantes e pesticidas fortemente \u00e1cidos ou alcalinos, pois isso pode afetar a efic\u00e1cia do produto. Se pretender misturar com outros produtos, realize primeiro um teste de compatibilidade em pequena escala. <\/p>\n<p>2. Pode ser necess\u00e1ria uma reaplica\u00e7\u00e3o a uma taxa reduzida se ocorrer chuva dentro de 4 horas ap\u00f3s a pulveriza\u00e7\u00e3o.<\/p>\n<h3><strong><b>Armazenamento:<\/b><\/strong><\/h3>\n<p>1. Armazene e transporte na embalagem original. Mantenha selado em local fresco e seco. <\/p>\n<p>2. Armazene separadamente de alimentos, bebidas e ra\u00e7\u00f5es. Mantenha fora do alcance de crian\u00e7as e animais. <\/p>\n<p>Data de Produ\u00e7\u00e3o e N\u00ba do Lote: Ver tampa da garrafa. Prazo de Validade: 36 meses.<\/p>\n","protected":false},"excerpt":{"rendered":"<ul>\n<li>Amino\u00e1cidos Livres: 100 g\/L<\/li>\n<li>Mg: 30 g\/L<\/li>\n<li>Fe: 2 g\/L<\/li>\n<li>Mn: 2 g\/L<\/li>\n<li>Zn: 1 g\/L<\/li>\n<li>Boro: 2 g\/L<\/li>\n<li>Tit\u00e2nio: 1,8 g\/L<\/li>\n<li>Alde\u00eddo Polihidrox\u00edlico: 50 g\/L<\/li>\n<li>Astaxantina: 0,5 g\/L<\/li>\n<li>Ficocianina: 0,2 g\/L<\/li>\n<\/ul>\n","protected":false},"featured_media":1302,"comment_status":"closed","ping_status":"closed","template":"","meta":{"_acf_changed":false,"site-sidebar-layout":"default","site-content-layout":"","ast-site-content-layout":"default","site-content-style":"default","site-sidebar-style":"default","ast-global-header-display":"","ast-banner-title-visibility":"","ast-main-header-display":"","ast-hfb-above-header-display":"","ast-hfb-below-header-display":"","ast-hfb-mobile-header-display":"","site-post-title":"","ast-breadcrumbs-content":"","ast-featured-img":"","footer-sml-layout":"","ast-disable-related-posts":"","theme-transparent-header-meta":"default","adv-header-id-meta":"","stick-header-meta":"","header-above-stick-meta":"","header-main-stick-meta":"","header-below-stick-meta":"","astra-migrate-meta-layouts":"default","ast-page-background-enabled":"default","ast-page-background-meta":{"desktop":{"background-color":"var(--ast-global-color-5)","background-image":"","background-repeat":"repeat","background-position":"center center","background-size":"auto","background-attachment":"scroll","background-type":"","background-media":"","overlay-type":"","overlay-color":"","overlay-opacity":"","overlay-gradient":""},"tablet":{"background-color":"","background-image":"","background-repeat":"repeat","background-position":"center center","background-size":"auto","background-attachment":"scroll","background-type":"","background-media":"","overlay-type":"","overlay-color":"","overlay-opacity":"","overlay-gradient":""},"mobile":{"background-color":"","background-image":"","background-repeat":"repeat","background-position":"center center","background-size":"auto","background-attachment":"scroll","background-type":"","background-media":"","overlay-type":"","overlay-color":"","overlay-opacity":"","overlay-gradient":""}},"ast-content-background-meta":{"desktop":{"background-color":"var(--ast-global-color-4)","background-image":"","background-repeat":"repeat","background-position":"center center","background-size":"auto","background-attachment":"scroll","background-type":"","background-media":"","overlay-type":"","overlay-color":"","overlay-opacity":"","overlay-gradient":""},"tablet":{"background-color":"var(--ast-global-color-4)","background-image":"","background-repeat":"repeat","background-position":"center center","background-size":"auto","background-attachment":"scroll","background-type":"","background-media":"","overlay-type":"","overlay-color":"","overlay-opacity":"","overlay-gradient":""},"mobile":{"background-color":"var(--ast-global-color-4)","background-image":"","background-repeat":"repeat","background-position":"center center","background-size":"auto","background-attachment":"scroll","background-type":"","background-media":"","overlay-type":"","overlay-color":"","overlay-opacity":"","overlay-gradient":""}}},"product_brand":[],"product_cat":[176],"product_tag":[191,192],"class_list":{"0":"post-1301","1":"product","2":"type-product","3":"status-publish","4":"has-post-thumbnail","6":"product_cat-cultura-de-pomar","7":"product_tag-fertilizante-especial-para-maturacao-da-cor-em-arvores-de-fruto","8":"product_tag-fertilizante-foliar-para-culturas-de-pomar","9":"desktop-align-left","10":"tablet-align-left","11":"mobile-align-left","13":"first","14":"instock","15":"taxable","16":"shipping-taxable","17":"product-type-simple"},"acf":[],"_links":{"self":[{"href":"https:\/\/maslbiotech.com\/pt-pt\/wp-json\/wp\/v2\/product\/1301","targetHints":{"allow":["GET"]}}],"collection":[{"href":"https:\/\/maslbiotech.com\/pt-pt\/wp-json\/wp\/v2\/product"}],"about":[{"href":"https:\/\/maslbiotech.com\/pt-pt\/wp-json\/wp\/v2\/types\/product"}],"replies":[{"embeddable":true,"href":"https:\/\/maslbiotech.com\/pt-pt\/wp-json\/wp\/v2\/comments?post=1301"}],"wp:featuredmedia":[{"embeddable":true,"href":"https:\/\/maslbiotech.com\/pt-pt\/wp-json\/wp\/v2\/media\/1302"}],"wp:attachment":[{"href":"https:\/\/maslbiotech.com\/pt-pt\/wp-json\/wp\/v2\/media?parent=1301"}],"wp:term":[{"taxonomy":"product_brand","embeddable":true,"href":"https:\/\/maslbiotech.com\/pt-pt\/wp-json\/wp\/v2\/product_brand?post=1301"},{"taxonomy":"product_cat","embeddable":true,"href":"https:\/\/maslbiotech.com\/pt-pt\/wp-json\/wp\/v2\/product_cat?post=1301"},{"taxonomy":"product_tag","embeddable":true,"href":"https:\/\/maslbiotech.com\/pt-pt\/wp-json\/wp\/v2\/product_tag?post=1301"}],"curies":[{"name":"wp","href":"https:\/\/api.w.org\/{rel}","templated":true}]}}