{"id":1304,"date":"2025-11-07T13:39:41","date_gmt":"2025-11-07T13:39:41","guid":{"rendered":"https:\/\/maslbiotech.com\/product\/fertilizante-especial-para-maturacao-da-cor-de-frutas-e-legumes\/"},"modified":"2026-01-27T06:55:08","modified_gmt":"2026-01-27T06:55:08","slug":"fertilizante-especial-para-maturacao-da-cor-de-frutas-e-legumes","status":"publish","type":"product","link":"https:\/\/maslbiotech.com\/pt-pt\/produto\/fertilizante-especial-para-maturacao-da-cor-de-frutas-e-legumes\/","title":{"rendered":"Fertilizante Especial para Matura\u00e7\u00e3o da Cor de Frutas e Legumes"},"content":{"rendered":"<h2><strong><b>VegMax Color &#8211; <\/b><\/strong><strong>Matura\u00e7\u00e3o da Cor de Frutas e Legumes<\/strong> <strong>Fertilizante Especial<\/strong><\/h2>\n<h3><strong><b>Especifica\u00e7\u00e3o T\u00e9cnica:<\/b><\/strong><\/h3>\n<p>Amino\u00e1cidos \u2265100 g\/L, Ca+Mg \u226530 g\/L<\/p>\n<table>\n<tbody>\n<tr>\n<td>Ingrediente<\/td>\n<td>Concentra\u00e7\u00e3o<\/td>\n<\/tr>\n<tr>\n<td>Amino\u00e1cidos Livres<\/td>\n<td>100 g\/L<\/td>\n<\/tr>\n<tr>\n<td>Mg<\/td>\n<td>30 g\/L<\/td>\n<\/tr>\n<tr>\n<td>Fe<\/td>\n<td>2 g\/L<\/td>\n<\/tr>\n<tr>\n<td>Mn<\/td>\n<td>2 g\/L<\/td>\n<\/tr>\n<tr>\n<td>Zn<\/td>\n<td>1 g\/L<\/td>\n<\/tr>\n<tr>\n<td>Boro<\/td>\n<td>2 g\/L<\/td>\n<\/tr>\n<tr>\n<td>Tit\u00e2nio<\/td>\n<td>1,8 g\/L<\/td>\n<\/tr>\n<tr>\n<td>Alde\u00eddo Polihidrox\u00edlico<\/td>\n<td>50 g\/L<\/td>\n<\/tr>\n<tr>\n<td>Glutationa<\/td>\n<td>0,5 g\/L<\/td>\n<\/tr>\n<tr>\n<td>Ficocianina<\/td>\n<td>0,2 g\/L<\/td>\n<\/tr>\n<\/tbody>\n<\/table>\n<p><strong><b>Benef\u00edcios:<\/b><\/strong><br \/>\nEspecificamente desenvolvido para a fase de matura\u00e7\u00e3o da cor de culturas de frutas e legumes. Atrav\u00e9s do impulso sin\u00e9rgico de amino\u00e1cidos L-\u03b1 livres altamente ativos e elementos minerais quelatados multidimensionais, aumenta significativamente a efici\u00eancia da assimila\u00e7\u00e3o fotossint\u00e9tica de carbono, promovendo caules robustos e folhas mais grossas, de um verde mais escuro. As subst\u00e2ncias ativas principais aceleram de forma abrangente a acumula\u00e7\u00e3o direcional de assimilados fotossint\u00e9ticos nos frutos, alcan\u00e7ando aumentos simult\u00e2neos no rendimento de mat\u00e9ria seca e na acumula\u00e7\u00e3o de brix. Os componentes naturais de intensifica\u00e7\u00e3o do sinal de luz (Ficocianina) induzem precisamente a express\u00e3o eficiente da via metab\u00f3lica antocianina-flavonoide, promovendo a mudan\u00e7a natural e uniforme da cor dos frutos, alcan\u00e7ando frutos bonitos com cores vibrantes e pele brilhante. O sistema de resist\u00eancia ao stress aumenta significativamente a estabilidade da membrana celular e a capacidade antioxidante, prevenindo eficazmente queimaduras solares, frutos moles e dist\u00farbios de colora\u00e7\u00e3o, garantindo a suavidade da superf\u00edcie do fruto e a qualidade de armazenamento\/transporte. Em \u00faltima an\u00e1lise, alcan\u00e7a um triplo salto na qualidade: aumento do rendimento, maior brix e uma bela apar\u00eancia do fruto.     <\/p>\n<p><strong><b>Culturas Aplic\u00e1veis:<\/b><\/strong> Legumes de fruto e hortali\u00e7as de folha<\/p>\n<p><strong><b>Instru\u00e7\u00f5es de Aplica\u00e7\u00e3o:<\/b><\/strong><br \/>\n<strong><b>Pulveriza\u00e7\u00e3o Foliar:<\/b><\/strong> Diluir 800-1000 vezes. Aplicar em intervalos de 7-10 dias durante 2-3 aplica\u00e7\u00f5es consecutivas.<br \/>\n<strong><b>Fertirriga\u00e7\u00e3o\/Irriga\u00e7\u00e3o por Gotejamento:<\/b><\/strong> 15-30 L\/ha<\/p>\n<p><strong><b>Precau\u00e7\u00f5es:<\/b><\/strong><\/p>\n<p>1. Evite misturar com fertilizantes e pesticidas fortemente \u00e1cidos ou alcalinos, pois isso pode afetar a efic\u00e1cia do produto. Se pretender misturar com outros produtos, realize primeiro um teste de compatibilidade em pequena escala. <\/p>\n<p>2. Pode ser necess\u00e1ria uma reaplica\u00e7\u00e3o a uma taxa reduzida se ocorrer chuva dentro de 4 horas ap\u00f3s a pulveriza\u00e7\u00e3o.<\/p>\n<p><strong><b>Armazenamento:<\/b><\/strong><\/p>\n<p>1. Armazene e transporte na embalagem original. Mantenha selado em local fresco e seco. <\/p>\n<p>2. Armazene separadamente de alimentos, bebidas e ra\u00e7\u00f5es. Mantenha fora do alcance de crian\u00e7as e animais. <\/p>\n<p>Data de Produ\u00e7\u00e3o e N\u00ba do Lote: Ver tampa da garrafa. Prazo de Validade: 36 meses.<\/p>\n","protected":false},"excerpt":{"rendered":"<ul>\n<li>Amino\u00e1cidos Livres: 100g\/L<\/li>\n<li>Mg: 30 g\/L<\/li>\n<li>Fe: 2 g\/L<\/li>\n<li>Mn: 2 g\/L<\/li>\n<li>Zn: 1 g\/L<\/li>\n<li>Boro: 2 g\/L<\/li>\n<li>Tit\u00e2nio: 1,8 g\/L<\/li>\n<li>Alde\u00eddo Polihidrox\u00edlico: 50 g\/L<\/li>\n<li>Glutationa: 0,5 g\/L<\/li>\n<li>Ficocianina: 0,2 g\/L<\/li>\n<\/ul>\n","protected":false},"featured_media":1305,"comment_status":"open","ping_status":"closed","template":"","meta":{"_acf_changed":false,"site-sidebar-layout":"default","site-content-layout":"","ast-site-content-layout":"default","site-content-style":"default","site-sidebar-style":"default","ast-global-header-display":"","ast-banner-title-visibility":"","ast-main-header-display":"","ast-hfb-above-header-display":"","ast-hfb-below-header-display":"","ast-hfb-mobile-header-display":"","site-post-title":"","ast-breadcrumbs-content":"","ast-featured-img":"","footer-sml-layout":"","ast-disable-related-posts":"","theme-transparent-header-meta":"default","adv-header-id-meta":"","stick-header-meta":"","header-above-stick-meta":"","header-main-stick-meta":"","header-below-stick-meta":"","astra-migrate-meta-layouts":"default","ast-page-background-enabled":"default","ast-page-background-meta":{"desktop":{"background-color":"var(--ast-global-color-5)","background-image":"","background-repeat":"repeat","background-position":"center center","background-size":"auto","background-attachment":"scroll","background-type":"","background-media":"","overlay-type":"","overlay-color":"","overlay-opacity":"","overlay-gradient":""},"tablet":{"background-color":"","background-image":"","background-repeat":"repeat","background-position":"center center","background-size":"auto","background-attachment":"scroll","background-type":"","background-media":"","overlay-type":"","overlay-color":"","overlay-opacity":"","overlay-gradient":""},"mobile":{"background-color":"","background-image":"","background-repeat":"repeat","background-position":"center center","background-size":"auto","background-attachment":"scroll","background-type":"","background-media":"","overlay-type":"","overlay-color":"","overlay-opacity":"","overlay-gradient":""}},"ast-content-background-meta":{"desktop":{"background-color":"var(--ast-global-color-4)","background-image":"","background-repeat":"repeat","background-position":"center center","background-size":"auto","background-attachment":"scroll","background-type":"","background-media":"","overlay-type":"","overlay-color":"","overlay-opacity":"","overlay-gradient":""},"tablet":{"background-color":"var(--ast-global-color-4)","background-image":"","background-repeat":"repeat","background-position":"center center","background-size":"auto","background-attachment":"scroll","background-type":"","background-media":"","overlay-type":"","overlay-color":"","overlay-opacity":"","overlay-gradient":""},"mobile":{"background-color":"var(--ast-global-color-4)","background-image":"","background-repeat":"repeat","background-position":"center center","background-size":"auto","background-attachment":"scroll","background-type":"","background-media":"","overlay-type":"","overlay-color":"","overlay-opacity":"","overlay-gradient":""}}},"product_brand":[],"product_cat":[178],"product_tag":[],"class_list":{"0":"post-1304","1":"product","2":"type-product","3":"status-publish","4":"has-post-thumbnail","6":"product_cat-cultura-de-vegetais-e-frutas","7":"desktop-align-left","8":"tablet-align-left","9":"mobile-align-left","11":"first","12":"instock","13":"taxable","14":"shipping-taxable","15":"product-type-simple"},"acf":[],"_links":{"self":[{"href":"https:\/\/maslbiotech.com\/pt-pt\/wp-json\/wp\/v2\/product\/1304","targetHints":{"allow":["GET"]}}],"collection":[{"href":"https:\/\/maslbiotech.com\/pt-pt\/wp-json\/wp\/v2\/product"}],"about":[{"href":"https:\/\/maslbiotech.com\/pt-pt\/wp-json\/wp\/v2\/types\/product"}],"replies":[{"embeddable":true,"href":"https:\/\/maslbiotech.com\/pt-pt\/wp-json\/wp\/v2\/comments?post=1304"}],"wp:featuredmedia":[{"embeddable":true,"href":"https:\/\/maslbiotech.com\/pt-pt\/wp-json\/wp\/v2\/media\/1305"}],"wp:attachment":[{"href":"https:\/\/maslbiotech.com\/pt-pt\/wp-json\/wp\/v2\/media?parent=1304"}],"wp:term":[{"taxonomy":"product_brand","embeddable":true,"href":"https:\/\/maslbiotech.com\/pt-pt\/wp-json\/wp\/v2\/product_brand?post=1304"},{"taxonomy":"product_cat","embeddable":true,"href":"https:\/\/maslbiotech.com\/pt-pt\/wp-json\/wp\/v2\/product_cat?post=1304"},{"taxonomy":"product_tag","embeddable":true,"href":"https:\/\/maslbiotech.com\/pt-pt\/wp-json\/wp\/v2\/product_tag?post=1304"}],"curies":[{"name":"wp","href":"https:\/\/api.w.org\/{rel}","templated":true}]}}