{"id":1311,"date":"2026-04-11T13:36:28","date_gmt":"2026-04-11T13:36:28","guid":{"rendered":"https:\/\/maslbiotech.com\/product\/fertilizante-especializado-para-expansao-de-frutos-e-vegetais\/"},"modified":"2025-11-07T13:36:28","modified_gmt":"2025-11-07T13:36:28","slug":"fertilizante-especializado-para-expansao-de-frutos-e-vegetais","status":"publish","type":"product","link":"https:\/\/maslbiotech.com\/pt-pt\/produto\/fertilizante-especializado-para-expansao-de-frutos-e-vegetais\/","title":{"rendered":"Fertilizante Especializado para Expans\u00e3o de Frutos e Vegetais"},"content":{"rendered":"<h2><strong>VegMax Expans\u00e3o de Frutos &#8211; <\/strong><strong>Fertilizante Especializado para Expans\u00e3o de Frutos e Vegetais<\/strong><strong>Specialty Fertilizer<\/strong><\/h2>\n<p><strong><b>Especifica\u00e7\u00e3o T\u00e9cnica:<\/b><\/strong><\/p>\n<p>Amino\u00e1cidos \u2265100 g\/L, Cu+Fe+Mn+Zn+B+Mo \u226520 g\/L<\/p>\n<table>\n<tbody>\n<tr>\n<td>Ingrediente<\/td>\n<td>Concentra\u00e7\u00e3o<\/td>\n<\/tr>\n<tr>\n<td>Amino\u00e1cidos Livres<\/td>\n<td>100 g\/L<\/td>\n<\/tr>\n<tr>\n<td>Ca<\/td>\n<td>5 g\/L<\/td>\n<\/tr>\n<tr>\n<td>Fe<\/td>\n<td>5,5 g\/L<\/td>\n<\/tr>\n<tr>\n<td>Mn<\/td>\n<td>4 g\/L<\/td>\n<\/tr>\n<tr>\n<td>Cu<\/td>\n<td>0,5 g\/L<\/td>\n<\/tr>\n<tr>\n<td>Zn<\/td>\n<td>5 g\/L<\/td>\n<\/tr>\n<tr>\n<td>Boro<\/td>\n<td>5 g\/L<\/td>\n<\/tr>\n<tr>\n<td>Vitamina B3<\/td>\n<td>0,5 g\/L<\/td>\n<\/tr>\n<tr>\n<td>\u00c1cido Poliglut\u00e2mico (PGA)<\/td>\n<td>0,5 g\/L<\/td>\n<\/tr>\n<\/tbody>\n<\/table>\n<p><strong><b>Benef\u00edcios:<\/b><\/strong><br \/>\nEspecificamente desenvolvido para a fase de expans\u00e3o dos frutos em culturas de frutos e vegetais. Utiliza L-\u03b1 amino\u00e1cidos livres altamente ativos como transportador de energia, sinergizados com C\u00e1lcio, Ferro, Mangan\u00eas, Cobre, Zinco, Boro e outros micronutrientes\/secund\u00e1rios quelatados, integrados com os fatores ativos de efeito duplo Vitamina B3 e \u00c1cido Poliglut\u00e2mico, construindo um sistema de nutri\u00e7\u00e3o para expans\u00e3o dos frutos e melhoria da qualidade. Fortalece especificamente a resist\u00eancia do tecido da pele do fruto, aumenta a resist\u00eancia ao stress do fruto, reduzindo eficazmente problemas como rachaduras nos frutos e escaldadura solar causados por mudan\u00e7as bruscas de \u00e1gua e luz solar direta forte durante a expans\u00e3o, ao mesmo tempo que diminui o risco de queda de frutos. Ao suplementar elementos-chave como o C\u00e1lcio, pode prevenir a podrid\u00e3o apical e evitar problemas comuns como frutos pequenos ou atrofiados devido ao fornecimento desequilibrado de nutrientes, garantindo o ritmo normal de expans\u00e3o dos frutos. Al\u00e9m disso, o produto promove a efici\u00eancia fotossint\u00e9tica da cultura, acelera a convers\u00e3o de produtos fotossint\u00e9ticos, impulsiona o transporte preciso e a distribui\u00e7\u00e3o uniforme de nutrientes para os frutos, auxiliando na expans\u00e3o uniforme dos frutos e moldando frutos cheios e bem formados. Tamb\u00e9m promove a acumula\u00e7\u00e3o de a\u00e7\u00facares e compostos de sabor dentro do fruto, aumentando ainda mais a do\u00e7ura, a cor e o sabor do fruto, solidificando a base para uma melhor qualidade e rendimento durante a fase de expans\u00e3o.     <\/p>\n<p><strong><b>Culturas Aplic\u00e1veis:<\/b><\/strong> Legumes de fruto e hortali\u00e7as de folha<\/p>\n<p><strong><b>Instru\u00e7\u00f5es de Aplica\u00e7\u00e3o:<\/b><\/strong><br \/>\n<strong><b>Pulveriza\u00e7\u00e3o Foliar:<\/b><\/strong> Diluir 800-1000 vezes. Aplicar em intervalos de 7-10 dias durante 2-3 aplica\u00e7\u00f5es consecutivas.<br \/>\n<strong><b>Fertirriga\u00e7\u00e3o\/Irriga\u00e7\u00e3o por Gotejamento:<\/b><\/strong> 15-30 L\/ha<\/p>\n<p><strong><b>Precau\u00e7\u00f5es:<\/b><\/strong><\/p>\n<p>1. Evite misturar com fertilizantes e pesticidas fortemente \u00e1cidos ou alcalinos, pois isso pode afetar a efic\u00e1cia do produto. Se pretender misturar com outros produtos, realize primeiro um teste de compatibilidade em pequena escala. <\/p>\n<p>2. Pode ser necess\u00e1ria uma reaplica\u00e7\u00e3o a uma taxa reduzida se ocorrer chuva dentro de 4 horas ap\u00f3s a pulveriza\u00e7\u00e3o.<\/p>\n<p><strong><b>Armazenamento:<\/b><\/strong><\/p>\n<p>1. Armazene e transporte na embalagem original. Mantenha selado em local fresco e seco. <\/p>\n<p>2. Armazene separadamente de alimentos, bebidas e ra\u00e7\u00f5es. Mantenha fora do alcance de crian\u00e7as e animais. <\/p>\n<p>Data de Produ\u00e7\u00e3o e N\u00ba do Lote: Ver tampa da garrafa. Prazo de Validade: 36 meses.<\/p>\n","protected":false},"excerpt":{"rendered":"<ul>\n<li>Amino\u00e1cidos Livres: 100 g\/L<\/li>\n<li>Ca: 5 g\/L<\/li>\n<li>Fe: 5,5 g\/L<\/li>\n<li>Mn: 4 g\/L<\/li>\n<li>Cu: 0,5 g\/L<\/li>\n<li>Zn: 5 g\/L<\/li>\n<li>Boro: 5 g\/L<\/li>\n<li>Vitamina B3: 0,5 g\/L<\/li>\n<li>\u00c1cido Poliglut\u00e2mico (PGA): 0,5 g\/L<\/li>\n<\/ul>\n","protected":false},"featured_media":1314,"comment_status":"open","ping_status":"closed","template":"","meta":{"_acf_changed":false,"site-sidebar-layout":"default","site-content-layout":"","ast-site-content-layout":"default","site-content-style":"default","site-sidebar-style":"default","ast-global-header-display":"","ast-banner-title-visibility":"","ast-main-header-display":"","ast-hfb-above-header-display":"","ast-hfb-below-header-display":"","ast-hfb-mobile-header-display":"","site-post-title":"","ast-breadcrumbs-content":"","ast-featured-img":"","footer-sml-layout":"","ast-disable-related-posts":"","theme-transparent-header-meta":"default","adv-header-id-meta":"","stick-header-meta":"","header-above-stick-meta":"","header-main-stick-meta":"","header-below-stick-meta":"","astra-migrate-meta-layouts":"default","ast-page-background-enabled":"default","ast-page-background-meta":{"desktop":{"background-color":"var(--ast-global-color-5)","background-image":"","background-repeat":"repeat","background-position":"center center","background-size":"auto","background-attachment":"scroll","background-type":"","background-media":"","overlay-type":"","overlay-color":"","overlay-opacity":"","overlay-gradient":""},"tablet":{"background-color":"","background-image":"","background-repeat":"repeat","background-position":"center center","background-size":"auto","background-attachment":"scroll","background-type":"","background-media":"","overlay-type":"","overlay-color":"","overlay-opacity":"","overlay-gradient":""},"mobile":{"background-color":"","background-image":"","background-repeat":"repeat","background-position":"center center","background-size":"auto","background-attachment":"scroll","background-type":"","background-media":"","overlay-type":"","overlay-color":"","overlay-opacity":"","overlay-gradient":""}},"ast-content-background-meta":{"desktop":{"background-color":"var(--ast-global-color-4)","background-image":"","background-repeat":"repeat","background-position":"center center","background-size":"auto","background-attachment":"scroll","background-type":"","background-media":"","overlay-type":"","overlay-color":"","overlay-opacity":"","overlay-gradient":""},"tablet":{"background-color":"var(--ast-global-color-4)","background-image":"","background-repeat":"repeat","background-position":"center center","background-size":"auto","background-attachment":"scroll","background-type":"","background-media":"","overlay-type":"","overlay-color":"","overlay-opacity":"","overlay-gradient":""},"mobile":{"background-color":"var(--ast-global-color-4)","background-image":"","background-repeat":"repeat","background-position":"center center","background-size":"auto","background-attachment":"scroll","background-type":"","background-media":"","overlay-type":"","overlay-color":"","overlay-opacity":"","overlay-gradient":""}}},"product_brand":[],"product_cat":[178],"product_tag":[],"class_list":{"0":"post-1311","1":"product","2":"type-product","3":"status-publish","4":"has-post-thumbnail","6":"product_cat-cultura-de-vegetais-e-frutas","7":"desktop-align-left","8":"tablet-align-left","9":"mobile-align-left","11":"first","12":"instock","13":"taxable","14":"shipping-taxable","15":"product-type-simple"},"acf":[],"_links":{"self":[{"href":"https:\/\/maslbiotech.com\/pt-pt\/wp-json\/wp\/v2\/product\/1311","targetHints":{"allow":["GET"]}}],"collection":[{"href":"https:\/\/maslbiotech.com\/pt-pt\/wp-json\/wp\/v2\/product"}],"about":[{"href":"https:\/\/maslbiotech.com\/pt-pt\/wp-json\/wp\/v2\/types\/product"}],"replies":[{"embeddable":true,"href":"https:\/\/maslbiotech.com\/pt-pt\/wp-json\/wp\/v2\/comments?post=1311"}],"wp:featuredmedia":[{"embeddable":true,"href":"https:\/\/maslbiotech.com\/pt-pt\/wp-json\/wp\/v2\/media\/1314"}],"wp:attachment":[{"href":"https:\/\/maslbiotech.com\/pt-pt\/wp-json\/wp\/v2\/media?parent=1311"}],"wp:term":[{"taxonomy":"product_brand","embeddable":true,"href":"https:\/\/maslbiotech.com\/pt-pt\/wp-json\/wp\/v2\/product_brand?post=1311"},{"taxonomy":"product_cat","embeddable":true,"href":"https:\/\/maslbiotech.com\/pt-pt\/wp-json\/wp\/v2\/product_cat?post=1311"},{"taxonomy":"product_tag","embeddable":true,"href":"https:\/\/maslbiotech.com\/pt-pt\/wp-json\/wp\/v2\/product_tag?post=1311"}],"curies":[{"name":"wp","href":"https:\/\/api.w.org\/{rel}","templated":true}]}}