{"id":1326,"date":"2025-11-04T14:55:42","date_gmt":"2025-11-04T14:55:42","guid":{"rendered":"https:\/\/maslbiotech.com\/product\/fertilizante-especial-para-expansao-de-fruto-durian\/"},"modified":"2026-01-27T07:31:12","modified_gmt":"2026-01-27T07:31:12","slug":"fertilizante-especial-para-expansao-de-fruto-durian","status":"publish","type":"product","link":"https:\/\/maslbiotech.com\/pt-pt\/produto\/fertilizante-especial-para-expansao-de-fruto-durian\/","title":{"rendered":"Fertilizante Especial para Expans\u00e3o de Fruto Durian"},"content":{"rendered":"<h2><strong><b>Durian<\/b><\/strong><strong><b> <\/b><\/strong><strong><b>Swell &#8211; <\/b><\/strong><strong>Expans\u00e3o de Fruto Durian<\/strong><strong> <\/strong><strong><b>Fertilizante Especial<\/b><\/strong><\/h2>\n<h3><strong><b>Especifica\u00e7\u00e3o T\u00e9cnica:<\/b><\/strong><\/h3>\n<p>Amino\u00e1cidos \u2265100 g\/L, Cu+Fe+Mn+Zn+B+Mo \u226520 g\/L<\/p>\n<table>\n<tbody>\n<tr>\n<td>Ingrediente<\/td>\n<td>Concentra\u00e7\u00e3o<\/td>\n<\/tr>\n<tr>\n<td>Amino\u00e1cidos Livres<\/td>\n<td>100 g\/L<\/td>\n<\/tr>\n<tr>\n<td>Ca<\/td>\n<td>5 g\/L<\/td>\n<\/tr>\n<tr>\n<td>Fe<\/td>\n<td>5,5 g\/L<\/td>\n<\/tr>\n<tr>\n<td>Mn<\/td>\n<td>4 g\/L<\/td>\n<\/tr>\n<tr>\n<td>Cu<\/td>\n<td>0,5 g\/L<\/td>\n<\/tr>\n<tr>\n<td>Zn<\/td>\n<td>5 g\/L<\/td>\n<\/tr>\n<tr>\n<td>Boro<\/td>\n<td>5 g\/L<\/td>\n<\/tr>\n<tr>\n<td>Beta\u00edna<\/td>\n<td>2 g\/L<\/td>\n<\/tr>\n<tr>\n<td>Vitamina B3<\/td>\n<td>0,5 g\/L<\/td>\n<\/tr>\n<\/tbody>\n<\/table>\n<p><strong><b> <\/b><\/strong><strong><b>Benef\u00edcios:<\/b><\/strong><br \/>\nUm fertilizante especializado sol\u00favel em \u00e1gua para a fase de expans\u00e3o do fruto durian. Seleciona m\u00faltiplos amino\u00e1cidos L-\u03b1 livres como o transportador principal, sinergicamente combinados com C\u00e1lcio, Ferro, Mangan\u00eas, Cobre, Zinco, Boro e outros micronutrientes\/secund\u00e1rios quelatados. A Beta\u00edna especialmente adicionada regula eficazmente o equil\u00edbrio osm\u00f3tico celular, aumentando a capacidade da \u00e1rvore de lidar com altas temperaturas, seca e outros stresses durante a expans\u00e3o do fruto. A Vitamina B3 ativa totalmente o sistema metab\u00f3lico da planta, acelerando a convers\u00e3o de energia e a s\u00edntese de subst\u00e2ncias, fornecendo ampla energia para o aumento do fruto. Promove significativamente a divis\u00e3o e expans\u00e3o das c\u00e9lulas do fruto, aumenta a resist\u00eancia da casca e a uniformidade do fruto, prevenindo eficazmente problemas comuns durante a expans\u00e3o, como rachamento do fruto, frutos malformados e escaldadura solar. Simultaneamente, ao melhorar a efici\u00eancia fotossint\u00e9tica das folhas, promove a s\u00edntese e acumula\u00e7\u00e3o de componentes de sabor, como a\u00e7\u00facares, prote\u00ednas e subst\u00e2ncias arom\u00e1ticas, aumentando significativamente a do\u00e7ura da polpa e a intensidade do sabor. Ap\u00f3s a aplica\u00e7\u00e3o, o vigor da \u00e1rvore \u00e9 forte, as folhas s\u00e3o verde-escuras e grossas, proporcionando um suporte nutricional abrangente para a expans\u00e3o cont\u00ednua do fruto, resultando, em \u00faltima an\u00e1lise, em frutos durian de alta qualidade, com forma uniforme, polpa espessa, sabor delicioso e do\u00e7ura excecional.      <\/p>\n<p><strong><b>Culturas aplic\u00e1veis:<\/b><\/strong> \u00c1rvores de fruto Durian<\/p>\n<h3><strong><b>Instru\u00e7\u00f5es de Aplica\u00e7\u00e3o:<\/b><\/strong><\/h3>\n<p><strong><b>Pulveriza\u00e7\u00e3o Foliar:<\/b><\/strong> Diluir 800-1000 vezes. Aplicar em intervalos de 7-10 dias durante 2-3 aplica\u00e7\u00f5es consecutivas.<br \/>\n<strong><b>Fertirriga\u00e7\u00e3o\/Irriga\u00e7\u00e3o por Gotejamento:<\/b><\/strong> 15-30 L\/ha<\/p>\n<p><strong><b>Precau\u00e7\u00f5es:<\/b><\/strong><\/p>\n<p>1. Evite misturar com fertilizantes e pesticidas fortemente \u00e1cidos ou alcalinos, pois isso pode afetar a efic\u00e1cia do produto. Se pretender misturar com outros produtos, realize primeiro um teste de compatibilidade em pequena escala. <\/p>\n<p>2. Pode ser necess\u00e1ria uma reaplica\u00e7\u00e3o a uma taxa reduzida se ocorrer chuva dentro de 4 horas ap\u00f3s a pulveriza\u00e7\u00e3o.<\/p>\n<p><strong><b>Armazenamento:<\/b><\/strong><\/p>\n<p>1. Armazene e transporte na embalagem original. Mantenha selado em local fresco e seco. <\/p>\n<p>2. Armazene separadamente de alimentos, bebidas e ra\u00e7\u00f5es. Mantenha fora do alcance de crian\u00e7as e animais. <\/p>\n<p>Data de Produ\u00e7\u00e3o e N\u00ba do Lote: Ver tampa da garrafa. Prazo de Validade: 36 meses.<\/p>\n","protected":false},"excerpt":{"rendered":"<ul>\n<li>Amino\u00e1cidos Livres: 100g\/L<\/li>\n<li>Ca: 5 g\/L<\/li>\n<li>Fe: 5,5 g\/L<\/li>\n<li>Mn: 4 g\/L<\/li>\n<li>Cu: 0,5 g\/L<\/li>\n<li>Zn: 5 g\/L<\/li>\n<li>Boro: 5 g\/L<\/li>\n<li>Beta\u00edna: 2 g\/L<\/li>\n<li>Vitamina B3: 0,5 g\/L<\/li>\n<\/ul>\n","protected":false},"featured_media":1328,"comment_status":"open","ping_status":"closed","template":"","meta":{"_acf_changed":false,"site-sidebar-layout":"default","site-content-layout":"","ast-site-content-layout":"default","site-content-style":"default","site-sidebar-style":"default","ast-global-header-display":"","ast-banner-title-visibility":"","ast-main-header-display":"","ast-hfb-above-header-display":"","ast-hfb-below-header-display":"","ast-hfb-mobile-header-display":"","site-post-title":"","ast-breadcrumbs-content":"","ast-featured-img":"","footer-sml-layout":"","ast-disable-related-posts":"","theme-transparent-header-meta":"default","adv-header-id-meta":"","stick-header-meta":"","header-above-stick-meta":"","header-main-stick-meta":"","header-below-stick-meta":"","astra-migrate-meta-layouts":"default","ast-page-background-enabled":"default","ast-page-background-meta":{"desktop":{"background-color":"var(--ast-global-color-5)","background-image":"","background-repeat":"repeat","background-position":"center center","background-size":"auto","background-attachment":"scroll","background-type":"","background-media":"","overlay-type":"","overlay-color":"","overlay-opacity":"","overlay-gradient":""},"tablet":{"background-color":"","background-image":"","background-repeat":"repeat","background-position":"center center","background-size":"auto","background-attachment":"scroll","background-type":"","background-media":"","overlay-type":"","overlay-color":"","overlay-opacity":"","overlay-gradient":""},"mobile":{"background-color":"","background-image":"","background-repeat":"repeat","background-position":"center center","background-size":"auto","background-attachment":"scroll","background-type":"","background-media":"","overlay-type":"","overlay-color":"","overlay-opacity":"","overlay-gradient":""}},"ast-content-background-meta":{"desktop":{"background-color":"var(--ast-global-color-4)","background-image":"","background-repeat":"repeat","background-position":"center center","background-size":"auto","background-attachment":"scroll","background-type":"","background-media":"","overlay-type":"","overlay-color":"","overlay-opacity":"","overlay-gradient":""},"tablet":{"background-color":"var(--ast-global-color-4)","background-image":"","background-repeat":"repeat","background-position":"center center","background-size":"auto","background-attachment":"scroll","background-type":"","background-media":"","overlay-type":"","overlay-color":"","overlay-opacity":"","overlay-gradient":""},"mobile":{"background-color":"var(--ast-global-color-4)","background-image":"","background-repeat":"repeat","background-position":"center center","background-size":"auto","background-attachment":"scroll","background-type":"","background-media":"","overlay-type":"","overlay-color":"","overlay-opacity":"","overlay-gradient":""}}},"product_brand":[],"product_cat":[176],"product_tag":[197],"class_list":{"0":"post-1326","1":"product","2":"type-product","3":"status-publish","4":"has-post-thumbnail","6":"product_cat-cultura-de-pomar","7":"product_tag-fertilizante-especial-para-expansao-de-fruto-durian","8":"desktop-align-left","9":"tablet-align-left","10":"mobile-align-left","12":"first","13":"instock","14":"taxable","15":"shipping-taxable","16":"product-type-simple"},"acf":[],"_links":{"self":[{"href":"https:\/\/maslbiotech.com\/pt-pt\/wp-json\/wp\/v2\/product\/1326","targetHints":{"allow":["GET"]}}],"collection":[{"href":"https:\/\/maslbiotech.com\/pt-pt\/wp-json\/wp\/v2\/product"}],"about":[{"href":"https:\/\/maslbiotech.com\/pt-pt\/wp-json\/wp\/v2\/types\/product"}],"replies":[{"embeddable":true,"href":"https:\/\/maslbiotech.com\/pt-pt\/wp-json\/wp\/v2\/comments?post=1326"}],"wp:featuredmedia":[{"embeddable":true,"href":"https:\/\/maslbiotech.com\/pt-pt\/wp-json\/wp\/v2\/media\/1328"}],"wp:attachment":[{"href":"https:\/\/maslbiotech.com\/pt-pt\/wp-json\/wp\/v2\/media?parent=1326"}],"wp:term":[{"taxonomy":"product_brand","embeddable":true,"href":"https:\/\/maslbiotech.com\/pt-pt\/wp-json\/wp\/v2\/product_brand?post=1326"},{"taxonomy":"product_cat","embeddable":true,"href":"https:\/\/maslbiotech.com\/pt-pt\/wp-json\/wp\/v2\/product_cat?post=1326"},{"taxonomy":"product_tag","embeddable":true,"href":"https:\/\/maslbiotech.com\/pt-pt\/wp-json\/wp\/v2\/product_tag?post=1326"}],"curies":[{"name":"wp","href":"https:\/\/api.w.org\/{rel}","templated":true}]}}