{"id":1333,"date":"2025-11-05T14:13:05","date_gmt":"2025-11-05T14:13:05","guid":{"rendered":"https:\/\/maslbiotech.com\/product\/fertilizante-especial-para-aumento-de-volume-de-raizes-e-tuberculos\/"},"modified":"2026-01-27T07:20:06","modified_gmt":"2026-01-27T07:20:06","slug":"fertilizante-especial-para-aumento-de-volume-de-raizes-e-tuberculos","status":"publish","type":"product","link":"https:\/\/maslbiotech.com\/pt-pt\/produto\/fertilizante-especial-para-aumento-de-volume-de-raizes-e-tuberculos\/","title":{"rendered":"Fertilizante Especial para Aumento de Volume de Ra\u00edzes e Tub\u00e9rculos"},"content":{"rendered":"<h2><strong>Impulso de Ra\u00edzes &#8211; <\/strong><strong>Aumento de Volume de Ra\u00edzes e Tub\u00e9rculos <\/strong><strong>Fertilizante Especial<\/strong><\/h2>\n<p data-path-to-node=\"5\">Maximize o potencial dos seus cultivos subterr\u00e2neos com o Adubo Especial para Ra\u00edzes e Tub\u00e9rculos da <a href=\"https:\/\/maslbiotech.com\/pt-pt\/\"><b data-path-to-node=\"5\" data-index-in-node=\"54\">MASL Biotech<\/b><\/a>. Desenvolvido especificamente para a fase cr\u00edtica de inchamento, esta f\u00f3rmula de alto desempenho garante que suas plantas parem de gastar energia em folhagem excessiva e comecem a &#8220;dirigir o tr\u00e1fego&#8221; de carboidratos para as ra\u00edzes e tub\u00e9rculos. <span class=\"notranslate immersive-translate-target-wrapper\" lang=\"zh-CN\"><br \/>\n<\/span><\/p>\n<p data-path-to-node=\"6\">Seja qual for o cultivo \u2014 batatas, mandioca, inhames, cenouras ou batatas-doces \u2014 nossa mistura especial proporciona a propor\u00e7\u00e3o ideal de Pot\u00e1ssio (K), F\u00f3sforo (P) e micronutrientes secund\u00e1rios necess\u00e1rios para aumentar o tamanho, o peso e o teor de amido dos tub\u00e9rculos.<\/p>\n<h3><strong><b>Especifica\u00e7\u00e3o T\u00e9cnica:<\/b><\/strong><\/h3>\n<p>Amino\u00e1cidos \u2265100 g\/L, Cu+Fe+Mn+Zn+B+Mo \u226520 g\/L<\/p>\n<table>\n<tbody>\n<tr>\n<td>Ingrediente<\/td>\n<td>Concentra\u00e7\u00e3o<\/td>\n<\/tr>\n<tr>\n<td>Amino\u00e1cidos Livres<\/td>\n<td>100 g\/L<\/td>\n<\/tr>\n<tr>\n<td>Ca<\/td>\n<td>5 g\/L<\/td>\n<\/tr>\n<tr>\n<td>Fe<\/td>\n<td>5,5 g\/L<\/td>\n<\/tr>\n<tr>\n<td>Mn<\/td>\n<td>4 g\/L<\/td>\n<\/tr>\n<tr>\n<td>Cu<\/td>\n<td>0,5 g\/L<\/td>\n<\/tr>\n<tr>\n<td>Zn<\/td>\n<td>5 g\/L<\/td>\n<\/tr>\n<tr>\n<td>Boro<\/td>\n<td>5 g\/L<\/td>\n<\/tr>\n<tr>\n<td>Vitamina B3<\/td>\n<td>0,5 g\/L<\/td>\n<\/tr>\n<tr>\n<td>Prote\u00edna de Peixe<\/td>\n<td>0,5 g\/L<\/td>\n<\/tr>\n<\/tbody>\n<\/table>\n<h3><strong><b>Benef\u00edcios:<\/b><\/strong><\/h3>\n<p>Especificamente desenvolvido para a fase de aumento de volume de culturas de ra\u00edzes e tub\u00e9rculos. Utiliza m\u00faltiplos amino\u00e1cidos L-\u03b1 livres como o principal transportador, cientificamente combinados com C\u00e1lcio quelatado com EDTA, Ferro, Mangan\u00eas, Cobre, Zinco, Boro sol\u00favel em \u00e1gua e ingredientes ativos como Vitamina B3 e Prote\u00edna de Peixe, precisamente adaptados para as necessidades da fase de aumento de volume. Aborda problemas comuns nesta fase, como o aumento de volume lento devido ao desequil\u00edbrio de nutrientes, pele fr\u00e1gil que leva a rachaduras, m\u00e1 adaptabilidade do solo e desenvolvimento dificultado sob stress. Os amino\u00e1cidos ativam a vitalidade da raiz, aumentam a absor\u00e7\u00e3o de nutrientes e a efici\u00eancia do transporte, promovendo a transfer\u00eancia direcional de produtos fotossint\u00e9ticos para os tub\u00e9rculos subterr\u00e2neos. O C\u00e1lcio quelatado e a Prote\u00edna de Peixe funcionam sinergicamente; o primeiro aumenta a resist\u00eancia da parede celular do tub\u00e9rculo para evitar rachaduras, o \u00faltimo melhora a estrutura agregada do solo e promove a prolifera\u00e7\u00e3o de microrganismos ben\u00e9ficos, aumentando a adaptabilidade da cultura a diferentes ambientes de solo. A Vitamina B3 participa no metabolismo energ\u00e9tico, promove a divis\u00e3o e expans\u00e3o celular, trabalha com micronutrientes quelatados para otimizar a efici\u00eancia fotossint\u00e9tica e, juntamente com a Prote\u00edna de Peixe, fortalece a resist\u00eancia da cultura \u00e0 seca e a doen\u00e7as transmitidas pelo solo, estabilizando o processo de aumento de volume. Em \u00faltima an\u00e1lise, consegue um aumento uniforme e robusto do tub\u00e9rculo, pele lisa, melhor qualidade e maior rendimento.      <\/p>\n<p><strong><b> <\/b><\/strong><strong><b>Culturas <\/b><\/strong><strong><b>A<\/b><\/strong><strong><b>plic\u00e1veis:<\/b><\/strong><strong><b> <\/b><\/strong>Culturas de Ra\u00edzes e Tub\u00e9rculos: Batata, Cenoura, Beterraba Sacarina, Mandioca, Cebola, Alho, Chalota<\/p>\n<h2><strong><b>Instru\u00e7\u00f5es de Aplica\u00e7\u00e3o:<\/b><\/strong><br \/>\n<b><\/b><\/h2>\n<p><strong><b>Pulveriza\u00e7\u00e3o Foliar:<\/b><\/strong> Diluir 800-1000 vezes. Aplicar em intervalos de 7-10 dias durante 2-3 aplica\u00e7\u00f5es consecutivas.<br \/>\n<strong><b>Fertirriga\u00e7\u00e3o\/Irriga\u00e7\u00e3o por Gotejamento:<\/b><\/strong> 15-30 L\/ha<\/p>\n<h3><strong><b>Precau\u00e7\u00f5es:<\/b><\/strong><\/h3>\n<p>1. Evite misturar com fertilizantes e pesticidas fortemente \u00e1cidos ou alcalinos, pois isso pode afetar a efic\u00e1cia do produto. Se pretender misturar com outros produtos, realize primeiro um teste de compatibilidade em pequena escala. <\/p>\n<p>2. Pode ser necess\u00e1ria uma reaplica\u00e7\u00e3o a uma taxa reduzida se ocorrer chuva dentro de 4 horas ap\u00f3s a pulveriza\u00e7\u00e3o.<\/p>\n<h3><strong><b>Armazenamento:<\/b><\/strong><\/h3>\n<p>1. Armazene e transporte na embalagem original. Mantenha selado em local fresco e seco. <\/p>\n<p>2. Armazene separadamente de alimentos, bebidas e ra\u00e7\u00f5es. Mantenha fora do alcance de crian\u00e7as e animais. <\/p>\n<p>Data de Produ\u00e7\u00e3o e N\u00ba do Lote: Ver tampa da garrafa. Prazo de Validade: 36 meses.<\/p>\n<figure id=\"attachment_1769\" aria-describedby=\"caption-attachment-1769\" style=\"width: 590px\" class=\"wp-caption alignnone\"><a href=\"https:\/\/maslbiotech.com\/wp-content\/uploads\/2025\/11\/ScreenShot_2026-01-11_223633_997.jpg\"><img fetchpriority=\"high\" decoding=\"async\" class=\" wp-image-1769\" src=\"https:\/\/maslbiotech.com\/wp-content\/uploads\/2025\/11\/ScreenShot_2026-01-11_223633_997-300x202.jpg\" alt=\"Fertilizante Especial para Aumento de Volume de Ra\u00edzes e Tub\u00e9rculos\" width=\"590\" height=\"397\" srcset=\"https:\/\/maslbiotech.com\/wp-content\/uploads\/2025\/11\/ScreenShot_2026-01-11_223633_997-300x202.jpg 300w, https:\/\/maslbiotech.com\/wp-content\/uploads\/2025\/11\/ScreenShot_2026-01-11_223633_997-64x43.jpg 64w, https:\/\/maslbiotech.com\/wp-content\/uploads\/2025\/11\/ScreenShot_2026-01-11_223633_997.jpg 503w\" sizes=\"(max-width: 590px) 100vw, 590px\" \/><\/a><figcaption id=\"caption-attachment-1769\" class=\"wp-caption-text\">Fertilizante Especial para Aumento de Volume de Ra\u00edzes e Tub\u00e9rculos<\/figcaption><\/figure>\n<h2 data-path-to-node=\"8\">Principais Benef\u00edcios e Caracter\u00edsticas<\/h2>\n<ul data-path-to-node=\"9\">\n<li>\n<p data-path-to-node=\"9,0,0\">Acelera\u00e7\u00e3o do Inchamento dos Tub\u00e9rculos: Formulado com pot\u00e1ssio de alta solubilidade para impulsionar a transloca\u00e7\u00e3o de a\u00e7\u00facares das folhas para os tub\u00e9rculos, resultando em colheitas significativamente maiores e mais pesadas.<\/p>\n<\/li>\n<li>\n<p data-path-to-node=\"9,1,0\">Maior Teor de Amido e Mat\u00e9ria Seca: Nossa mistura \u00fanica de magn\u00e9sio e enxofre otimiza a fotoss\u00edntese e a ativa\u00e7\u00e3o de enzimas, levando a maior densidade espec\u00edfica e melhor qualidade culin\u00e1ria.<\/p>\n<\/li>\n<li>\n<p data-path-to-node=\"9,2,0\">Resili\u00eancia ao Estresse e Integridade Celular: O c\u00e1lcio e boro integrados fortalecem as paredes celulares, reduzindo o risco de escurecimento interno, furos e danos durante a colheita e transporte.<\/p>\n<\/li>\n<li>\n<p data-path-to-node=\"9,3,0\">Expans\u00e3o do Sistema Radicular: Componentes ricos em f\u00f3sforo estimulam o ramifica\u00e7\u00e3o profundo das ra\u00edzes, permitindo que a planta acesse mais \u00e1gua e nutrientes mesmo em condi\u00e7\u00f5es de solo adversas.<\/p>\n<\/li>\n<li>\n<p data-path-to-node=\"9,4,0\">Vida \u00datil Estendida em Armazenamento: A nutri\u00e7\u00e3o equilibrada garante que os tub\u00e9rculos sejam fisicamente robustos, melhorando sua vida \u00fatil e reduzindo perdas p\u00f3s-colheita.<\/p>\n<\/li>\n<\/ul>\n<h2 data-path-to-node=\"11\">Por que usar um Adubo Especializado para Inchamento?<\/h2>\n<p data-path-to-node=\"12\">Os adubos NPK padr\u00e3o priorizam o nitrog\u00eanio, o que pode levar a &#8220;muitas folhas e poucas ra\u00edzes&#8221;. Durante as fases de inicia\u00e7\u00e3o e inchamento dos tub\u00e9rculos, a demanda nutricional da cultura muda. Nosso Adubo Especial para Ra\u00edzes e Tub\u00e9rculos resolve isso ao:  <\/p>\n<ol start=\"1\" data-path-to-node=\"13\">\n<li>\n<p data-path-to-node=\"13,0,0\">Regular a Fun\u00e7\u00e3o Estom\u00e1tica: Ajudando a planta a gerenciar a \u00e1gua de forma eficiente durante per\u00edodos de seca.<\/p>\n<\/li>\n<li>\n<p data-path-to-node=\"13,1,0\">Otimizar a Transfer\u00eancia de Energia: Agindo como uma &#8220;bomba biol\u00f3gica&#8221; que move os fotossintatos da copa foliar para os \u00f3rg\u00e3os de armazenamento.<\/p>\n<\/li>\n<li>\n<p data-path-to-node=\"13,2,0\">Corrigir Desequil\u00edbrios no Solo: Abordando defici\u00eancias comuns em solos subsarianos e tropicais, especificamente a falta de enxofre e pot\u00e1ssio que muitas vezes limita o rendimento.<\/p>\n<\/li>\n<\/ol>\n<h2 data-path-to-node=\"15\">Instru\u00e7\u00f5es de Aplica\u00e7\u00e3o<\/h2>\n<p data-path-to-node=\"16\">Para obter os melhores resultados, aplique durante as fases de Inicia\u00e7\u00e3o dos Tub\u00e9rculos e Inchamento Ativo.<\/p>\n<ul data-path-to-node=\"17\">\n<li>\n<p data-path-to-node=\"17,0,0\">Aplica\u00e7\u00e3o foliar: Misture 2,5\u20135 kg por hectare em \u00e1gua suficiente. Repita a cada 10\u201314 dias durante o pico do per\u00edodo de inchamento. <\/p>\n<\/li>\n<li>\n<p data-path-to-node=\"17,1,0\">Fertirriga\u00e7\u00e3o\/Aplica\u00e7\u00e3o radicular: Aplique atrav\u00e9s de sistemas de irriga\u00e7\u00e3o ou como adubo lateral para garantir absor\u00e7\u00e3o direta pelas ra\u00edzes.<\/p>\n<\/li>\n<li>\n<p data-path-to-node=\"17,2,0\">Compatibilidade: Este produto \u00e9 amplamente misc\u00edvel em tanque com a maioria dos fungicidas e inseticidas, permitindo integra\u00e7\u00e3o f\u00e1cil no seu programa de prote\u00e7\u00e3o de cultivo existente.<\/p>\n<\/li>\n<\/ul>\n<h2 data-path-to-node=\"19\">Perguntas Frequentes (FAQ)<\/h2>\n<p data-path-to-node=\"20\"><b data-path-to-node=\"20\" data-index-in-node=\"0\">Q: Qual \u00e9 o melhor momento para come\u00e7ar a usar o adubo de inchamento?<\/b><\/p>\n<p data-path-to-node=\"20\">A: A janela cr\u00edtica mais importante come\u00e7a na &#8220;Inicia\u00e7\u00e3o dos Tub\u00e9rculos&#8221; (geralmente no in\u00edcio da flora\u00e7\u00e3o das batatas) e continua durante a fase de &#8220;Inchamento Ativo&#8221;. \u00c9 quando a demanda de pot\u00e1ssio da planta est\u00e1 no seu pico. <\/p>\n<p data-path-to-node=\"21\"><b data-path-to-node=\"21\" data-index-in-node=\"0\">Q: Pode ser usado para mandioca e batata-doce?<\/b><\/p>\n<p data-path-to-node=\"21\">A: Absolutamente! Embora frequentemente usado para batatas, esta f\u00f3rmula \u00e9 muito eficaz para qualquer cultivo cujo rendimento econ\u00f4mico \u00e9 colhido sob a terra, incluindo mandioca, inhames e cenouras. <\/p>\n<p data-path-to-node=\"22\"><b data-path-to-node=\"22\" data-index-in-node=\"0\">Q: Como isso melhora o &#8220;Rendimento Comercial&#8221;?<\/b><\/p>\n<p data-path-to-node=\"22\">A: Ao fornecer um perfil de nutrientes equilibrado, o adubo garante que mais tub\u00e9rculos alcancem a categoria de tamanho &#8220;Classe A&#8221; e reduz defeitos fisiol\u00f3gicos que levam a colheitas rejeitadas.<\/p>\n<p data-path-to-node=\"23\"><b data-path-to-node=\"23\" data-index-in-node=\"0\">Q: Ajuda na resist\u00eancia \u00e0 seca?<\/b><\/p>\n<p data-path-to-node=\"23\">A: Sim. O pot\u00e1ssio regula a abertura e fechamento dos poros das folhas (est\u00f4matos), o que ajuda a planta a reter umidade durante o estresse por calor, mantendo o crescimento. <\/p>\n<h3 class=\"entry-title\"><a href=\"https:\/\/maslbiotech.com\/pt-pt\/como-otimizar-a-aplicacao-de-adubo-durante-a-fase-critica-de-desenvolvimento-de-frutos-em-cultivos-de-tuberculos-para-obter-altos-rendimentos\/\">Como Otimizar a Aplica\u00e7\u00e3o de Adubo Durante a Fase Cr\u00edtica de Desenvolvimento de Frutos em Cultivos de Tub\u00e9rculos para Obter Altos Rendimentos?<\/a><\/h3>\n","protected":false},"excerpt":{"rendered":"<ul>\n<li>Amino\u00e1cidos Livres: 100g\/L<\/li>\n<li>Ca: 5 g\/L<\/li>\n<li>Fe: 5,5 g\/L<\/li>\n<li>Mn: 4 g\/L<\/li>\n<li>Cu: 0,5 g\/L<\/li>\n<li>Zn: 5 g\/L<\/li>\n<li>Boro: 5 g\/L<\/li>\n<li>Vitamina B3: 0,5 g\/L<\/li>\n<li>Prote\u00edna de Peixe: 0,5 g\/L<\/li>\n<\/ul>\n","protected":false},"featured_media":1335,"comment_status":"open","ping_status":"closed","template":"","meta":{"_acf_changed":false,"site-sidebar-layout":"default","site-content-layout":"","ast-site-content-layout":"default","site-content-style":"default","site-sidebar-style":"default","ast-global-header-display":"","ast-banner-title-visibility":"","ast-main-header-display":"","ast-hfb-above-header-display":"","ast-hfb-below-header-display":"","ast-hfb-mobile-header-display":"","site-post-title":"","ast-breadcrumbs-content":"","ast-featured-img":"","footer-sml-layout":"","ast-disable-related-posts":"","theme-transparent-header-meta":"default","adv-header-id-meta":"","stick-header-meta":"","header-above-stick-meta":"","header-main-stick-meta":"","header-below-stick-meta":"","astra-migrate-meta-layouts":"default","ast-page-background-enabled":"default","ast-page-background-meta":{"desktop":{"background-color":"var(--ast-global-color-5)","background-image":"","background-repeat":"repeat","background-position":"center center","background-size":"auto","background-attachment":"scroll","background-type":"","background-media":"","overlay-type":"","overlay-color":"","overlay-opacity":"","overlay-gradient":""},"tablet":{"background-color":"","background-image":"","background-repeat":"repeat","background-position":"center center","background-size":"auto","background-attachment":"scroll","background-type":"","background-media":"","overlay-type":"","overlay-color":"","overlay-opacity":"","overlay-gradient":""},"mobile":{"background-color":"","background-image":"","background-repeat":"repeat","background-position":"center center","background-size":"auto","background-attachment":"scroll","background-type":"","background-media":"","overlay-type":"","overlay-color":"","overlay-opacity":"","overlay-gradient":""}},"ast-content-background-meta":{"desktop":{"background-color":"var(--ast-global-color-4)","background-image":"","background-repeat":"repeat","background-position":"center center","background-size":"auto","background-attachment":"scroll","background-type":"","background-media":"","overlay-type":"","overlay-color":"","overlay-opacity":"","overlay-gradient":""},"tablet":{"background-color":"var(--ast-global-color-4)","background-image":"","background-repeat":"repeat","background-position":"center center","background-size":"auto","background-attachment":"scroll","background-type":"","background-media":"","overlay-type":"","overlay-color":"","overlay-opacity":"","overlay-gradient":""},"mobile":{"background-color":"var(--ast-global-color-4)","background-image":"","background-repeat":"repeat","background-position":"center center","background-size":"auto","background-attachment":"scroll","background-type":"","background-media":"","overlay-type":"","overlay-color":"","overlay-opacity":"","overlay-gradient":""}}},"product_brand":[],"product_cat":[177],"product_tag":[200,199],"class_list":{"0":"post-1333","1":"product","2":"type-product","3":"status-publish","4":"has-post-thumbnail","6":"product_cat-cultura-de-raizes-e-tuberculos","7":"product_tag-fertilizante-para-aumento-de-volume-de-culturas-de-tuberculos","8":"product_tag-fertilizante-para-aumento-de-volume-de-raizes-e-tuberculos","9":"desktop-align-left","10":"tablet-align-left","11":"mobile-align-left","13":"first","14":"instock","15":"taxable","16":"shipping-taxable","17":"product-type-simple"},"acf":[],"_links":{"self":[{"href":"https:\/\/maslbiotech.com\/pt-pt\/wp-json\/wp\/v2\/product\/1333","targetHints":{"allow":["GET"]}}],"collection":[{"href":"https:\/\/maslbiotech.com\/pt-pt\/wp-json\/wp\/v2\/product"}],"about":[{"href":"https:\/\/maslbiotech.com\/pt-pt\/wp-json\/wp\/v2\/types\/product"}],"replies":[{"embeddable":true,"href":"https:\/\/maslbiotech.com\/pt-pt\/wp-json\/wp\/v2\/comments?post=1333"}],"wp:featuredmedia":[{"embeddable":true,"href":"https:\/\/maslbiotech.com\/pt-pt\/wp-json\/wp\/v2\/media\/1335"}],"wp:attachment":[{"href":"https:\/\/maslbiotech.com\/pt-pt\/wp-json\/wp\/v2\/media?parent=1333"}],"wp:term":[{"taxonomy":"product_brand","embeddable":true,"href":"https:\/\/maslbiotech.com\/pt-pt\/wp-json\/wp\/v2\/product_brand?post=1333"},{"taxonomy":"product_cat","embeddable":true,"href":"https:\/\/maslbiotech.com\/pt-pt\/wp-json\/wp\/v2\/product_cat?post=1333"},{"taxonomy":"product_tag","embeddable":true,"href":"https:\/\/maslbiotech.com\/pt-pt\/wp-json\/wp\/v2\/product_tag?post=1333"}],"curies":[{"name":"wp","href":"https:\/\/api.w.org\/{rel}","templated":true}]}}