{"id":1338,"date":"2025-11-05T14:10:01","date_gmt":"2025-11-05T14:10:01","guid":{"rendered":"https:\/\/maslbiotech.com\/product\/fertilizante-especial-para-raizes-e-tuberculos\/"},"modified":"2026-01-27T07:20:33","modified_gmt":"2026-01-27T07:20:33","slug":"fertilizante-especial-para-raizes-e-tuberculos","status":"publish","type":"product","link":"https:\/\/maslbiotech.com\/pt-pt\/produto\/fertilizante-especial-para-raizes-e-tuberculos\/","title":{"rendered":"Fertilizante Especial para Ra\u00edzes e Tub\u00e9rculos"},"content":{"rendered":"<h2><strong>Fertilizante Especial <\/strong><strong>para Ra\u00edzes e Tub\u00e9rculos<\/strong><\/h2>\n<h3><strong><b>Especifica\u00e7\u00e3o T\u00e9cnica:<\/b><\/strong><\/h3>\n<p>Amino\u00e1cidos \u2265100 g\/L, Cu+Fe+Mn+Zn+B+Mo \u226520 g\/L<\/p>\n<table>\n<tbody>\n<tr>\n<td>Ingrediente<\/td>\n<td>Concentra\u00e7\u00e3o<\/td>\n<\/tr>\n<tr>\n<td>Amino\u00e1cidos Livres<\/td>\n<td>100 g\/L<\/td>\n<\/tr>\n<tr>\n<td>Mg<\/td>\n<td>30 g\/L<\/td>\n<\/tr>\n<tr>\n<td>Fe<\/td>\n<td>5 g\/L<\/td>\n<\/tr>\n<tr>\n<td>Mn<\/td>\n<td>2,5 g\/L<\/td>\n<\/tr>\n<tr>\n<td>Cu<\/td>\n<td>2,5 g\/L<\/td>\n<\/tr>\n<tr>\n<td>Zn<\/td>\n<td>10 g\/L<\/td>\n<\/tr>\n<tr>\n<td>Boro sol\u00favel em \u00e1gua<\/td>\n<td>1 g\/L<\/td>\n<\/tr>\n<tr>\n<td>Vitamina B6<\/td>\n<td>0,5 g\/L<\/td>\n<\/tr>\n<tr>\n<td>\u00c1cido L\u00e1ctico Biol\u00f3gico<\/td>\n<td>2 g\/L<\/td>\n<\/tr>\n<\/tbody>\n<\/table>\n<h3><strong><b> <\/b><\/strong><strong><b>Benef\u00edcios:<\/b><\/strong><\/h3>\n<p>Especialmente desenvolvido para todo o ciclo de crescimento de culturas de ra\u00edzes e tub\u00e9rculos. Este fertilizante hidrossol\u00favel altamente ativo que cont\u00e9m amino\u00e1cidos utiliza m\u00faltiplos L-\u03b1 amino\u00e1cidos livres como o principal transportador, cientificamente misturado com Magn\u00e9sio, Ferro, Mangan\u00eas, Cobre, Zinco, Boro quelatados e subst\u00e2ncias ativas como Vitamina B6 e \u00c1cido L\u00e1ctico Biol\u00f3gico, satisfazendo profundamente as necessidades \u00fanicas de desenvolvimento de \u00f3rg\u00e3os subterr\u00e2neos nestas culturas. Ativa fortemente a expans\u00e3o das ra\u00edzes e a efici\u00eancia do metabolismo de nutrientes atrav\u00e9s de amino\u00e1cidos altamente bioativos. Os micronutrientes e secund\u00e1rios quelatados visam e otimizam a efici\u00eancia fotossint\u00e9tica das folhas, promovendo o transporte eficiente de assimilados para os \u00f3rg\u00e3os de reserva subterr\u00e2neos. A Vitamina B6 e o \u00c1cido L\u00e1ctico Biol\u00f3gico atuam sinergicamente para equilibrar precisamente a raz\u00e3o citocinina\/auxina, ativar a atividade enzim\u00e1tica relacionada com a divis\u00e3o celular dos tub\u00e9rculos, promover a absor\u00e7\u00e3o de nutrientes, fortalecer a estrutura da parede celular das ra\u00edzes e a atividade enzim\u00e1tica antioxidante. Isto fornece um fornecimento nutricional cont\u00ednuo para o desenvolvimento dos tub\u00e9rculos e aumenta a resist\u00eancia das culturas a doen\u00e7as transmitidas pelo solo, reduzindo os efeitos inibit\u00f3rios do stress no desenvolvimento dos tub\u00e9rculos. Em \u00faltima an\u00e1lise, resulta numa forma uniforme do tub\u00e9rculo, pele lisa e densa, aumentando o rendimento e a rentabilidade.      <\/p>\n<p><strong><b> <\/b><\/strong><strong><b>Culturas <\/b><\/strong><strong><b>A<\/b><\/strong><strong><b>plic\u00e1veis:<\/b><\/strong><strong><b> <\/b><\/strong>Culturas de Ra\u00edzes e Tub\u00e9rculos: Batata, Cenoura, Beterraba Sacarina, Mandioca, Cebola, Alho, Chalota<\/p>\n<h2><strong><b>Instru\u00e7\u00f5es de Aplica\u00e7\u00e3o:<\/b><\/strong><\/h2>\n<p><strong><b>Pulveriza\u00e7\u00e3o Foliar:<\/b><\/strong> Diluir 800-1000 vezes. Aplicar em intervalos de 7-10 dias, durante 2-3 aplica\u00e7\u00f5es consecutivas.<br \/>\n<strong><b>Fertirriga\u00e7\u00e3o\/Irriga\u00e7\u00e3o por Gotejamento:<\/b><\/strong> 15-30 L\/ha<\/p>\n<h3><strong><b>Precau\u00e7\u00f5es:<\/b><\/strong><\/h3>\n<p>1. Evite misturar com fertilizantes e pesticidas fortemente \u00e1cidos ou alcalinos, pois isso pode afetar a efic\u00e1cia do produto. Se pretender misturar com outros produtos, realize primeiro um teste de compatibilidade em pequena escala. <\/p>\n<p>2. Pode ser necess\u00e1ria uma reaplica\u00e7\u00e3o a uma taxa reduzida se ocorrer chuva dentro de 4 horas ap\u00f3s a pulveriza\u00e7\u00e3o.<\/p>\n<h3><strong><b>Armazenamento:<\/b><\/strong><\/h3>\n<p>1. Armazene e transporte na embalagem original. Mantenha selado em local fresco e seco. <\/p>\n<p>2. Armazene separadamente de alimentos, bebidas e ra\u00e7\u00f5es. Mantenha fora do alcance de crian\u00e7as e animais. <\/p>\n<p>Data de Produ\u00e7\u00e3o e N\u00ba do Lote: Ver tampa da garrafa. Prazo de Validade: 36 meses.<\/p>\n<p><strong> <\/strong><\/p>\n","protected":false},"excerpt":{"rendered":"<ul>\n<li>Amino\u00e1cidos Livres: 100g\/L<\/li>\n<li>Mg: 30 g\/L<\/li>\n<li>Fe: 5 g\/L<\/li>\n<li>Mn: 2,5 g\/L<\/li>\n<li>Cu: 2,5 g\/L<\/li>\n<li>Zn: 10 g\/L<\/li>\n<li>Boro sol\u00favel em \u00e1gua: 1 g\/L<\/li>\n<li>Vitamina B6: 0,5 g\/L<\/li>\n<li>\u00c1cido L\u00e1ctico Biol\u00f3gico: 2 g\/L<\/li>\n<\/ul>\n","protected":false},"featured_media":1340,"comment_status":"open","ping_status":"closed","template":"","meta":{"_acf_changed":false,"site-sidebar-layout":"default","site-content-layout":"","ast-site-content-layout":"default","site-content-style":"default","site-sidebar-style":"default","ast-global-header-display":"","ast-banner-title-visibility":"","ast-main-header-display":"","ast-hfb-above-header-display":"","ast-hfb-below-header-display":"","ast-hfb-mobile-header-display":"","site-post-title":"","ast-breadcrumbs-content":"","ast-featured-img":"","footer-sml-layout":"","ast-disable-related-posts":"","theme-transparent-header-meta":"default","adv-header-id-meta":"","stick-header-meta":"","header-above-stick-meta":"","header-main-stick-meta":"","header-below-stick-meta":"","astra-migrate-meta-layouts":"default","ast-page-background-enabled":"default","ast-page-background-meta":{"desktop":{"background-color":"var(--ast-global-color-5)","background-image":"","background-repeat":"repeat","background-position":"center center","background-size":"auto","background-attachment":"scroll","background-type":"","background-media":"","overlay-type":"","overlay-color":"","overlay-opacity":"","overlay-gradient":""},"tablet":{"background-color":"","background-image":"","background-repeat":"repeat","background-position":"center center","background-size":"auto","background-attachment":"scroll","background-type":"","background-media":"","overlay-type":"","overlay-color":"","overlay-opacity":"","overlay-gradient":""},"mobile":{"background-color":"","background-image":"","background-repeat":"repeat","background-position":"center center","background-size":"auto","background-attachment":"scroll","background-type":"","background-media":"","overlay-type":"","overlay-color":"","overlay-opacity":"","overlay-gradient":""}},"ast-content-background-meta":{"desktop":{"background-color":"var(--ast-global-color-4)","background-image":"","background-repeat":"repeat","background-position":"center center","background-size":"auto","background-attachment":"scroll","background-type":"","background-media":"","overlay-type":"","overlay-color":"","overlay-opacity":"","overlay-gradient":""},"tablet":{"background-color":"var(--ast-global-color-4)","background-image":"","background-repeat":"repeat","background-position":"center center","background-size":"auto","background-attachment":"scroll","background-type":"","background-media":"","overlay-type":"","overlay-color":"","overlay-opacity":"","overlay-gradient":""},"mobile":{"background-color":"var(--ast-global-color-4)","background-image":"","background-repeat":"repeat","background-position":"center center","background-size":"auto","background-attachment":"scroll","background-type":"","background-media":"","overlay-type":"","overlay-color":"","overlay-opacity":"","overlay-gradient":""}}},"product_brand":[],"product_cat":[177],"product_tag":[204,205,206,207],"class_list":{"0":"post-1338","1":"product","2":"type-product","3":"status-publish","4":"has-post-thumbnail","6":"product_cat-cultura-de-raizes-e-tuberculos","7":"product_tag-fertilizante-especial-para-raizes-e-tuberculos","8":"product_tag-fertilizante-para-culturas-de-raizes","9":"product_tag-fertilizante-para-culturas-de-tuberculos","10":"product_tag-nutricao-de-raizes-masl-biotech","11":"desktop-align-left","12":"tablet-align-left","13":"mobile-align-left","15":"first","16":"instock","17":"taxable","18":"shipping-taxable","19":"product-type-simple"},"acf":[],"_links":{"self":[{"href":"https:\/\/maslbiotech.com\/pt-pt\/wp-json\/wp\/v2\/product\/1338","targetHints":{"allow":["GET"]}}],"collection":[{"href":"https:\/\/maslbiotech.com\/pt-pt\/wp-json\/wp\/v2\/product"}],"about":[{"href":"https:\/\/maslbiotech.com\/pt-pt\/wp-json\/wp\/v2\/types\/product"}],"replies":[{"embeddable":true,"href":"https:\/\/maslbiotech.com\/pt-pt\/wp-json\/wp\/v2\/comments?post=1338"}],"wp:featuredmedia":[{"embeddable":true,"href":"https:\/\/maslbiotech.com\/pt-pt\/wp-json\/wp\/v2\/media\/1340"}],"wp:attachment":[{"href":"https:\/\/maslbiotech.com\/pt-pt\/wp-json\/wp\/v2\/media?parent=1338"}],"wp:term":[{"taxonomy":"product_brand","embeddable":true,"href":"https:\/\/maslbiotech.com\/pt-pt\/wp-json\/wp\/v2\/product_brand?post=1338"},{"taxonomy":"product_cat","embeddable":true,"href":"https:\/\/maslbiotech.com\/pt-pt\/wp-json\/wp\/v2\/product_cat?post=1338"},{"taxonomy":"product_tag","embeddable":true,"href":"https:\/\/maslbiotech.com\/pt-pt\/wp-json\/wp\/v2\/product_tag?post=1338"}],"curies":[{"name":"wp","href":"https:\/\/api.w.org\/{rel}","templated":true}]}}