{"id":1339,"date":"2025-11-05T14:06:08","date_gmt":"2025-11-05T14:06:08","guid":{"rendered":"https:\/\/maslbiotech.com\/product\/fertilizante-especializado-para-a-fase-inicial-de-raizes-e-tuberculos\/"},"modified":"2026-01-27T07:21:51","modified_gmt":"2026-01-27T07:21:51","slug":"fertilizante-especializado-para-a-fase-inicial-de-raizes-e-tuberculos","status":"publish","type":"product","link":"https:\/\/maslbiotech.com\/pt-pt\/produto\/fertilizante-especializado-para-a-fase-inicial-de-raizes-e-tuberculos\/","title":{"rendered":"Fertilizante Especializado para a Fase Inicial de Ra\u00edzes e Tub\u00e9rculos"},"content":{"rendered":"<h2><strong>Root Drive &#8211; <\/strong><strong>Fase Inicial de Ra\u00edzes e Tub\u00e9rculos <\/strong><strong>Fertilizante Especializado<\/strong><\/h2>\n<h3><strong><b>Especifica\u00e7\u00e3o T\u00e9cnica:<\/b><\/strong><\/h3>\n<p>Amino\u00e1cidos \u2265100 g\/L, Ca+Mg \u226530 g\/L<\/p>\n<table>\n<tbody>\n<tr>\n<td>Ingrediente<\/td>\n<td>Concentra\u00e7\u00e3o<\/td>\n<\/tr>\n<tr>\n<td>Amino\u00e1cidos Livres<\/td>\n<td>100 g\/L<\/td>\n<\/tr>\n<tr>\n<td>Mg<\/td>\n<td>30 g\/L<\/td>\n<\/tr>\n<tr>\n<td>Zn<\/td>\n<td>2,5 g\/L<\/td>\n<\/tr>\n<tr>\n<td>Boro sol\u00favel em \u00e1gua<\/td>\n<td>2,5 g\/L<\/td>\n<\/tr>\n<tr>\n<td>Vitamina B1<\/td>\n<td>1 g\/L<\/td>\n<\/tr>\n<\/tbody>\n<\/table>\n<h3><strong><b> <\/b><\/strong><strong><b>Benef\u00edcios:<\/b><\/strong><\/h3>\n<p>Especificamente desenvolvido para as fases inicial e interm\u00e9dia de culturas de ra\u00edzes e tub\u00e9rculos. Utiliza L-\u03b1 amino\u00e1cidos livres altamente ativos como o principal transportador, em sinergia com Magn\u00e9sio, Zinco, Boro quelatados e o fator ativo Vitamina B1, correspondendo precisamente aos requisitos \u00fanicos para a forma\u00e7\u00e3o inicial de \u00f3rg\u00e3os subterr\u00e2neos em culturas como a batata e a batata-doce. Ativa o metabolismo energ\u00e9tico do tub\u00e9rculo de semente e o vigor de rutura radicular atrav\u00e9s de amino\u00e1cidos, impulsionando a diferencia\u00e7\u00e3o robusta de rebentos e o alongamento precoce de estolhos. O Zinco e o Boro quelatados visam e otimizam a efici\u00eancia da divis\u00e3o celular dos tecidos meristem\u00e1ticos, garantindo uma emerg\u00eancia uniforme e uma r\u00e1pida expans\u00e3o da rede radicular. O Magn\u00e9sio aumenta simultaneamente a capacidade de s\u00edntese de clorofila nas folhas prim\u00e1rias, enquanto a Vitamina B1 fortalece profundamente a sinaliza\u00e7\u00e3o de resist\u00eancia ao stress, aliviando significativamente o stress da podrid\u00e3o das sementes induzida por baixas temperaturas e doen\u00e7as transmitidas pelo solo, mantendo o potencial de crescimento sustentado das mudas.    <\/p>\n<p><strong><b>Culturas <\/b><\/strong><strong><b>A<\/b><\/strong><strong><b>plic\u00e1veis:<\/b><\/strong><strong><b> <\/b><\/strong>Culturas de Ra\u00edzes e Tub\u00e9rculos: Batata, Cenoura, Beterraba Sacarina, Mandioca, Cebola, Alho, Chalota<\/p>\n<h2><strong><b>Instru\u00e7\u00f5es de Aplica\u00e7\u00e3o:<\/b><\/strong><br \/>\n<b><\/b><\/h2>\n<p><strong><b>Pulveriza\u00e7\u00e3o Foliar:<\/b><\/strong> Diluir 800-1000 vezes. Aplicar em intervalos de 7-10 dias durante 2-3 aplica\u00e7\u00f5es consecutivas.<br \/>\n<strong><b>Fertirriga\u00e7\u00e3o\/Irriga\u00e7\u00e3o por Gotejamento:<\/b><\/strong> 15-30 L\/ha<\/p>\n<h3><strong><b>Precau\u00e7\u00f5es:<\/b><\/strong><\/h3>\n<p>1. Evite misturar com fertilizantes e pesticidas fortemente \u00e1cidos ou alcalinos, pois isso pode afetar a efic\u00e1cia do produto. Se pretender misturar com outros produtos, realize primeiro um teste de compatibilidade em pequena escala. <\/p>\n<p>2. Pode ser necess\u00e1ria uma reaplica\u00e7\u00e3o a uma taxa reduzida se ocorrer chuva dentro de 4 horas ap\u00f3s a pulveriza\u00e7\u00e3o.<\/p>\n<h3><strong><b>Armazenamento:<\/b><\/strong><\/h3>\n<p>1. Armazene e transporte na embalagem original. Mantenha selado em local fresco e seco. <\/p>\n<p>2. Armazene separadamente de alimentos, bebidas e ra\u00e7\u00f5es. Mantenha fora do alcance de crian\u00e7as e animais. <\/p>\n<p>Data de Produ\u00e7\u00e3o e N\u00ba do Lote: Ver tampa da garrafa. Prazo de Validade: 36 meses.<\/p>\n","protected":false},"excerpt":{"rendered":"<ul>\n<li>Amino\u00e1cidos Livres: 100g\/L<\/li>\n<li>Mg: 30 g\/L<\/li>\n<li>Zn: 2,5 g\/L<\/li>\n<li>Boro sol\u00favel em \u00e1gua: 2,5 g\/L<\/li>\n<li>Vitamina B1: 1 g\/L<\/li>\n<\/ul>\n","protected":false},"featured_media":1342,"comment_status":"open","ping_status":"closed","template":"","meta":{"_acf_changed":false,"site-sidebar-layout":"default","site-content-layout":"","ast-site-content-layout":"default","site-content-style":"default","site-sidebar-style":"default","ast-global-header-display":"","ast-banner-title-visibility":"","ast-main-header-display":"","ast-hfb-above-header-display":"","ast-hfb-below-header-display":"","ast-hfb-mobile-header-display":"","site-post-title":"","ast-breadcrumbs-content":"","ast-featured-img":"","footer-sml-layout":"","ast-disable-related-posts":"","theme-transparent-header-meta":"default","adv-header-id-meta":"","stick-header-meta":"","header-above-stick-meta":"","header-main-stick-meta":"","header-below-stick-meta":"","astra-migrate-meta-layouts":"default","ast-page-background-enabled":"default","ast-page-background-meta":{"desktop":{"background-color":"var(--ast-global-color-5)","background-image":"","background-repeat":"repeat","background-position":"center center","background-size":"auto","background-attachment":"scroll","background-type":"","background-media":"","overlay-type":"","overlay-color":"","overlay-opacity":"","overlay-gradient":""},"tablet":{"background-color":"","background-image":"","background-repeat":"repeat","background-position":"center center","background-size":"auto","background-attachment":"scroll","background-type":"","background-media":"","overlay-type":"","overlay-color":"","overlay-opacity":"","overlay-gradient":""},"mobile":{"background-color":"","background-image":"","background-repeat":"repeat","background-position":"center center","background-size":"auto","background-attachment":"scroll","background-type":"","background-media":"","overlay-type":"","overlay-color":"","overlay-opacity":"","overlay-gradient":""}},"ast-content-background-meta":{"desktop":{"background-color":"var(--ast-global-color-4)","background-image":"","background-repeat":"repeat","background-position":"center center","background-size":"auto","background-attachment":"scroll","background-type":"","background-media":"","overlay-type":"","overlay-color":"","overlay-opacity":"","overlay-gradient":""},"tablet":{"background-color":"var(--ast-global-color-4)","background-image":"","background-repeat":"repeat","background-position":"center center","background-size":"auto","background-attachment":"scroll","background-type":"","background-media":"","overlay-type":"","overlay-color":"","overlay-opacity":"","overlay-gradient":""},"mobile":{"background-color":"var(--ast-global-color-4)","background-image":"","background-repeat":"repeat","background-position":"center center","background-size":"auto","background-attachment":"scroll","background-type":"","background-media":"","overlay-type":"","overlay-color":"","overlay-opacity":"","overlay-gradient":""}}},"product_brand":[],"product_cat":[177],"product_tag":[208,210,209],"class_list":{"0":"post-1339","1":"product","2":"type-product","3":"status-publish","4":"has-post-thumbnail","6":"product_cat-cultura-de-raizes-e-tuberculos","7":"product_tag-fertilizante-especializado-para-a-fase-inicial-de-raizes-e-tuberculos","8":"product_tag-fertilizante-para-mudas-de-tuberculos","9":"product_tag-fertilizante-para-o-crescimento-inicial-de-culturas-de-raizes","10":"desktop-align-left","11":"tablet-align-left","12":"mobile-align-left","14":"first","15":"instock","16":"taxable","17":"shipping-taxable","18":"product-type-simple"},"acf":[],"_links":{"self":[{"href":"https:\/\/maslbiotech.com\/pt-pt\/wp-json\/wp\/v2\/product\/1339","targetHints":{"allow":["GET"]}}],"collection":[{"href":"https:\/\/maslbiotech.com\/pt-pt\/wp-json\/wp\/v2\/product"}],"about":[{"href":"https:\/\/maslbiotech.com\/pt-pt\/wp-json\/wp\/v2\/types\/product"}],"replies":[{"embeddable":true,"href":"https:\/\/maslbiotech.com\/pt-pt\/wp-json\/wp\/v2\/comments?post=1339"}],"wp:featuredmedia":[{"embeddable":true,"href":"https:\/\/maslbiotech.com\/pt-pt\/wp-json\/wp\/v2\/media\/1342"}],"wp:attachment":[{"href":"https:\/\/maslbiotech.com\/pt-pt\/wp-json\/wp\/v2\/media?parent=1339"}],"wp:term":[{"taxonomy":"product_brand","embeddable":true,"href":"https:\/\/maslbiotech.com\/pt-pt\/wp-json\/wp\/v2\/product_brand?post=1339"},{"taxonomy":"product_cat","embeddable":true,"href":"https:\/\/maslbiotech.com\/pt-pt\/wp-json\/wp\/v2\/product_cat?post=1339"},{"taxonomy":"product_tag","embeddable":true,"href":"https:\/\/maslbiotech.com\/pt-pt\/wp-json\/wp\/v2\/product_tag?post=1339"}],"curies":[{"name":"wp","href":"https:\/\/api.w.org\/{rel}","templated":true}]}}