{"id":1341,"date":"2025-11-05T14:21:23","date_gmt":"2025-11-05T14:21:23","guid":{"rendered":"https:\/\/maslbiotech.com\/product\/fertilizante-especializado-para-o-estadio-inicial-da-cebola\/"},"modified":"2026-01-27T07:06:37","modified_gmt":"2026-01-27T07:06:37","slug":"fertilizante-especializado-para-o-estadio-inicial-da-cebola","status":"publish","type":"product","link":"https:\/\/maslbiotech.com\/pt-pt\/produto\/fertilizante-especializado-para-o-estadio-inicial-da-cebola\/","title":{"rendered":"Fertilizante Especializado para o Est\u00e1dio Inicial da Cebola"},"content":{"rendered":"<h2><strong><b>Vigor<\/b><\/strong><strong><b> <\/b><\/strong><strong><b>da Cebola &#8211; <\/b><\/strong><strong>Fertilizante Especializado para o Est\u00e1dio Inicial <\/strong><strong>da Cebola<\/strong><\/h2>\n<p data-path-to-node=\"4\">D\u00ea ao seu cultivo de cebola a vantagem competitiva de que precisa desde o primeiro dia. <a href=\"https:\/\/maslbiotech.com\/pt-pt\/como-podemos-usar-fertilizantes-de-forma-eficaz-nas-fases-iniciais-do-crescimento-da-cebola-para-laying-a-strong-foundation\/\"><b data-path-to-node=\"4\" data-index-in-node=\"69\">O Adubo Especial para Fase Inicial de Cebola da MASL Biotech \u00e9 um produto de precis\u00e3o <\/b><\/a>desenvolvido especificamente para a primeira fase cr\u00edtica do ciclo de vida da cebola. <\/p>\n<p data-path-to-node=\"5\">O cultivo bem-sucedido de cebolas \u00e9 ganho ou perdido nos primeiros 40\u201360 dias. Nosso adubo especializado garante que suas mudas desenvolvam o sistema radicular robusto e a folhagem luxuriante necess\u00e1rios para, eventualmente, produzir bulbos pesados e de alta qualidade. Ao fornecer uma propor\u00e7\u00e3o NPK alvo, complementada com micronutrientes essenciais, esta f\u00f3rmula previne o &#8220;crescimento retardado&#8221; comum em cebolas em fase inicial e prepara a planta para o m\u00e1ximo potencial de forma\u00e7\u00e3o de bulbos.  <\/p>\n<h3><strong><b>Especifica\u00e7\u00e3o T\u00e9cnica:<\/b><\/strong><\/h3>\n<p>Amino\u00e1cidos \u2265100 g\/L, Ca+Mg \u226530 g\/L<\/p>\n<table>\n<tbody>\n<tr>\n<td>Ingrediente<\/td>\n<td>Concentra\u00e7\u00e3o<\/td>\n<\/tr>\n<tr>\n<td>Amino\u00e1cidos Livres<\/td>\n<td>100 g\/L<\/td>\n<\/tr>\n<tr>\n<td>Mg<\/td>\n<td>30 g\/L<\/td>\n<\/tr>\n<tr>\n<td>Zn<\/td>\n<td>2,5 g\/L<\/td>\n<\/tr>\n<tr>\n<td>Boro sol\u00favel em \u00e1gua<\/td>\n<td>2,5 g\/L<\/td>\n<\/tr>\n<tr>\n<td>\u00c1cido Poliglut\u00e2mico (PGA)<\/td>\n<td>0,2 g\/L<\/td>\n<\/tr>\n<\/tbody>\n<\/table>\n<h3><strong><b>Benef\u00edcios:<\/b><\/strong><\/h3>\n<p>Especificamente desenvolvido para os est\u00e1dios iniciais a m\u00e9dios das cebolas. Utiliza amino\u00e1cidos L-\u03b1 livres de alta concentra\u00e7\u00e3o como o principal transportador, cientificamente combinados com Magn\u00e9sio, Zinco, Boro quelatados e o fator ativo \u00c1cido Poliglut\u00e2mico, satisfazendo precisamente as necessidades fisiol\u00f3gicas \u00fanicas da diferencia\u00e7\u00e3o inicial do bulbo e do in\u00edcio do desenvolvimento. Estimula fortemente o metabolismo energ\u00e9tico do bulbo atrav\u00e9s de amino\u00e1cidos livres altamente ativos, impulsionando a emerg\u00eancia robusta de mudas e a r\u00e1pida forma\u00e7\u00e3o inicial do pseudocaule. O Zinco e o Boro quelatados visam e melhoram a efici\u00eancia e a uniformidade da divis\u00e3o celular nos tecidos meristem\u00e1ticos, garantindo uma emerg\u00eancia uniforme e uma constru\u00e7\u00e3o eficiente da rede de ra\u00edzes fibrosas. O Magn\u00e9sio quelatado fortalece simultaneamente a capacidade de s\u00edntese de clorofila e a efici\u00eancia fotossint\u00e9tica nas folhas tubulares, acumulando assimilados suficientes para a diferencia\u00e7\u00e3o do prim\u00f3rdio do bulbo. O \u00c1cido Poliglut\u00e2mico otimiza profundamente o microambiente radicular e a efici\u00eancia da absor\u00e7\u00e3o de nutrientes, aumentando significativamente a resili\u00eancia fisiol\u00f3gica da muda ao stress de baixa temperatura, seca e doen\u00e7as transmitidas pelo solo, estabelecendo, em \u00faltima an\u00e1lise, as bases para a diferencia\u00e7\u00e3o uniforme do prim\u00f3rdio do bulbo e a forma\u00e7\u00e3o de bulbos cheios e firmes para alta qualidade e rendimento.     <\/p>\n<p><strong><b>Culturas <\/b><\/strong><strong><b>A<\/b><\/strong><strong><b>plic\u00e1veis:<\/b><\/strong><strong><b> <\/b><\/strong>Cebola,<strong><b> <\/b><\/strong>Culturas de Ra\u00edzes e Tub\u00e9rculos<\/p>\n<h2><strong><b>Instru\u00e7\u00f5es de Aplica\u00e7\u00e3o:<\/b><\/strong><br \/>\n<b><\/b><\/h2>\n<p><strong><b>Pulveriza\u00e7\u00e3o Foliar:<\/b><\/strong> Diluir 800-1000 vezes. Aplicar em intervalos de 7-10 dias durante 2-3 aplica\u00e7\u00f5es consecutivas.<br \/>\n<strong><b>Fertirriga\u00e7\u00e3o\/Irriga\u00e7\u00e3o por Gotejamento:<\/b><\/strong> 15-30 L\/ha<\/p>\n<h3><strong><b>Precau\u00e7\u00f5es:<\/b><\/strong><\/h3>\n<p>1. Evite misturar com fertilizantes e pesticidas fortemente \u00e1cidos ou alcalinos, pois isso pode afetar a efic\u00e1cia do produto. Se pretender misturar com outros produtos, realize primeiro um teste de compatibilidade em pequena escala. <\/p>\n<p>2. Pode ser necess\u00e1ria uma reaplica\u00e7\u00e3o a uma taxa reduzida se ocorrer chuva dentro de 4 horas ap\u00f3s a pulveriza\u00e7\u00e3o.<\/p>\n<h3><strong><b>Armazenamento:<\/b><\/strong><\/h3>\n<p>1. Armazene e transporte na embalagem original. Mantenha selado em local fresco e seco. <\/p>\n<p>2. Armazene separadamente de alimentos, bebidas e ra\u00e7\u00f5es. Mantenha fora do alcance de crian\u00e7as e animais. <\/p>\n<p>Data de Produ\u00e7\u00e3o e N\u00ba do Lote: Ver tampa da garrafa. Prazo de Validade: 36 meses.<\/p>\n<figure id=\"attachment_1773\" aria-describedby=\"caption-attachment-1773\" style=\"width: 663px\" class=\"wp-caption alignnone\"><a href=\"https:\/\/maslbiotech.com\/wp-content\/uploads\/2025\/11\/ScreenShot_2026-01-12_214202_338.jpg\"><img fetchpriority=\"high\" decoding=\"async\" class=\" wp-image-1773\" src=\"https:\/\/maslbiotech.com\/wp-content\/uploads\/2025\/11\/ScreenShot_2026-01-12_214202_338-300x189.jpg\" alt=\"Fertilizante Especializado para o Est\u00e1dio Inicial da Cebola\" width=\"663\" height=\"418\" srcset=\"https:\/\/maslbiotech.com\/wp-content\/uploads\/2025\/11\/ScreenShot_2026-01-12_214202_338-300x189.jpg 300w, https:\/\/maslbiotech.com\/wp-content\/uploads\/2025\/11\/ScreenShot_2026-01-12_214202_338-64x40.jpg 64w, https:\/\/maslbiotech.com\/wp-content\/uploads\/2025\/11\/ScreenShot_2026-01-12_214202_338.jpg 529w\" sizes=\"(max-width: 663px) 100vw, 663px\" \/><\/a><figcaption id=\"caption-attachment-1773\" class=\"wp-caption-text\">Fertilizante Especializado para o Est\u00e1dio Inicial da Cebola<\/figcaption><\/figure>\n<h2 data-path-to-node=\"6\">Por que a fase inicial \u00e9 importante?<\/h2>\n<p data-path-to-node=\"7\">No cultivo de cebolas, o n\u00famero de folhas no momento da forma\u00e7\u00e3o do bulbo determina o tamanho final do bulbo. Cada folha representa um anel do bulbo. Nosso Adubo Especial para Fase Inicial foca em:  <\/p>\n<ul data-path-to-node=\"8\">\n<li>\n<p data-path-to-node=\"8,0,0\">Produ\u00e7\u00e3o r\u00e1pida de folhas: Nitrog\u00eanio de alta biodisponibilidade impulsiona o crescimento vegetativo vigoroso.<\/p>\n<\/li>\n<li>\n<p data-path-to-node=\"8,1,0\">Penetra\u00e7\u00e3o radicular profunda: Compostos de f\u00f3sforo especializados incentivam as ra\u00edzes a se aprofundarem, garantindo melhor resist\u00eancia \u00e0 seca e absor\u00e7\u00e3o de nutrientes.<\/p>\n<\/li>\n<li>\n<p data-path-to-node=\"8,2,0\">Resili\u00eancia ao estresse: Pot\u00e1ssio e minerais tra\u00e7o fortalecem as paredes celulares, protegendo as plantas jovens contra flutua\u00e7\u00f5es ambientais.<\/p>\n<\/li>\n<\/ul>\n<h2 data-path-to-node=\"9\">Principais Benef\u00edcios<\/h2>\n<ul data-path-to-node=\"10\">\n<li>\n<p data-path-to-node=\"10,0,0\">NPK Otimizado para Cebolas: Um in\u00edcio balanceado seguido de um impulso de nitrog\u00eanio para maximizar o &#8220;desenvolvimento verde&#8221;.<\/p>\n<\/li>\n<li>\n<p data-path-to-node=\"10,1,0\">Enriquecido com Micronutrientes: Inclui Zinco, Boro e Enxofre \u2014 elementos cruciais frequentemente ausentes em adubos padr\u00e3o, que s\u00e3o vitais para cebolas saud\u00e1veis e arom\u00e1ticas.<\/p>\n<\/li>\n<li>\n<p data-path-to-node=\"10,2,0\">Absor\u00e7\u00e3o R\u00e1pida: Formulado para integra\u00e7\u00e3o r\u00e1pida ao solo, garantindo que os nutrientes alcancem a rizosfera exatamente quando a planta mais precisa.<\/p>\n<\/li>\n<li>\n<p data-path-to-node=\"10,3,0\">Maior Potencial de Rendimento: Mais folhagem na fase inicial se correlaciona diretamente com bulbos maiores e mais pesados na colheita.<\/p>\n<\/li>\n<\/ul>\n<h2 data-path-to-node=\"11\">Instru\u00e7\u00f5es de Aplica\u00e7\u00e3o<\/h2>\n<p data-path-to-node=\"12\">Para obter os melhores resultados, siga este cronograma profissional de aduba\u00e7\u00e3o:<\/p>\n<ol start=\"1\" data-path-to-node=\"13\">\n<li>\n<p data-path-to-node=\"13,0,0\">No plantio\/transplante: Aplicar como adubo inicial na trincheira ou no buraco de plantio para estimular o estabelecimento imediato das ra\u00edzes.<\/p>\n<\/li>\n<li>\n<p data-path-to-node=\"13,1,0\">Fase Vegetativa (Semanas 2\u20136):<\/p>\n<p>Realize aduba\u00e7\u00e3o lateral nas fileiras de cebolas a cada 2\u20133 semanas. Isso mant\u00e9m o &#8220;motor de nitrog\u00eanio&#8221; funcionando para desenvolver a copa foliar. <\/p>\n<\/li>\n<li>\n<p data-path-to-node=\"13,2,0\">M\u00e9todo: <br \/>Espalhe pr\u00f3ximo \u00e0 base das plantas (evitando contato direto com o caule) e regue abundantemente para ativar os nutrientes.<\/p>\n<\/li>\n<\/ol>\n<h2 data-path-to-node=\"15\">Perguntas Frequentes (FAQ)<\/h2>\n<p data-path-to-node=\"16\"><b data-path-to-node=\"16\" data-index-in-node=\"0\">Q: Qual \u00e9 o melhor momento para come\u00e7ar a usar este adubo?<\/b><\/p>\n<p data-path-to-node=\"16\">A: Voc\u00ea deve come\u00e7ar a aplicar imediatamente no transplante ou assim que as mudas diretas atingirem 5\u20137,5 cm de altura. Esta f\u00f3rmula de &#8220;Fase Inicial&#8221; \u00e9 projetada para uso at\u00e9 o in\u00edcio da fase de inchamento do bulbo. <\/p>\n<p data-path-to-node=\"17\"><b data-path-to-node=\"17\" data-index-in-node=\"0\">Q: Posso usar isso tanto para cebolas verdes quanto para cebolas bulbosas?<\/b><\/p>\n<p data-path-to-node=\"17\">A: Sim! Para cebolas verdes (sals\u00f5es), este adubo \u00e9 excelente para todo o ciclo da cultura. Para cebolas bulbosas, \u00e9 a fonte principal de nutrientes durante a fase vegetativa verde, antes de voc\u00ea mudar para uma f\u00f3rmula de &#8220;Inchamento do Bulbo&#8221; com alto teor de pot\u00e1ssio.  <\/p>\n<p data-path-to-node=\"18\"><b data-path-to-node=\"18\" data-index-in-node=\"0\">Q: Este adubo ajuda contra pragas ou doen\u00e7as de cebola?<\/b><\/p>\n<p data-path-to-node=\"18\">A: Embora n\u00e3o seja um pesticida, uma planta de cebola bem alimentada tem um sistema imunol\u00f3gico muito mais forte. A inclus\u00e3o de enxofre e zinco em nossa f\u00f3rmula ajuda a planta a construir defesas naturais contra pat\u00f3genos comuns do solo. <\/p>\n<p data-path-to-node=\"19\"><b data-path-to-node=\"19\" data-index-in-node=\"0\">Q: Este produto \u00e9 seguro para todos os tipos de solo?<\/b><\/p>\n<p data-path-to-node=\"19\">A: Sim, nossa mistura especial \u00e9 tamponada para funcionar bem em uma variedade de n\u00edveis de pH, embora as cebolas geralmente prefiram um solo com pH entre 6,0 e 7,0.<\/p>\n","protected":false},"excerpt":{"rendered":"<ul>\n<li>Amino\u00e1cidos Livres: 100g\/L<\/li>\n<li>Mg: 30 g\/L<\/li>\n<li>Zn: 2,5 g\/L<\/li>\n<li>Boro sol\u00favel em \u00e1gua: 2,5 g\/L<\/li>\n<li>\u00c1cido Poliglut\u00e2mico (PGA): 0,2 g\/L<\/li>\n<\/ul>\n","protected":false},"featured_media":1343,"comment_status":"open","ping_status":"closed","template":"","meta":{"_acf_changed":false,"site-sidebar-layout":"default","site-content-layout":"","ast-site-content-layout":"default","site-content-style":"default","site-sidebar-style":"default","ast-global-header-display":"","ast-banner-title-visibility":"","ast-main-header-display":"","ast-hfb-above-header-display":"","ast-hfb-below-header-display":"","ast-hfb-mobile-header-display":"","site-post-title":"","ast-breadcrumbs-content":"","ast-featured-img":"","footer-sml-layout":"","ast-disable-related-posts":"","theme-transparent-header-meta":"default","adv-header-id-meta":"","stick-header-meta":"","header-above-stick-meta":"","header-main-stick-meta":"","header-below-stick-meta":"","astra-migrate-meta-layouts":"default","ast-page-background-enabled":"default","ast-page-background-meta":{"desktop":{"background-color":"var(--ast-global-color-5)","background-image":"","background-repeat":"repeat","background-position":"center center","background-size":"auto","background-attachment":"scroll","background-type":"","background-media":"","overlay-type":"","overlay-color":"","overlay-opacity":"","overlay-gradient":""},"tablet":{"background-color":"","background-image":"","background-repeat":"repeat","background-position":"center center","background-size":"auto","background-attachment":"scroll","background-type":"","background-media":"","overlay-type":"","overlay-color":"","overlay-opacity":"","overlay-gradient":""},"mobile":{"background-color":"","background-image":"","background-repeat":"repeat","background-position":"center center","background-size":"auto","background-attachment":"scroll","background-type":"","background-media":"","overlay-type":"","overlay-color":"","overlay-opacity":"","overlay-gradient":""}},"ast-content-background-meta":{"desktop":{"background-color":"var(--ast-global-color-4)","background-image":"","background-repeat":"repeat","background-position":"center center","background-size":"auto","background-attachment":"scroll","background-type":"","background-media":"","overlay-type":"","overlay-color":"","overlay-opacity":"","overlay-gradient":""},"tablet":{"background-color":"var(--ast-global-color-4)","background-image":"","background-repeat":"repeat","background-position":"center center","background-size":"auto","background-attachment":"scroll","background-type":"","background-media":"","overlay-type":"","overlay-color":"","overlay-opacity":"","overlay-gradient":""},"mobile":{"background-color":"var(--ast-global-color-4)","background-image":"","background-repeat":"repeat","background-position":"center center","background-size":"auto","background-attachment":"scroll","background-type":"","background-media":"","overlay-type":"","overlay-color":"","overlay-opacity":"","overlay-gradient":""}}},"product_brand":[],"product_cat":[177],"product_tag":[213,212,211],"class_list":{"0":"post-1341","1":"product","2":"type-product","3":"status-publish","4":"has-post-thumbnail","6":"product_cat-cultura-de-raizes-e-tuberculos","7":"product_tag-fertilizante-de-vigor-para-cebola","8":"product_tag-fertilizante-especializado-para-mudas-de-cebola","9":"product_tag-fertilizante-especializado-para-o-estadio-inicial-da-cebola","10":"desktop-align-left","11":"tablet-align-left","12":"mobile-align-left","14":"first","15":"instock","16":"taxable","17":"shipping-taxable","18":"product-type-simple"},"acf":[],"_links":{"self":[{"href":"https:\/\/maslbiotech.com\/pt-pt\/wp-json\/wp\/v2\/product\/1341","targetHints":{"allow":["GET"]}}],"collection":[{"href":"https:\/\/maslbiotech.com\/pt-pt\/wp-json\/wp\/v2\/product"}],"about":[{"href":"https:\/\/maslbiotech.com\/pt-pt\/wp-json\/wp\/v2\/types\/product"}],"replies":[{"embeddable":true,"href":"https:\/\/maslbiotech.com\/pt-pt\/wp-json\/wp\/v2\/comments?post=1341"}],"wp:featuredmedia":[{"embeddable":true,"href":"https:\/\/maslbiotech.com\/pt-pt\/wp-json\/wp\/v2\/media\/1343"}],"wp:attachment":[{"href":"https:\/\/maslbiotech.com\/pt-pt\/wp-json\/wp\/v2\/media?parent=1341"}],"wp:term":[{"taxonomy":"product_brand","embeddable":true,"href":"https:\/\/maslbiotech.com\/pt-pt\/wp-json\/wp\/v2\/product_brand?post=1341"},{"taxonomy":"product_cat","embeddable":true,"href":"https:\/\/maslbiotech.com\/pt-pt\/wp-json\/wp\/v2\/product_cat?post=1341"},{"taxonomy":"product_tag","embeddable":true,"href":"https:\/\/maslbiotech.com\/pt-pt\/wp-json\/wp\/v2\/product_tag?post=1341"}],"curies":[{"name":"wp","href":"https:\/\/api.w.org\/{rel}","templated":true}]}}