{"id":1354,"date":"2026-04-14T03:45:41","date_gmt":"2026-04-14T03:45:41","guid":{"rendered":"https:\/\/maslbiotech.com\/product\/fertilizante-especializado-para-o-estadio-inicial-do-algodao\/"},"modified":"2026-01-27T07:52:43","modified_gmt":"2026-01-27T07:52:43","slug":"fertilizante-especializado-para-o-estadio-inicial-do-algodao","status":"publish","type":"product","link":"https:\/\/maslbiotech.com\/pt-pt\/produto\/fertilizante-especializado-para-o-estadio-inicial-do-algodao\/","title":{"rendered":"Fertilizante Especializado para o Est\u00e1dio Inicial do Algod\u00e3o"},"content":{"rendered":"<h2><strong>Cotton<\/strong><strong> <\/strong><strong>Vigor &#8211; <\/strong><strong>Fertilizante Especializado para o Est\u00e1dio Inicial do <\/strong><strong>Algod\u00e3o<\/strong><\/h2>\n<h3><strong><b>Especifica\u00e7\u00e3o T\u00e9cnica:<\/b><\/strong><\/h3>\n<p>Amino\u00e1cidos Livres \u2265100 g\/L, Cu+Fe+Mn+Zn+B+Mo \u226520 g\/L<\/p>\n<table>\n<tbody>\n<tr>\n<td width=\"180\">Amino\u00e1cidos Livres<\/td>\n<td>100 g\/L<\/td>\n<td>Mg:<\/td>\n<td>20 g\/L<\/td>\n<td>Mn:<\/td>\n<td width=\"88\">2 g\/L<\/td>\n<\/tr>\n<tr>\n<td width=\"180\">Zn:<\/td>\n<td>18 g\/L<\/td>\n<td>Glutationa<\/td>\n<td>0,5 g\/L<\/td>\n<td>\/<\/td>\n<td width=\"88\">\/<\/td>\n<\/tr>\n<\/tbody>\n<\/table>\n<h3><strong><b>Benef\u00edcios:<\/b><\/strong><\/h3>\n<p>Especificamente desenvolvido para as necessidades de crescimento do algod\u00e3o do est\u00e1dio inicial ao m\u00e9dio. Utiliza amino\u00e1cidos L-\u03b1 livres altamente ativos como o principal transportador, em sinergia com Magn\u00e9sio, Mangan\u00eas e Zinco quelatados para construir um sistema de nutri\u00e7\u00e3o preciso. Os amino\u00e1cidos L-\u03b1 livres ativam eficientemente a atividade da desidrogenase radicular, aceleram a prolifera\u00e7\u00e3o de ra\u00edzes fibrosas e a lignifica\u00e7\u00e3o da raiz principal, melhorando significativamente a capacidade de absor\u00e7\u00e3o de \u00e1gua e nutrientes minerais; simultaneamente, promovem a diferencia\u00e7\u00e3o do col\u00eanquima do caule, construindo uma estrutura resistente ao acamamento, fornecendo suporte estrutural para a diferencia\u00e7\u00e3o dos bot\u00f5es florais. O Magn\u00e9sio, Mangan\u00eas e Zinco quelatados com tripla sinergia impulsionam fortemente a s\u00edntese de clorofila e a ativa\u00e7\u00e3o de enzimas fotossint\u00e9ticas, prevenindo o amarelecimento induzido por defici\u00eancia, o nanismo e o decl\u00ednio fotossint\u00e9tico, garantindo o transporte eficiente de produtos fotossint\u00e9ticos para novos pontos de crescimento. A Glutationa especialmente adicionada elimina os radicais livres gerados pelo stress ambiental durante os est\u00e1dios de crescimento inicial a m\u00e9dio, protegendo a estrutura celular e a estabilidade do sistema fotossint\u00e9tico; simultaneamente, aumenta a resist\u00eancia da planta \u00e0 seca e ao frio, moldando sinergicamente um tipo de planta resistente ao stress com caules fortes e folhas grossas, reservando a base para a convers\u00e3o de energia na fase de forma\u00e7\u00e3o das c\u00e1psulas.    <\/p>\n<p><strong><b>Culturas <\/b><\/strong><strong><b>A<\/b><\/strong><strong><b>plic\u00e1veis: <\/b><\/strong>algod\u00e3o no est\u00e1dio inicial<\/p>\n<h3><strong><b>Instru\u00e7\u00f5es de Aplica\u00e7\u00e3o:<\/b><\/strong><\/h3>\n<p><strong><b>Pulveriza\u00e7\u00e3o Foliar:<\/b><\/strong> Diluir 800-1000 vezes. Aplicar em intervalos de 7-10 dias, durante 2-3 aplica\u00e7\u00f5es consecutivas.<br \/>\n<strong><b>Fertirriga\u00e7\u00e3o\/Irriga\u00e7\u00e3o por Gotejamento:<\/b><\/strong> 15-30 L por hectare<\/p>\n<h3><strong><b>Cuidados:<\/b><\/strong><\/h3>\n<p>1. Evite misturar com adubos e pesticidas fortemente \u00e1cidos ou alcalinos, pois isso pode afetar a efic\u00e1cia do produto. Se pretender misturar com outros produtos, realize primeiro um teste de compatibilidade em pequena escala. <\/p>\n<p>2. Pode ser necess\u00e1ria uma reaplica\u00e7\u00e3o a uma taxa reduzida se ocorrer chuva dentro de 4 horas ap\u00f3s a pulveriza\u00e7\u00e3o.<\/p>\n<h3><strong><b>Armazenamento:<\/b><\/strong><\/h3>\n<p>1. Armazene e transporte na embalagem original. Mantenha selado em local fresco e seco. <\/p>\n<p>2. Armazene separadamente de alimentos, bebidas e ra\u00e7\u00f5es. Mantenha fora do alcance de crian\u00e7as e animais. <\/p>\n<p>Data de Produ\u00e7\u00e3o e N\u00ba do Lote: Ver tampa da garrafa. Prazo de Validade: 36 meses.<\/p>\n","protected":false},"excerpt":{"rendered":"<ul>\n<li>Amino\u00e1cidos Livres: 100g\/L<\/li>\n<li>Mg: 20 g\/L<\/li>\n<li>Zn: 18 g\/L<\/li>\n<li>Mn:: 2 g\/L<\/li>\n<li>Glutationa: 0,5 g\/L<\/li>\n<\/ul>\n","protected":false},"featured_media":1356,"comment_status":"open","ping_status":"closed","template":"","meta":{"_acf_changed":false,"site-sidebar-layout":"default","site-content-layout":"","ast-site-content-layout":"default","site-content-style":"default","site-sidebar-style":"default","ast-global-header-display":"","ast-banner-title-visibility":"","ast-main-header-display":"","ast-hfb-above-header-display":"","ast-hfb-below-header-display":"","ast-hfb-mobile-header-display":"","site-post-title":"","ast-breadcrumbs-content":"","ast-featured-img":"","footer-sml-layout":"","ast-disable-related-posts":"","theme-transparent-header-meta":"default","adv-header-id-meta":"","stick-header-meta":"","header-above-stick-meta":"","header-main-stick-meta":"","header-below-stick-meta":"","astra-migrate-meta-layouts":"default","ast-page-background-enabled":"default","ast-page-background-meta":{"desktop":{"background-color":"var(--ast-global-color-5)","background-image":"","background-repeat":"repeat","background-position":"center center","background-size":"auto","background-attachment":"scroll","background-type":"","background-media":"","overlay-type":"","overlay-color":"","overlay-opacity":"","overlay-gradient":""},"tablet":{"background-color":"","background-image":"","background-repeat":"repeat","background-position":"center center","background-size":"auto","background-attachment":"scroll","background-type":"","background-media":"","overlay-type":"","overlay-color":"","overlay-opacity":"","overlay-gradient":""},"mobile":{"background-color":"","background-image":"","background-repeat":"repeat","background-position":"center center","background-size":"auto","background-attachment":"scroll","background-type":"","background-media":"","overlay-type":"","overlay-color":"","overlay-opacity":"","overlay-gradient":""}},"ast-content-background-meta":{"desktop":{"background-color":"var(--ast-global-color-4)","background-image":"","background-repeat":"repeat","background-position":"center center","background-size":"auto","background-attachment":"scroll","background-type":"","background-media":"","overlay-type":"","overlay-color":"","overlay-opacity":"","overlay-gradient":""},"tablet":{"background-color":"var(--ast-global-color-4)","background-image":"","background-repeat":"repeat","background-position":"center center","background-size":"auto","background-attachment":"scroll","background-type":"","background-media":"","overlay-type":"","overlay-color":"","overlay-opacity":"","overlay-gradient":""},"mobile":{"background-color":"var(--ast-global-color-4)","background-image":"","background-repeat":"repeat","background-position":"center center","background-size":"auto","background-attachment":"scroll","background-type":"","background-media":"","overlay-type":"","overlay-color":"","overlay-opacity":"","overlay-gradient":""}}},"product_brand":[],"product_cat":[20],"product_tag":[67,68,69],"class_list":{"0":"post-1354","1":"product","2":"type-product","3":"status-publish","4":"has-post-thumbnail","6":"product_cat-field-crop","7":"product_tag-cotton-fertilizer","8":"product_tag-early-stage-cotton-fertilizer","9":"product_tag-cotton-growth-booster","10":"desktop-align-left","11":"tablet-align-left","12":"mobile-align-left","14":"first","15":"instock","16":"taxable","17":"shipping-taxable","18":"product-type-simple"},"acf":[],"_links":{"self":[{"href":"https:\/\/maslbiotech.com\/pt-pt\/wp-json\/wp\/v2\/product\/1354","targetHints":{"allow":["GET"]}}],"collection":[{"href":"https:\/\/maslbiotech.com\/pt-pt\/wp-json\/wp\/v2\/product"}],"about":[{"href":"https:\/\/maslbiotech.com\/pt-pt\/wp-json\/wp\/v2\/types\/product"}],"replies":[{"embeddable":true,"href":"https:\/\/maslbiotech.com\/pt-pt\/wp-json\/wp\/v2\/comments?post=1354"}],"wp:featuredmedia":[{"embeddable":true,"href":"https:\/\/maslbiotech.com\/pt-pt\/wp-json\/wp\/v2\/media\/1356"}],"wp:attachment":[{"href":"https:\/\/maslbiotech.com\/pt-pt\/wp-json\/wp\/v2\/media?parent=1354"}],"wp:term":[{"taxonomy":"product_brand","embeddable":true,"href":"https:\/\/maslbiotech.com\/pt-pt\/wp-json\/wp\/v2\/product_brand?post=1354"},{"taxonomy":"product_cat","embeddable":true,"href":"https:\/\/maslbiotech.com\/pt-pt\/wp-json\/wp\/v2\/product_cat?post=1354"},{"taxonomy":"product_tag","embeddable":true,"href":"https:\/\/maslbiotech.com\/pt-pt\/wp-json\/wp\/v2\/product_tag?post=1354"}],"curies":[{"name":"wp","href":"https:\/\/api.w.org\/{rel}","templated":true}]}}