{"id":1360,"date":"2025-10-27T02:39:32","date_gmt":"2025-10-27T02:39:32","guid":{"rendered":"https:\/\/maslbiotech.com\/product\/fertilizante-especializado-para-a-fase-inicial-da-soja\/"},"modified":"2026-01-27T07:53:11","modified_gmt":"2026-01-27T07:53:11","slug":"fertilizante-especializado-para-a-fase-inicial-da-soja","status":"publish","type":"product","link":"https:\/\/maslbiotech.com\/pt-pt\/produto\/fertilizante-especializado-para-a-fase-inicial-da-soja\/","title":{"rendered":"Fertilizante Especializado para a Fase Inicial da Soja"},"content":{"rendered":"<p><strong><b>In\u00edcio da Soja &#8211; <\/b><\/strong><strong><b>Fase Inicial da Soja <\/b><\/strong><strong><b>Fertilizante Especializado<\/b><\/strong><\/p>\n<h2><strong><b>Especifica\u00e7\u00e3o T\u00e9cnica:<\/b><\/strong><\/h2>\n<p>Amino\u00e1cidos Livres \u2265100 g\/L, Cu+Fe+Mn+Zn+B+Mo \u226520 g\/L<\/p>\n<table>\n<tbody>\n<tr>\n<td width=\"164\">Amino\u00e1cidos Livres:<\/td>\n<td>100 g\/L<\/td>\n<td>Mg:<\/td>\n<td>20 g\/L<\/td>\n<td>Mn:<\/td>\n<td>2 g\/L<\/td>\n<\/tr>\n<tr>\n<td width=\"164\">Zn:<\/td>\n<td>18 g\/L<\/td>\n<td>Polipept\u00eddeos:<\/td>\n<td>1 g\/L<\/td>\n<td>\/<\/td>\n<td>\/<\/td>\n<\/tr>\n<\/tbody>\n<\/table>\n<h3><strong><b>Benef\u00edcios:<\/b><\/strong><\/h3>\n<p>Especificamente desenvolvido para as necessidades de crescimento inicial a m\u00e9dio da soja. Utiliza amino\u00e1cidos L-\u03b1 livres altamente ativos como n\u00facleo, em sinergia com um sistema de micronutrientes\/secund\u00e1rios quelatados de Magn\u00e9sio, Mangan\u00eas e Zinco. Os amino\u00e1cidos L-\u03b1 livres ativam a atividade da desidrogenase das c\u00e9lulas radiculares, promovendo o crescimento e desenvolvimento das ra\u00edzes, aumentando a efici\u00eancia da absor\u00e7\u00e3o de nutrientes; simultaneamente, promovem a diferencia\u00e7\u00e3o do col\u00eanquima do caule, construindo uma estrutura resistente ao acamamento, estabelecendo a base estrutural para a diferencia\u00e7\u00e3o dos bot\u00f5es florais. O Magn\u00e9sio, Mangan\u00eas e Zinco quelatados correspondem precisamente \u00e0s necessidades iniciais a m\u00e9dias da soja, impulsionando sinergicamente a s\u00edntese de clorofila e a ativa\u00e7\u00e3o da nitrogenase dos n\u00f3dulos, prevenindo o amarelecimento induzido por defici\u00eancia, o nanismo e o decl\u00ednio fotossint\u00e9tico, garantindo o transporte eficiente de produtos fotossint\u00e9ticos para os pontos de crescimento. Os Polipept\u00eddeos especialmente adicionados aumentam a efici\u00eancia da fixa\u00e7\u00e3o simbi\u00f3tica de nitrog\u00eanio das ra\u00edzes fibrosas e da riz\u00f3bia, melhoram a convers\u00e3o e utiliza\u00e7\u00e3o de nitrog\u00eanio; aumentam a atividade da enzima antioxidante, reduzindo os danos celulares e a estagna\u00e7\u00e3o do crescimento, moldando uma pl\u00e2ntula robusta com n\u00f3s compactos, folhas grossas e caules resistentes, reservando bioenergia suficiente para uma flora\u00e7\u00e3o abundante posterior e fixa\u00e7\u00e3o de vagens.    <\/p>\n<p><strong><b>Culturas <\/b><\/strong><strong><b>A<\/b><\/strong><strong><b>plic\u00e1veis: <\/b><\/strong>soja na fase inicial<\/p>\n<h2><strong><b>Instru\u00e7\u00f5es de Aplica\u00e7\u00e3o:<\/b><\/strong><\/h2>\n<p><strong><b>Pulveriza\u00e7\u00e3o Foliar:<\/b><\/strong> Diluir 800-1000 vezes. Aplicar em intervalos de 7-10 dias, durante 2-3 aplica\u00e7\u00f5es consecutivas.<br \/>\n<strong><b>Fertirriga\u00e7\u00e3o\/Irriga\u00e7\u00e3o por Gotejamento:<\/b><\/strong> 15-30 L por hectare<\/p>\n<h3><strong><b>Cuidados:<\/b><\/strong><\/h3>\n<p>1. Evite misturar com adubos e pesticidas fortemente \u00e1cidos ou alcalinos, pois isso pode afetar a efic\u00e1cia do produto. Se pretender misturar com outros produtos, realize primeiro um teste de compatibilidade em pequena escala. <\/p>\n<p>2. Pode ser necess\u00e1ria uma reaplica\u00e7\u00e3o a uma taxa reduzida se ocorrer chuva dentro de 4 horas ap\u00f3s a pulveriza\u00e7\u00e3o.<\/p>\n<h3><strong><b>Armazenamento:<\/b><\/strong><\/h3>\n<p>1. Armazene e transporte na embalagem original. Mantenha selado em local fresco e seco. <\/p>\n<p>2. Armazene separadamente de alimentos, bebidas e ra\u00e7\u00f5es. Mantenha fora do alcance de crian\u00e7as e animais. <\/p>\n","protected":false},"excerpt":{"rendered":"<ul>\n<li>Amino\u00e1cidos Livres: 100g\/L<\/li>\n<li>Mg: 20 g\/L<\/li>\n<li>Mn: 2 g\/L<\/li>\n<li>Zn: 18 g\/L<\/li>\n<li>Polipept\u00eddeos: 1 g\/L<\/li>\n<\/ul>\n<p>&nbsp;<\/p>\n","protected":false},"featured_media":1364,"comment_status":"open","ping_status":"closed","template":"","meta":{"_acf_changed":false,"site-sidebar-layout":"default","site-content-layout":"","ast-site-content-layout":"default","site-content-style":"default","site-sidebar-style":"default","ast-global-header-display":"","ast-banner-title-visibility":"","ast-main-header-display":"","ast-hfb-above-header-display":"","ast-hfb-below-header-display":"","ast-hfb-mobile-header-display":"","site-post-title":"","ast-breadcrumbs-content":"","ast-featured-img":"","footer-sml-layout":"","ast-disable-related-posts":"","theme-transparent-header-meta":"default","adv-header-id-meta":"","stick-header-meta":"","header-above-stick-meta":"","header-main-stick-meta":"","header-below-stick-meta":"","astra-migrate-meta-layouts":"default","ast-page-background-enabled":"default","ast-page-background-meta":{"desktop":{"background-color":"var(--ast-global-color-5)","background-image":"","background-repeat":"repeat","background-position":"center center","background-size":"auto","background-attachment":"scroll","background-type":"","background-media":"","overlay-type":"","overlay-color":"","overlay-opacity":"","overlay-gradient":""},"tablet":{"background-color":"","background-image":"","background-repeat":"repeat","background-position":"center center","background-size":"auto","background-attachment":"scroll","background-type":"","background-media":"","overlay-type":"","overlay-color":"","overlay-opacity":"","overlay-gradient":""},"mobile":{"background-color":"","background-image":"","background-repeat":"repeat","background-position":"center center","background-size":"auto","background-attachment":"scroll","background-type":"","background-media":"","overlay-type":"","overlay-color":"","overlay-opacity":"","overlay-gradient":""}},"ast-content-background-meta":{"desktop":{"background-color":"var(--ast-global-color-4)","background-image":"","background-repeat":"repeat","background-position":"center center","background-size":"auto","background-attachment":"scroll","background-type":"","background-media":"","overlay-type":"","overlay-color":"","overlay-opacity":"","overlay-gradient":""},"tablet":{"background-color":"var(--ast-global-color-4)","background-image":"","background-repeat":"repeat","background-position":"center center","background-size":"auto","background-attachment":"scroll","background-type":"","background-media":"","overlay-type":"","overlay-color":"","overlay-opacity":"","overlay-gradient":""},"mobile":{"background-color":"var(--ast-global-color-4)","background-image":"","background-repeat":"repeat","background-position":"center center","background-size":"auto","background-attachment":"scroll","background-type":"","background-media":"","overlay-type":"","overlay-color":"","overlay-opacity":"","overlay-gradient":""}}},"product_brand":[],"product_cat":[174],"product_tag":[],"class_list":{"0":"post-1360","1":"product","2":"type-product","3":"status-publish","4":"has-post-thumbnail","6":"product_cat-cultura-de-campo","7":"desktop-align-left","8":"tablet-align-left","9":"mobile-align-left","11":"first","12":"instock","13":"taxable","14":"shipping-taxable","15":"product-type-simple"},"acf":[],"_links":{"self":[{"href":"https:\/\/maslbiotech.com\/pt-pt\/wp-json\/wp\/v2\/product\/1360","targetHints":{"allow":["GET"]}}],"collection":[{"href":"https:\/\/maslbiotech.com\/pt-pt\/wp-json\/wp\/v2\/product"}],"about":[{"href":"https:\/\/maslbiotech.com\/pt-pt\/wp-json\/wp\/v2\/types\/product"}],"replies":[{"embeddable":true,"href":"https:\/\/maslbiotech.com\/pt-pt\/wp-json\/wp\/v2\/comments?post=1360"}],"wp:featuredmedia":[{"embeddable":true,"href":"https:\/\/maslbiotech.com\/pt-pt\/wp-json\/wp\/v2\/media\/1364"}],"wp:attachment":[{"href":"https:\/\/maslbiotech.com\/pt-pt\/wp-json\/wp\/v2\/media?parent=1360"}],"wp:term":[{"taxonomy":"product_brand","embeddable":true,"href":"https:\/\/maslbiotech.com\/pt-pt\/wp-json\/wp\/v2\/product_brand?post=1360"},{"taxonomy":"product_cat","embeddable":true,"href":"https:\/\/maslbiotech.com\/pt-pt\/wp-json\/wp\/v2\/product_cat?post=1360"},{"taxonomy":"product_tag","embeddable":true,"href":"https:\/\/maslbiotech.com\/pt-pt\/wp-json\/wp\/v2\/product_tag?post=1360"}],"curies":[{"name":"wp","href":"https:\/\/api.w.org\/{rel}","templated":true}]}}