{"id":1373,"date":"2025-10-27T03:44:26","date_gmt":"2025-10-27T03:44:26","guid":{"rendered":"https:\/\/maslbiotech.com\/product\/fertilizante-especializado-para-soja-em-fase-tardia\/"},"modified":"2026-01-27T07:53:06","modified_gmt":"2026-01-27T07:53:06","slug":"fertilizante-especializado-para-soja-em-fase-tardia","status":"publish","type":"product","link":"https:\/\/maslbiotech.com\/pt-pt\/produto\/fertilizante-especializado-para-soja-em-fase-tardia\/","title":{"rendered":"Fertilizante Especializado para Soja em Fase Tardia"},"content":{"rendered":"<h2><strong><b>Soja<\/b><\/strong><strong><b> <\/b><\/strong><strong><b>Enchimento &#8211; <\/b><\/strong><strong><b>Fase Tardia da Soja<\/b><\/strong><strong><b> <\/b><\/strong><strong><b>Fertilizante Especializado<\/b><\/strong><\/h2>\n<h3><strong><b>Especifica\u00e7\u00e3o T\u00e9cnica:<\/b><\/strong><\/h3>\n<p>Amino\u00e1cidos Livres \u2265100 g\/L, Ca+Mg \u226530 g\/L<\/p>\n<table>\n<tbody>\n<tr>\n<td width=\"192\">Amino\u00e1cidos Livres:<\/td>\n<td>100 g\/L<\/td>\n<td>Mg:<\/td>\n<td>30 g\/L<\/td>\n<td>Zn:<\/td>\n<td>2,5 g\/L<\/td>\n<\/tr>\n<tr>\n<td width=\"192\">Boro sol\u00favel em \u00e1gua:<\/td>\n<td>2,5 g\/L<\/td>\n<td>Vitamina B3:<\/td>\n<td>0,5 g\/L<\/td>\n<td>\/<\/td>\n<td>\/<\/td>\n<\/tr>\n<\/tbody>\n<\/table>\n<h3><strong><b>Benef\u00edcios:<\/b><\/strong><\/h3>\n<p>Especificamente desenvolvido para as necessidades de crescimento da soja em fase m\u00e9dia a tardia. Utiliza amino\u00e1cidos L-\u03b1 livres altamente ativos como n\u00facleo, cientificamente combinados com Magn\u00e9sio, Zinco e Boro quelatados, precisamente adaptados para as fases de flora\u00e7\u00e3o\/fixa\u00e7\u00e3o de vagens ao enchimento de gr\u00e3os. Os amino\u00e1cidos L-\u03b1 livres altamente ativos promovem a diferencia\u00e7\u00e3o dos bot\u00f5es florais e a estabilidade da fixa\u00e7\u00e3o das vagens, reduzem a queda de flores e vagens, sinergizam com o Magn\u00e9sio quelatado para aumentar a efici\u00eancia fotossint\u00e9tica, fornecendo energia cont\u00ednua para o enchimento de gr\u00e3os. O Zinco quelatado ativa a atividade da prote\u00edna sintase, trabalhando com o Boro para garantir a vitalidade do p\u00f3len e a qualidade da fertiliza\u00e7\u00e3o, reduzindo a taxa de gr\u00e3os crestados, promovendo a acumula\u00e7\u00e3o eficiente de \u00f3leo e prote\u00edna, alcan\u00e7ando vagens cheias e aumentando o peso de cem gr\u00e3os. A Vitamina B3 especialmente adicionada melhora a efici\u00eancia fotossint\u00e9tica e o metabolismo energ\u00e9tico, atrasa a senesc\u00eancia funcional das folhas, aumenta a resist\u00eancia ao stress das plantas e mant\u00e9m a atividade enzim\u00e1tica chave. Promove o transporte direcional de nutrientes para as vagens, aumentando o rendimento e a qualidade para uma maior rentabilidade.     <\/p>\n<p><strong><b>Culturas <\/b><\/strong><strong><b>A<\/b><\/strong><strong><b>plic\u00e1veis: <\/b><\/strong>soja em fase tardia<\/p>\n<h2><strong><b>Instru\u00e7\u00f5es de Aplica\u00e7\u00e3o:<\/b><\/strong><\/h2>\n<p><strong><b>Pulveriza\u00e7\u00e3o Foliar:<\/b><\/strong> Diluir 800-1000 vezes. Aplicar em intervalos de 7-10 dias, durante 2-3 aplica\u00e7\u00f5es consecutivas.<br \/>\n<strong><b>Fertirriga\u00e7\u00e3o\/Irriga\u00e7\u00e3o por Gotejamento:<\/b><\/strong> 15-30 L por hectare<\/p>\n<h2><strong><b>Cuidados:<\/b><\/strong><\/h2>\n<p>1. Evite misturar com adubos e pesticidas fortemente \u00e1cidos ou alcalinos, pois isso pode afetar a efic\u00e1cia do produto. Se pretender misturar com outros produtos, realize primeiro um teste de compatibilidade em pequena escala. <\/p>\n<p>2. Pode ser necess\u00e1ria uma reaplica\u00e7\u00e3o a uma taxa reduzida se ocorrer chuva dentro de 4 horas ap\u00f3s a pulveriza\u00e7\u00e3o.<\/p>\n<h2><strong><b>Armazenamento:<\/b><\/strong><\/h2>\n<p>1. Armazene e transporte na embalagem original. Mantenha selado em local fresco e seco. <\/p>\n<p>2. Armazene separadamente de alimentos, bebidas e ra\u00e7\u00f5es. Mantenha fora do alcance de crian\u00e7as e animais. <\/p>\n<p>Data de Produ\u00e7\u00e3o e N\u00ba do Lote: Ver tampa da garrafa. Prazo de Validade: 36 meses.<\/p>\n","protected":false},"excerpt":{"rendered":"<ul>\n<li>Amino\u00e1cidos Livres: 100g\/L<\/li>\n<li>Mg: 30 g\/L<\/li>\n<li>Zn: 2,5 g\/L<\/li>\n<li>Boro sol\u00favel em \u00e1gua: 2,5 g\/L<\/li>\n<li>Vitamina B3: 0,5 g\/L<\/li>\n<\/ul>\n","protected":false},"featured_media":1375,"comment_status":"open","ping_status":"closed","template":"","meta":{"_acf_changed":false,"site-sidebar-layout":"default","site-content-layout":"","ast-site-content-layout":"default","site-content-style":"default","site-sidebar-style":"default","ast-global-header-display":"","ast-banner-title-visibility":"","ast-main-header-display":"","ast-hfb-above-header-display":"","ast-hfb-below-header-display":"","ast-hfb-mobile-header-display":"","site-post-title":"","ast-breadcrumbs-content":"","ast-featured-img":"","footer-sml-layout":"","ast-disable-related-posts":"","theme-transparent-header-meta":"default","adv-header-id-meta":"","stick-header-meta":"","header-above-stick-meta":"","header-main-stick-meta":"","header-below-stick-meta":"","astra-migrate-meta-layouts":"default","ast-page-background-enabled":"default","ast-page-background-meta":{"desktop":{"background-color":"var(--ast-global-color-5)","background-image":"","background-repeat":"repeat","background-position":"center center","background-size":"auto","background-attachment":"scroll","background-type":"","background-media":"","overlay-type":"","overlay-color":"","overlay-opacity":"","overlay-gradient":""},"tablet":{"background-color":"","background-image":"","background-repeat":"repeat","background-position":"center center","background-size":"auto","background-attachment":"scroll","background-type":"","background-media":"","overlay-type":"","overlay-color":"","overlay-opacity":"","overlay-gradient":""},"mobile":{"background-color":"","background-image":"","background-repeat":"repeat","background-position":"center center","background-size":"auto","background-attachment":"scroll","background-type":"","background-media":"","overlay-type":"","overlay-color":"","overlay-opacity":"","overlay-gradient":""}},"ast-content-background-meta":{"desktop":{"background-color":"var(--ast-global-color-4)","background-image":"","background-repeat":"repeat","background-position":"center center","background-size":"auto","background-attachment":"scroll","background-type":"","background-media":"","overlay-type":"","overlay-color":"","overlay-opacity":"","overlay-gradient":""},"tablet":{"background-color":"var(--ast-global-color-4)","background-image":"","background-repeat":"repeat","background-position":"center center","background-size":"auto","background-attachment":"scroll","background-type":"","background-media":"","overlay-type":"","overlay-color":"","overlay-opacity":"","overlay-gradient":""},"mobile":{"background-color":"var(--ast-global-color-4)","background-image":"","background-repeat":"repeat","background-position":"center center","background-size":"auto","background-attachment":"scroll","background-type":"","background-media":"","overlay-type":"","overlay-color":"","overlay-opacity":"","overlay-gradient":""}}},"product_brand":[],"product_cat":[174],"product_tag":[],"class_list":{"0":"post-1373","1":"product","2":"type-product","3":"status-publish","4":"has-post-thumbnail","6":"product_cat-cultura-de-campo","7":"desktop-align-left","8":"tablet-align-left","9":"mobile-align-left","11":"first","12":"instock","13":"taxable","14":"shipping-taxable","15":"product-type-simple"},"acf":[],"_links":{"self":[{"href":"https:\/\/maslbiotech.com\/pt-pt\/wp-json\/wp\/v2\/product\/1373","targetHints":{"allow":["GET"]}}],"collection":[{"href":"https:\/\/maslbiotech.com\/pt-pt\/wp-json\/wp\/v2\/product"}],"about":[{"href":"https:\/\/maslbiotech.com\/pt-pt\/wp-json\/wp\/v2\/types\/product"}],"replies":[{"embeddable":true,"href":"https:\/\/maslbiotech.com\/pt-pt\/wp-json\/wp\/v2\/comments?post=1373"}],"wp:featuredmedia":[{"embeddable":true,"href":"https:\/\/maslbiotech.com\/pt-pt\/wp-json\/wp\/v2\/media\/1375"}],"wp:attachment":[{"href":"https:\/\/maslbiotech.com\/pt-pt\/wp-json\/wp\/v2\/media?parent=1373"}],"wp:term":[{"taxonomy":"product_brand","embeddable":true,"href":"https:\/\/maslbiotech.com\/pt-pt\/wp-json\/wp\/v2\/product_brand?post=1373"},{"taxonomy":"product_cat","embeddable":true,"href":"https:\/\/maslbiotech.com\/pt-pt\/wp-json\/wp\/v2\/product_cat?post=1373"},{"taxonomy":"product_tag","embeddable":true,"href":"https:\/\/maslbiotech.com\/pt-pt\/wp-json\/wp\/v2\/product_tag?post=1373"}],"curies":[{"name":"wp","href":"https:\/\/api.w.org\/{rel}","templated":true}]}}