{"id":1378,"date":"2025-11-04T14:33:04","date_gmt":"2025-11-04T14:33:04","guid":{"rendered":"https:\/\/maslbiotech.com\/product\/fertilizante-especializado-para-estadio-final-de-culturas-arvenses\/"},"modified":"2026-01-27T07:40:12","modified_gmt":"2026-01-27T07:40:12","slug":"fertilizante-especializado-para-estadio-final-de-culturas-arvenses","status":"publish","type":"product","link":"https:\/\/maslbiotech.com\/pt-pt\/produto\/fertilizante-especializado-para-estadio-final-de-culturas-arvenses\/","title":{"rendered":"Fertilizante Especializado para Est\u00e1dio Final de Culturas Arvenses"},"content":{"rendered":"<h2><strong><b>FieldMax Boost &#8211; <\/b><\/strong><strong><b>Fertilizante Especializado para Est\u00e1dio Final de Culturas Arvenses<\/b><\/strong><\/h2>\n<h3><strong><b>Especifica\u00e7\u00e3o T\u00e9cnica:<\/b><\/strong><\/h3>\n<p>Amino\u00e1cidos \u2265100 g\/L, Ca+Mg \u226530 g\/L<\/p>\n<table>\n<tbody>\n<tr>\n<td width=\"187\">Amino\u00e1cidos Livres:<\/td>\n<td width=\"111\">100 g\/L<\/td>\n<td width=\"143\">Mg:<\/td>\n<td width=\"95\">30 g\/L<\/td>\n<td width=\"80\">Zn<\/td>\n<td width=\"85\">2,5 g\/L<\/td>\n<\/tr>\n<tr>\n<td width=\"187\">Boro sol\u00favel em \u00e1gua:<\/td>\n<td width=\"111\">2,5 g\/L<\/td>\n<td width=\"143\">Vitamina B5:<\/td>\n<td width=\"95\">1 g\/L<\/td>\n<td width=\"80\">\/<\/td>\n<td width=\"85\">\/<\/td>\n<\/tr>\n<\/tbody>\n<\/table>\n<h3><strong><b>Benef\u00edcios:<\/b><\/strong><\/h3>\n<p>Especificamente desenvolvido para as necessidades de crescimento de culturas arvenses do est\u00e1dio m\u00e9dio ao final. Utiliza L-\u03b1 amino\u00e1cidos livres altamente ativos como n\u00facleo, cientificamente combinados com Magn\u00e9sio, Zinco e Boro quelatados. Promove significativamente o crescimento durante os est\u00e1dios de emborrachamento e enchimento de gr\u00e3os de culturas de cereais (p. ex., arroz, trigo, milho), levando a uma emerg\u00eancia uniforme da espiga, alta taxa de forma\u00e7\u00e3o de pan\u00edculas, gr\u00e3os cheios, degenera\u00e7\u00e3o reduzida de espiguetas e gr\u00e3os vazios, promovendo a s\u00edntese de amido e prote\u00edna, aumentando o rendimento. Tamb\u00e9m adequado para culturas de leguminosas (p. ex., soja, ervilha, feij\u00e3o-mungo) desde a fixa\u00e7\u00e3o da vagem at\u00e9 aos est\u00e1dios de enchimento de gr\u00e3os, ajudando a aumentar a fixa\u00e7\u00e3o da vagem, reduzir as vagens vazias e melhorar a plumpness dos gr\u00e3os. A Vitamina B5 especialmente adicionada regula as fun\u00e7\u00f5es metab\u00f3licas do est\u00e1dio final, atrasa a senesc\u00eancia da planta e promove a transfer\u00eancia eficiente de nutrientes para frutos ou gr\u00e3os, auxiliando na acumula\u00e7\u00e3o de mat\u00e9ria seca. Melhora o rendimento e a qualidade para aumentar a rentabilidade.     <\/p>\n<p><strong><b> <\/b><\/strong><strong><b>Culturas aplic\u00e1veis:<\/b><\/strong><strong><b> <\/b><\/strong>culturas arvenses em est\u00e1dio final<\/p>\n<h3><strong><b> <\/b><\/strong><strong><b>Instru\u00e7\u00f5es de Aplica\u00e7\u00e3o:<\/b><\/strong><\/h3>\n<p><strong><b>Pulveriza\u00e7\u00e3o Foliar:<\/b><\/strong> Diluir 800-1000 vezes. Aplicar em intervalos de 7-10 dias, durante 2-3 aplica\u00e7\u00f5es consecutivas.<br \/>\n<strong><b>Fertirriga\u00e7\u00e3o\/Irriga\u00e7\u00e3o por Gotejamento:<\/b><\/strong> 15-30 L por hectare<\/p>\n<h3><strong><b>Precau\u00e7\u00f5es:<\/b><\/strong><\/h3>\n<p>1. Evite misturar com fertilizantes e pesticidas fortemente \u00e1cidos ou alcalinos, pois isso pode afetar a efic\u00e1cia do produto. Se pretender misturar com outros produtos, realize primeiro um teste de compatibilidade em pequena escala. <\/p>\n<p>2. Pode ser necess\u00e1ria uma reaplica\u00e7\u00e3o a uma taxa reduzida se ocorrer chuva dentro de 4 horas ap\u00f3s a pulveriza\u00e7\u00e3o.<\/p>\n<h3><strong><b>Armazenamento:<\/b><\/strong><\/h3>\n<p>1. Armazene e transporte na embalagem original. Mantenha selado em local fresco e seco. <\/p>\n<p>2. Armazene separadamente de alimentos, bebidas e ra\u00e7\u00f5es. Mantenha fora do alcance de crian\u00e7as e animais. <\/p>\n<p>Data de Produ\u00e7\u00e3o e N\u00ba do Lote: Ver tampa da garrafa. Prazo de Validade: 36 meses.<\/p>\n","protected":false},"excerpt":{"rendered":"<ul>\n<li>Amino\u00e1cidos Livres: 100g\/L<\/li>\n<li>Mg: 30 g\/L<\/li>\n<li>Zn: 2,5 g\/L<\/li>\n<li>Boro sol\u00favel em \u00e1gua: 2,5 g\/L<\/li>\n<li>Vitamina B5: 1 g\/L<\/li>\n<\/ul>\n","protected":false},"featured_media":1379,"comment_status":"open","ping_status":"closed","template":"","meta":{"_acf_changed":false,"site-sidebar-layout":"default","site-content-layout":"","ast-site-content-layout":"default","site-content-style":"default","site-sidebar-style":"default","ast-global-header-display":"","ast-banner-title-visibility":"","ast-main-header-display":"","ast-hfb-above-header-display":"","ast-hfb-below-header-display":"","ast-hfb-mobile-header-display":"","site-post-title":"","ast-breadcrumbs-content":"","ast-featured-img":"","footer-sml-layout":"","ast-disable-related-posts":"","theme-transparent-header-meta":"default","adv-header-id-meta":"","stick-header-meta":"","header-above-stick-meta":"","header-main-stick-meta":"","header-below-stick-meta":"","astra-migrate-meta-layouts":"default","ast-page-background-enabled":"default","ast-page-background-meta":{"desktop":{"background-color":"var(--ast-global-color-5)","background-image":"","background-repeat":"repeat","background-position":"center center","background-size":"auto","background-attachment":"scroll","background-type":"","background-media":"","overlay-type":"","overlay-color":"","overlay-opacity":"","overlay-gradient":""},"tablet":{"background-color":"","background-image":"","background-repeat":"repeat","background-position":"center center","background-size":"auto","background-attachment":"scroll","background-type":"","background-media":"","overlay-type":"","overlay-color":"","overlay-opacity":"","overlay-gradient":""},"mobile":{"background-color":"","background-image":"","background-repeat":"repeat","background-position":"center center","background-size":"auto","background-attachment":"scroll","background-type":"","background-media":"","overlay-type":"","overlay-color":"","overlay-opacity":"","overlay-gradient":""}},"ast-content-background-meta":{"desktop":{"background-color":"var(--ast-global-color-4)","background-image":"","background-repeat":"repeat","background-position":"center center","background-size":"auto","background-attachment":"scroll","background-type":"","background-media":"","overlay-type":"","overlay-color":"","overlay-opacity":"","overlay-gradient":""},"tablet":{"background-color":"var(--ast-global-color-4)","background-image":"","background-repeat":"repeat","background-position":"center center","background-size":"auto","background-attachment":"scroll","background-type":"","background-media":"","overlay-type":"","overlay-color":"","overlay-opacity":"","overlay-gradient":""},"mobile":{"background-color":"var(--ast-global-color-4)","background-image":"","background-repeat":"repeat","background-position":"center center","background-size":"auto","background-attachment":"scroll","background-type":"","background-media":"","overlay-type":"","overlay-color":"","overlay-opacity":"","overlay-gradient":""}}},"product_brand":[],"product_cat":[174],"product_tag":[241,240],"class_list":{"0":"post-1378","1":"product","2":"type-product","3":"status-publish","4":"has-post-thumbnail","6":"product_cat-cultura-de-campo","7":"product_tag-fertilizante-para-culturas-arvenses-masl","8":"product_tag-fertilizante-para-estadio-final-de-culturas-arvenses","9":"desktop-align-left","10":"tablet-align-left","11":"mobile-align-left","13":"first","14":"instock","15":"taxable","16":"shipping-taxable","17":"product-type-simple"},"acf":[],"_links":{"self":[{"href":"https:\/\/maslbiotech.com\/pt-pt\/wp-json\/wp\/v2\/product\/1378","targetHints":{"allow":["GET"]}}],"collection":[{"href":"https:\/\/maslbiotech.com\/pt-pt\/wp-json\/wp\/v2\/product"}],"about":[{"href":"https:\/\/maslbiotech.com\/pt-pt\/wp-json\/wp\/v2\/types\/product"}],"replies":[{"embeddable":true,"href":"https:\/\/maslbiotech.com\/pt-pt\/wp-json\/wp\/v2\/comments?post=1378"}],"wp:featuredmedia":[{"embeddable":true,"href":"https:\/\/maslbiotech.com\/pt-pt\/wp-json\/wp\/v2\/media\/1379"}],"wp:attachment":[{"href":"https:\/\/maslbiotech.com\/pt-pt\/wp-json\/wp\/v2\/media?parent=1378"}],"wp:term":[{"taxonomy":"product_brand","embeddable":true,"href":"https:\/\/maslbiotech.com\/pt-pt\/wp-json\/wp\/v2\/product_brand?post=1378"},{"taxonomy":"product_cat","embeddable":true,"href":"https:\/\/maslbiotech.com\/pt-pt\/wp-json\/wp\/v2\/product_cat?post=1378"},{"taxonomy":"product_tag","embeddable":true,"href":"https:\/\/maslbiotech.com\/pt-pt\/wp-json\/wp\/v2\/product_tag?post=1378"}],"curies":[{"name":"wp","href":"https:\/\/api.w.org\/{rel}","templated":true}]}}