{"id":1380,"date":"2025-11-04T14:29:06","date_gmt":"2025-11-04T14:29:06","guid":{"rendered":"https:\/\/maslbiotech.com\/product\/fertilizante-especial-para-culturas-arvenses-com-formula-equilibrada\/"},"modified":"2026-01-27T07:43:38","modified_gmt":"2026-01-27T07:43:38","slug":"fertilizante-especial-para-culturas-arvenses-com-formula-equilibrada","status":"publish","type":"product","link":"https:\/\/maslbiotech.com\/pt-pt\/produto\/fertilizante-especial-para-culturas-arvenses-com-formula-equilibrada\/","title":{"rendered":"Fertilizante Especial para Culturas Arvenses com F\u00f3rmula Equilibrada"},"content":{"rendered":"<h2><strong>FieldMax Vita &#8211; <\/strong><strong><b>Fertilizante Especial para Culturas Arvenses com F\u00f3rmula Equilibrada<\/b><\/strong><\/h2>\n<p data-path-to-node=\"4\">Maximize o potencial de suas culturas extensivas e especiais com o Adubo de F\u00f3rmula Balanceada da <a href=\"https:\/\/maslbiotech.com\/pt-pt\/revelando-a-tecnologia-aminoacido-uma-solucao-nutricional-de-ciclo-completo-para-o-desempenho-de-culturas-de-campo\/\"><b data-path-to-node=\"4\" data-index-in-node=\"71\">MASL Biotech. <\/b><\/a>Este adubo premium sol\u00favel em \u00e1gua \u00e9 projetado para a agricultura moderna, fornecendo um equil\u00edbrio perfeito de Nitrog\u00eanio, F\u00f3sforo e Pot\u00e1ssio (NPK), complementado por Elementos Tra\u00e7o Essenciais (TE). <\/p>\n<p data-path-to-node=\"5\">Se voc\u00ea est\u00e1 cultivando milho, trigo, soja ou vegetais especiais de alto valor, nossa F\u00f3rmula Balanceada 18-18-18 garante que suas plantas recebam um suprimento constante e uniforme de nutrientes durante todas as fases cr\u00edticas de crescimento.<\/p>\n<h3><strong><b>Especifica\u00e7\u00e3o T\u00e9cnica:<\/b><\/strong><\/h3>\n<p>Amino\u00e1cidos Livres \u2265100 g\/L, Cu+Fe+Mn+Zn+B+Mo \u226520 g\/L<\/p>\n<table>\n<tbody>\n<tr>\n<td width=\"165\">Amino\u00e1cidos Livres:<\/td>\n<td width=\"112\">100 g\/L<\/td>\n<td width=\"90\">Mg:<\/td>\n<td width=\"172\">20 g\/L<\/td>\n<td width=\"148\">Fe:<\/td>\n<td width=\"149\">2 g\/L<\/td>\n<\/tr>\n<tr>\n<td width=\"165\">Mn:<\/td>\n<td width=\"112\">1 g\/L<\/td>\n<td width=\"90\">Zn:<\/td>\n<td width=\"172\">16 g\/L<\/td>\n<td width=\"148\">Boro sol\u00favel em \u00e1gua:<\/td>\n<td width=\"149\">1 g\/L<\/td>\n<\/tr>\n<tr>\n<td width=\"165\">Vitamina B1:<\/td>\n<td width=\"112\">1 g\/L<\/td>\n<td width=\"90\">\/<\/td>\n<td width=\"172\">\/<\/td>\n<td width=\"148\">\/<\/td>\n<td width=\"149\">\/<\/td>\n<\/tr>\n<\/tbody>\n<\/table>\n<h3><strong><b>Benef\u00edcios:<\/b><\/strong><\/h3>\n<p>Especificamente desenvolvido para todo o ciclo de crescimento das culturas arvenses. Utiliza amino\u00e1cidos L-\u03b1 livres altamente ativos como componente central, cientificamente combinados com Magn\u00e9sio, Zinco, Boro, Ferro, Mangan\u00eas quelatados e Vitamina B1. Adequado para gest\u00e3o de ciclo completo, desde a fase de pl\u00e2ntula at\u00e9 \u00e0 colheita. Promove significativamente a germina\u00e7\u00e3o das sementes, o desenvolvimento robusto das ra\u00edzes e o crescimento do caule\/folhas. Melhora a efici\u00eancia da absor\u00e7\u00e3o de nutrientes e a fotoss\u00edntese durante a fase vegetativa. Durante a fase reprodutiva, promove a flora\u00e7\u00e3o uniforme, a poliniza\u00e7\u00e3o completa, melhora a fixa\u00e7\u00e3o dos frutos, reduz a queda de flores e bot\u00f5es, bem como cascas vazias, aumentando a plenitude das sementes e o potencial de rendimento. A Vitamina B1 especialmente adicionada melhora eficazmente a resist\u00eancia ao stress da cultura, alivia a inibi\u00e7\u00e3o do crescimento causada por stresses ambientais, como seca, alta temperatura ou competi\u00e7\u00e3o por nutrientes, ajudando as culturas a completar o seu ciclo de crescimento de forma est\u00e1vel e a atingir metas de alto rendimento e qualidade.      <\/p>\n<p><strong><b>Culturas <\/b><\/strong><strong><b>A<\/b><\/strong><strong><b>plic\u00e1veis:<\/b><\/strong><strong><b> <\/b><\/strong>culturas arvenses para todo o ciclo de crescimento.<\/p>\n<h2><strong><b>Instru\u00e7\u00f5es de Aplica\u00e7\u00e3o:<\/b><\/strong><\/h2>\n<p><strong><b>Pulveriza\u00e7\u00e3o Foliar:<\/b><\/strong> Diluir 800-1000 vezes. Aplicar em intervalos de 7-10 dias, durante 2-3 aplica\u00e7\u00f5es consecutivas.<br \/>\n<strong><b>Fertirriga\u00e7\u00e3o\/Irriga\u00e7\u00e3o por Gotejamento:<\/b><\/strong> 15-30 L\/ha<\/p>\n<h2 data-path-to-node=\"15\">Instru\u00e7\u00f5es de Aplica\u00e7\u00e3o<\/h2>\n<p data-path-to-node=\"16\">Para melhores resultados:Aplique durante os per\u00edodos de crescimento ativo ou no in\u00edcio das fases reprodutivas.<\/p>\n<ul data-path-to-node=\"17\">\n<li>\n<p data-path-to-node=\"17,0,0\">Pulveriza\u00e7\u00e3o foliar: 2\u20135 kg por hectare, dependendo do tipo de cultura e dos n\u00edveis de estresse.<\/p>\n<\/li>\n<li>\n<p data-path-to-node=\"17,1,0\">Fertirriga\u00e7\u00e3o: Integre ao seu cronograma de irriga\u00e7\u00e3o existente na taxa de 5\u201310 kg por hectare.<\/p>\n<\/li>\n<li>\n<p data-path-to-node=\"17,2,0\">Compatibilidade:Esta f\u00f3rmula \u00e9 compat\u00edvel com a maioria dos pesticidas e fungicidas comuns, mas sempre recomendamos um teste em pequena escala antes da mistura total no tanque.<\/p>\n<\/li>\n<\/ul>\n<h3><strong><b>Cuidados:<\/b><\/strong><\/h3>\n<p>1. Evite misturar com adubos e pesticidas fortemente \u00e1cidos ou alcalinos, pois isso pode afetar a efic\u00e1cia do produto. Se pretender misturar com outros produtos, realize primeiro um teste de compatibilidade em pequena escala. <\/p>\n<p>2. Pode ser necess\u00e1ria uma reaplica\u00e7\u00e3o a uma taxa reduzida se ocorrer chuva dentro de 4 horas ap\u00f3s a pulveriza\u00e7\u00e3o.<\/p>\n<h3><strong><b>Armazenamento:<\/b><\/strong><\/h3>\n<p>1. Armazene e transporte na embalagem original. Mantenha selado em local fresco e seco. <\/p>\n<p>2. Armazene separadamente de alimentos, bebidas e ra\u00e7\u00f5es. Mantenha fora do alcance de crian\u00e7as e animais. <\/p>\n<p>Data de Produ\u00e7\u00e3o e N\u00ba do Lote: Ver tampa da garrafa. Prazo de Validade: 36 meses.<\/p>\n<h2 data-path-to-node=\"19\">Perguntas Frequentes (FAQ)<\/h2>\n<p data-path-to-node=\"20\"><b data-path-to-node=\"20\" data-index-in-node=\"0\">Q: Este adubo pode ser usado em todos os tipos de culturas de campo?<\/b><\/p>\n<p data-path-to-node=\"20\">A: Sim. A propor\u00e7\u00e3o 18-18-18 \u00e9 uma f\u00f3rmula balanceada &#8220;universal&#8221;. \u00c9 altamente eficaz para gr\u00e3os (trigo, cevada), culturas de fileira (milho, algod\u00e3o) e oleaginosas (soja, girassol), al\u00e9m de culturas especiais de pomar.  <\/p>\n<p data-path-to-node=\"21\"><b data-path-to-node=\"21\" data-index-in-node=\"0\">Q: Este produto ajuda a lidar com estresse ambiental?<\/b><\/p>\n<p data-path-to-node=\"21\">A: Com certeza. O alto teor de pot\u00e1ssio combinado com micronutrientes quelatados fortalece as paredes celulares e regula a condut\u00e2ncia estom\u00e1tica, ajudando as plantas a manter a press\u00e3o de turgor durante secas ou ondas de calor. <\/p>\n<p data-path-to-node=\"22\"><b data-path-to-node=\"22\" data-index-in-node=\"0\">Q: \u00c9 seguro para solos em transi\u00e7\u00e3o org\u00e2nica?<\/b><\/p>\n<p data-path-to-node=\"22\">A: Embora seja um fertilizante mineral de alta pureza, seu baixo \u00edndice de sal e alta solubilidade significam que deixa res\u00edduo m\u00ednimo, apoiando um bioma do solo mais saud\u00e1vel em compara\u00e7\u00e3o com alternativas sint\u00e9ticas de menor qualidade.<\/p>\n","protected":false},"excerpt":{"rendered":"<ul>\n<li>Amino\u00e1cidos Livres: 100g\/L<\/li>\n<li>Mg: 20 g\/L<\/li>\n<li>Fe: 2 g\/L<\/li>\n<li>Mn: 1 g\/L<\/li>\n<li>Zn: 16 g\/L<\/li>\n<li>Boro sol\u00favel em \u00e1gua: 1 g\/L<\/li>\n<li>Vitamina B1: 1 g\/L<\/li>\n<\/ul>\n","protected":false},"featured_media":1381,"comment_status":"open","ping_status":"closed","template":"","meta":{"_acf_changed":false,"site-sidebar-layout":"default","site-content-layout":"","ast-site-content-layout":"default","site-content-style":"default","site-sidebar-style":"default","ast-global-header-display":"","ast-banner-title-visibility":"","ast-main-header-display":"","ast-hfb-above-header-display":"","ast-hfb-below-header-display":"","ast-hfb-mobile-header-display":"","site-post-title":"","ast-breadcrumbs-content":"","ast-featured-img":"","footer-sml-layout":"","ast-disable-related-posts":"","theme-transparent-header-meta":"default","adv-header-id-meta":"","stick-header-meta":"","header-above-stick-meta":"","header-main-stick-meta":"","header-below-stick-meta":"","astra-migrate-meta-layouts":"default","ast-page-background-enabled":"default","ast-page-background-meta":{"desktop":{"background-color":"var(--ast-global-color-5)","background-image":"","background-repeat":"repeat","background-position":"center center","background-size":"auto","background-attachment":"scroll","background-type":"","background-media":"","overlay-type":"","overlay-color":"","overlay-opacity":"","overlay-gradient":""},"tablet":{"background-color":"","background-image":"","background-repeat":"repeat","background-position":"center center","background-size":"auto","background-attachment":"scroll","background-type":"","background-media":"","overlay-type":"","overlay-color":"","overlay-opacity":"","overlay-gradient":""},"mobile":{"background-color":"","background-image":"","background-repeat":"repeat","background-position":"center center","background-size":"auto","background-attachment":"scroll","background-type":"","background-media":"","overlay-type":"","overlay-color":"","overlay-opacity":"","overlay-gradient":""}},"ast-content-background-meta":{"desktop":{"background-color":"var(--ast-global-color-4)","background-image":"","background-repeat":"repeat","background-position":"center center","background-size":"auto","background-attachment":"scroll","background-type":"","background-media":"","overlay-type":"","overlay-color":"","overlay-opacity":"","overlay-gradient":""},"tablet":{"background-color":"var(--ast-global-color-4)","background-image":"","background-repeat":"repeat","background-position":"center center","background-size":"auto","background-attachment":"scroll","background-type":"","background-media":"","overlay-type":"","overlay-color":"","overlay-opacity":"","overlay-gradient":""},"mobile":{"background-color":"var(--ast-global-color-4)","background-image":"","background-repeat":"repeat","background-position":"center center","background-size":"auto","background-attachment":"scroll","background-type":"","background-media":"","overlay-type":"","overlay-color":"","overlay-opacity":"","overlay-gradient":""}}},"product_brand":[],"product_cat":[174],"product_tag":[242],"class_list":{"0":"post-1380","1":"product","2":"type-product","3":"status-publish","4":"has-post-thumbnail","6":"product_cat-cultura-de-campo","7":"product_tag-fertilizante-especial-para-culturas-arvenses-com-formula-equilibrada","8":"desktop-align-left","9":"tablet-align-left","10":"mobile-align-left","12":"first","13":"instock","14":"taxable","15":"shipping-taxable","16":"product-type-simple"},"acf":[],"_links":{"self":[{"href":"https:\/\/maslbiotech.com\/pt-pt\/wp-json\/wp\/v2\/product\/1380","targetHints":{"allow":["GET"]}}],"collection":[{"href":"https:\/\/maslbiotech.com\/pt-pt\/wp-json\/wp\/v2\/product"}],"about":[{"href":"https:\/\/maslbiotech.com\/pt-pt\/wp-json\/wp\/v2\/types\/product"}],"replies":[{"embeddable":true,"href":"https:\/\/maslbiotech.com\/pt-pt\/wp-json\/wp\/v2\/comments?post=1380"}],"wp:featuredmedia":[{"embeddable":true,"href":"https:\/\/maslbiotech.com\/pt-pt\/wp-json\/wp\/v2\/media\/1381"}],"wp:attachment":[{"href":"https:\/\/maslbiotech.com\/pt-pt\/wp-json\/wp\/v2\/media?parent=1380"}],"wp:term":[{"taxonomy":"product_brand","embeddable":true,"href":"https:\/\/maslbiotech.com\/pt-pt\/wp-json\/wp\/v2\/product_brand?post=1380"},{"taxonomy":"product_cat","embeddable":true,"href":"https:\/\/maslbiotech.com\/pt-pt\/wp-json\/wp\/v2\/product_cat?post=1380"},{"taxonomy":"product_tag","embeddable":true,"href":"https:\/\/maslbiotech.com\/pt-pt\/wp-json\/wp\/v2\/product_tag?post=1380"}],"curies":[{"name":"wp","href":"https:\/\/api.w.org\/{rel}","templated":true}]}}