{"id":1382,"date":"2025-11-04T14:45:08","date_gmt":"2025-11-04T14:45:08","guid":{"rendered":"https:\/\/maslbiotech.com\/product\/fertilizante-especial-para-durian\/"},"modified":"2026-01-27T07:35:06","modified_gmt":"2026-01-27T07:35:06","slug":"fertilizante-especial-para-durian","status":"publish","type":"product","link":"https:\/\/maslbiotech.com\/pt-pt\/produto\/fertilizante-especial-para-durian\/","title":{"rendered":"Fertilizante Especial para Durian"},"content":{"rendered":"<h2 data-path-to-node=\"3\"><b data-path-to-node=\"3\" data-index-in-node=\"0\">Adubo Especial Premium para Durian da MASL Biotech<\/b><\/h2>\n<p data-path-to-node=\"5\">Alcance o padr\u00e3o ouro no cultivo de durian com o Adubo Especial para Durian da MASL Biotech. Especificamente desenvolvido para as necessidades fisiol\u00f3gicas \u00fanicas das \u00e1rvores de durian, nossa f\u00f3rmula bioqu\u00edmica combina nutrientes NPK de alta qualidade com mat\u00e9ria org\u00e2nica e elementos tra\u00e7o essenciais. Seja voc\u00ea respons\u00e1vel por um pomar jovem ou uma planta\u00e7\u00e3o madura, nosso adubo garante crescimento vigoroso, resist\u00eancia a doen\u00e7as e qualidade premium dos frutos.  <\/p>\n<h2><strong><b>Fertilizante Especial para Durian<\/b><\/strong><\/h2>\n<h3><strong><b>Especifica\u00e7\u00e3o T\u00e9cnica:<\/b><\/strong><\/h3>\n<p>Amino\u00e1cidos \u2265100 g\/L, Cu+Fe+Mn+Zn+B+Mo \u226520 g\/L<\/p>\n<table>\n<tbody>\n<tr>\n<td>Ingrediente<\/td>\n<td>Concentra\u00e7\u00e3o<\/td>\n<\/tr>\n<tr>\n<td>Amino\u00e1cidos Livres<\/td>\n<td>100 g\/L<\/td>\n<\/tr>\n<tr>\n<td>Mg<\/td>\n<td>30 g\/L<\/td>\n<\/tr>\n<tr>\n<td>Fe<\/td>\n<td>5 g\/L<\/td>\n<\/tr>\n<tr>\n<td>Mn<\/td>\n<td>2,5 g\/L<\/td>\n<\/tr>\n<tr>\n<td>Cu<\/td>\n<td>2,5 g\/L<\/td>\n<\/tr>\n<tr>\n<td>Zn<\/td>\n<td>10 g\/L<\/td>\n<\/tr>\n<tr>\n<td>Boro sol\u00favel em \u00e1gua<\/td>\n<td>1 g\/L<\/td>\n<\/tr>\n<tr>\n<td>Glutati\u00e3o<\/td>\n<td>0,2 g\/L<\/td>\n<\/tr>\n<tr>\n<td>\u00c1cido Poliglut\u00e2mico (PGA)<\/td>\n<td>0,5 g\/L<\/td>\n<\/tr>\n<\/tbody>\n<\/table>\n<h3><strong><b>Benef\u00edcios:<\/b><\/strong><\/h3>\n<p>Um fertilizante sol\u00favel em \u00e1gua equilibrado para todo o ciclo de crescimento do durian. Utiliza amino\u00e1cidos L-\u03b1 livres altamente ativos como n\u00facleo, cientificamente combinados com micronutrientes e secund\u00e1rios quelatados. A adi\u00e7\u00e3o especial de glutationa elimina eficazmente os radicais livres na \u00e1rvore, aumentando significativamente a resist\u00eancia ao stress. Atua sinergicamente com o \u00e1cido poliglut\u00e2mico para melhorar grandemente a efici\u00eancia da absor\u00e7\u00e3o de nutrientes e promover o desenvolvimento robusto das ra\u00edzes. Promove a s\u00edntese de clorofila, mantendo as folhas espessas e brilhantes, e aumentando a efici\u00eancia fotossint\u00e9tica. O seu fornecimento abrangente e equilibrado de nutrientes promove o desenvolvimento das ra\u00edzes, fortalece o vigor da \u00e1rvore e fornece energia sustentada para a diferencia\u00e7\u00e3o dos bot\u00f5es florais, poliniza\u00e7\u00e3o, fertiliza\u00e7\u00e3o e expans\u00e3o dos frutos. Em \u00faltima an\u00e1lise, promove uma polpa cheia e espessa, uma acumula\u00e7\u00e3o eficiente de a\u00e7\u00facares e compostos arom\u00e1ticos, melhorando significativamente a do\u00e7ura dos frutos e a qualidade do sabor para aumentar o rendimento e a rentabilidade.      <\/p>\n<p><strong><b>Culturas aplic\u00e1veis:<\/b><\/strong> \u00c1rvores de fruto Durian<\/p>\n<h2><strong><b>Instru\u00e7\u00f5es de Aplica\u00e7\u00e3o:<\/b><\/strong><br \/>\n<b><\/b><\/h2>\n<p><strong><b>Pulveriza\u00e7\u00e3o Foliar:<\/b><\/strong> Diluir 800-1000 vezes. Aplicar em intervalos de 7-10 dias durante 2-3 aplica\u00e7\u00f5es consecutivas.<br \/>\n<strong><b>Fertirriga\u00e7\u00e3o\/Irriga\u00e7\u00e3o por Gotejamento:<\/b><\/strong> 15-30 L\/ha<\/p>\n<h3><strong><b>Precau\u00e7\u00f5es:<\/b><\/strong><\/h3>\n<p>1. Evite misturar com fertilizantes e pesticidas fortemente \u00e1cidos ou alcalinos, pois isso pode afetar a efic\u00e1cia do produto. Se pretender misturar com outros produtos, realize primeiro um teste de compatibilidade em pequena escala. <\/p>\n<p>2. Pode ser necess\u00e1ria uma reaplica\u00e7\u00e3o a uma taxa reduzida se ocorrer chuva dentro de 4 horas ap\u00f3s a pulveriza\u00e7\u00e3o.<\/p>\n<h3><strong><b>Armazenamento:<\/b><\/strong><\/h3>\n<p>1. Armazene e transporte na embalagem original. Mantenha selado em local fresco e seco. <\/p>\n<p>2. Armazene separadamente de alimentos, bebidas e ra\u00e7\u00f5es. Mantenha fora do alcance de crian\u00e7as e animais. <\/p>\n<p>Data de Produ\u00e7\u00e3o e N\u00ba do Lote: Ver tampa da garrafa. Prazo de Validade: 36 meses.<\/p>\n<h3 data-path-to-node=\"8\"><b data-path-to-node=\"8\" data-index-in-node=\"0\">Principais Benef\u00edcios e Caracter\u00edsticas<\/b><\/h3>\n<ul data-path-to-node=\"9\">\n<li>\n<p data-path-to-node=\"9,0,0\">Qualidade do Fruto Aprimorada: O alto teor de pot\u00e1ssio (K) garante uma polpa mais cheia, de cor dourada intensa e a caracter\u00edstica do\u00e7ura rica que os consumidores amam.<\/p>\n<\/li>\n<li>\n<p data-path-to-node=\"9,1,0\">Aumento Superior do Rendimento: Especificamente formulado para reduzir a queda prematura de frutos e aumentar o n\u00famero de frutos bem formados por safra.<\/p>\n<\/li>\n<li>\n<p data-path-to-node=\"9,2,0\">Restaura\u00e7\u00e3o da Sa\u00fade do Solo: Infundido com microrganismos ben\u00e9ficos e mat\u00e9ria org\u00e2nica para equilibrar o pH do solo, melhorar a aera\u00e7\u00e3o e promover um ecossistema radicular mais saud\u00e1vel.<\/p>\n<\/li>\n<li>\n<p data-path-to-node=\"9,3,0\">Enriquecimento com Elementos Tra\u00e7o (TE): Cont\u00e9m micronutrientes essenciais, como C\u00e1lcio (Ca), Magn\u00e9sio (Mg), Boro (B) e Zinco (Zn), para prevenir defici\u00eancias comuns que levam a frutos deformados.<\/p>\n<\/li>\n<li>\n<p data-path-to-node=\"9,4,0\">Resist\u00eancia a Doen\u00e7as: Fortalece a imunidade natural da \u00e1rvore contra pragas comuns e pat\u00f3genos do solo, como Phytophthora.<\/p>\n<\/li>\n<\/ul>\n<h2 data-path-to-node=\"11\"><b data-path-to-node=\"11\" data-index-in-node=\"0\">Guia de Aplica\u00e7\u00e3o para Resultados M\u00e1ximos<\/b><\/h2>\n<p data-path-to-node=\"12\">Para obter uma colheita abundante, aplique o adubo de acordo com a fase de crescimento das \u00e1rvores:<\/p>\n<ol start=\"1\" data-path-to-node=\"13\">\n<li>\n<p data-path-to-node=\"13,0,0\">\u00c1rvores Jovens (1\u20133 anos): Aplicar 1,0\u20131,5 kg por \u00e1rvore, dividido em 4 aplica\u00e7\u00f5es anuais. Focar na promo\u00e7\u00e3o do desenvolvimento radicular e na expans\u00e3o da copa. <\/p>\n<\/li>\n<li>\n<p data-path-to-node=\"13,1,0\">Fase Pr\u00e9-Flora\u00e7\u00e3o: Passar para aplica\u00e7\u00f5es mais frequentes para apoiar a forma\u00e7\u00e3o de bot\u00f5es florais.<\/p>\n<\/li>\n<li>\n<p data-path-to-node=\"13,2,0\">Desenvolvimento do Fruto: Aplicar 2 kg por \u00e1rvore 1\u20132 vezes por m\u00eas ap\u00f3s a fixa\u00e7\u00e3o do fruto, para garantir crescimento r\u00e1pido e alto teor de a\u00e7\u00facares.<\/p>\n<\/li>\n<li>\n<p data-path-to-node=\"13,3,0\">Recupera\u00e7\u00e3o P\u00f3s-Colheita: Aplicar uma dose equilibrada para ajudar a \u00e1rvore a se recuperar e se preparar para a pr\u00f3xima safra.<\/p>\n<\/li>\n<\/ol>\n<p data-path-to-node=\"14\">Dica Extra: Sempre aplique o adubo em um anel ao redor da linha de gotejamento (a \u00e1rea sob a circunfer\u00eancia externa da copa da \u00e1rvore).<\/p>\n<figure id=\"attachment_1745\" aria-describedby=\"caption-attachment-1745\" style=\"width: 981px\" class=\"wp-caption alignnone\"><a href=\"https:\/\/maslbiotech.com\/wp-content\/uploads\/2026\/01\/ScreenShot_2026-01-05_201458_624.jpg\"><img fetchpriority=\"high\" decoding=\"async\" class=\" wp-image-1745\" src=\"https:\/\/maslbiotech.com\/wp-content\/uploads\/2026\/01\/ScreenShot_2026-01-05_201458_624-300x210.jpg\" alt=\"Fertilizante Especial para Durian\" width=\"981\" height=\"687\" srcset=\"https:\/\/maslbiotech.com\/wp-content\/uploads\/2026\/01\/ScreenShot_2026-01-05_201458_624-300x210.jpg 300w, https:\/\/maslbiotech.com\/wp-content\/uploads\/2026\/01\/ScreenShot_2026-01-05_201458_624-768x539.jpg 768w, https:\/\/maslbiotech.com\/wp-content\/uploads\/2026\/01\/ScreenShot_2026-01-05_201458_624-600x421.jpg 600w, https:\/\/maslbiotech.com\/wp-content\/uploads\/2026\/01\/ScreenShot_2026-01-05_201458_624-64x45.jpg 64w, https:\/\/maslbiotech.com\/wp-content\/uploads\/2026\/01\/ScreenShot_2026-01-05_201458_624.jpg 925w\" sizes=\"(max-width: 981px) 100vw, 981px\" \/><\/a><figcaption id=\"caption-attachment-1745\" class=\"wp-caption-text\">Fertilizante Especial para Durian<\/figcaption><\/figure>\n<h2 data-path-to-node=\"6\"><b data-path-to-node=\"6\" data-index-in-node=\"0\">Por que escolher o Adubo Especial para Durian da MASL Biotech?<\/b><\/h2>\n<p data-path-to-node=\"7\">Ao contr\u00e1rio dos adubos padr\u00e3o, nossa mistura especial \u00e9 otimizada para as condi\u00e7\u00f5es de solo tropical do Sudeste Asi\u00e1tico. Ela aborda os desafios comuns enfrentados pelos produtores de durian \u2014 como a lixivia\u00e7\u00e3o de nutrientes em solos arenosos e a sensibilidade radicular em solos argilosos \u2014 por meio de um sistema de libera\u00e7\u00e3o equilibrada e gradual de nutrientes. <\/p>\n<h2 data-path-to-node=\"16\"><b data-path-to-node=\"16\" data-index-in-node=\"0\">Perguntas Frequentes (FAQ)<\/b><\/h2>\n<p data-path-to-node=\"17\"><b data-path-to-node=\"17\" data-index-in-node=\"0\">Q: Este adubo \u00e9 adequado para todas as variedades de durian?<\/b><\/p>\n<p data-path-to-node=\"17\">A: Sim. Nossa f\u00f3rmula \u00e9 testada e eficaz para todas as variedades populares, incluindo Musang King (D197), Black Thorn (D200), D24 e Monthong. <\/p>\n<p data-path-to-node=\"18\"><b data-path-to-node=\"18\" data-index-in-node=\"0\">Q: Qual \u00e9 o melhor hor\u00e1rio para aplicar o adubo?<\/b><\/p>\n<p data-path-to-node=\"18\">A: Para aplica\u00e7\u00e3o granulada, o in\u00edcio da manh\u00e3 ou final da tarde \u00e9 ideal. Se aplicar como pulveriza\u00e7\u00e3o foliar, evite o sol do meio-dia para evitar queimaduras nas folhas; muitos produtores obt\u00eam \u00f3timos resultados pulverizando ap\u00f3s as 18h. <\/p>\n<p data-path-to-node=\"19\"><b data-path-to-node=\"19\" data-index-in-node=\"0\">Q: Como isso ajuda na acidez do solo?<\/b><\/p>\n<p data-path-to-node=\"19\">A: Nosso adubo cont\u00e9m agentes tamp\u00e3o org\u00e2nicos que ajudam a estabilizar o pH do solo entre 5,5 e 6,5, que \u00e9 a faixa ideal para a absor\u00e7\u00e3o de nutrientes pelo durian.<\/p>\n<p data-path-to-node=\"20\"><b data-path-to-node=\"20\" data-index-in-node=\"0\">Q: Cont\u00e9m cloreto?<\/b><\/p>\n<p data-path-to-node=\"20\">A: Nossa mistura especial utiliza Sulfato de Pot\u00e1ssio (SOP) em vez do mais barato Cloreto de Pot\u00e1ssio (MOP), pois as \u00e1rvores de durian s\u00e3o altamente sens\u00edveis ao cloreto, o que pode afetar a textura e o sabor do fruto.<\/p>\n<h2 class=\"entry-title\"><a href=\"https:\/\/maslbiotech.com\/pt-pt\/como-escolher-o-fertilizante-correto-para-todo-o-ciclo-de-crescimento-das-arvores-de-duriao\/\">Como Escolher o Adubo Correto para Todo o Ciclo de Crescimento das \u00c1rvores de Durian?<br \/><\/a><\/h2>\n","protected":false},"excerpt":{"rendered":"<ul>\n<li>Amino\u00e1cidos Livres: 100g\/L<\/li>\n<li>Mg: 30 g\/L<\/li>\n<li>Fe: 5 g\/L<\/li>\n<li>Mn: 2,5 g\/L<\/li>\n<li>Cu: 2,5 g\/L<\/li>\n<li>Zn: 10 g\/L<\/li>\n<li>Boro sol\u00favel em \u00e1gua: 1 g\/L<\/li>\n<li>Glutationa: 0,2 g\/L<\/li>\n<li>\u00c1cido Poliglut\u00e2mico (PGA): 0,5 g\/L<\/li>\n<\/ul>\n","protected":false},"featured_media":1383,"comment_status":"open","ping_status":"closed","template":"","meta":{"_acf_changed":false,"site-sidebar-layout":"default","site-content-layout":"","ast-site-content-layout":"default","site-content-style":"default","site-sidebar-style":"default","ast-global-header-display":"","ast-banner-title-visibility":"","ast-main-header-display":"","ast-hfb-above-header-display":"","ast-hfb-below-header-display":"","ast-hfb-mobile-header-display":"","site-post-title":"","ast-breadcrumbs-content":"","ast-featured-img":"","footer-sml-layout":"","ast-disable-related-posts":"","theme-transparent-header-meta":"default","adv-header-id-meta":"","stick-header-meta":"","header-above-stick-meta":"","header-main-stick-meta":"","header-below-stick-meta":"","astra-migrate-meta-layouts":"default","ast-page-background-enabled":"default","ast-page-background-meta":{"desktop":{"background-color":"var(--ast-global-color-5)","background-image":"","background-repeat":"repeat","background-position":"center center","background-size":"auto","background-attachment":"scroll","background-type":"","background-media":"","overlay-type":"","overlay-color":"","overlay-opacity":"","overlay-gradient":""},"tablet":{"background-color":"","background-image":"","background-repeat":"repeat","background-position":"center center","background-size":"auto","background-attachment":"scroll","background-type":"","background-media":"","overlay-type":"","overlay-color":"","overlay-opacity":"","overlay-gradient":""},"mobile":{"background-color":"","background-image":"","background-repeat":"repeat","background-position":"center center","background-size":"auto","background-attachment":"scroll","background-type":"","background-media":"","overlay-type":"","overlay-color":"","overlay-opacity":"","overlay-gradient":""}},"ast-content-background-meta":{"desktop":{"background-color":"var(--ast-global-color-4)","background-image":"","background-repeat":"repeat","background-position":"center center","background-size":"auto","background-attachment":"scroll","background-type":"","background-media":"","overlay-type":"","overlay-color":"","overlay-opacity":"","overlay-gradient":""},"tablet":{"background-color":"var(--ast-global-color-4)","background-image":"","background-repeat":"repeat","background-position":"center center","background-size":"auto","background-attachment":"scroll","background-type":"","background-media":"","overlay-type":"","overlay-color":"","overlay-opacity":"","overlay-gradient":""},"mobile":{"background-color":"var(--ast-global-color-4)","background-image":"","background-repeat":"repeat","background-position":"center center","background-size":"auto","background-attachment":"scroll","background-type":"","background-media":"","overlay-type":"","overlay-color":"","overlay-opacity":"","overlay-gradient":""}}},"product_brand":[],"product_cat":[176],"product_tag":[243],"class_list":{"0":"post-1382","1":"product","2":"type-product","3":"status-publish","4":"has-post-thumbnail","6":"product_cat-cultura-de-pomar","7":"product_tag-fertilizante-especial-para-durian","8":"desktop-align-left","9":"tablet-align-left","10":"mobile-align-left","12":"first","13":"instock","14":"taxable","15":"shipping-taxable","16":"product-type-simple"},"acf":[],"_links":{"self":[{"href":"https:\/\/maslbiotech.com\/pt-pt\/wp-json\/wp\/v2\/product\/1382","targetHints":{"allow":["GET"]}}],"collection":[{"href":"https:\/\/maslbiotech.com\/pt-pt\/wp-json\/wp\/v2\/product"}],"about":[{"href":"https:\/\/maslbiotech.com\/pt-pt\/wp-json\/wp\/v2\/types\/product"}],"replies":[{"embeddable":true,"href":"https:\/\/maslbiotech.com\/pt-pt\/wp-json\/wp\/v2\/comments?post=1382"}],"wp:featuredmedia":[{"embeddable":true,"href":"https:\/\/maslbiotech.com\/pt-pt\/wp-json\/wp\/v2\/media\/1383"}],"wp:attachment":[{"href":"https:\/\/maslbiotech.com\/pt-pt\/wp-json\/wp\/v2\/media?parent=1382"}],"wp:term":[{"taxonomy":"product_brand","embeddable":true,"href":"https:\/\/maslbiotech.com\/pt-pt\/wp-json\/wp\/v2\/product_brand?post=1382"},{"taxonomy":"product_cat","embeddable":true,"href":"https:\/\/maslbiotech.com\/pt-pt\/wp-json\/wp\/v2\/product_cat?post=1382"},{"taxonomy":"product_tag","embeddable":true,"href":"https:\/\/maslbiotech.com\/pt-pt\/wp-json\/wp\/v2\/product_tag?post=1382"}],"curies":[{"name":"wp","href":"https:\/\/api.w.org\/{rel}","templated":true}]}}