{"id":1388,"date":"2025-11-07T13:46:21","date_gmt":"2025-11-07T13:46:21","guid":{"rendered":"https:\/\/maslbiotech.com\/product\/fertilizante-especial-para-melhorar-o-doce-de-legumes-e-frutas\/"},"modified":"2026-01-27T06:53:38","modified_gmt":"2026-01-27T06:53:38","slug":"fertilizante-especial-para-melhorar-o-doce-de-legumes-e-frutas","status":"publish","type":"product","link":"https:\/\/maslbiotech.com\/pt-pt\/produto\/fertilizante-especial-para-melhorar-o-doce-de-legumes-e-frutas\/","title":{"rendered":"Fertilizante Especial para Melhorar o Doce de Legumes e Frutas"},"content":{"rendered":"<h2><strong><b>VegMax Sugar &#8211; <\/b><\/strong><strong>Melhorador de Do\u00e7ura de Legumes e Frutas<\/strong><strong> <\/strong><strong>Fertilizante Especial<\/strong><\/h2>\n<h3><strong><b>Especifica\u00e7\u00e3o T\u00e9cnica:<\/b><\/strong><\/h3>\n<p>Ca+Mg \u2265100 g\/L<\/p>\n<table>\n<tbody>\n<tr>\n<td>Ingrediente<\/td>\n<td>Concentra\u00e7\u00e3o<\/td>\n<\/tr>\n<tr>\n<td>Ca<\/td>\n<td>97 g\/L<\/td>\n<\/tr>\n<tr>\n<td>Mg<\/td>\n<td>12 g\/L<\/td>\n<\/tr>\n<tr>\n<td>Zn<\/td>\n<td>0,5 g\/L<\/td>\n<\/tr>\n<tr>\n<td>Boro<\/td>\n<td>1,5 g\/L<\/td>\n<\/tr>\n<tr>\n<td>Mo<\/td>\n<td>0,3 g\/L<\/td>\n<\/tr>\n<tr>\n<td>Alde\u00eddo Polihidrox\u00edlico<\/td>\n<td>219 g\/L<\/td>\n<\/tr>\n<\/tbody>\n<\/table>\n<p><strong><b>Benef\u00edcios:<\/b><\/strong><br \/>\nEspecificamente desenvolvido para aumentar a do\u00e7ura e melhorar a qualidade em culturas de legumes e frutas. Ativa a atividade enzim\u00e1tica relacionada com a s\u00edntese de pigmentos, promovendo uma colora\u00e7\u00e3o uniforme da fruta e uma cor brilhante, encurtando o ciclo de mudan\u00e7a de cor para facilitar a disponibilidade mais cedo no mercado. Por outro lado, promove a acumula\u00e7\u00e3o eficiente de a\u00e7\u00facar, aumentando significativamente o teor de a\u00e7\u00facar da fruta, resultando num sabor mais doce. O elemento central, o c\u00e1lcio, chega a partes importantes da fruta e da planta, complementando eficazmente o c\u00e1lcio, prevenindo e melhorando as perturba\u00e7\u00f5es fisiol\u00f3gicas comuns da defici\u00eancia de c\u00e1lcio durante a mudan\u00e7a de cor (por exemplo, rachaduras na fruta, podrid\u00e3o apical, bitter pit), ao mesmo tempo que fortalece a resist\u00eancia da pele da fruta e a estrutura da parede celular da planta. Combinado com os efeitos sin\u00e9rgicos do magn\u00e9sio, zinco, boro e molibd\u00e9nio, mant\u00e9m a efici\u00eancia fotossint\u00e9tica, garante a convers\u00e3o de nutrientes e apoia a mudan\u00e7a de cor e a forma\u00e7\u00e3o da qualidade. V\u00e1rios componentes trabalham em conjunto para aumentar a resist\u00eancia ao stress dos legumes e frutas, lidando eficazmente com potenciais amea\u00e7as durante a mudan\u00e7a de cor, como o stress por baixa temperatura, danos mec\u00e2nicos e pragas\/doen\u00e7as, reduzindo os riscos de crescimento. Em \u00faltima an\u00e1lise, consegue uma colora\u00e7\u00e3o uniforme, um aumento da do\u00e7ura e um maior rendimento e rentabilidade para os legumes e frutas.      <\/p>\n<p><strong><b>Culturas Aplic\u00e1veis:<\/b><\/strong> Legumes de fruto e hortali\u00e7as de folha<\/p>\n<p><strong><b>Instru\u00e7\u00f5es de Aplica\u00e7\u00e3o:<\/b><\/strong><br \/>\n<strong><b>Pulveriza\u00e7\u00e3o Foliar:<\/b><\/strong> Diluir 800-1000 vezes. Aplicar em intervalos de 7-10 dias durante 2-3 aplica\u00e7\u00f5es consecutivas.<br \/>\n<strong><b>Fertirriga\u00e7\u00e3o\/Irriga\u00e7\u00e3o por Gotejamento:<\/b><\/strong> 15-30 L\/ha<\/p>\n<p><strong><b>Precau\u00e7\u00f5es:<\/b><\/strong><\/p>\n<p>1. Evite misturar com fertilizantes e pesticidas fortemente \u00e1cidos ou alcalinos, pois isso pode afetar a efic\u00e1cia do produto. Se pretender misturar com outros produtos, realize primeiro um teste de compatibilidade em pequena escala. <\/p>\n<p>2. Pode ser necess\u00e1ria uma reaplica\u00e7\u00e3o a uma taxa reduzida se ocorrer chuva dentro de 4 horas ap\u00f3s a pulveriza\u00e7\u00e3o.<\/p>\n<p><strong><b>Armazenamento:<\/b><\/strong><\/p>\n<p>1. Armazene e transporte na embalagem original. Mantenha selado em local fresco e seco. <\/p>\n<p>2. Armazene separadamente de alimentos, bebidas e ra\u00e7\u00f5es. Mantenha fora do alcance de crian\u00e7as e animais. <\/p>\n<p>Data de Produ\u00e7\u00e3o e N\u00ba do Lote: Ver tampa da garrafa. Prazo de Validade: 36 meses.<\/p>\n","protected":false},"excerpt":{"rendered":"<ul>\n<li>Ca: 97 g\/L<\/li>\n<li>Mg: 12 g\/L<\/li>\n<li>Zn: 0,5 g\/L<\/li>\n<li>Boro: 1,5 g\/L<\/li>\n<li>Mo: 0,3 g\/L<\/li>\n<li>Alde\u00eddo Polihidrox\u00edlico: 219 g\/L<\/li>\n<\/ul>\n","protected":false},"featured_media":1389,"comment_status":"open","ping_status":"closed","template":"","meta":{"_acf_changed":false,"site-sidebar-layout":"default","site-content-layout":"","ast-site-content-layout":"default","site-content-style":"default","site-sidebar-style":"default","ast-global-header-display":"","ast-banner-title-visibility":"","ast-main-header-display":"","ast-hfb-above-header-display":"","ast-hfb-below-header-display":"","ast-hfb-mobile-header-display":"","site-post-title":"","ast-breadcrumbs-content":"","ast-featured-img":"","footer-sml-layout":"","ast-disable-related-posts":"","theme-transparent-header-meta":"default","adv-header-id-meta":"","stick-header-meta":"","header-above-stick-meta":"","header-main-stick-meta":"","header-below-stick-meta":"","astra-migrate-meta-layouts":"default","ast-page-background-enabled":"default","ast-page-background-meta":{"desktop":{"background-color":"var(--ast-global-color-5)","background-image":"","background-repeat":"repeat","background-position":"center center","background-size":"auto","background-attachment":"scroll","background-type":"","background-media":"","overlay-type":"","overlay-color":"","overlay-opacity":"","overlay-gradient":""},"tablet":{"background-color":"","background-image":"","background-repeat":"repeat","background-position":"center center","background-size":"auto","background-attachment":"scroll","background-type":"","background-media":"","overlay-type":"","overlay-color":"","overlay-opacity":"","overlay-gradient":""},"mobile":{"background-color":"","background-image":"","background-repeat":"repeat","background-position":"center center","background-size":"auto","background-attachment":"scroll","background-type":"","background-media":"","overlay-type":"","overlay-color":"","overlay-opacity":"","overlay-gradient":""}},"ast-content-background-meta":{"desktop":{"background-color":"var(--ast-global-color-4)","background-image":"","background-repeat":"repeat","background-position":"center center","background-size":"auto","background-attachment":"scroll","background-type":"","background-media":"","overlay-type":"","overlay-color":"","overlay-opacity":"","overlay-gradient":""},"tablet":{"background-color":"var(--ast-global-color-4)","background-image":"","background-repeat":"repeat","background-position":"center center","background-size":"auto","background-attachment":"scroll","background-type":"","background-media":"","overlay-type":"","overlay-color":"","overlay-opacity":"","overlay-gradient":""},"mobile":{"background-color":"var(--ast-global-color-4)","background-image":"","background-repeat":"repeat","background-position":"center center","background-size":"auto","background-attachment":"scroll","background-type":"","background-media":"","overlay-type":"","overlay-color":"","overlay-opacity":"","overlay-gradient":""}}},"product_brand":[],"product_cat":[178],"product_tag":[],"class_list":{"0":"post-1388","1":"product","2":"type-product","3":"status-publish","4":"has-post-thumbnail","6":"product_cat-cultura-de-vegetais-e-frutas","7":"desktop-align-left","8":"tablet-align-left","9":"mobile-align-left","11":"first","12":"instock","13":"taxable","14":"shipping-taxable","15":"product-type-simple"},"acf":[],"_links":{"self":[{"href":"https:\/\/maslbiotech.com\/pt-pt\/wp-json\/wp\/v2\/product\/1388","targetHints":{"allow":["GET"]}}],"collection":[{"href":"https:\/\/maslbiotech.com\/pt-pt\/wp-json\/wp\/v2\/product"}],"about":[{"href":"https:\/\/maslbiotech.com\/pt-pt\/wp-json\/wp\/v2\/types\/product"}],"replies":[{"embeddable":true,"href":"https:\/\/maslbiotech.com\/pt-pt\/wp-json\/wp\/v2\/comments?post=1388"}],"wp:featuredmedia":[{"embeddable":true,"href":"https:\/\/maslbiotech.com\/pt-pt\/wp-json\/wp\/v2\/media\/1389"}],"wp:attachment":[{"href":"https:\/\/maslbiotech.com\/pt-pt\/wp-json\/wp\/v2\/media?parent=1388"}],"wp:term":[{"taxonomy":"product_brand","embeddable":true,"href":"https:\/\/maslbiotech.com\/pt-pt\/wp-json\/wp\/v2\/product_brand?post=1388"},{"taxonomy":"product_cat","embeddable":true,"href":"https:\/\/maslbiotech.com\/pt-pt\/wp-json\/wp\/v2\/product_cat?post=1388"},{"taxonomy":"product_tag","embeddable":true,"href":"https:\/\/maslbiotech.com\/pt-pt\/wp-json\/wp\/v2\/product_tag?post=1388"}],"curies":[{"name":"wp","href":"https:\/\/api.w.org\/{rel}","templated":true}]}}