{"id":1396,"date":"2026-04-11T13:31:23","date_gmt":"2026-04-11T13:31:23","guid":{"rendered":"https:\/\/maslbiotech.com\/product\/fertilizante-especial-para-conjunto-de-flores-legumes-e-frutas\/"},"modified":"2026-01-27T06:56:05","modified_gmt":"2026-01-27T06:56:05","slug":"fertilizante-especial-para-conjunto-de-flores-legumes-e-frutas","status":"publish","type":"product","link":"https:\/\/maslbiotech.com\/pt-pt\/produto\/fertilizante-especial-para-conjunto-de-flores-legumes-e-frutas\/","title":{"rendered":"Fertilizante Especial para Conjunto de Flores, Legumes e Frutas"},"content":{"rendered":"<h2><strong>VegMax Fruit &#8211; <\/strong><strong>Fertilizante Especial para Conjunto de Flores, Legumes e Frutas<\/strong> <strong><\/strong><\/h2>\n<p><strong><b>Especifica\u00e7\u00e3o T\u00e9cnica:<\/b><\/strong><\/p>\n<p>Amino\u00e1cidos \u2265100 g\/L, Cu+Fe+Mn+Zn+B+Mo \u226520 g\/L<\/p>\n<table>\n<tbody>\n<tr>\n<td>Ingrediente<\/td>\n<td>Concentra\u00e7\u00e3o<\/td>\n<\/tr>\n<tr>\n<td>Amino\u00e1cidos Livres<\/td>\n<td>100 g\/L<\/td>\n<\/tr>\n<tr>\n<td>Mg<\/td>\n<td>20 g\/L<\/td>\n<\/tr>\n<tr>\n<td>Fe<\/td>\n<td>2,5 g\/L<\/td>\n<\/tr>\n<tr>\n<td>Mn<\/td>\n<td>10 g\/L<\/td>\n<\/tr>\n<tr>\n<td>Cu<\/td>\n<td>1 g\/L<\/td>\n<\/tr>\n<tr>\n<td>Zn<\/td>\n<td>10 g\/L<\/td>\n<\/tr>\n<tr>\n<td>Boro sol\u00favel em \u00e1gua<\/td>\n<td>5 g\/L<\/td>\n<\/tr>\n<tr>\n<td>Polipept\u00eddeos<\/td>\n<td>1 g\/L<\/td>\n<\/tr>\n<\/tbody>\n<\/table>\n<p><strong><b>Benef\u00edcios:<\/b><\/strong><br \/>\nUm fertilizante hidrossol\u00favel altamente ativo, desenvolvido especificamente para o per\u00edodo de flora\u00e7\u00e3o e fixa\u00e7\u00e3o de frutos em culturas de legumes e frutas. Utiliza amino\u00e1cidos L-\u03b1 livres altamente ativos como o principal transportador, sinergizados com Magn\u00e9sio, Ferro, Mangan\u00eas, Cobre, Zinco, Boro quelatados e a ess\u00eancia ativa de Polipept\u00eddeos, correspondendo precisamente \u00e0s necessidades essenciais da diferencia\u00e7\u00e3o da flora\u00e7\u00e3o e do desenvolvimento de frutos jovens. Ativa fortemente o metabolismo energ\u00e9tico dos bot\u00f5es florais e o vigor da germina\u00e7\u00e3o do p\u00f3len atrav\u00e9s de amino\u00e1cidos, impulsionando uma flora\u00e7\u00e3o uniforme e uma alta taxa de fixa\u00e7\u00e3o de frutos. O Zinco e o Boro quelatados visam e otimizam a extens\u00e3o do tubo pol\u00ednico e o desenvolvimento do ov\u00e1rio, garantindo a forma\u00e7\u00e3o uniforme e a fixa\u00e7\u00e3o firme de frutos jovens. O Ferro e o Mangan\u00eas aumentam simultaneamente a efici\u00eancia fotossint\u00e9tica das folhas e a atividade do sistema enzim\u00e1tico, promovendo o transporte e a acumula\u00e7\u00e3o eficientes de assimilados para os frutos. Os polipept\u00eddeos melhoram profundamente a capacidade de osmorregula\u00e7\u00e3o celular, aliviando significativamente o stress causado por altas temperaturas, seca, queda de flores\/frutos e dist\u00farbios fisiol\u00f3gicos, mantendo um potencial de crescimento saud\u00e1vel e sustentado para flores e frutos. Em \u00faltima an\u00e1lise, estabelece as bases para uma forma de fruto rechonchuda, cor brilhante e aumento est\u00e1vel do rendimento para alta qualidade e rendimento, proporcionando uma garantia essencial para uma colheita abundante.      <\/p>\n<p><strong><b> <\/b><\/strong><strong><b>Culturas Aplic\u00e1veis:<\/b><\/strong> Legumes de fruto e hortali\u00e7as de folha<\/p>\n<p><strong><b>Instru\u00e7\u00f5es de Aplica\u00e7\u00e3o:<\/b><\/strong><br \/>\n<strong><b>Pulveriza\u00e7\u00e3o Foliar:<\/b><\/strong> Diluir 800-1000 vezes. Aplicar em intervalos de 7-10 dias durante 2-3 aplica\u00e7\u00f5es consecutivas.<br \/>\n<strong><b>Fertirriga\u00e7\u00e3o\/Irriga\u00e7\u00e3o por Gotejamento:<\/b><\/strong> 15-30 L\/ha<\/p>\n<p><strong><b>Precau\u00e7\u00f5es:<\/b><\/strong><\/p>\n<p>1. Evite misturar com fertilizantes e pesticidas fortemente \u00e1cidos ou alcalinos, pois isso pode afetar a efic\u00e1cia do produto. Se pretender misturar com outros produtos, realize primeiro um teste de compatibilidade em pequena escala. <\/p>\n<p>2. Pode ser necess\u00e1ria uma reaplica\u00e7\u00e3o a uma taxa reduzida se ocorrer chuva dentro de 4 horas ap\u00f3s a pulveriza\u00e7\u00e3o.<\/p>\n<p><strong><b>Armazenamento:<\/b><\/strong><\/p>\n<p>1. Armazene e transporte na embalagem original. Mantenha selado em local fresco e seco. <\/p>\n<p>2. Armazene separadamente de alimentos, bebidas e ra\u00e7\u00f5es. Mantenha fora do alcance de crian\u00e7as e animais. <\/p>\n<p>Data de Produ\u00e7\u00e3o e N\u00ba do Lote: Ver tampa da garrafa. Prazo de Validade: 36 meses.<\/p>\n","protected":false},"excerpt":{"rendered":"<ul>\n<li>Amino\u00e1cidos Livres: 100g\/L<\/li>\n<li>Mg: 20 g\/L<\/li>\n<li>Fe: 2,5 g\/L<\/li>\n<li>Mn: 10 g\/L<\/li>\n<li>Cu: 1 g\/L<\/li>\n<li>Zn: 10 g\/L<\/li>\n<li>Boro sol\u00favel em \u00e1gua: 5 g\/L<\/li>\n<li>Polipept\u00eddeos: 1 g\/L<\/li>\n<\/ul>\n","protected":false},"featured_media":1398,"comment_status":"open","ping_status":"closed","template":"","meta":{"_acf_changed":false,"site-sidebar-layout":"default","site-content-layout":"","ast-site-content-layout":"default","site-content-style":"default","site-sidebar-style":"default","ast-global-header-display":"","ast-banner-title-visibility":"","ast-main-header-display":"","ast-hfb-above-header-display":"","ast-hfb-below-header-display":"","ast-hfb-mobile-header-display":"","site-post-title":"","ast-breadcrumbs-content":"","ast-featured-img":"","footer-sml-layout":"","ast-disable-related-posts":"","theme-transparent-header-meta":"default","adv-header-id-meta":"","stick-header-meta":"","header-above-stick-meta":"","header-main-stick-meta":"","header-below-stick-meta":"","astra-migrate-meta-layouts":"default","ast-page-background-enabled":"default","ast-page-background-meta":{"desktop":{"background-color":"var(--ast-global-color-5)","background-image":"","background-repeat":"repeat","background-position":"center center","background-size":"auto","background-attachment":"scroll","background-type":"","background-media":"","overlay-type":"","overlay-color":"","overlay-opacity":"","overlay-gradient":""},"tablet":{"background-color":"","background-image":"","background-repeat":"repeat","background-position":"center center","background-size":"auto","background-attachment":"scroll","background-type":"","background-media":"","overlay-type":"","overlay-color":"","overlay-opacity":"","overlay-gradient":""},"mobile":{"background-color":"","background-image":"","background-repeat":"repeat","background-position":"center center","background-size":"auto","background-attachment":"scroll","background-type":"","background-media":"","overlay-type":"","overlay-color":"","overlay-opacity":"","overlay-gradient":""}},"ast-content-background-meta":{"desktop":{"background-color":"var(--ast-global-color-4)","background-image":"","background-repeat":"repeat","background-position":"center center","background-size":"auto","background-attachment":"scroll","background-type":"","background-media":"","overlay-type":"","overlay-color":"","overlay-opacity":"","overlay-gradient":""},"tablet":{"background-color":"var(--ast-global-color-4)","background-image":"","background-repeat":"repeat","background-position":"center center","background-size":"auto","background-attachment":"scroll","background-type":"","background-media":"","overlay-type":"","overlay-color":"","overlay-opacity":"","overlay-gradient":""},"mobile":{"background-color":"var(--ast-global-color-4)","background-image":"","background-repeat":"repeat","background-position":"center center","background-size":"auto","background-attachment":"scroll","background-type":"","background-media":"","overlay-type":"","overlay-color":"","overlay-opacity":"","overlay-gradient":""}}},"product_brand":[],"product_cat":[178],"product_tag":[],"class_list":{"0":"post-1396","1":"product","2":"type-product","3":"status-publish","4":"has-post-thumbnail","6":"product_cat-cultura-de-vegetais-e-frutas","7":"desktop-align-left","8":"tablet-align-left","9":"mobile-align-left","11":"first","12":"instock","13":"taxable","14":"shipping-taxable","15":"product-type-simple"},"acf":[],"_links":{"self":[{"href":"https:\/\/maslbiotech.com\/pt-pt\/wp-json\/wp\/v2\/product\/1396","targetHints":{"allow":["GET"]}}],"collection":[{"href":"https:\/\/maslbiotech.com\/pt-pt\/wp-json\/wp\/v2\/product"}],"about":[{"href":"https:\/\/maslbiotech.com\/pt-pt\/wp-json\/wp\/v2\/types\/product"}],"replies":[{"embeddable":true,"href":"https:\/\/maslbiotech.com\/pt-pt\/wp-json\/wp\/v2\/comments?post=1396"}],"wp:featuredmedia":[{"embeddable":true,"href":"https:\/\/maslbiotech.com\/pt-pt\/wp-json\/wp\/v2\/media\/1398"}],"wp:attachment":[{"href":"https:\/\/maslbiotech.com\/pt-pt\/wp-json\/wp\/v2\/media?parent=1396"}],"wp:term":[{"taxonomy":"product_brand","embeddable":true,"href":"https:\/\/maslbiotech.com\/pt-pt\/wp-json\/wp\/v2\/product_brand?post=1396"},{"taxonomy":"product_cat","embeddable":true,"href":"https:\/\/maslbiotech.com\/pt-pt\/wp-json\/wp\/v2\/product_cat?post=1396"},{"taxonomy":"product_tag","embeddable":true,"href":"https:\/\/maslbiotech.com\/pt-pt\/wp-json\/wp\/v2\/product_tag?post=1396"}],"curies":[{"name":"wp","href":"https:\/\/api.w.org\/{rel}","templated":true}]}}