{"id":1417,"date":"2025-11-07T14:00:29","date_gmt":"2025-11-07T14:00:29","guid":{"rendered":"https:\/\/maslbiotech.com\/product\/tomate-fertilizante-especializado-para-floracao-e-frutificacao\/"},"modified":"2026-01-27T06:50:54","modified_gmt":"2026-01-27T06:50:54","slug":"tomate-fertilizante-especializado-para-floracao-e-frutificacao","status":"publish","type":"product","link":"https:\/\/maslbiotech.com\/pt-pt\/produto\/tomate-fertilizante-especializado-para-floracao-e-frutificacao\/","title":{"rendered":"Tomate &#8211; Fertilizante Especializado para Flora\u00e7\u00e3o e Frutifica\u00e7\u00e3o"},"content":{"rendered":"<h2><strong><b>Tomato-Bloom &#8211; <\/b><\/strong><strong>Tomate &#8211; Flora\u00e7\u00e3o e Frutifica\u00e7\u00e3o<\/strong><strong> <\/strong><strong>Fertilizante Especializado<\/strong><\/h2>\n<p><strong><b>Especifica\u00e7\u00e3o T\u00e9cnica:<\/b><\/strong><\/p>\n<p>Amino\u00e1cidos \u2265100 g\/L, Cu+Fe+Mn+Zn+B+Mo \u226520 g\/L<\/p>\n<table>\n<tbody>\n<tr>\n<td>Ingrediente<\/td>\n<td>Concentra\u00e7\u00e3o<\/td>\n<\/tr>\n<tr>\n<td>Amino\u00e1cidos Livres<\/td>\n<td>100 g\/L<\/td>\n<\/tr>\n<tr>\n<td>Mg<\/td>\n<td>20 g\/L<\/td>\n<\/tr>\n<tr>\n<td>Fe<\/td>\n<td>2,5 g\/L<\/td>\n<\/tr>\n<tr>\n<td>Mn<\/td>\n<td>10 g\/L<\/td>\n<\/tr>\n<tr>\n<td>Cu<\/td>\n<td>1 g\/L<\/td>\n<\/tr>\n<tr>\n<td>Zn<\/td>\n<td>10 g\/L<\/td>\n<\/tr>\n<tr>\n<td>Boro sol\u00favel em \u00e1gua<\/td>\n<td>5 g\/L<\/td>\n<\/tr>\n<tr>\n<td>\u00c1lcoois de A\u00e7\u00facar<\/td>\n<td>10 g\/L<\/td>\n<\/tr>\n<tr>\n<td>Vitamina B5<\/td>\n<td>0,5 g\/L<\/td>\n<\/tr>\n<\/tbody>\n<\/table>\n<p><strong><b>Benef\u00edcios:<\/b><\/strong><br \/>\nUm fertilizante hidrossol\u00favel altamente eficiente, especialmente formulado para promover a flora\u00e7\u00e3o e a frutifica\u00e7\u00e3o em tomates. Seleciona mat\u00e9rias-primas de alta qualidade para uma composi\u00e7\u00e3o cient\u00edfica, utilizando amino\u00e1cidos L-\u03b1 livres altamente ativos e oligoelementos como n\u00facleo, combinados com a a\u00e7\u00e3o de transporte eficiente dos \u00e1lcoois de a\u00e7\u00facar, permitindo que os nutrientes sejam rapidamente absorvidos e utilizados pelas plantas. Ajuda as plantas a acelerar o processo de forma\u00e7\u00e3o e desenvolvimento da fase de flora\u00e7\u00e3o, cultivando bot\u00f5es florais cheios e de alta qualidade, promovendo eficazmente o alongamento do tubo pol\u00ednico e a germina\u00e7\u00e3o do p\u00f3len, equilibrando a propor\u00e7\u00e3o de flores masculinas\/femininas, fornecendo ampla energia para o crescimento reprodutivo. Tamb\u00e9m pode aumentar significativamente a taxa de frutifica\u00e7\u00e3o da cultura, reduzir a queda de flores e frutos e promover o crescimento saud\u00e1vel dos frutos e a sua expans\u00e3o suave. Al\u00e9m disso, a vitamina B5 aumenta a resist\u00eancia ao stress das flores e dos frutos jovens do tomate, resistindo a stresses como a baixa temperatura e os agentes patog\u00e9nicos, consolidando ainda mais o efeito de frutifica\u00e7\u00e3o, lan\u00e7ando uma base s\u00f3lida para a produ\u00e7\u00e3o de alta qualidade e rendimento da cultura.    <\/p>\n<p><strong><b>Culturas aplic\u00e1veis:<\/b><\/strong> Tomate, Legumes de fruto<\/p>\n<p><strong><b>Instru\u00e7\u00f5es de Aplica\u00e7\u00e3o:<\/b><\/strong><br \/>\n<strong><b>Pulveriza\u00e7\u00e3o Foliar:<\/b><\/strong> Diluir 800-1000 vezes. Aplicar em intervalos de 7-10 dias durante 2-3 aplica\u00e7\u00f5es consecutivas.<br \/>\n<strong><b>Fertirriga\u00e7\u00e3o\/Irriga\u00e7\u00e3o por Gotejamento:<\/b><\/strong> 15-30 L\/ha<\/p>\n<p><strong><b>Precau\u00e7\u00f5es:<\/b><\/strong><\/p>\n<p>1. Evite misturar com fertilizantes e pesticidas fortemente \u00e1cidos ou alcalinos, pois isso pode afetar a efic\u00e1cia do produto. Se pretender misturar com outros produtos, realize primeiro um teste de compatibilidade em pequena escala. <\/p>\n<p>2. Pode ser necess\u00e1ria uma reaplica\u00e7\u00e3o a uma taxa reduzida se ocorrer chuva dentro de 4 horas ap\u00f3s a pulveriza\u00e7\u00e3o.<\/p>\n<p><strong><b>Armazenamento:<\/b><\/strong><\/p>\n<p>1. Armazene e transporte na embalagem original. Mantenha selado em local fresco e seco. <\/p>\n<p>2. Armazene separadamente de alimentos, bebidas e ra\u00e7\u00f5es. Mantenha fora do alcance de crian\u00e7as e animais. <\/p>\n<p>Data de Produ\u00e7\u00e3o e N\u00ba do Lote: Ver tampa da garrafa. Prazo de Validade: 36 meses.<\/p>\n","protected":false},"excerpt":{"rendered":"<ul>\n<li>Amino\u00e1cidos Livres: 100g\/L<\/li>\n<li>Mg: 20 g\/L<\/li>\n<li>Fe: 2,5 g\/L<\/li>\n<li>Mn: 10 g\/L<\/li>\n<li>Cu: 1 g\/L<\/li>\n<li>Zn: 10 g\/L<\/li>\n<li>Boro sol\u00favel em \u00e1gua: 5 g\/L<\/li>\n<li>\u00c1lcoois de A\u00e7\u00facar: 10 g\/L<\/li>\n<li>Vitamina B5: 0,5 g\/L<\/li>\n<\/ul>\n","protected":false},"featured_media":1419,"comment_status":"open","ping_status":"closed","template":"","meta":{"_acf_changed":false,"site-sidebar-layout":"default","site-content-layout":"","ast-site-content-layout":"default","site-content-style":"default","site-sidebar-style":"default","ast-global-header-display":"","ast-banner-title-visibility":"","ast-main-header-display":"","ast-hfb-above-header-display":"","ast-hfb-below-header-display":"","ast-hfb-mobile-header-display":"","site-post-title":"","ast-breadcrumbs-content":"","ast-featured-img":"","footer-sml-layout":"","ast-disable-related-posts":"","theme-transparent-header-meta":"default","adv-header-id-meta":"","stick-header-meta":"","header-above-stick-meta":"","header-main-stick-meta":"","header-below-stick-meta":"","astra-migrate-meta-layouts":"default","ast-page-background-enabled":"default","ast-page-background-meta":{"desktop":{"background-color":"var(--ast-global-color-5)","background-image":"","background-repeat":"repeat","background-position":"center center","background-size":"auto","background-attachment":"scroll","background-type":"","background-media":"","overlay-type":"","overlay-color":"","overlay-opacity":"","overlay-gradient":""},"tablet":{"background-color":"","background-image":"","background-repeat":"repeat","background-position":"center center","background-size":"auto","background-attachment":"scroll","background-type":"","background-media":"","overlay-type":"","overlay-color":"","overlay-opacity":"","overlay-gradient":""},"mobile":{"background-color":"","background-image":"","background-repeat":"repeat","background-position":"center center","background-size":"auto","background-attachment":"scroll","background-type":"","background-media":"","overlay-type":"","overlay-color":"","overlay-opacity":"","overlay-gradient":""}},"ast-content-background-meta":{"desktop":{"background-color":"var(--ast-global-color-4)","background-image":"","background-repeat":"repeat","background-position":"center center","background-size":"auto","background-attachment":"scroll","background-type":"","background-media":"","overlay-type":"","overlay-color":"","overlay-opacity":"","overlay-gradient":""},"tablet":{"background-color":"var(--ast-global-color-4)","background-image":"","background-repeat":"repeat","background-position":"center center","background-size":"auto","background-attachment":"scroll","background-type":"","background-media":"","overlay-type":"","overlay-color":"","overlay-opacity":"","overlay-gradient":""},"mobile":{"background-color":"var(--ast-global-color-4)","background-image":"","background-repeat":"repeat","background-position":"center center","background-size":"auto","background-attachment":"scroll","background-type":"","background-media":"","overlay-type":"","overlay-color":"","overlay-opacity":"","overlay-gradient":""}}},"product_brand":[],"product_cat":[178],"product_tag":[],"class_list":{"0":"post-1417","1":"product","2":"type-product","3":"status-publish","4":"has-post-thumbnail","6":"product_cat-cultura-de-vegetais-e-frutas","7":"desktop-align-left","8":"tablet-align-left","9":"mobile-align-left","11":"first","12":"instock","13":"taxable","14":"shipping-taxable","15":"product-type-simple"},"acf":[],"_links":{"self":[{"href":"https:\/\/maslbiotech.com\/pt-pt\/wp-json\/wp\/v2\/product\/1417","targetHints":{"allow":["GET"]}}],"collection":[{"href":"https:\/\/maslbiotech.com\/pt-pt\/wp-json\/wp\/v2\/product"}],"about":[{"href":"https:\/\/maslbiotech.com\/pt-pt\/wp-json\/wp\/v2\/types\/product"}],"replies":[{"embeddable":true,"href":"https:\/\/maslbiotech.com\/pt-pt\/wp-json\/wp\/v2\/comments?post=1417"}],"wp:featuredmedia":[{"embeddable":true,"href":"https:\/\/maslbiotech.com\/pt-pt\/wp-json\/wp\/v2\/media\/1419"}],"wp:attachment":[{"href":"https:\/\/maslbiotech.com\/pt-pt\/wp-json\/wp\/v2\/media?parent=1417"}],"wp:term":[{"taxonomy":"product_brand","embeddable":true,"href":"https:\/\/maslbiotech.com\/pt-pt\/wp-json\/wp\/v2\/product_brand?post=1417"},{"taxonomy":"product_cat","embeddable":true,"href":"https:\/\/maslbiotech.com\/pt-pt\/wp-json\/wp\/v2\/product_cat?post=1417"},{"taxonomy":"product_tag","embeddable":true,"href":"https:\/\/maslbiotech.com\/pt-pt\/wp-json\/wp\/v2\/product_tag?post=1417"}],"curies":[{"name":"wp","href":"https:\/\/api.w.org\/{rel}","templated":true}]}}