{"id":1418,"date":"2025-11-07T14:14:41","date_gmt":"2025-11-07T14:14:41","guid":{"rendered":"https:\/\/maslbiotech.com\/product\/fertilizante-especial-para-hortalicas-de-folhas\/"},"modified":"2026-01-27T06:47:22","modified_gmt":"2026-01-27T06:47:22","slug":"fertilizante-especial-para-hortalicas-de-folhas","status":"publish","type":"product","link":"https:\/\/maslbiotech.com\/pt-pt\/produto\/fertilizante-especial-para-hortalicas-de-folhas\/","title":{"rendered":"Fertilizante Especial para Hortali\u00e7as de Folhas"},"content":{"rendered":"<h2><strong><b>LeafyMax &#8211; <\/b><\/strong><strong><b>Fertilizante Especial para <\/b><\/strong><strong><b>Hortali\u00e7as de Folhas<\/b><\/strong><\/h2>\n<h3><strong><b>Especifica\u00e7\u00e3o T\u00e9cnica:<\/b><\/strong><\/h3>\n<p>Amino\u00e1cidos \u2265100 g\/L, Cu+Fe+Mn+Zn+B+Mo \u226520 g\/L<\/p>\n<table>\n<tbody>\n<tr>\n<td>Ingrediente<\/td>\n<td>Concentra\u00e7\u00e3o<\/td>\n<\/tr>\n<tr>\n<td>Amino\u00e1cidos Livres<\/td>\n<td>100 g\/L<\/td>\n<\/tr>\n<tr>\n<td>Mg<\/td>\n<td>30 g\/L<\/td>\n<\/tr>\n<tr>\n<td>Fe<\/td>\n<td>5 g\/L<\/td>\n<\/tr>\n<tr>\n<td>Mn<\/td>\n<td>2,5 g\/L<\/td>\n<\/tr>\n<tr>\n<td>Cu<\/td>\n<td>2,5 g\/L<\/td>\n<\/tr>\n<tr>\n<td>Zn<\/td>\n<td>10 g\/L<\/td>\n<\/tr>\n<tr>\n<td>Boro sol\u00favel em \u00e1gua<\/td>\n<td>1 g\/L<\/td>\n<\/tr>\n<tr>\n<td>Vitamina B5<\/td>\n<td>1 g\/L<\/td>\n<\/tr>\n<\/tbody>\n<\/table>\n<h3><strong><b>Benef\u00edcios:<\/b><\/strong><\/h3>\n<p>Este produto \u00e9 um fertilizante funcional sol\u00favel em \u00e1gua que cont\u00e9m amino\u00e1cidos, concebido para promover o crescimento e melhorar o esverdeamento. \u00c9 cientificamente formulado com m\u00faltiplos L-\u03b1 amino\u00e1cidos livres, nutrientes secund\u00e1rios e micronutrientes, cofatores de fotoss\u00edntese, Vitamina B5 e outros componentes nutricionais. O rico teor de Magn\u00e9sio, Ferro, Mangan\u00eas, Cobre, Zinco, Boro e outros nutrientes secund\u00e1rios\/micronutrientes quelatados corrige as defici\u00eancias de nutrientes, proporciona uma efici\u00eancia de fertilizante duradoura e garante uma elevada utiliza\u00e7\u00e3o. A Vitamina B5 estimula eficazmente a secre\u00e7\u00e3o e a s\u00edntese de clorofila, promovendo a fotoss\u00edntese e a acumula\u00e7\u00e3o de prote\u00ednas. Al\u00e9m disso, este produto demonstra efeitos bacteriost\u00e1ticos significativos, aumentando grandemente a resist\u00eancia ao stress das culturas.    <\/p>\n<p>Ap\u00f3s a aplica\u00e7\u00e3o, promove significativamente uma cor verde foliar vibrante, aumenta o teor de mat\u00e9ria seca nos tecidos e melhora a cor e o rendimento. Quando utilizado na fase de pl\u00e2ntula, encurta o per\u00edodo de estabelecimento, promove o desenvolvimento radicular e melhora as taxas de sobreviv\u00eancia. <\/p>\n<p><strong><b>Culturas Aplic\u00e1veis: <\/b><\/strong>hortali\u00e7as de folhas: Alface, Alface-Celtuce, Espinafre, Couve, Repolho, Salsa, Cebolinho&#8230;<\/p>\n<h2><strong><b>Instru\u00e7\u00f5es de Aplica\u00e7\u00e3o:<\/b><\/strong><\/h2>\n<p><strong><b>Pulveriza\u00e7\u00e3o Foliar:<\/b><\/strong> Diluir 800-1000 vezes. Aplicar em intervalos de 7-10 dias durante 2-3 aplica\u00e7\u00f5es consecutivas.<br \/>\n<strong><b>Fertirriga\u00e7\u00e3o\/Irriga\u00e7\u00e3o por Gotejamento:<\/b><\/strong> 15-30 L\/ha<\/p>\n<h3><strong><b>Precau\u00e7\u00f5es:<\/b><\/strong><\/h3>\n<p>1. Evite misturar com fertilizantes e pesticidas fortemente \u00e1cidos ou alcalinos, pois isso pode afetar a efic\u00e1cia do produto. Se pretender misturar com outros produtos, realize primeiro um teste de compatibilidade em pequena escala. <\/p>\n<p>2. Pode ser necess\u00e1ria uma reaplica\u00e7\u00e3o a uma taxa reduzida se ocorrer chuva dentro de 4 horas ap\u00f3s a pulveriza\u00e7\u00e3o.<\/p>\n<h3><strong><b>Armazenamento:<\/b><\/strong><\/h3>\n<p>1. Armazene e transporte na embalagem original. Mantenha selado em local fresco e seco. <\/p>\n<p>2. Armazene separadamente de alimentos, bebidas e ra\u00e7\u00f5es. Mantenha fora do alcance de crian\u00e7as e animais. <\/p>\n<p>Data de Produ\u00e7\u00e3o e N\u00ba do Lote: Ver tampa da garrafa. Prazo de Validade: 36 meses.<\/p>\n","protected":false},"excerpt":{"rendered":"<ul>\n<li>Amino\u00e1cidos Livres: 100g\/L<\/li>\n<li>Mg: 30 g\/L<\/li>\n<li>Fe: 5 g\/L<\/li>\n<li>Mn: 2,5 g\/L<\/li>\n<li>Cu: 2,5 g\/L<\/li>\n<li>Zn: 10 g\/L<\/li>\n<li>Boro sol\u00favel em \u00e1gua: 1 g\/L<\/li>\n<li>Vitamina B5: 1 g\/L<\/li>\n<\/ul>\n","protected":false},"featured_media":1421,"comment_status":"open","ping_status":"closed","template":"","meta":{"_acf_changed":false,"site-sidebar-layout":"default","site-content-layout":"","ast-site-content-layout":"default","site-content-style":"default","site-sidebar-style":"default","ast-global-header-display":"","ast-banner-title-visibility":"","ast-main-header-display":"","ast-hfb-above-header-display":"","ast-hfb-below-header-display":"","ast-hfb-mobile-header-display":"","site-post-title":"","ast-breadcrumbs-content":"","ast-featured-img":"","footer-sml-layout":"","ast-disable-related-posts":"","theme-transparent-header-meta":"default","adv-header-id-meta":"","stick-header-meta":"","header-above-stick-meta":"","header-main-stick-meta":"","header-below-stick-meta":"","astra-migrate-meta-layouts":"default","ast-page-background-enabled":"default","ast-page-background-meta":{"desktop":{"background-color":"var(--ast-global-color-5)","background-image":"","background-repeat":"repeat","background-position":"center center","background-size":"auto","background-attachment":"scroll","background-type":"","background-media":"","overlay-type":"","overlay-color":"","overlay-opacity":"","overlay-gradient":""},"tablet":{"background-color":"","background-image":"","background-repeat":"repeat","background-position":"center center","background-size":"auto","background-attachment":"scroll","background-type":"","background-media":"","overlay-type":"","overlay-color":"","overlay-opacity":"","overlay-gradient":""},"mobile":{"background-color":"","background-image":"","background-repeat":"repeat","background-position":"center center","background-size":"auto","background-attachment":"scroll","background-type":"","background-media":"","overlay-type":"","overlay-color":"","overlay-opacity":"","overlay-gradient":""}},"ast-content-background-meta":{"desktop":{"background-color":"var(--ast-global-color-4)","background-image":"","background-repeat":"repeat","background-position":"center center","background-size":"auto","background-attachment":"scroll","background-type":"","background-media":"","overlay-type":"","overlay-color":"","overlay-opacity":"","overlay-gradient":""},"tablet":{"background-color":"var(--ast-global-color-4)","background-image":"","background-repeat":"repeat","background-position":"center center","background-size":"auto","background-attachment":"scroll","background-type":"","background-media":"","overlay-type":"","overlay-color":"","overlay-opacity":"","overlay-gradient":""},"mobile":{"background-color":"var(--ast-global-color-4)","background-image":"","background-repeat":"repeat","background-position":"center center","background-size":"auto","background-attachment":"scroll","background-type":"","background-media":"","overlay-type":"","overlay-color":"","overlay-opacity":"","overlay-gradient":""}}},"product_brand":[],"product_cat":[178],"product_tag":[248,249],"class_list":{"0":"post-1418","1":"product","2":"type-product","3":"status-publish","4":"has-post-thumbnail","6":"product_cat-cultura-de-vegetais-e-frutas","7":"product_tag-fertilizante-especial-para-hortalicas-de-folhas","8":"product_tag-fertilizante-foliar-de-aminoacidos","9":"desktop-align-left","10":"tablet-align-left","11":"mobile-align-left","13":"first","14":"instock","15":"taxable","16":"shipping-taxable","17":"product-type-simple"},"acf":[],"_links":{"self":[{"href":"https:\/\/maslbiotech.com\/pt-pt\/wp-json\/wp\/v2\/product\/1418","targetHints":{"allow":["GET"]}}],"collection":[{"href":"https:\/\/maslbiotech.com\/pt-pt\/wp-json\/wp\/v2\/product"}],"about":[{"href":"https:\/\/maslbiotech.com\/pt-pt\/wp-json\/wp\/v2\/types\/product"}],"replies":[{"embeddable":true,"href":"https:\/\/maslbiotech.com\/pt-pt\/wp-json\/wp\/v2\/comments?post=1418"}],"wp:featuredmedia":[{"embeddable":true,"href":"https:\/\/maslbiotech.com\/pt-pt\/wp-json\/wp\/v2\/media\/1421"}],"wp:attachment":[{"href":"https:\/\/maslbiotech.com\/pt-pt\/wp-json\/wp\/v2\/media?parent=1418"}],"wp:term":[{"taxonomy":"product_brand","embeddable":true,"href":"https:\/\/maslbiotech.com\/pt-pt\/wp-json\/wp\/v2\/product_brand?post=1418"},{"taxonomy":"product_cat","embeddable":true,"href":"https:\/\/maslbiotech.com\/pt-pt\/wp-json\/wp\/v2\/product_cat?post=1418"},{"taxonomy":"product_tag","embeddable":true,"href":"https:\/\/maslbiotech.com\/pt-pt\/wp-json\/wp\/v2\/product_tag?post=1418"}],"curies":[{"name":"wp","href":"https:\/\/api.w.org\/{rel}","templated":true}]}}