{"id":1424,"date":"2025-11-06T13:52:23","date_gmt":"2025-11-06T13:52:23","guid":{"rendered":"https:\/\/maslbiotech.com\/product\/fertilizante-especializado-para-aumento-do-volume-e-prevencao-de-rachaduras-na-mandioca\/"},"modified":"2026-01-27T07:00:45","modified_gmt":"2026-01-27T07:00:45","slug":"fertilizante-especializado-para-aumento-do-volume-e-prevencao-de-rachaduras-na-mandioca","status":"publish","type":"product","link":"https:\/\/maslbiotech.com\/pt-pt\/produto\/fertilizante-especializado-para-aumento-do-volume-e-prevencao-de-rachaduras-na-mandioca\/","title":{"rendered":"Fertilizante Especializado para Aumento do Volume e Preven\u00e7\u00e3o de Rachaduras na Mandioca"},"content":{"rendered":"<h2><strong><b>Construtor de<\/b><\/strong><strong><b> <\/b><\/strong><strong><b>&#8211; <\/b><\/strong><strong>Mandioca<\/strong><strong> <\/strong><strong>Aumento do Volume e Preven\u00e7\u00e3o de Rachaduras<\/strong><strong> <\/strong><strong>Fertilizante Especializado<\/strong><\/h2>\n<h3><strong><b>Especifica\u00e7\u00e3o T\u00e9cnica:<\/b><\/strong><\/h3>\n<p>Amino\u00e1cidos \u2265100 g\/L, Cu+Fe+Mn+Zn+B+Mo \u226520 g\/L<\/p>\n<table>\n<tbody>\n<tr>\n<td>Ingrediente<\/td>\n<td>Concentra\u00e7\u00e3o<\/td>\n<\/tr>\n<tr>\n<td>Amino\u00e1cidos Livres<\/td>\n<td>100 g\/L<\/td>\n<\/tr>\n<tr>\n<td>Ca<\/td>\n<td>5 g\/L<\/td>\n<\/tr>\n<tr>\n<td>Fe<\/td>\n<td>5,5 g\/L<\/td>\n<\/tr>\n<tr>\n<td>Mn<\/td>\n<td>4 g\/L<\/td>\n<\/tr>\n<tr>\n<td>Cu<\/td>\n<td>0,5 g\/L<\/td>\n<\/tr>\n<tr>\n<td>Zn<\/td>\n<td>5 g\/L<\/td>\n<\/tr>\n<tr>\n<td>Boro<\/td>\n<td>5 g\/L<\/td>\n<\/tr>\n<tr>\n<td>\u00c1cido Poliglut\u00e2mico (PGA)<\/td>\n<td>0,5 g\/L<\/td>\n<\/tr>\n<tr>\n<td>Vitamina B3<\/td>\n<td>0,5 g\/L<\/td>\n<\/tr>\n<\/tbody>\n<\/table>\n<h3><strong><b>Benef\u00edcios:<\/b><\/strong><\/h3>\n<p>Especificamente desenvolvido para a fase de aumento do volume da mandioca. Utiliza amino\u00e1cidos L-\u03b1 livres altamente ativos como centro de energia, cientificamente misturados com m\u00faltiplas fontes de micronutrientes secund\u00e1rios\/quelatados e componentes bioativos direcionados, abordando sistematicamente os principais desafios durante o aumento do volume, como acumula\u00e7\u00e3o insuficiente de mat\u00e9ria seca, escurecimento e necrose do feixe vascular, rachamento e malforma\u00e7\u00e3o da raiz e stress h\u00eddrico exacerbado. Impulsiona fortemente a acumula\u00e7\u00e3o eficiente de produtos fotossint\u00e9ticos nas ra\u00edzes atrav\u00e9s da ativa\u00e7\u00e3o por m\u00faltiplos amino\u00e1cidos. O C\u00e1lcio e o Boro quelatados atuam sinergicamente para fortalecer a estrutura da parede celular do par\u00eanquima e a divis\u00e3o ordenada dos tecidos meristem\u00e1ticos, suprimindo o rachamento da raiz na origem e garantindo uma forma de raiz uniforme. O m\u00f3dulo sin\u00e9rgico adicionado de forma inovadora de \u00c1cido Poliglut\u00e2mico e Vitamina B3 melhora significativamente a adaptabilidade a ambientes de solo \u00e1cido, inibe a infe\u00e7\u00e3o por Fusarium e agentes patog\u00e9nicos da murchid\u00e3o bacteriana, ao mesmo tempo que aumenta a resist\u00eancia \u00e0 lignifica\u00e7\u00e3o do feixe vascular. V\u00e1rios componentes atuam sinergicamente para aumentar a toler\u00e2ncia da mandioca ao stress ambiental e a capacidade antimicrobiana, apoiando o crescimento saud\u00e1vel das ra\u00edzes. Em \u00faltima an\u00e1lise, consegue um aumento uniforme do volume da mandioca, forma regular, aumento do teor de amido, melhoria da qualidade e aumento significativo do rendimento.      <\/p>\n<p><strong><b>Culturas <\/b><\/strong><strong><b>A<\/b><\/strong><strong><b>plic\u00e1veis:<\/b><\/strong><strong><b> <\/b><\/strong>Mandioca, Culturas de Ra\u00edzes e Tub\u00e9rculos<\/p>\n<h2><strong><b>Instru\u00e7\u00f5es de Aplica\u00e7\u00e3o:<\/b><\/strong><\/h2>\n<p><strong><b>Pulveriza\u00e7\u00e3o Foliar:<\/b><\/strong> Diluir 800-1000 vezes. Aplicar em intervalos de 7-10 dias durante 2-3 aplica\u00e7\u00f5es consecutivas.<br \/>\n<strong><b>Fertirriga\u00e7\u00e3o\/Irriga\u00e7\u00e3o por Gotejamento:<\/b><\/strong> 15-30 L\/ha<\/p>\n<h3><strong><b>Precau\u00e7\u00f5es:<\/b><\/strong><\/h3>\n<p>1. Evite misturar com fertilizantes e pesticidas fortemente \u00e1cidos ou alcalinos, pois isso pode afetar a efic\u00e1cia do produto. Se pretender misturar com outros produtos, realize primeiro um teste de compatibilidade em pequena escala. <\/p>\n<p>2. Pode ser necess\u00e1ria uma reaplica\u00e7\u00e3o a uma taxa reduzida se ocorrer chuva dentro de 4 horas ap\u00f3s a pulveriza\u00e7\u00e3o.<\/p>\n<h3><strong><b>Armazenamento:<\/b><\/strong><\/h3>\n<p>1. Armazene e transporte na embalagem original. Mantenha selado em local fresco e seco. <\/p>\n<p>2. Armazene separadamente de alimentos, bebidas e ra\u00e7\u00f5es. Mantenha fora do alcance de crian\u00e7as e animais. <\/p>\n<p>Data de Produ\u00e7\u00e3o e N\u00ba do Lote: Ver tampa da garrafa. Prazo de Validade: 36 meses.<\/p>\n","protected":false},"excerpt":{"rendered":"<ul>\n<li>Amino\u00e1cidos Livres: 100g\/L<\/li>\n<li>Ca: 5 g\/L<\/li>\n<li>Fe: 5,5 g\/L<\/li>\n<li>Mn: 4 g\/L<\/li>\n<li>Cu: 0,5 g\/L<\/li>\n<li>Zn: 5 g\/L<\/li>\n<li>Boro: 5 g\/L<\/li>\n<li>\u00c1cido Poliglut\u00e2mico (PGA): 0,5 g\/L<\/li>\n<li>Vitamina B3: 0,5 g\/L<\/li>\n<\/ul>\n","protected":false},"featured_media":1426,"comment_status":"open","ping_status":"closed","template":"","meta":{"_acf_changed":false,"site-sidebar-layout":"default","site-content-layout":"","ast-site-content-layout":"default","site-content-style":"default","site-sidebar-style":"default","ast-global-header-display":"","ast-banner-title-visibility":"","ast-main-header-display":"","ast-hfb-above-header-display":"","ast-hfb-below-header-display":"","ast-hfb-mobile-header-display":"","site-post-title":"","ast-breadcrumbs-content":"","ast-featured-img":"","footer-sml-layout":"","ast-disable-related-posts":"","theme-transparent-header-meta":"default","adv-header-id-meta":"","stick-header-meta":"","header-above-stick-meta":"","header-main-stick-meta":"","header-below-stick-meta":"","astra-migrate-meta-layouts":"default","ast-page-background-enabled":"default","ast-page-background-meta":{"desktop":{"background-color":"var(--ast-global-color-5)","background-image":"","background-repeat":"repeat","background-position":"center center","background-size":"auto","background-attachment":"scroll","background-type":"","background-media":"","overlay-type":"","overlay-color":"","overlay-opacity":"","overlay-gradient":""},"tablet":{"background-color":"","background-image":"","background-repeat":"repeat","background-position":"center center","background-size":"auto","background-attachment":"scroll","background-type":"","background-media":"","overlay-type":"","overlay-color":"","overlay-opacity":"","overlay-gradient":""},"mobile":{"background-color":"","background-image":"","background-repeat":"repeat","background-position":"center center","background-size":"auto","background-attachment":"scroll","background-type":"","background-media":"","overlay-type":"","overlay-color":"","overlay-opacity":"","overlay-gradient":""}},"ast-content-background-meta":{"desktop":{"background-color":"var(--ast-global-color-4)","background-image":"","background-repeat":"repeat","background-position":"center center","background-size":"auto","background-attachment":"scroll","background-type":"","background-media":"","overlay-type":"","overlay-color":"","overlay-opacity":"","overlay-gradient":""},"tablet":{"background-color":"var(--ast-global-color-4)","background-image":"","background-repeat":"repeat","background-position":"center center","background-size":"auto","background-attachment":"scroll","background-type":"","background-media":"","overlay-type":"","overlay-color":"","overlay-opacity":"","overlay-gradient":""},"mobile":{"background-color":"var(--ast-global-color-4)","background-image":"","background-repeat":"repeat","background-position":"center center","background-size":"auto","background-attachment":"scroll","background-type":"","background-media":"","overlay-type":"","overlay-color":"","overlay-opacity":"","overlay-gradient":""}}},"product_brand":[],"product_cat":[177],"product_tag":[253,255,254],"class_list":{"0":"post-1424","1":"product","2":"type-product","3":"status-publish","4":"has-post-thumbnail","6":"product_cat-cultura-de-raizes-e-tuberculos","7":"product_tag-fertilizante-especializado-para-aumento-do-volume-e-prevencao-de-rachaduras-na-mandioca","8":"product_tag-fertilizante-especializado-para-raizes-de-mandioca","9":"product_tag-fertilizante-para-aumento-do-volume-da-mandioca","10":"desktop-align-left","11":"tablet-align-left","12":"mobile-align-left","14":"first","15":"instock","16":"taxable","17":"shipping-taxable","18":"product-type-simple"},"acf":[],"_links":{"self":[{"href":"https:\/\/maslbiotech.com\/pt-pt\/wp-json\/wp\/v2\/product\/1424","targetHints":{"allow":["GET"]}}],"collection":[{"href":"https:\/\/maslbiotech.com\/pt-pt\/wp-json\/wp\/v2\/product"}],"about":[{"href":"https:\/\/maslbiotech.com\/pt-pt\/wp-json\/wp\/v2\/types\/product"}],"replies":[{"embeddable":true,"href":"https:\/\/maslbiotech.com\/pt-pt\/wp-json\/wp\/v2\/comments?post=1424"}],"wp:featuredmedia":[{"embeddable":true,"href":"https:\/\/maslbiotech.com\/pt-pt\/wp-json\/wp\/v2\/media\/1426"}],"wp:attachment":[{"href":"https:\/\/maslbiotech.com\/pt-pt\/wp-json\/wp\/v2\/media?parent=1424"}],"wp:term":[{"taxonomy":"product_brand","embeddable":true,"href":"https:\/\/maslbiotech.com\/pt-pt\/wp-json\/wp\/v2\/product_brand?post=1424"},{"taxonomy":"product_cat","embeddable":true,"href":"https:\/\/maslbiotech.com\/pt-pt\/wp-json\/wp\/v2\/product_cat?post=1424"},{"taxonomy":"product_tag","embeddable":true,"href":"https:\/\/maslbiotech.com\/pt-pt\/wp-json\/wp\/v2\/product_tag?post=1424"}],"curies":[{"name":"wp","href":"https:\/\/api.w.org\/{rel}","templated":true}]}}