{"id":1433,"date":"2025-11-06T13:48:42","date_gmt":"2025-11-06T13:48:42","guid":{"rendered":"https:\/\/maslbiotech.com\/product\/fertilizante-especializado-para-a-fase-inicial-da-mandioca\/"},"modified":"2026-01-27T07:01:28","modified_gmt":"2026-01-27T07:01:28","slug":"fertilizante-especializado-para-a-fase-inicial-da-mandioca","status":"publish","type":"product","link":"https:\/\/maslbiotech.com\/pt-pt\/produto\/fertilizante-especializado-para-a-fase-inicial-da-mandioca\/","title":{"rendered":"Fertilizante Especializado para a Fase Inicial da Mandioca"},"content":{"rendered":"<h2><strong><b>Vigor<\/b><\/strong><strong><b> <\/b><\/strong><strong><b>da<\/b><\/strong><strong><b> <\/b><\/strong><strong>Mandioca &#8211; <\/strong><strong>Fertilizante Especializado para a Fase Inicial da Mandioca<\/strong><\/h2>\n<h3><strong><b> <\/b><\/strong><strong><b>Especifica\u00e7\u00e3o T\u00e9cnica:<\/b><\/strong><\/h3>\n<p>Amino\u00e1cidos \u2265100 g\/L, Ca+Mg \u226530 g\/L<\/p>\n<table>\n<tbody>\n<tr>\n<td>Ingrediente<\/td>\n<td>Concentra\u00e7\u00e3o<\/td>\n<\/tr>\n<tr>\n<td>Amino\u00e1cidos Livres<\/td>\n<td>100 g\/L<\/td>\n<\/tr>\n<tr>\n<td>Mg<\/td>\n<td>30 g\/L<\/td>\n<\/tr>\n<tr>\n<td>Zn<\/td>\n<td>2,5 g\/L<\/td>\n<\/tr>\n<tr>\n<td>Boro sol\u00favel em \u00e1gua<\/td>\n<td>2,5 g\/L<\/td>\n<\/tr>\n<tr>\n<td>Glutati\u00e3o<\/td>\n<td>0,2 g\/L<\/td>\n<\/tr>\n<\/tbody>\n<\/table>\n<h3><strong><b>Benef\u00edcios:<\/b><\/strong><\/h3>\n<p>Especificamente desenvolvido para as fases inicial e interm\u00e9dia do desenvolvimento das ra\u00edzes da mandioca. Utiliza amino\u00e1cidos livres L-\u03b1 altamente ativos como o principal transportador de energia cin\u00e9tica, cientificamente combinados com magn\u00e9sio, zinco, boro quelatados e o fator ativo glutationa, precisamente adaptados \u00e0s caracter\u00edsticas fisiol\u00f3gicas da diferencia\u00e7\u00e3o dos prim\u00f3rdios das ra\u00edzes da mandioca e do desenvolvimento inicial. Ativa fortemente o metabolismo energ\u00e9tico do corte de estacas atrav\u00e9s de amino\u00e1cidos livres, impulsionando a diferencia\u00e7\u00e3o robusta do caule principal e a r\u00e1pida expans\u00e3o do sistema radicular fibroso. O zinco e o boro quelatados visam e otimizam a sincronicidade da divis\u00e3o celular nos tecidos meristem\u00e1ticos, garantindo a protrus\u00e3o uniforme dos prim\u00f3rdios radiculares e a constru\u00e7\u00e3o precoce dos feixes vasculares. O magn\u00e9sio melhora continuamente o desenvolvimento dos cloroplastos das folhas palmatiformes e a efici\u00eancia da assimila\u00e7\u00e3o fotossint\u00e9tica de carbono, fornecendo a base material para a acumula\u00e7\u00e3o inicial de amido. A glutationa melhora profundamente o microambiente da rizosfera e aumenta a capacidade de captura de nutrientes, aumentando significativamente a capacidade da muda de resistir ao stress h\u00eddrico e \u00e0s condi\u00e7\u00f5es de solo pobres.     <\/p>\n<p><strong><b>Culturas <\/b><\/strong><strong><b>A<\/b><\/strong><strong><b>plic\u00e1veis:<\/b><\/strong><strong><b> <\/b><\/strong>Mandioca, Culturas de Ra\u00edzes e Tub\u00e9rculos<\/p>\n<h2><strong><b>Instru\u00e7\u00f5es de Aplica\u00e7\u00e3o:<\/b><\/strong><br \/>\n<b><\/b><\/h2>\n<p><strong><b>Pulveriza\u00e7\u00e3o Foliar:<\/b><\/strong> Diluir 800-1000 vezes. Aplicar em intervalos de 7-10 dias durante 2-3 aplica\u00e7\u00f5es consecutivas.<br \/>\n<strong><b>Fertirriga\u00e7\u00e3o\/Irriga\u00e7\u00e3o por Gotejamento:<\/b><\/strong> 15-30 L\/ha<\/p>\n<h3><strong><b>Precau\u00e7\u00f5es:<\/b><\/strong><\/h3>\n<p>1. Evite misturar com fertilizantes e pesticidas fortemente \u00e1cidos ou alcalinos, pois isso pode afetar a efic\u00e1cia do produto. Se pretender misturar com outros produtos, realize primeiro um teste de compatibilidade em pequena escala. <\/p>\n<p>2. Pode ser necess\u00e1ria uma reaplica\u00e7\u00e3o a uma taxa reduzida se ocorrer chuva dentro de 4 horas ap\u00f3s a pulveriza\u00e7\u00e3o.<\/p>\n<h3><strong><b>Armazenamento:<\/b><\/strong><\/h3>\n<p>1. Armazene e transporte na embalagem original. Mantenha selado em local fresco e seco. <\/p>\n<p>2. Armazene separadamente de alimentos, bebidas e ra\u00e7\u00f5es. Mantenha fora do alcance de crian\u00e7as e animais. <\/p>\n<p>Data de Produ\u00e7\u00e3o e N\u00ba do Lote: Ver tampa da garrafa. Prazo de Validade: 36 meses.<\/p>\n","protected":false},"excerpt":{"rendered":"<ul>\n<li>Amino\u00e1cidos Livres: 100g\/L<\/li>\n<li>Mg: 30 g\/L<\/li>\n<li>Zn: 2,5 g\/L<\/li>\n<li>Boro sol\u00favel em \u00e1gua: 2,5 g\/L<\/li>\n<li>Glutationa: 0,2 g\/L<\/li>\n<\/ul>\n","protected":false},"featured_media":1434,"comment_status":"open","ping_status":"closed","template":"","meta":{"_acf_changed":false,"site-sidebar-layout":"default","site-content-layout":"","ast-site-content-layout":"default","site-content-style":"default","site-sidebar-style":"default","ast-global-header-display":"","ast-banner-title-visibility":"","ast-main-header-display":"","ast-hfb-above-header-display":"","ast-hfb-below-header-display":"","ast-hfb-mobile-header-display":"","site-post-title":"","ast-breadcrumbs-content":"","ast-featured-img":"","footer-sml-layout":"","ast-disable-related-posts":"","theme-transparent-header-meta":"default","adv-header-id-meta":"","stick-header-meta":"","header-above-stick-meta":"","header-main-stick-meta":"","header-below-stick-meta":"","astra-migrate-meta-layouts":"default","ast-page-background-enabled":"default","ast-page-background-meta":{"desktop":{"background-color":"var(--ast-global-color-5)","background-image":"","background-repeat":"repeat","background-position":"center center","background-size":"auto","background-attachment":"scroll","background-type":"","background-media":"","overlay-type":"","overlay-color":"","overlay-opacity":"","overlay-gradient":""},"tablet":{"background-color":"","background-image":"","background-repeat":"repeat","background-position":"center center","background-size":"auto","background-attachment":"scroll","background-type":"","background-media":"","overlay-type":"","overlay-color":"","overlay-opacity":"","overlay-gradient":""},"mobile":{"background-color":"","background-image":"","background-repeat":"repeat","background-position":"center center","background-size":"auto","background-attachment":"scroll","background-type":"","background-media":"","overlay-type":"","overlay-color":"","overlay-opacity":"","overlay-gradient":""}},"ast-content-background-meta":{"desktop":{"background-color":"var(--ast-global-color-4)","background-image":"","background-repeat":"repeat","background-position":"center center","background-size":"auto","background-attachment":"scroll","background-type":"","background-media":"","overlay-type":"","overlay-color":"","overlay-opacity":"","overlay-gradient":""},"tablet":{"background-color":"var(--ast-global-color-4)","background-image":"","background-repeat":"repeat","background-position":"center center","background-size":"auto","background-attachment":"scroll","background-type":"","background-media":"","overlay-type":"","overlay-color":"","overlay-opacity":"","overlay-gradient":""},"mobile":{"background-color":"var(--ast-global-color-4)","background-image":"","background-repeat":"repeat","background-position":"center center","background-size":"auto","background-attachment":"scroll","background-type":"","background-media":"","overlay-type":"","overlay-color":"","overlay-opacity":"","overlay-gradient":""}}},"product_brand":[],"product_cat":[177],"product_tag":[260],"class_list":{"0":"post-1433","1":"product","2":"type-product","3":"status-publish","4":"has-post-thumbnail","6":"product_cat-cultura-de-raizes-e-tuberculos","7":"product_tag-fertilizante-especializado-para-a-fase-inicial-da-mandioca","8":"desktop-align-left","9":"tablet-align-left","10":"mobile-align-left","12":"first","13":"instock","14":"taxable","15":"shipping-taxable","16":"product-type-simple"},"acf":[],"_links":{"self":[{"href":"https:\/\/maslbiotech.com\/pt-pt\/wp-json\/wp\/v2\/product\/1433","targetHints":{"allow":["GET"]}}],"collection":[{"href":"https:\/\/maslbiotech.com\/pt-pt\/wp-json\/wp\/v2\/product"}],"about":[{"href":"https:\/\/maslbiotech.com\/pt-pt\/wp-json\/wp\/v2\/types\/product"}],"replies":[{"embeddable":true,"href":"https:\/\/maslbiotech.com\/pt-pt\/wp-json\/wp\/v2\/comments?post=1433"}],"wp:featuredmedia":[{"embeddable":true,"href":"https:\/\/maslbiotech.com\/pt-pt\/wp-json\/wp\/v2\/media\/1434"}],"wp:attachment":[{"href":"https:\/\/maslbiotech.com\/pt-pt\/wp-json\/wp\/v2\/media?parent=1433"}],"wp:term":[{"taxonomy":"product_brand","embeddable":true,"href":"https:\/\/maslbiotech.com\/pt-pt\/wp-json\/wp\/v2\/product_brand?post=1433"},{"taxonomy":"product_cat","embeddable":true,"href":"https:\/\/maslbiotech.com\/pt-pt\/wp-json\/wp\/v2\/product_cat?post=1433"},{"taxonomy":"product_tag","embeddable":true,"href":"https:\/\/maslbiotech.com\/pt-pt\/wp-json\/wp\/v2\/product_tag?post=1433"}],"curies":[{"name":"wp","href":"https:\/\/api.w.org\/{rel}","templated":true}]}}