{"id":1438,"date":"2025-10-27T03:50:48","date_gmt":"2025-10-27T03:50:48","guid":{"rendered":"https:\/\/maslbiotech.com\/product\/fertilizante-especializado-para-estagios-iniciais-de-culturas-arvenses\/"},"modified":"2026-01-27T07:48:00","modified_gmt":"2026-01-27T07:48:00","slug":"fertilizante-especializado-para-estagios-iniciais-de-culturas-arvenses","status":"publish","type":"product","link":"https:\/\/maslbiotech.com\/pt-pt\/produto\/fertilizante-especializado-para-estagios-iniciais-de-culturas-arvenses\/","title":{"rendered":"Fertilizante Especializado para Est\u00e1gios Iniciais de Culturas Arvenses"},"content":{"rendered":"<h2><strong><b>FieldMax Start &#8211; <\/b><\/strong><strong><b>Fertilizante Especializado para Est\u00e1gios Iniciais de <\/b><\/strong><strong><b>Culturas Arvenses<\/b><\/strong><\/h2>\n<p>O sucesso no campo come\u00e7a no momento em que a semente quebra a dorm\u00eancia. O Adubo Especial para Fases Iniciais de Culturas de Campo da MASL Biotech \u00e9 uma solu\u00e7\u00e3o biotecnol\u00f3gica engenheirada para apoiar culturas durante sua fase de crescimento mais vulner\u00e1vel e cr\u00edtica.<\/p>\n<p>Ao combiner amino\u00e1cidos essenciais, micronutrientes e bioestimulantes avan\u00e7ados, este adubo especial garante que suas culturas \u2014 seja milho, trigo, soja ou algod\u00e3o \u2014 desenvolvam sistemas radiculares robustos e um crescimento inicial vigoroso, necess\u00e1rio para atingir todo seu potencial gen\u00e9tico.  <\/p>\n<h3><strong><b>Especifica\u00e7\u00e3o T\u00e9cnica:<\/b><\/strong><\/h3>\n<p>Amino\u00e1cidos Livres \u2265100 g\/L, Cu+Fe+Mn+Zn+B+Mo \u226520 g\/L<\/p>\n<table>\n<tbody>\n<tr>\n<td width=\"166\">Amino\u00e1cidos Livres:<\/td>\n<td>100 g\/L<\/td>\n<td>Mg:<\/td>\n<td>20 g\/L<\/td>\n<td>Mn:<\/td>\n<td width=\"76\">2 g\/L<\/td>\n<\/tr>\n<tr>\n<td width=\"166\">Zn:<\/td>\n<td>18 g\/L<\/td>\n<td>Vitamina B1:<\/td>\n<td>1 g\/L<\/td>\n<td>\/<\/td>\n<td width=\"76\">\/<\/td>\n<\/tr>\n<\/tbody>\n<\/table>\n<h3><strong><b>Benef\u00edcios:<\/b><\/strong><\/h3>\n<p>Especificamente desenvolvido para as necessidades de crescimento inicial de culturas arvenses. Utiliza L-\u03b1 amino\u00e1cidos livres altamente ativos como n\u00facleo, cientificamente combinados com micronutrientes secund\u00e1rios e quelatados. Os L-\u03b1 amino\u00e1cidos livres possuem alta bioatividade, promovendo a absor\u00e7\u00e3o de nutrientes pelas ra\u00edzes e folhas, ativando rapidamente a vitalidade do crescimento celular, incentivando a expans\u00e3o robusta das ra\u00edzes e o crescimento vegetativo exuberante, estabelecendo uma estrutura de crescimento forte. Magn\u00e9sio, Mangan\u00eas e Zinco quelatados atendem precisamente \u00e0s demandas de micronutrientes das culturas, prevenindo problemas fisiol\u00f3gicos como clorose intervenal e manchas nas folhas devido a defici\u00eancias, ao mesmo tempo que fortalecem a s\u00edntese de clorofila e a efici\u00eancia fotossint\u00e9tica, acelerando o transporte de nutrientes para as principais \u00e1reas de crescimento. Vitamina B1 especialmente adicionada, uma coenzima chave no metabolismo energ\u00e9tico, melhora a regula\u00e7\u00e3o fisiol\u00f3gica, reduzindo significativamente os efeitos inibit\u00f3rios de stresses de est\u00e1gio inicial\/m\u00e9dio, como baixa temperatura, seca e salinidade no crescimento de pl\u00e2ntulas.    <\/p>\n<p>Culturas aplic\u00e1veis<a href=\"https:\/\/maslbiotech.com\/pt-pt\/prevencao-de-disturbios-fisiologicos-iniciais-em-culturas-de-campo-com-magnesio-manganes-e-zinco-quelatados\/\">: culturas arvenses em fase inicial<\/a><\/p>\n<h3><strong><b>Instru\u00e7\u00f5es de Aplica\u00e7\u00e3o:<\/b><\/strong><\/h3>\n<p><strong><b>Pulveriza\u00e7\u00e3o Foliar:<\/b><\/strong> Diluir 800-1000 vezes. Aplicar em intervalos de 7-10 dias, durante 2-3 aplica\u00e7\u00f5es consecutivas.<br \/>\n<strong><b>Fertirriga\u00e7\u00e3o\/Irriga\u00e7\u00e3o por Gotejamento:<\/b><\/strong> 15-30 L\/ha<\/p>\n<p><strong><b>Cuidados:<\/b><\/strong><\/p>\n<p>1. Evite misturar com adubos e pesticidas fortemente \u00e1cidos ou alcalinos, pois isso pode afetar a efic\u00e1cia do produto. Se pretender misturar com outros produtos, realize primeiro um teste de compatibilidade em pequena escala. <\/p>\n<p>2. Pode ser necess\u00e1ria uma reaplica\u00e7\u00e3o a uma taxa reduzida se ocorrer chuva dentro de 4 horas ap\u00f3s a pulveriza\u00e7\u00e3o.<\/p>\n<p><strong><b>Armazenamento:<\/b><\/strong><\/p>\n<p>1. Armazene e transporte na embalagem original. Mantenha selado em local fresco e seco. <\/p>\n<p>2. Armazene separadamente de alimentos, bebidas e ra\u00e7\u00f5es. Mantenha fora do alcance de crian\u00e7as e animais. <\/p>\n<p>Data de Produ\u00e7\u00e3o e N\u00ba do Lote: Ver tampa da garrafa. Prazo de Validade: 36 meses.<\/p>\n<h2 data-path-to-node=\"11\">Perguntas Frequentes sobre o Produto: Tudo o que Voc\u00ea Precisa Saber<\/h2>\n<p data-path-to-node=\"12\"><b data-path-to-node=\"12\" data-index-in-node=\"0\">1. Para quais culturas este adubo \u00e9 adequado?<\/b><\/p>\n<p data-path-to-node=\"12\">Nosso Adubo para Fases Iniciais de Culturas de Campo \u00e9 vers\u00e1til e eficaz para uma ampla gama de culturas extensivas, incluindo milho, trigo, soja, canola, algod\u00e3o e diversas culturas de gr\u00e3os.<\/p>\n<p data-path-to-node=\"13\"><b data-path-to-node=\"13\" data-index-in-node=\"0\">2. Pode ser usado em conjunto com adubos granulados tradicionais?<\/b><\/p>\n<p data-path-to-node=\"13\">Sim. Embora seja potente o suficiente para atuar como um produto inicial prim\u00e1rio, tamb\u00e9m \u00e9 altamente eficaz quando integrado a um programa h\u00edbrido para aumentar a efici\u00eancia dos insumos tradicionais. <\/p>\n<p data-path-to-node=\"15\"><b data-path-to-node=\"15\" data-index-in-node=\"0\">3. Qual \u00e9 o melhor momento para aplicar?<\/b><\/p>\n<p data-path-to-node=\"15\">Idealmente, no momento do plantio (na sulca) ou durante as fases de crescimento V2-V4 para culturas de fileira, visando maximizar o desenvolvimento vegetativo inicial.<\/p>\n","protected":false},"excerpt":{"rendered":"<ul>\n<li>Amino\u00e1cidos Livres: 100g\/L<\/li>\n<li>Mg: 20 g\/L<\/li>\n<li>Mn: 2 g\/L<\/li>\n<li>Zn: 18 g\/L<\/li>\n<li>Vitamina B1: 1 g\/L<\/li>\n<\/ul>\n","protected":false},"featured_media":1442,"comment_status":"open","ping_status":"closed","template":"","meta":{"_acf_changed":false,"site-sidebar-layout":"default","site-content-layout":"","ast-site-content-layout":"default","site-content-style":"default","site-sidebar-style":"default","ast-global-header-display":"","ast-banner-title-visibility":"","ast-main-header-display":"","ast-hfb-above-header-display":"","ast-hfb-below-header-display":"","ast-hfb-mobile-header-display":"","site-post-title":"","ast-breadcrumbs-content":"","ast-featured-img":"","footer-sml-layout":"","ast-disable-related-posts":"","theme-transparent-header-meta":"default","adv-header-id-meta":"","stick-header-meta":"","header-above-stick-meta":"","header-main-stick-meta":"","header-below-stick-meta":"","astra-migrate-meta-layouts":"default","ast-page-background-enabled":"default","ast-page-background-meta":{"desktop":{"background-color":"var(--ast-global-color-5)","background-image":"","background-repeat":"repeat","background-position":"center center","background-size":"auto","background-attachment":"scroll","background-type":"","background-media":"","overlay-type":"","overlay-color":"","overlay-opacity":"","overlay-gradient":""},"tablet":{"background-color":"","background-image":"","background-repeat":"repeat","background-position":"center center","background-size":"auto","background-attachment":"scroll","background-type":"","background-media":"","overlay-type":"","overlay-color":"","overlay-opacity":"","overlay-gradient":""},"mobile":{"background-color":"","background-image":"","background-repeat":"repeat","background-position":"center center","background-size":"auto","background-attachment":"scroll","background-type":"","background-media":"","overlay-type":"","overlay-color":"","overlay-opacity":"","overlay-gradient":""}},"ast-content-background-meta":{"desktop":{"background-color":"var(--ast-global-color-4)","background-image":"","background-repeat":"repeat","background-position":"center center","background-size":"auto","background-attachment":"scroll","background-type":"","background-media":"","overlay-type":"","overlay-color":"","overlay-opacity":"","overlay-gradient":""},"tablet":{"background-color":"var(--ast-global-color-4)","background-image":"","background-repeat":"repeat","background-position":"center center","background-size":"auto","background-attachment":"scroll","background-type":"","background-media":"","overlay-type":"","overlay-color":"","overlay-opacity":"","overlay-gradient":""},"mobile":{"background-color":"var(--ast-global-color-4)","background-image":"","background-repeat":"repeat","background-position":"center center","background-size":"auto","background-attachment":"scroll","background-type":"","background-media":"","overlay-type":"","overlay-color":"","overlay-opacity":"","overlay-gradient":""}}},"product_brand":[],"product_cat":[174],"product_tag":[268,269,267,266],"class_list":{"0":"post-1438","1":"product","2":"type-product","3":"status-publish","4":"has-post-thumbnail","6":"product_cat-cultura-de-campo","7":"product_tag-fertilizante-de-aminoacidos-livres","8":"product_tag-fertilizante-especializado-para-estagios-iniciais-de-culturas-arvenses","9":"product_tag-novo-produto","10":"product_tag-popular","11":"desktop-align-left","12":"tablet-align-left","13":"mobile-align-left","15":"first","16":"instock","17":"taxable","18":"shipping-taxable","19":"product-type-simple"},"acf":[],"_links":{"self":[{"href":"https:\/\/maslbiotech.com\/pt-pt\/wp-json\/wp\/v2\/product\/1438","targetHints":{"allow":["GET"]}}],"collection":[{"href":"https:\/\/maslbiotech.com\/pt-pt\/wp-json\/wp\/v2\/product"}],"about":[{"href":"https:\/\/maslbiotech.com\/pt-pt\/wp-json\/wp\/v2\/types\/product"}],"replies":[{"embeddable":true,"href":"https:\/\/maslbiotech.com\/pt-pt\/wp-json\/wp\/v2\/comments?post=1438"}],"wp:featuredmedia":[{"embeddable":true,"href":"https:\/\/maslbiotech.com\/pt-pt\/wp-json\/wp\/v2\/media\/1442"}],"wp:attachment":[{"href":"https:\/\/maslbiotech.com\/pt-pt\/wp-json\/wp\/v2\/media?parent=1438"}],"wp:term":[{"taxonomy":"product_brand","embeddable":true,"href":"https:\/\/maslbiotech.com\/pt-pt\/wp-json\/wp\/v2\/product_brand?post=1438"},{"taxonomy":"product_cat","embeddable":true,"href":"https:\/\/maslbiotech.com\/pt-pt\/wp-json\/wp\/v2\/product_cat?post=1438"},{"taxonomy":"product_tag","embeddable":true,"href":"https:\/\/maslbiotech.com\/pt-pt\/wp-json\/wp\/v2\/product_tag?post=1438"}],"curies":[{"name":"wp","href":"https:\/\/api.w.org\/{rel}","templated":true}]}}