{"id":1449,"date":"2025-10-27T03:50:34","date_gmt":"2025-10-27T03:50:34","guid":{"rendered":"https:\/\/maslbiotech.com\/product\/fertilizante-especializado-para-milho-em-fase-tardia\/"},"modified":"2026-01-27T07:48:25","modified_gmt":"2026-01-27T07:48:25","slug":"fertilizante-especializado-para-milho-em-fase-tardia","status":"publish","type":"product","link":"https:\/\/maslbiotech.com\/pt-pt\/produto\/fertilizante-especializado-para-milho-em-fase-tardia\/","title":{"rendered":"Fertilizante Especializado para Milho em Fase Tardia"},"content":{"rendered":"<h2><strong><b>Milho<\/b><\/strong><strong><b> <\/b><\/strong><strong><b>Enchimento &#8211; <\/b><\/strong><strong><b>Fertilizante Especializado para Milho em Fase Tardia<\/b><\/strong><strong><b>Specialty Fertilizer<\/b><\/strong><\/h2>\n<h3><strong><b>Especifica\u00e7\u00e3o T\u00e9cnica:<\/b><\/strong><\/h3>\n<p>Amino\u00e1cidos Livres \u2265100 g\/L, Ca+Mg \u226530 g\/L<\/p>\n<table>\n<tbody>\n<tr>\n<td width=\"193\">Amino\u00e1cidos Livres:<\/td>\n<td width=\"107\">100 g\/L<\/td>\n<td width=\"139\">Mg<\/td>\n<td width=\"102\">30 g\/L<\/td>\n<td width=\"75\">Zn:<\/td>\n<td width=\"98\">2,5 g\/L<\/td>\n<\/tr>\n<tr>\n<td width=\"193\">Boro sol\u00favel em \u00e1gua:<\/td>\n<td width=\"107\">2,5 g\/L<\/td>\n<td width=\"139\">Glutationa:<\/td>\n<td width=\"102\">0,2 g\/L<\/td>\n<td width=\"75\">\/<\/td>\n<td width=\"98\">\/<\/td>\n<\/tr>\n<\/tbody>\n<\/table>\n<h3><strong><b>Benef\u00edcios:<\/b><\/strong><\/h3>\n<p>Especificamente desenvolvido para as necessidades de crescimento do milho do meio para o fim do ciclo. Utiliza L-\u03b1 amino\u00e1cidos livres altamente ativos como n\u00facleo, cientificamente combinados com Magn\u00e9sio, Zinco e Boro quelatados, e Glutationa especialmente adicionada, precisamente adaptados para os requisitos do milho do meio para o fim do ciclo. Os L-\u03b1 amino\u00e1cidos livres altamente ativos promovem a diferencia\u00e7\u00e3o da espiga de milho e o desenvolvimento do pend\u00e3o, apoiam o embandeiramento uniforme e melhoram a fixa\u00e7\u00e3o do gr\u00e3o. Desde o espigamento at\u00e9 \u00e0s fases de enchimento do gr\u00e3o, ativa a atividade fisiol\u00f3gica, sinergizando com o Magn\u00e9sio quelatado para manter a estabilidade da clorofila e aumentar a efici\u00eancia fotossint\u00e9tica, fornecendo energia cont\u00ednua para o enchimento do gr\u00e3o. O Zinco quelatado ativa a atividade da sintase do amido, trabalhando com o Boro para garantir a vitalidade do p\u00f3len e a qualidade da fertiliza\u00e7\u00e3o, reduzindo o despendoamento da ponta e os gr\u00e3os vazios, promovendo a acumula\u00e7\u00e3o eficiente de prote\u00ednas e amido para gr\u00e3os mais cheios e maior peso de mil gr\u00e3os. A Glutationa especialmente adicionada, com os seus grupos sulfidrilo (-SH), elimina precisamente as esp\u00e9cies reativas de oxig\u00e9nio sob stress de alta temperatura e seca, reduzindo os danos na membrana celular. Regula simultaneamente as hormonas end\u00f3genas, promovendo a transloca\u00e7\u00e3o de nutrientes para os gr\u00e3os durante o enchimento, garantindo que o milho completa o enchimento e a matura\u00e7\u00e3o do gr\u00e3o de forma est\u00e1vel, contribuindo para a melhoria do rendimento e da qualidade.      <\/p>\n<p><strong><b>Culturas <\/b><\/strong><strong><b>A<\/b><\/strong><strong><b>plic\u00e1veis: <\/b><\/strong>milho em fase tardia<\/p>\n<h3><strong><b>Instru\u00e7\u00f5es de Aplica\u00e7\u00e3o:<\/b><\/strong><\/h3>\n<p><strong><b>Pulveriza\u00e7\u00e3o Foliar:<\/b><\/strong> Diluir 800-1000 vezes. Aplicar em intervalos de 7-10 dias, durante 2-3 aplica\u00e7\u00f5es consecutivas.<br \/>\n<strong><b>Fertirriga\u00e7\u00e3o\/Irriga\u00e7\u00e3o por Gotejamento:<\/b><\/strong> 15-30 L por hectare<\/p>\n<h3><strong><b>Cuidados:<\/b><\/strong><\/h3>\n<p>1. Evite misturar com adubos e pesticidas fortemente \u00e1cidos ou alcalinos, pois isso pode afetar a efic\u00e1cia do produto. Se pretender misturar com outros produtos, realize primeiro um teste de compatibilidade em pequena escala. <\/p>\n<p>2. Pode ser necess\u00e1ria uma reaplica\u00e7\u00e3o a uma taxa reduzida se ocorrer chuva dentro de 4 horas ap\u00f3s a pulveriza\u00e7\u00e3o.<\/p>\n<h3><strong><b>Armazenamento:<\/b><\/strong><\/h3>\n<p>1. Armazene e transporte na embalagem original. Mantenha selado em local fresco e seco. <\/p>\n<p>2. Armazene separadamente de alimentos, bebidas e ra\u00e7\u00f5es. Mantenha fora do alcance de crian\u00e7as e animais. <\/p>\n<p>Data de Produ\u00e7\u00e3o e N\u00ba do Lote: Ver tampa da garrafa. Prazo de Validade: 36 meses.<\/p>\n","protected":false},"excerpt":{"rendered":"<ul>\n<li>Amino\u00e1cidos Livres: 100g\/L<\/li>\n<li>Mg: 30 g\/L<\/li>\n<li>Zn: 2,5 g\/L<\/li>\n<li>Boro sol\u00favel em \u00e1gua: 2,5 g\/L<\/li>\n<li>Glutationa: 0,2 g\/L<\/li>\n<\/ul>\n","protected":false},"featured_media":1451,"comment_status":"open","ping_status":"closed","template":"","meta":{"_acf_changed":false,"site-sidebar-layout":"default","site-content-layout":"","ast-site-content-layout":"default","site-content-style":"default","site-sidebar-style":"default","ast-global-header-display":"","ast-banner-title-visibility":"","ast-main-header-display":"","ast-hfb-above-header-display":"","ast-hfb-below-header-display":"","ast-hfb-mobile-header-display":"","site-post-title":"","ast-breadcrumbs-content":"","ast-featured-img":"","footer-sml-layout":"","ast-disable-related-posts":"","theme-transparent-header-meta":"default","adv-header-id-meta":"","stick-header-meta":"","header-above-stick-meta":"","header-main-stick-meta":"","header-below-stick-meta":"","astra-migrate-meta-layouts":"default","ast-page-background-enabled":"default","ast-page-background-meta":{"desktop":{"background-color":"var(--ast-global-color-5)","background-image":"","background-repeat":"repeat","background-position":"center center","background-size":"auto","background-attachment":"scroll","background-type":"","background-media":"","overlay-type":"","overlay-color":"","overlay-opacity":"","overlay-gradient":""},"tablet":{"background-color":"","background-image":"","background-repeat":"repeat","background-position":"center center","background-size":"auto","background-attachment":"scroll","background-type":"","background-media":"","overlay-type":"","overlay-color":"","overlay-opacity":"","overlay-gradient":""},"mobile":{"background-color":"","background-image":"","background-repeat":"repeat","background-position":"center center","background-size":"auto","background-attachment":"scroll","background-type":"","background-media":"","overlay-type":"","overlay-color":"","overlay-opacity":"","overlay-gradient":""}},"ast-content-background-meta":{"desktop":{"background-color":"var(--ast-global-color-4)","background-image":"","background-repeat":"repeat","background-position":"center center","background-size":"auto","background-attachment":"scroll","background-type":"","background-media":"","overlay-type":"","overlay-color":"","overlay-opacity":"","overlay-gradient":""},"tablet":{"background-color":"var(--ast-global-color-4)","background-image":"","background-repeat":"repeat","background-position":"center center","background-size":"auto","background-attachment":"scroll","background-type":"","background-media":"","overlay-type":"","overlay-color":"","overlay-opacity":"","overlay-gradient":""},"mobile":{"background-color":"var(--ast-global-color-4)","background-image":"","background-repeat":"repeat","background-position":"center center","background-size":"auto","background-attachment":"scroll","background-type":"","background-media":"","overlay-type":"","overlay-color":"","overlay-opacity":"","overlay-gradient":""}}},"product_brand":[],"product_cat":[174],"product_tag":[268,276,277,278],"class_list":{"0":"post-1449","1":"product","2":"type-product","3":"status-publish","4":"has-post-thumbnail","6":"product_cat-cultura-de-campo","7":"product_tag-fertilizante-de-aminoacidos-livres","8":"product_tag-fertilizante-especializado-para-milho-em-fase-tardia","9":"product_tag-fertilizante-para-enchimento-do-grao-de-milho","10":"product_tag-fertilizante-para-milho-masl","11":"desktop-align-left","12":"tablet-align-left","13":"mobile-align-left","15":"first","16":"instock","17":"taxable","18":"shipping-taxable","19":"product-type-simple"},"acf":[],"_links":{"self":[{"href":"https:\/\/maslbiotech.com\/pt-pt\/wp-json\/wp\/v2\/product\/1449","targetHints":{"allow":["GET"]}}],"collection":[{"href":"https:\/\/maslbiotech.com\/pt-pt\/wp-json\/wp\/v2\/product"}],"about":[{"href":"https:\/\/maslbiotech.com\/pt-pt\/wp-json\/wp\/v2\/types\/product"}],"replies":[{"embeddable":true,"href":"https:\/\/maslbiotech.com\/pt-pt\/wp-json\/wp\/v2\/comments?post=1449"}],"wp:featuredmedia":[{"embeddable":true,"href":"https:\/\/maslbiotech.com\/pt-pt\/wp-json\/wp\/v2\/media\/1451"}],"wp:attachment":[{"href":"https:\/\/maslbiotech.com\/pt-pt\/wp-json\/wp\/v2\/media?parent=1449"}],"wp:term":[{"taxonomy":"product_brand","embeddable":true,"href":"https:\/\/maslbiotech.com\/pt-pt\/wp-json\/wp\/v2\/product_brand?post=1449"},{"taxonomy":"product_cat","embeddable":true,"href":"https:\/\/maslbiotech.com\/pt-pt\/wp-json\/wp\/v2\/product_cat?post=1449"},{"taxonomy":"product_tag","embeddable":true,"href":"https:\/\/maslbiotech.com\/pt-pt\/wp-json\/wp\/v2\/product_tag?post=1449"}],"curies":[{"name":"wp","href":"https:\/\/api.w.org\/{rel}","templated":true}]}}