{"id":1458,"date":"2025-10-27T03:47:54","date_gmt":"2025-10-27T03:47:54","guid":{"rendered":"https:\/\/maslbiotech.com\/product\/fertilizante-especializado-para-trigo-em-fase-inicial\/"},"modified":"2026-01-27T07:51:35","modified_gmt":"2026-01-27T07:51:35","slug":"fertilizante-especializado-para-trigo-em-fase-inicial","status":"publish","type":"product","link":"https:\/\/maslbiotech.com\/pt-pt\/produto\/fertilizante-especializado-para-trigo-em-fase-inicial\/","title":{"rendered":"Fertilizante Especializado para Trigo em Fase Inicial"},"content":{"rendered":"<h2><strong>Wheat Start &#8211; <\/strong><strong><b>Fase Inicial do Trigo<\/b><\/strong> <strong><b>Fertilizante Especializado<\/b><\/strong><\/h2>\n<h3><strong><b> <\/b><\/strong><strong><b>Especifica\u00e7\u00e3o T\u00e9cnica:<\/b><\/strong><\/h3>\n<p>Amino\u00e1cidos Livres \u2265100 g\/L, Cu+Fe+Mn+Zn+B+Mo \u226520 g\/L<\/p>\n<table>\n<tbody>\n<tr>\n<td width=\"142\">Amino\u00e1cidos Livres:<\/td>\n<td width=\"110\">100 g\/L<\/td>\n<td width=\"111\">Mg:<\/td>\n<td width=\"108\">20 g\/L<\/td>\n<td width=\"78\">Mn:<\/td>\n<td width=\"83\">2 g\/L<\/td>\n<\/tr>\n<tr>\n<td width=\"142\">Zn:<\/td>\n<td width=\"110\">18 g\/L<\/td>\n<td width=\"111\">Beta\u00edna:<\/td>\n<td width=\"108\">2 g\/L<\/td>\n<td width=\"78\">\/<\/td>\n<td width=\"83\">\/<\/td>\n<\/tr>\n<\/tbody>\n<\/table>\n<h3><strong><b>Benef\u00edcios:<\/b><\/strong><\/h3>\n<p>Especificamente desenvolvido para as necessidades de crescimento inicial do trigo. Utiliza L-\u03b1 amino\u00e1cidos livres altamente ativos como n\u00facleo, cientificamente equilibrados com nutrientes secund\u00e1rios e micronutrientes quelatados. Os L-\u03b1 amino\u00e1cidos livres possuem alta bioatividade, promovendo a absor\u00e7\u00e3o de nutrientes pelas ra\u00edzes e folhas, ativando rapidamente a vitalidade do crescimento celular, incentivando a expans\u00e3o profunda das ra\u00edzes, o afilhamento robusto e o desenvolvimento robusto do caule, construindo uma estrutura de crescimento resistente ao stress. O Magn\u00e9sio, Mangan\u00eas e Zinco quelatados atendem precisamente \u00e0s necessidades de micronutrientes do trigo inicial, prevenindo problemas fisiol\u00f3gicos como amarelecimento das folhas e afilhamento insuficiente devido a defici\u00eancias, ao mesmo tempo que fortalecem a s\u00edntese de clorofila e a efici\u00eancia fotossint\u00e9tica, acelerando o transporte de nutrientes para \u00e1reas-chave como afilhamentos e caules. A Beta\u00edna especialmente adicionada aumenta a osmorregula\u00e7\u00e3o celular, reduzindo significativamente os efeitos inibit\u00f3rios de stresses iniciais\/m\u00e9dios, como baixa temperatura e seca, no crescimento de pl\u00e2ntulas, ajudando a cultivar uma arquitetura de planta forte como uma base s\u00f3lida para o desenvolvimento posterior da espiga e fixa\u00e7\u00e3o de gr\u00e3os.    <\/p>\n<p><strong><b>Culturas <\/b><\/strong><strong><b>A<\/b><\/strong><strong><b>plic\u00e1veis: <\/b><\/strong>trigo em fase inicial<\/p>\n<h3><strong><b>Instru\u00e7\u00f5es de Aplica\u00e7\u00e3o:<\/b><\/strong><\/h3>\n<p><strong><b>Pulveriza\u00e7\u00e3o Foliar:<\/b><\/strong> Diluir 800-1000 vezes. Aplicar em intervalos de 7-10 dias, durante 2-3 aplica\u00e7\u00f5es consecutivas.<br \/>\n<strong><b>Fertirriga\u00e7\u00e3o\/Irriga\u00e7\u00e3o por Gotejamento:<\/b><\/strong> 15-30 L por hectare<\/p>\n<h3><strong><b>Cuidados:<\/b><\/strong><\/h3>\n<p>1. Evite misturar com adubos e pesticidas fortemente \u00e1cidos ou alcalinos, pois isso pode afetar a efic\u00e1cia do produto. Se pretender misturar com outros produtos, realize primeiro um teste de compatibilidade em pequena escala. <\/p>\n<p>2. Pode ser necess\u00e1ria uma reaplica\u00e7\u00e3o a uma taxa reduzida se ocorrer chuva dentro de 4 horas ap\u00f3s a pulveriza\u00e7\u00e3o.<\/p>\n<h3><strong><b>Armazenamento:<\/b><\/strong><\/h3>\n<p>1. Armazene e transporte na embalagem original. Mantenha selado em local fresco e seco. <\/p>\n<p>2. Armazene separadamente de alimentos, bebidas e ra\u00e7\u00f5es. Mantenha fora do alcance de crian\u00e7as e animais. <\/p>\n<p>Data de Produ\u00e7\u00e3o e N\u00ba do Lote: Ver tampa da garrafa. Prazo de Validade: 36 meses.<\/p>\n","protected":false},"excerpt":{"rendered":"<ul>\n<li>Amino\u00e1cidos Livres: 100g\/L<\/li>\n<li>Mg: 20 g\/L<\/li>\n<li>Mn: 2 g\/L<\/li>\n<li>Zn: 18 g\/L<\/li>\n<li>Beta\u00edna: 2 g\/L<\/li>\n<\/ul>\n","protected":false},"featured_media":1460,"comment_status":"open","ping_status":"closed","template":"","meta":{"_acf_changed":false,"site-sidebar-layout":"default","site-content-layout":"","ast-site-content-layout":"default","site-content-style":"default","site-sidebar-style":"default","ast-global-header-display":"","ast-banner-title-visibility":"","ast-main-header-display":"","ast-hfb-above-header-display":"","ast-hfb-below-header-display":"","ast-hfb-mobile-header-display":"","site-post-title":"","ast-breadcrumbs-content":"","ast-featured-img":"","footer-sml-layout":"","ast-disable-related-posts":"","theme-transparent-header-meta":"default","adv-header-id-meta":"","stick-header-meta":"","header-above-stick-meta":"","header-main-stick-meta":"","header-below-stick-meta":"","astra-migrate-meta-layouts":"default","ast-page-background-enabled":"default","ast-page-background-meta":{"desktop":{"background-color":"var(--ast-global-color-5)","background-image":"","background-repeat":"repeat","background-position":"center center","background-size":"auto","background-attachment":"scroll","background-type":"","background-media":"","overlay-type":"","overlay-color":"","overlay-opacity":"","overlay-gradient":""},"tablet":{"background-color":"","background-image":"","background-repeat":"repeat","background-position":"center center","background-size":"auto","background-attachment":"scroll","background-type":"","background-media":"","overlay-type":"","overlay-color":"","overlay-opacity":"","overlay-gradient":""},"mobile":{"background-color":"","background-image":"","background-repeat":"repeat","background-position":"center center","background-size":"auto","background-attachment":"scroll","background-type":"","background-media":"","overlay-type":"","overlay-color":"","overlay-opacity":"","overlay-gradient":""}},"ast-content-background-meta":{"desktop":{"background-color":"var(--ast-global-color-4)","background-image":"","background-repeat":"repeat","background-position":"center center","background-size":"auto","background-attachment":"scroll","background-type":"","background-media":"","overlay-type":"","overlay-color":"","overlay-opacity":"","overlay-gradient":""},"tablet":{"background-color":"var(--ast-global-color-4)","background-image":"","background-repeat":"repeat","background-position":"center center","background-size":"auto","background-attachment":"scroll","background-type":"","background-media":"","overlay-type":"","overlay-color":"","overlay-opacity":"","overlay-gradient":""},"mobile":{"background-color":"var(--ast-global-color-4)","background-image":"","background-repeat":"repeat","background-position":"center center","background-size":"auto","background-attachment":"scroll","background-type":"","background-media":"","overlay-type":"","overlay-color":"","overlay-opacity":"","overlay-gradient":""}}},"product_brand":[],"product_cat":[174],"product_tag":[287,288,290,291,289],"class_list":{"0":"post-1458","1":"product","2":"type-product","3":"status-publish","4":"has-post-thumbnail","6":"product_cat-cultura-de-campo","7":"product_tag-fertilizante-especializado-para-trigo-em-fase-inicial","8":"product_tag-fertilizante-para-trigo","9":"product_tag-fertilizante-para-trigo-com-aminoacidos","10":"product_tag-impulsionador-do-crescimento-de-plantulas-de-trigo","11":"product_tag-masl-wheat-start","12":"desktop-align-left","13":"tablet-align-left","14":"mobile-align-left","16":"first","17":"instock","18":"taxable","19":"shipping-taxable","20":"product-type-simple"},"acf":[],"_links":{"self":[{"href":"https:\/\/maslbiotech.com\/pt-pt\/wp-json\/wp\/v2\/product\/1458","targetHints":{"allow":["GET"]}}],"collection":[{"href":"https:\/\/maslbiotech.com\/pt-pt\/wp-json\/wp\/v2\/product"}],"about":[{"href":"https:\/\/maslbiotech.com\/pt-pt\/wp-json\/wp\/v2\/types\/product"}],"replies":[{"embeddable":true,"href":"https:\/\/maslbiotech.com\/pt-pt\/wp-json\/wp\/v2\/comments?post=1458"}],"wp:featuredmedia":[{"embeddable":true,"href":"https:\/\/maslbiotech.com\/pt-pt\/wp-json\/wp\/v2\/media\/1460"}],"wp:attachment":[{"href":"https:\/\/maslbiotech.com\/pt-pt\/wp-json\/wp\/v2\/media?parent=1458"}],"wp:term":[{"taxonomy":"product_brand","embeddable":true,"href":"https:\/\/maslbiotech.com\/pt-pt\/wp-json\/wp\/v2\/product_brand?post=1458"},{"taxonomy":"product_cat","embeddable":true,"href":"https:\/\/maslbiotech.com\/pt-pt\/wp-json\/wp\/v2\/product_cat?post=1458"},{"taxonomy":"product_tag","embeddable":true,"href":"https:\/\/maslbiotech.com\/pt-pt\/wp-json\/wp\/v2\/product_tag?post=1458"}],"curies":[{"name":"wp","href":"https:\/\/api.w.org\/{rel}","templated":true}]}}