{"id":1464,"date":"2025-10-27T03:49:15","date_gmt":"2025-10-27T03:49:15","guid":{"rendered":"https:\/\/maslbiotech.com\/product\/fertilizante-especial-para-as-primeiras-fases-do-milho\/"},"modified":"2026-01-27T07:48:39","modified_gmt":"2026-01-27T07:48:39","slug":"fertilizante-especial-para-as-primeiras-fases-do-milho","status":"publish","type":"product","link":"https:\/\/maslbiotech.com\/pt-pt\/produto\/fertilizante-especial-para-as-primeiras-fases-do-milho\/","title":{"rendered":"Fertilizante Especial para as Primeiras Fases do Milho"},"content":{"rendered":"<h2><strong><b>Vigor<\/b><\/strong><strong><b> <\/b><\/strong><strong><b>do Milho &#8211; <\/b><\/strong><strong><b>Fase Inicial<\/b><\/strong><strong><b> <\/b><\/strong><strong><b>Fertilizante Especial<\/b><\/strong><\/h2>\n<h3><strong><b> <\/b><\/strong><strong><b>Especifica\u00e7\u00e3o T\u00e9cnica:<\/b><\/strong><\/h3>\n<p>Amino\u00e1cidos Livres \u2265100 g\/L, Cu+Fe+Mn+Zn+B+Mo \u226520 g\/L<\/p>\n<table>\n<tbody>\n<tr>\n<td width=\"148\">Amino\u00e1cidos Livres:<\/td>\n<td width=\"122\">100 g\/L<\/td>\n<td width=\"102\">Mg:<\/td>\n<td width=\"90\">20 g\/L<\/td>\n<td width=\"77\">Mn:<\/td>\n<td width=\"93\">2 g\/L<\/td>\n<\/tr>\n<tr>\n<td width=\"148\">Zn:<\/td>\n<td width=\"122\">18 g\/L<\/td>\n<td width=\"102\">Beta\u00edna:<\/td>\n<td width=\"90\">2 g\/L<\/td>\n<td width=\"77\">\/<\/td>\n<td width=\"93\">\/<\/td>\n<\/tr>\n<\/tbody>\n<\/table>\n<h3><strong><b>Benef\u00edcios:<\/b><\/strong><\/h3>\n<p>Especificamente desenvolvido para as necessidades de crescimento do milho do in\u00edcio ao meio do ciclo. Utiliza L-\u03b1 amino\u00e1cidos livres altamente ativos como n\u00facleo, combinados com um sistema de micronutrientes\/secund\u00e1rios quelatados. Os L-\u03b1 amino\u00e1cidos livres possuem alta bioatividade, melhorando a efici\u00eancia metab\u00f3lica ao ativar as principais enzimas da cadeia respirat\u00f3ria, promovendo o crescimento e desenvolvimento das ra\u00edzes, acelerando a diferencia\u00e7\u00e3o do tecido foliar, incentivando o espessamento do feixe vascular do caule e o desenvolvimento do tecido mec\u00e2nico, construindo uma estrutura resistente ao acamamento. Magn\u00e9sio, Mangan\u00eas e Zinco quelatados correspondem precisamente \u00e0s necessidades do milho do in\u00edcio ao meio do ciclo, promovendo a s\u00edntese de clorofila e \u00e1cido indolac\u00e9tico, prevenindo dist\u00farbios fisiol\u00f3gicos causados por defici\u00eancias, ao mesmo tempo que melhoram a efici\u00eancia do transporte de el\u00e9trons fotossint\u00e9ticos, acelerando o transporte de produtos fotossint\u00e9ticos para as principais partes. A beta\u00edna especialmente adicionada induz o ac\u00famulo de solutos compat\u00edveis nas c\u00e9lulas, melhora a osmorregula\u00e7\u00e3o, reduz os danos causados por baixas temperaturas e seca, ajudando a formar um tipo de planta robusto e compacto, lan\u00e7ando as bases para a diferencia\u00e7\u00e3o posterior da espiga e o enchimento dos gr\u00e3os.    <\/p>\n<p><strong><b>Culturas <\/b><\/strong><strong><b>A<\/b><\/strong><strong><b>plic\u00e1veis: <\/b><\/strong>milho na fase inicial<\/p>\n<figure style=\"width: 692px\" class=\"wp-caption alignnone\"><img fetchpriority=\"high\" decoding=\"async\" class=\"\" src=\"https:\/\/maslbiotech.com\/wp-content\/uploads\/2025\/10\/%E7%94%B0%E9%97%B4%E4%BD%9C%E7%89%A9-%E7%8E%89%E7%B1%B3%E5%89%8D%E6%9C%9F1.jpg\" alt=\"fertilizante para as primeiras fases do milho\" width=\"692\" height=\"692\"><figcaption class=\"wp-caption-text\">fertilizante para as primeiras fases do milho<\/figcaption><\/figure>\n<h3><strong><b>Instru\u00e7\u00f5es de Aplica\u00e7\u00e3o:<\/b><\/strong><\/h3>\n<p><strong><b>Pulveriza\u00e7\u00e3o Foliar:<\/b><\/strong> Diluir 800-1000 vezes. Aplicar em intervalos de 7-10 dias, durante 2-3 aplica\u00e7\u00f5es consecutivas.<br \/>\n<strong><b>Fertirriga\u00e7\u00e3o\/Irriga\u00e7\u00e3o por Gotejamento:<\/b><\/strong> 15-30 L por hectare<\/p>\n<h3><strong><b>Cuidados:<\/b><\/strong><\/h3>\n<p>1. Evite misturar com adubos e pesticidas fortemente \u00e1cidos ou alcalinos, pois isso pode afetar a efic\u00e1cia do produto. Se pretender misturar com outros produtos, realize primeiro um teste de compatibilidade em pequena escala. <\/p>\n<p>2. Pode ser necess\u00e1ria uma reaplica\u00e7\u00e3o a uma taxa reduzida se ocorrer chuva dentro de 4 horas ap\u00f3s a pulveriza\u00e7\u00e3o.<\/p>\n<h3><strong><b>Armazenamento:<\/b><\/strong><\/h3>\n<p>1. Armazene e transporte na embalagem original. Mantenha selado em local fresco e seco. <\/p>\n<p>2. Armazene separadamente de alimentos, bebidas e ra\u00e7\u00f5es. Mantenha fora do alcance de crian\u00e7as e animais. <\/p>\n<p>Data de Produ\u00e7\u00e3o e N\u00ba do Lote: Ver tampa da garrafa. Prazo de Validade: 36 meses.<\/p>\n","protected":false},"excerpt":{"rendered":"<p>Amino\u00e1cidos Livres: 100 g\/L<\/p>\n<p>Mg: 20 g\/L<\/p>\n<p>Mn: 2 g\/L<\/p>\n<p>Zn: 18 g\/L<\/p>\n<p>Beta\u00edna: 2 g\/L<\/p>\n","protected":false},"featured_media":1466,"comment_status":"open","ping_status":"closed","template":"","meta":{"_acf_changed":false,"site-sidebar-layout":"default","site-content-layout":"","ast-site-content-layout":"default","site-content-style":"default","site-sidebar-style":"default","ast-global-header-display":"","ast-banner-title-visibility":"","ast-main-header-display":"","ast-hfb-above-header-display":"","ast-hfb-below-header-display":"","ast-hfb-mobile-header-display":"","site-post-title":"","ast-breadcrumbs-content":"","ast-featured-img":"","footer-sml-layout":"","ast-disable-related-posts":"","theme-transparent-header-meta":"default","adv-header-id-meta":"","stick-header-meta":"","header-above-stick-meta":"","header-main-stick-meta":"","header-below-stick-meta":"","astra-migrate-meta-layouts":"default","ast-page-background-enabled":"default","ast-page-background-meta":{"desktop":{"background-color":"var(--ast-global-color-5)","background-image":"","background-repeat":"repeat","background-position":"center center","background-size":"auto","background-attachment":"scroll","background-type":"","background-media":"","overlay-type":"","overlay-color":"","overlay-opacity":"","overlay-gradient":""},"tablet":{"background-color":"","background-image":"","background-repeat":"repeat","background-position":"center center","background-size":"auto","background-attachment":"scroll","background-type":"","background-media":"","overlay-type":"","overlay-color":"","overlay-opacity":"","overlay-gradient":""},"mobile":{"background-color":"","background-image":"","background-repeat":"repeat","background-position":"center center","background-size":"auto","background-attachment":"scroll","background-type":"","background-media":"","overlay-type":"","overlay-color":"","overlay-opacity":"","overlay-gradient":""}},"ast-content-background-meta":{"desktop":{"background-color":"var(--ast-global-color-4)","background-image":"","background-repeat":"repeat","background-position":"center center","background-size":"auto","background-attachment":"scroll","background-type":"","background-media":"","overlay-type":"","overlay-color":"","overlay-opacity":"","overlay-gradient":""},"tablet":{"background-color":"var(--ast-global-color-4)","background-image":"","background-repeat":"repeat","background-position":"center center","background-size":"auto","background-attachment":"scroll","background-type":"","background-media":"","overlay-type":"","overlay-color":"","overlay-opacity":"","overlay-gradient":""},"mobile":{"background-color":"var(--ast-global-color-4)","background-image":"","background-repeat":"repeat","background-position":"center center","background-size":"auto","background-attachment":"scroll","background-type":"","background-media":"","overlay-type":"","overlay-color":"","overlay-opacity":"","overlay-gradient":""}}},"product_brand":[],"product_cat":[174],"product_tag":[293],"class_list":{"0":"post-1464","1":"product","2":"type-product","3":"status-publish","4":"has-post-thumbnail","6":"product_cat-cultura-de-campo","7":"product_tag-fertilizante-para-as-primeiras-fases-do-milho","8":"desktop-align-left","9":"tablet-align-left","10":"mobile-align-left","12":"first","13":"instock","14":"taxable","15":"shipping-taxable","16":"product-type-simple"},"acf":[],"_links":{"self":[{"href":"https:\/\/maslbiotech.com\/pt-pt\/wp-json\/wp\/v2\/product\/1464","targetHints":{"allow":["GET"]}}],"collection":[{"href":"https:\/\/maslbiotech.com\/pt-pt\/wp-json\/wp\/v2\/product"}],"about":[{"href":"https:\/\/maslbiotech.com\/pt-pt\/wp-json\/wp\/v2\/types\/product"}],"replies":[{"embeddable":true,"href":"https:\/\/maslbiotech.com\/pt-pt\/wp-json\/wp\/v2\/comments?post=1464"}],"wp:featuredmedia":[{"embeddable":true,"href":"https:\/\/maslbiotech.com\/pt-pt\/wp-json\/wp\/v2\/media\/1466"}],"wp:attachment":[{"href":"https:\/\/maslbiotech.com\/pt-pt\/wp-json\/wp\/v2\/media?parent=1464"}],"wp:term":[{"taxonomy":"product_brand","embeddable":true,"href":"https:\/\/maslbiotech.com\/pt-pt\/wp-json\/wp\/v2\/product_brand?post=1464"},{"taxonomy":"product_cat","embeddable":true,"href":"https:\/\/maslbiotech.com\/pt-pt\/wp-json\/wp\/v2\/product_cat?post=1464"},{"taxonomy":"product_tag","embeddable":true,"href":"https:\/\/maslbiotech.com\/pt-pt\/wp-json\/wp\/v2\/product_tag?post=1464"}],"curies":[{"name":"wp","href":"https:\/\/api.w.org\/{rel}","templated":true}]}}